{"id":2432,"date":"2025-11-11T11:50:21","date_gmt":"2025-11-11T11:50:21","guid":{"rendered":"https:\/\/la-sincere.ee\/?post_type=product&#038;p=2432"},"modified":"2025-11-11T13:03:06","modified_gmt":"2025-11-11T13:03:06","slug":"kamikirea-hair-essence-treatment-mist","status":"publish","type":"product","link":"https:\/\/la-sincere.ee\/et\/toode\/kamikirea-hair-essence-treatment-mist\/","title":{"rendered":"KamiKirea Hair Essence Treatment Mist \u2013 keratiinist hooldussprei juuste taastamiseks ja kaitsmiseks"},"content":{"rendered":"<p data-start=\"385\" data-end=\"682\" class=\"translation-block\">Elegantne viimistlushooldus, mis ravib, kaitseb ja annab juustele l\u00e4iget.<br data-start=\"459\" data-end=\"462\">See sprei parandab koheselt kahjustatud piirkondi, kaitstes neid f\u00f6\u00f6ni, sirgendaja ja p\u00e4ikesekiirte kuumuse eest. Selle kerge tekstuur ei tee juukseid raskeks, j\u00e4ttes need siledaks, pehmeks ja siidiselt siledaks.<\/p>\n<p data-start=\"684\" data-end=\"851\">Valem p\u00f5hineb keratiini, aminohapete ja looduslike ekstraktide kombinatsioonil, mis taastavad juuste struktuuri, tugevdavad folliikuleid ja s\u00e4ilitavad niiskustasakaalu.<\/p>\n<p data-start=\"1456\" data-end=\"1592\">P\u00e4rast kasutamist muutuvad juuksed siidiseks, kergesti kammitavaks ja ideaalselt kaitstuks ning soengu abil s\u00e4ilitatakse nende kuju ja loomulik liikuvus.<\/p>\n<p data-start=\"1594\" data-end=\"1763\"><strong data-start=\"1594\" data-end=\"1616\">Rakenduse rituaal:<\/strong><br data-start=\"1616\" data-end=\"1619\" \/>Pihusta toodet umbes 15 cm kauguselt puhastele, niisketele v\u00f5i kuivadele juustele. Kasuta enne kuumt\u00f6\u00f6tlemist v\u00f5i viimase lihvina.<\/p>","protected":false},"excerpt":{"rendered":"<p>Elegantne viimistlushooldus, mis ravib, kaitseb ja annab juustele s\u00e4ra.<\/p>","protected":false},"featured_media":2452,"template":"","meta":{"_uag_custom_page_level_css":""},"product_brand":[],"product_cat":[32],"product_tag":[],"class_list":{"0":"post-2432","1":"product","2":"type-product","3":"status-publish","4":"has-post-thumbnail","6":"product_cat-32","8":"first","9":"instock","10":"taxable","11":"shipping-taxable","12":"purchasable","13":"product-type-simple"},"uagb_featured_image_src":{"full":["https:\/\/la-sincere.ee\/wp-content\/uploads\/2025\/11\/P1120261-1.jpg",1200,901,false],"thumbnail":["https:\/\/la-sincere.ee\/wp-content\/uploads\/2025\/11\/P1120261-1-150x150.jpg",150,150,true],"medium":["https:\/\/la-sincere.ee\/wp-content\/uploads\/2025\/11\/P1120261-1-300x225.jpg",300,225,true],"medium_large":["https:\/\/la-sincere.ee\/wp-content\/uploads\/2025\/11\/P1120261-1-768x577.jpg",768,577,true],"large":["https:\/\/la-sincere.ee\/wp-content\/uploads\/2025\/11\/P1120261-1-1024x769.jpg",980,736,true],"1536x1536":["https:\/\/la-sincere.ee\/wp-content\/uploads\/2025\/11\/P1120261-1.jpg",1200,901,false],"2048x2048":["https:\/\/la-sincere.ee\/wp-content\/uploads\/2025\/11\/P1120261-1.jpg",1200,901,false],"trp-custom-language-flag":["https:\/\/la-sincere.ee\/wp-content\/uploads\/2025\/11\/P1120261-1-16x12.jpg",16,12,true],"mailpoet_newsletter_max":["https:\/\/la-sincere.ee\/wp-content\/uploads\/2025\/11\/P1120261-1.jpg",1200,901,false],"woocommerce_thumbnail":["https:\/\/la-sincere.ee\/wp-content\/uploads\/2025\/11\/P1120261-1-324x243.jpg",324,243,true],"woocommerce_single":["https:\/\/la-sincere.ee\/wp-content\/uploads\/2025\/11\/P1120261-1-416x312.jpg",416,312,true],"woocommerce_gallery_thumbnail":["https:\/\/la-sincere.ee\/wp-content\/uploads\/2025\/11\/P1120261-1-100x100.jpg",100,100,true]},"uagb_author_info":{"display_name":"Anzela","author_link":"https:\/\/la-sincere.ee\/et\/author\/"},"uagb_comment_info":0,"uagb_excerpt":"\u042d\u043b\u0435\u0433\u0430\u043d\u0442\u043d\u044b\u0439 \u0444\u0438\u043d\u0438\u0448-\u0443\u0445\u043e\u0434, \u043a\u043e\u0442\u043e\u0440\u044b\u0439 \u043b\u0435\u0447\u0438\u0442, \u0437\u0430\u0449\u0438\u0449\u0430\u0435\u0442 \u0438 \u043d\u0430\u043f\u043e\u043b\u043d\u044f\u0435\u0442 \u0432\u043e\u043b\u043e\u0441\u044b \u0441\u0438\u044f\u043d\u0438\u0435\u043c.","_links":{"self":[{"href":"https:\/\/la-sincere.ee\/et\/wp-json\/wp\/v2\/product\/2432","targetHints":{"allow":["GET"]}}],"collection":[{"href":"https:\/\/la-sincere.ee\/et\/wp-json\/wp\/v2\/product"}],"about":[{"href":"https:\/\/la-sincere.ee\/et\/wp-json\/wp\/v2\/types\/product"}],"wp:featuredmedia":[{"embeddable":true,"href":"https:\/\/la-sincere.ee\/et\/wp-json\/wp\/v2\/media\/2452"}],"wp:attachment":[{"href":"https:\/\/la-sincere.ee\/et\/wp-json\/wp\/v2\/media?parent=2432"}],"wp:term":[{"taxonomy":"product_brand","embeddable":true,"href":"https:\/\/la-sincere.ee\/et\/wp-json\/wp\/v2\/product_brand?post=2432"},{"taxonomy":"product_cat","embeddable":true,"href":"https:\/\/la-sincere.ee\/et\/wp-json\/wp\/v2\/product_cat?post=2432"},{"taxonomy":"product_tag","embeddable":true,"href":"https:\/\/la-sincere.ee\/et\/wp-json\/wp\/v2\/product_tag?post=2432"}],"curies":[{"name":"wp","href":"https:\/\/api.w.org\/{rel}","templated":true}]}}