{"id":2384,"date":"2025-11-07T13:47:06","date_gmt":"2025-11-07T13:47:06","guid":{"rendered":"https:\/\/la-sincere.ee\/?post_type=product&#038;p=2384"},"modified":"2025-11-18T11:21:27","modified_gmt":"2025-11-18T11:21:27","slug":"la-sincere-marine-gel-hair-pack-deep-treatment","status":"publish","type":"product","link":"https:\/\/la-sincere.ee\/et\/toode\/la-sincere-marine-gel-hair-pack-deep-treatment\/","title":{"rendered":"LA SINCERE MARINE GEELJUUKSEMASK S\u00dcGAVHOOLDUS"},"content":{"rendered":"<h3 data-start=\"1457\" data-end=\"1518\"><strong data-start=\"1461\" data-end=\"1518\">REKONSTRUEERIV MASK PLAATINA JA MEREAKTIIVAINETEGA<\/strong><\/h3>\n<p>Taastumine. Tihedus. S\u00e4ra.<\/p>\n<p data-start=\"1520\" data-end=\"1771\">Luksuslik rekonstrueeriv mask plaatina ja mereaktiivainetega taastab juuste eluj\u00f5u ja elastsuse juba p\u00e4rast esimest kasutuskorda.<br data-start=\"332\" data-end=\"335\" \/>Valem toimib s\u00fcgaval juukse struktuuris, tugevdades keratiinisidemeid ja parandades juuste kvaliteeti kogu pikkuses.<br data-start=\"452\" data-end=\"455\" \/>P\u00e4rast kasutamist muutuvad juuksed tihedaks, siidiseks ja l\u00e4ikivaks, v\u00e4rv saab s\u00fcgavuse ja loomuliku s\u00e4ra \u2013 nagu p\u00e4rast professionaalset salongihooldust.<\/p>\n<p data-start=\"1773\" data-end=\"1925\"><strong data-start=\"623\" data-end=\"645\">Rakenduse rituaal:<\/strong><br data-start=\"645\" data-end=\"648\" \/>Kandke mask puhastele, niisketele juustele ja peanahale, jaotage \u00fchtlaselt kogu pikkuses.\nJ\u00e4tke m\u00f5juma 5\u201310 minutiks, seej\u00e4rel loputage hoolikalt sooja veega.\nKasutage 1\u20132 korda n\u00e4dalas, et saavutada maksimaalne taastav ja tugevdav efekt.<\/p>\n<p data-start=\"1927\" data-end=\"2086\"><strong data-start=\"1927\" data-end=\"1952\">Toimeained:<\/strong><br data-start=\"1952\" data-end=\"1955\" \/>Plaatina, rakumembraanikompleksi analoog (CMC), Ceracute\u00ae, arginiin, fukoidan, keratiin, l\u00fcsiin, sidrunhape, f\u00fcto\u00f6strogeenid.<\/p>","protected":false},"excerpt":{"rendered":"<p>La Sincere Marine Gel Hair Pack Deep Treatment\nS\u00fcgavalt taastav vananemisvastane juuksemask k\u00f5ikidele juukset\u00fc\u00fcpidele \/ La Sincere Marine Gel Hair Pack Deep Treatment<\/p>","protected":false},"featured_media":2010,"template":"","meta":{"_uag_custom_page_level_css":""},"product_brand":[35],"product_cat":[32],"product_tag":[],"class_list":{"0":"post-2384","1":"product","2":"type-product","3":"status-publish","4":"has-post-thumbnail","6":"product_brand-marinegel","7":"product_cat-32","9":"first","10":"instock","11":"taxable","12":"shipping-taxable","13":"purchasable","14":"product-type-simple"},"uagb_featured_image_src":{"full":["https:\/\/la-sincere.ee\/wp-content\/uploads\/2024\/11\/P1100735.png",335,800,false],"thumbnail":["https:\/\/la-sincere.ee\/wp-content\/uploads\/2024\/11\/P1100735-150x150.png",150,150,true],"medium":["https:\/\/la-sincere.ee\/wp-content\/uploads\/2024\/11\/P1100735-126x300.png",126,300,true],"medium_large":["https:\/\/la-sincere.ee\/wp-content\/uploads\/2024\/11\/P1100735.png",335,800,false],"large":["https:\/\/la-sincere.ee\/wp-content\/uploads\/2024\/11\/P1100735.png",335,800,false],"1536x1536":["https:\/\/la-sincere.ee\/wp-content\/uploads\/2024\/11\/P1100735.png",335,800,false],"2048x2048":["https:\/\/la-sincere.ee\/wp-content\/uploads\/2024\/11\/P1100735.png",335,800,false],"trp-custom-language-flag":["https:\/\/la-sincere.ee\/wp-content\/uploads\/2024\/11\/P1100735-5x12.png",5,12,true],"mailpoet_newsletter_max":["https:\/\/la-sincere.ee\/wp-content\/uploads\/2024\/11\/P1100735.png",335,800,false],"woocommerce_thumbnail":["https:\/\/la-sincere.ee\/wp-content\/uploads\/2024\/11\/P1100735-324x774.png",324,774,true],"woocommerce_single":["https:\/\/la-sincere.ee\/wp-content\/uploads\/2024\/11\/P1100735.png",335,800,false],"woocommerce_gallery_thumbnail":["https:\/\/la-sincere.ee\/wp-content\/uploads\/2024\/11\/P1100735-100x100.png",100,100,true]},"uagb_author_info":{"display_name":"Anzela","author_link":"https:\/\/la-sincere.ee\/et\/author\/"},"uagb_comment_info":0,"uagb_excerpt":"\u0418\u043d\u0442\u0435\u043d\u0441\u0438\u0432\u043d\u0430\u044f \u0433\u043b\u0443\u0431\u043e\u043a\u043e \u0432\u043e\u0441\u0441\u0442\u0430\u043d\u0430\u0432\u043b\u0438\u0432\u0430\u044e\u0449\u0430\u044f \u0430\u043d\u0442\u0438\u0432\u043e\u0437\u0440\u0430\u0441\u0442\u043d\u0430\u044f \u043c\u0430\u0441\u043a\u0430 \u0434\u043b\u044f \u0432\u0441\u0435\u0445 \u0442\u0438\u043f\u043e\u0432 \u0432\u043e\u043b\u043e\u0441 \/ La Sincere Marine Gel Hair Pack Deep Treatment","_links":{"self":[{"href":"https:\/\/la-sincere.ee\/et\/wp-json\/wp\/v2\/product\/2384","targetHints":{"allow":["GET"]}}],"collection":[{"href":"https:\/\/la-sincere.ee\/et\/wp-json\/wp\/v2\/product"}],"about":[{"href":"https:\/\/la-sincere.ee\/et\/wp-json\/wp\/v2\/types\/product"}],"wp:featuredmedia":[{"embeddable":true,"href":"https:\/\/la-sincere.ee\/et\/wp-json\/wp\/v2\/media\/2010"}],"wp:attachment":[{"href":"https:\/\/la-sincere.ee\/et\/wp-json\/wp\/v2\/media?parent=2384"}],"wp:term":[{"taxonomy":"product_brand","embeddable":true,"href":"https:\/\/la-sincere.ee\/et\/wp-json\/wp\/v2\/product_brand?post=2384"},{"taxonomy":"product_cat","embeddable":true,"href":"https:\/\/la-sincere.ee\/et\/wp-json\/wp\/v2\/product_cat?post=2384"},{"taxonomy":"product_tag","embeddable":true,"href":"https:\/\/la-sincere.ee\/et\/wp-json\/wp\/v2\/product_tag?post=2384"}],"curies":[{"name":"wp","href":"https:\/\/api.w.org\/{rel}","templated":true}]}}