{"id":2383,"date":"2025-11-07T13:44:34","date_gmt":"2025-11-07T13:44:34","guid":{"rendered":"https:\/\/la-sincere.ee\/?post_type=product&#038;p=2383"},"modified":"2025-11-11T11:04:02","modified_gmt":"2025-11-11T11:04:02","slug":"la-sincere-marine-gel-repair-plus-fucoidan","status":"publish","type":"product","link":"https:\/\/la-sincere.ee\/et\/toode\/la-sincere-marine-gel-repair-plus-fucoidan\/","title":{"rendered":"LA SINCERE MARINE GEELPALAMISE PLUS FUCOIDAN"},"content":{"rendered":"<h3 data-start=\"2093\" data-end=\"2173\"><strong data-start=\"2097\" data-end=\"2173\">Mineraliseeriv palsam siidiproteiinide ja mereekstraktidega<\/strong><\/h3>\n<p data-start=\"2175\" data-end=\"2409\" class=\"translation-block\">Kerge koostisega palsam, mis on rikastatud mineraalide ja aminohapetega, tugevdab juuste struktuuri, muutes need paksemaks ja elastsemaks \u2013 ilma neid raskeks muutmata.<br data-start=\"2314\" data-end=\"2317\">Antistaatiline koostis silub juukseid, andes neile l\u00e4ike ja siidisuse.<\/p>\n<p data-start=\"2411\" data-end=\"2551\">Toode kaitseb rakke kahjustuste eest, k\u00fcllastab niiskuse ja toitainetega, muutes juuksed kergesti kammitavaks, siledaks ja l\u00e4ikivaks ning terveteks.<\/p>\n<p data-start=\"2553\" data-end=\"2723\"><strong data-start=\"2553\" data-end=\"2578\">Toimeained:<\/strong><br data-start=\"2578\" data-end=\"2581\" \/>Fukoidaan, mineraalmuda, siidiproteiin, L-l\u00fcsiin, arginiin, sfingolipiidid, rooibos- (Aspalathus), kameelia-, jojoba-, imbopogon- ja geraaniumi\u00f5li.<\/p>","protected":false},"excerpt":{"rendered":"<p>Taastav palsam k\u00f5ikidele juukset\u00fc\u00fcpidele koos fukoidaaniga \/ La Sincere Marine Gel Repair Plus Fucoidan<\/p>","protected":false},"featured_media":2000,"template":"","meta":{"_uag_custom_page_level_css":""},"product_brand":[35],"product_cat":[32],"product_tag":[],"class_list":{"0":"post-2383","1":"product","2":"type-product","3":"status-publish","4":"has-post-thumbnail","6":"product_brand-marinegel","7":"product_cat-32","9":"first","10":"instock","11":"taxable","12":"shipping-taxable","13":"purchasable","14":"product-type-simple"},"uagb_featured_image_src":{"full":["https:\/\/la-sincere.ee\/wp-content\/uploads\/2024\/11\/P1100732.jpg",403,800,false],"thumbnail":["https:\/\/la-sincere.ee\/wp-content\/uploads\/2024\/11\/P1100732-150x150.jpg",150,150,true],"medium":["https:\/\/la-sincere.ee\/wp-content\/uploads\/2024\/11\/P1100732-151x300.jpg",151,300,true],"medium_large":["https:\/\/la-sincere.ee\/wp-content\/uploads\/2024\/11\/P1100732.jpg",403,800,false],"large":["https:\/\/la-sincere.ee\/wp-content\/uploads\/2024\/11\/P1100732.jpg",403,800,false],"1536x1536":["https:\/\/la-sincere.ee\/wp-content\/uploads\/2024\/11\/P1100732.jpg",403,800,false],"2048x2048":["https:\/\/la-sincere.ee\/wp-content\/uploads\/2024\/11\/P1100732.jpg",403,800,false],"trp-custom-language-flag":["https:\/\/la-sincere.ee\/wp-content\/uploads\/2024\/11\/P1100732-6x12.jpg",6,12,true],"mailpoet_newsletter_max":["https:\/\/la-sincere.ee\/wp-content\/uploads\/2024\/11\/P1100732.jpg",403,800,false],"woocommerce_thumbnail":["https:\/\/la-sincere.ee\/wp-content\/uploads\/2024\/11\/P1100732-324x643.jpg",324,643,true],"woocommerce_single":["https:\/\/la-sincere.ee\/wp-content\/uploads\/2024\/11\/P1100732.jpg",403,800,false],"woocommerce_gallery_thumbnail":["https:\/\/la-sincere.ee\/wp-content\/uploads\/2024\/11\/P1100732-100x100.jpg",100,100,true]},"uagb_author_info":{"display_name":"Anzela","author_link":"https:\/\/la-sincere.ee\/et\/author\/"},"uagb_comment_info":0,"uagb_excerpt":"\u0412\u043e\u0441\u0441\u0442\u0430\u043d\u0430\u0432\u043b\u0438\u0432\u0430\u044e\u0449\u0438\u0439 \u043a\u043e\u043d\u0434\u0438\u0446\u0438\u043e\u043d\u0435\u0440 \u0434\u043b\u044f \u0432\u0441\u0435\u0445 \u0442\u0438\u043f\u043e\u0432 \u0432\u043e\u043b\u043e\u0441 \u0441 \u0444\u0443\u043a\u043e\u0438\u0434\u0430\u043d\u043e\u043c \/ La Sincere Marine Gel Repair Plus Fucoidan","_links":{"self":[{"href":"https:\/\/la-sincere.ee\/et\/wp-json\/wp\/v2\/product\/2383","targetHints":{"allow":["GET"]}}],"collection":[{"href":"https:\/\/la-sincere.ee\/et\/wp-json\/wp\/v2\/product"}],"about":[{"href":"https:\/\/la-sincere.ee\/et\/wp-json\/wp\/v2\/types\/product"}],"wp:featuredmedia":[{"embeddable":true,"href":"https:\/\/la-sincere.ee\/et\/wp-json\/wp\/v2\/media\/2000"}],"wp:attachment":[{"href":"https:\/\/la-sincere.ee\/et\/wp-json\/wp\/v2\/media?parent=2383"}],"wp:term":[{"taxonomy":"product_brand","embeddable":true,"href":"https:\/\/la-sincere.ee\/et\/wp-json\/wp\/v2\/product_brand?post=2383"},{"taxonomy":"product_cat","embeddable":true,"href":"https:\/\/la-sincere.ee\/et\/wp-json\/wp\/v2\/product_cat?post=2383"},{"taxonomy":"product_tag","embeddable":true,"href":"https:\/\/la-sincere.ee\/et\/wp-json\/wp\/v2\/product_tag?post=2383"}],"curies":[{"name":"wp","href":"https:\/\/api.w.org\/{rel}","templated":true}]}}