{"id":2382,"date":"2025-11-07T13:42:03","date_gmt":"2025-11-07T13:42:03","guid":{"rendered":"https:\/\/la-sincere.ee\/?post_type=product&#038;p=2382"},"modified":"2025-11-11T11:05:14","modified_gmt":"2025-11-11T11:05:14","slug":"marine-gel-body-clean-ex-amino-gel-dlja-dusha-600-ml","status":"publish","type":"product","link":"https:\/\/la-sincere.ee\/et\/toode\/marine-gel-body-clean-ex-amino-gel-dlja-dusha-600-ml\/","title":{"rendered":"Mereline kehapuhastusgeel \u201eEX\u201d \/ Amino-du\u0161igeel. 600 ml"},"content":{"rendered":"<h3 data-start=\"2730\" data-end=\"2799\"><strong data-start=\"2734\" data-end=\"2799\">Taastav du\u0161igeel fukoidaani ja aminohapetega<\/strong><\/h3>\n<p data-start=\"2801\" data-end=\"3053\" class=\"translation-block\">See \u00f5rn koostis, mis on loodud kogu perele, pakub \u00f5rna puhastust ja s\u00fcgavuti taastamist isegi k\u00f5ige tundlikumale nahale.<br data-start=\"2933\" data-end=\"2936\">Geel k\u00f5rvaldab kuivuse, ketenduse ja \u00e4rrituse, tugevdab kaitsebarj\u00e4\u00e4ri ning toetab naha loomulikku immuunsust.<\/p>\n<p data-start=\"3055\" data-end=\"3283\" class=\"translation-block\">Aktiivsed koostisosad niisutavad intensiivselt ja suurendavad elastsust, taastades naha mugavuse, pehmuse ja pringuse.<br data-start=\"3166\" data-end=\"3169\">Sobib igap\u00e4evaseks kasutamiseks ja \u00fcle 2-aastastele lastele, eriti neile, kellel on kalduvus kuivusele ja tundlikkusele.<\/p>\n<p data-start=\"3285\" data-end=\"3435\"><strong data-start=\"3285\" data-end=\"3310\">Toimeained:<\/strong><br data-start=\"3310\" data-end=\"3313\" \/>Fukoidaan, 9 aminohappe kompleks, kummeli, koirohu, nelgi ja lagritsa ekstraktid, betaiin, fulvohape, arginiin.<\/p>","protected":false},"excerpt":{"rendered":"<p>Aminogeel du\u0161i all (BODY SHAMPOO) 600 ML.<\/p>","protected":false},"featured_media":2007,"template":"","meta":{"_uag_custom_page_level_css":""},"product_brand":[35],"product_cat":[32],"product_tag":[],"class_list":{"0":"post-2382","1":"product","2":"type-product","3":"status-publish","4":"has-post-thumbnail","6":"product_brand-marinegel","7":"product_cat-sredstva-dlja-volos-i-tela","9":"first","10":"instock","11":"taxable","12":"shipping-taxable","13":"purchasable","14":"product-type-simple"},"uagb_featured_image_src":{"full":["https:\/\/la-sincere.ee\/wp-content\/uploads\/2024\/11\/P1120247-1.png",305,800,false],"thumbnail":["https:\/\/la-sincere.ee\/wp-content\/uploads\/2024\/11\/P1120247-1-150x150.png",150,150,true],"medium":["https:\/\/la-sincere.ee\/wp-content\/uploads\/2024\/11\/P1120247-1-114x300.png",114,300,true],"medium_large":["https:\/\/la-sincere.ee\/wp-content\/uploads\/2024\/11\/P1120247-1.png",305,800,false],"large":["https:\/\/la-sincere.ee\/wp-content\/uploads\/2024\/11\/P1120247-1.png",305,800,false],"1536x1536":["https:\/\/la-sincere.ee\/wp-content\/uploads\/2024\/11\/P1120247-1.png",305,800,false],"2048x2048":["https:\/\/la-sincere.ee\/wp-content\/uploads\/2024\/11\/P1120247-1.png",305,800,false],"trp-custom-language-flag":["https:\/\/la-sincere.ee\/wp-content\/uploads\/2024\/11\/P1120247-1-5x12.png",5,12,true],"mailpoet_newsletter_max":["https:\/\/la-sincere.ee\/wp-content\/uploads\/2024\/11\/P1120247-1.png",305,800,false],"woocommerce_thumbnail":["https:\/\/la-sincere.ee\/wp-content\/uploads\/2024\/11\/P1120247-1.png",305,800,false],"woocommerce_single":["https:\/\/la-sincere.ee\/wp-content\/uploads\/2024\/11\/P1120247-1.png",305,800,false],"woocommerce_gallery_thumbnail":["https:\/\/la-sincere.ee\/wp-content\/uploads\/2024\/11\/P1120247-1-100x100.png",100,100,true]},"uagb_author_info":{"display_name":"Anzela","author_link":"https:\/\/la-sincere.ee\/et\/author\/"},"uagb_comment_info":0,"uagb_excerpt":"\u0410\u043c\u0438\u043d\u043e-\u0433\u0435\u043b\u044c \u0434\u043b\u044f \u0434\u0443\u0448\u0430 \/ La Sincere MARINE GEL\u00a0 GEL BODY CLEAN \u201cEX\u201d (BODY SHAMPOO) 600 ML.","_links":{"self":[{"href":"https:\/\/la-sincere.ee\/et\/wp-json\/wp\/v2\/product\/2382","targetHints":{"allow":["GET"]}}],"collection":[{"href":"https:\/\/la-sincere.ee\/et\/wp-json\/wp\/v2\/product"}],"about":[{"href":"https:\/\/la-sincere.ee\/et\/wp-json\/wp\/v2\/types\/product"}],"wp:featuredmedia":[{"embeddable":true,"href":"https:\/\/la-sincere.ee\/et\/wp-json\/wp\/v2\/media\/2007"}],"wp:attachment":[{"href":"https:\/\/la-sincere.ee\/et\/wp-json\/wp\/v2\/media?parent=2382"}],"wp:term":[{"taxonomy":"product_brand","embeddable":true,"href":"https:\/\/la-sincere.ee\/et\/wp-json\/wp\/v2\/product_brand?post=2382"},{"taxonomy":"product_cat","embeddable":true,"href":"https:\/\/la-sincere.ee\/et\/wp-json\/wp\/v2\/product_cat?post=2382"},{"taxonomy":"product_tag","embeddable":true,"href":"https:\/\/la-sincere.ee\/et\/wp-json\/wp\/v2\/product_tag?post=2382"}],"curies":[{"name":"wp","href":"https:\/\/api.w.org\/{rel}","templated":true}]}}