{"id":2381,"date":"2025-11-07T13:39:15","date_gmt":"2025-11-07T13:39:15","guid":{"rendered":"https:\/\/la-sincere.ee\/?post_type=product&#038;p=2381"},"modified":"2025-11-11T13:00:57","modified_gmt":"2025-11-11T13:00:57","slug":"tight-visage-v-face-cream","status":"publish","type":"product","link":"https:\/\/la-sincere.ee\/et\/toode\/tight-visage-v-face-cream\/","title":{"rendered":"TIGHT VISAGE V FACE CREAM \/ N\u00e4okontuure vormiv kreem 30 g"},"content":{"rendered":"<p data-start=\"375\" data-end=\"676\" class=\"translation-block\">Tihke ja toitainerikas tekstuur sulab hetkega nahale, andes sellele pingul ja toonuses tunde.\nSuunatud toimega koostis aitab korrigeerida n\u00e4okontuure, v\u00e4hendada teise l\u00f5ua n\u00e4htavust ning pinguldada nahka p\u00f5skede ja sarnade piirkonnas, muutes n\u00e4o jooned selgemaks ja harmoonilisemaks.<\/p>\n<p data-start=\"678\" data-end=\"926\">Kreem aktiveerib uuenemisprotsesse, toidab nahka vitamiinide ja mikroelementidega ning parandab selle elastsust ja tihedust. Sellel on tugev antioks\u00fcdantne ja lifting-efekt, mis ennetab vanusega seotud muutusi ning taastab naha v\u00e4rskuse ja s\u00e4ra.<\/p>\n<p data-start=\"928\" data-end=\"1358\"><strong data-start=\"928\" data-end=\"953\">Toimeained:<\/strong><br data-start=\"953\" data-end=\"956\" \/>Skvalaan, sheav\u00f5i, E-vitamiin, hibiskuse ekstrakt, h\u00fcaluroonhape, rosmariini, greibi, mandariini, apteegitilli, pipra ja kadaka eeterlikud \u00f5lid; keramiidid, karnitiin, kofeiin, rooibose ekstrakt, ubikinoon (koens\u00fc\u00fcm Q10), vesinaba ekstrakt, kollageen, eskuliin, repagermaanium, vereloomeekstrakt, sidrunhape, arnika, n\u00f5iap\u00e4hkli, luuderohu, viinamarjalehe ja hobukastani ekstraktid.<\/p>\n<p data-start=\"1360\" data-end=\"1537\"><strong data-start=\"1360\" data-end=\"1382\">Rakenduse rituaal:<\/strong><br data-start=\"1382\" data-end=\"1385\" \/>Kandke hommikul ja\/v\u00f5i \u00f5htul hoolikalt puhastatud n\u00e4o-, kaela- ja dekolteepiirkonna nahale. Parema tulemuse saavutamiseks masseerige \u00f5rnalt piki pinguldavaid jooni.<\/p>","protected":false},"excerpt":{"rendered":"<p class=\"translation-block\">N\u00e4okontuure vormiv kreem 30 g\nL-karnitiini ja kofeiiniga\nK\u00f5igile nahat\u00fc\u00fcpidele<\/p>","protected":false},"featured_media":913,"template":"","meta":{"_uag_custom_page_level_css":""},"product_brand":[27],"product_cat":[34],"product_tag":[],"class_list":{"0":"post-2381","1":"product","2":"type-product","3":"status-publish","4":"has-post-thumbnail","6":"product_brand-tight-visage","7":"product_cat-34","9":"first","10":"instock","11":"featured","12":"taxable","13":"shipping-taxable","14":"purchasable","15":"product-type-simple"},"uagb_featured_image_src":{"full":["https:\/\/la-sincere.ee\/wp-content\/uploads\/2023\/08\/IMAGE-2023-08-28-152257.jpg",274,757,false],"thumbnail":["https:\/\/la-sincere.ee\/wp-content\/uploads\/2023\/08\/IMAGE-2023-08-28-152257-150x150.jpg",150,150,true],"medium":["https:\/\/la-sincere.ee\/wp-content\/uploads\/2023\/08\/IMAGE-2023-08-28-152257-109x300.jpg",109,300,true],"medium_large":["https:\/\/la-sincere.ee\/wp-content\/uploads\/2023\/08\/IMAGE-2023-08-28-152257.jpg",274,757,false],"large":["https:\/\/la-sincere.ee\/wp-content\/uploads\/2023\/08\/IMAGE-2023-08-28-152257.jpg",274,757,false],"1536x1536":["https:\/\/la-sincere.ee\/wp-content\/uploads\/2023\/08\/IMAGE-2023-08-28-152257.jpg",274,757,false],"2048x2048":["https:\/\/la-sincere.ee\/wp-content\/uploads\/2023\/08\/IMAGE-2023-08-28-152257.jpg",274,757,false],"trp-custom-language-flag":["https:\/\/la-sincere.ee\/wp-content\/uploads\/2023\/08\/IMAGE-2023-08-28-152257-4x12.jpg",4,12,true],"mailpoet_newsletter_max":["https:\/\/la-sincere.ee\/wp-content\/uploads\/2023\/08\/IMAGE-2023-08-28-152257.jpg",274,757,false],"woocommerce_thumbnail":["https:\/\/la-sincere.ee\/wp-content\/uploads\/2023\/08\/IMAGE-2023-08-28-152257.jpg",274,757,false],"woocommerce_single":["https:\/\/la-sincere.ee\/wp-content\/uploads\/2023\/08\/IMAGE-2023-08-28-152257.jpg",274,757,false],"woocommerce_gallery_thumbnail":["https:\/\/la-sincere.ee\/wp-content\/uploads\/2023\/08\/IMAGE-2023-08-28-152257-100x100.jpg",100,100,true]},"uagb_author_info":{"display_name":"Anzela","author_link":"https:\/\/la-sincere.ee\/et\/author\/"},"uagb_comment_info":0,"uagb_excerpt":"\u041c\u041e\u0414\u0415\u041b\u0418\u0420\u0423\u042e\u0429\u0418\u0419 \u041a\u0420\u0415\u041c \u0414\u041b\u042f \u041b\u0418\u0426\u0410 30 \u0433 \u0421 L-\u043a\u0430\u0440\u043d\u0438\u0442\u0438\u043d\u043e\u043c \u0438 \u043a\u043e\u0444\u0435\u0438\u043d\u043e\u043c \u0414\u041b\u042f \u041b\u042e\u0411\u041e\u0413\u041e \u0422\u0418\u041f\u0410 \u041a\u041e\u0416\u0418","_links":{"self":[{"href":"https:\/\/la-sincere.ee\/et\/wp-json\/wp\/v2\/product\/2381","targetHints":{"allow":["GET"]}}],"collection":[{"href":"https:\/\/la-sincere.ee\/et\/wp-json\/wp\/v2\/product"}],"about":[{"href":"https:\/\/la-sincere.ee\/et\/wp-json\/wp\/v2\/types\/product"}],"wp:featuredmedia":[{"embeddable":true,"href":"https:\/\/la-sincere.ee\/et\/wp-json\/wp\/v2\/media\/913"}],"wp:attachment":[{"href":"https:\/\/la-sincere.ee\/et\/wp-json\/wp\/v2\/media?parent=2381"}],"wp:term":[{"taxonomy":"product_brand","embeddable":true,"href":"https:\/\/la-sincere.ee\/et\/wp-json\/wp\/v2\/product_brand?post=2381"},{"taxonomy":"product_cat","embeddable":true,"href":"https:\/\/la-sincere.ee\/et\/wp-json\/wp\/v2\/product_cat?post=2381"},{"taxonomy":"product_tag","embeddable":true,"href":"https:\/\/la-sincere.ee\/et\/wp-json\/wp\/v2\/product_tag?post=2381"}],"curies":[{"name":"wp","href":"https:\/\/api.w.org\/{rel}","templated":true}]}}