{"id":2380,"date":"2025-11-07T13:29:58","date_gmt":"2025-11-07T13:29:58","guid":{"rendered":"https:\/\/la-sincere.ee\/?post_type=product&#038;p=2380"},"modified":"2025-11-11T13:03:12","modified_gmt":"2025-11-11T13:03:12","slug":"tight-visage-swelrem-essence-%d0%bb%d0%b8%d0%bc%d1%84%d0%be%d0%b4%d1%80%d0%b5%d0%bd%d0%b0%d0%b6%d0%bd%d0%b0%d1%8f-%d1%8d%d1%81%d1%81%d0%b5%d0%bd%d1%86%d0%b8%d1%8f-30-%d0%bc%d0%bb","status":"publish","type":"product","link":"https:\/\/la-sincere.ee\/et\/toode\/tight-visage-swelrem-essence-%d0%bb%d0%b8%d0%bc%d1%84%d0%be%d0%b4%d1%80%d0%b5%d0%bd%d0%b0%d0%b6%d0%bd%d0%b0%d1%8f-%d1%8d%d1%81%d1%81%d0%b5%d0%bd%d1%86%d0%b8%d1%8f-30-%d0%bc%d0%bb\/","title":{"rendered":"TIGHT VISAGE SWELREM ESSENCE \/ L\u00fcmfidrenaa\u017ei essents. 30 ml"},"content":{"rendered":"<p data-start=\"355\" data-end=\"675\" class=\"translation-block\">J\u00e4rgmise p\u00f5lvkonna essents epidermaalse kasvufaktoriga (EGF), mis on 53 aminohappest koosnev pol\u00fcpeptiid, mis aktiveerib naha loomulikke taastumismehhanisme.<br data-start=\"522\" data-end=\"525\">Valem niisutab s\u00fcgavuti, stimuleerib elastsuse ja tiheduse eest vastutavate valkude s\u00fcnteesi ning taastab naha v\u00e4rskuse, toonuse ja sisemise s\u00e4ra.<\/p>\n<p data-start=\"677\" data-end=\"866\">Tootel on tugev l\u00fcmfidrenaa\u017e, antioks\u00fcdantne ja noorendav toime, see silub peeneid ja n\u00e4htavaid kortse, soodustab rakkude uuenemist ja tugevdab naha struktuuri.<\/p>\n<p data-start=\"868\" data-end=\"1122\"><strong data-start=\"868\" data-end=\"893\">Toimeained:<\/strong><br data-start=\"893\" data-end=\"896\" \/>EGF (epidermise kasvufaktor), dipeptiidid, oligopeptiid-1, trehaloos, arginiin, hibiskuse ja lagritsa ekstraktid, lavendli ekstrakt, keramiidid, h\u00fcaluroonhape, merem\u00e4nni koore ekstrakt, E-vitamiin, soja\u00f5li, dekstriin.<\/p>\n<p data-start=\"1124\" data-end=\"1281\"><strong data-start=\"1124\" data-end=\"1146\">Rakenduse rituaal:<\/strong><br data-start=\"1146\" data-end=\"1149\" \/>Kandke hommikul ja \u00f5htul puhastatud n\u00e4ole ja kaelale kergete masseerivate liigutustega - kreemi alla v\u00f5i iseseisva tootena.<\/p>","protected":false},"excerpt":{"rendered":"<p class=\"translation-block\">L\u00dcMFIDRENAA\u017dI ESSENTS 30 ml<br>\nEGF-i ja h\u00fcaluroonhappega<br>\nK\u00d5IGILE NAHAT\u00dc\u00dcPIDELE<\/p>","protected":false},"featured_media":862,"template":"","meta":{"_uag_custom_page_level_css":""},"product_brand":[27],"product_cat":[34],"product_tag":[],"class_list":{"0":"post-2380","1":"product","2":"type-product","3":"status-publish","4":"has-post-thumbnail","6":"product_brand-tight-visage","7":"product_cat-34","9":"first","10":"instock","11":"taxable","12":"shipping-taxable","13":"purchasable","14":"product-type-simple"},"uagb_featured_image_src":{"full":["https:\/\/la-sincere.ee\/wp-content\/uploads\/2023\/08\/TIGHT-VISAGE-SWELREM-ESSENCE.jpg",251,692,false],"thumbnail":["https:\/\/la-sincere.ee\/wp-content\/uploads\/2023\/08\/TIGHT-VISAGE-SWELREM-ESSENCE-150x150.jpg",150,150,true],"medium":["https:\/\/la-sincere.ee\/wp-content\/uploads\/2023\/08\/TIGHT-VISAGE-SWELREM-ESSENCE-109x300.jpg",109,300,true],"medium_large":["https:\/\/la-sincere.ee\/wp-content\/uploads\/2023\/08\/TIGHT-VISAGE-SWELREM-ESSENCE.jpg",251,692,false],"large":["https:\/\/la-sincere.ee\/wp-content\/uploads\/2023\/08\/TIGHT-VISAGE-SWELREM-ESSENCE.jpg",251,692,false],"1536x1536":["https:\/\/la-sincere.ee\/wp-content\/uploads\/2023\/08\/TIGHT-VISAGE-SWELREM-ESSENCE.jpg",251,692,false],"2048x2048":["https:\/\/la-sincere.ee\/wp-content\/uploads\/2023\/08\/TIGHT-VISAGE-SWELREM-ESSENCE.jpg",251,692,false],"trp-custom-language-flag":["https:\/\/la-sincere.ee\/wp-content\/uploads\/2023\/08\/TIGHT-VISAGE-SWELREM-ESSENCE-4x12.jpg",4,12,true],"mailpoet_newsletter_max":["https:\/\/la-sincere.ee\/wp-content\/uploads\/2023\/08\/TIGHT-VISAGE-SWELREM-ESSENCE.jpg",251,692,false],"woocommerce_thumbnail":["https:\/\/la-sincere.ee\/wp-content\/uploads\/2023\/08\/TIGHT-VISAGE-SWELREM-ESSENCE.jpg",251,692,false],"woocommerce_single":["https:\/\/la-sincere.ee\/wp-content\/uploads\/2023\/08\/TIGHT-VISAGE-SWELREM-ESSENCE.jpg",251,692,false],"woocommerce_gallery_thumbnail":["https:\/\/la-sincere.ee\/wp-content\/uploads\/2023\/08\/TIGHT-VISAGE-SWELREM-ESSENCE-100x100.jpg",100,100,true]},"uagb_author_info":{"display_name":"Anzela","author_link":"https:\/\/la-sincere.ee\/et\/author\/"},"uagb_comment_info":0,"uagb_excerpt":"\u041b\u0418\u041c\u0424\u041e\u0414\u0420\u0415\u041d\u0410\u0416\u041d\u0410\u042f \u042d\u0421\u0421\u0415\u041d\u0426\u0418\u042f 30 \u043c\u043b \u0421 EGF \u0438 \u0433\u0438\u0430\u043b\u0443\u0440\u043e\u043d\u043e\u0432\u043e\u0439 \u043a\u0438\u0441\u043b\u043e\u0442\u043e\u0439 \u0414\u041b\u042f \u041b\u042e\u0411\u041e\u0413\u041e \u0422\u0418\u041f\u0410 \u041a\u041e\u0416\u0418","_links":{"self":[{"href":"https:\/\/la-sincere.ee\/et\/wp-json\/wp\/v2\/product\/2380","targetHints":{"allow":["GET"]}}],"collection":[{"href":"https:\/\/la-sincere.ee\/et\/wp-json\/wp\/v2\/product"}],"about":[{"href":"https:\/\/la-sincere.ee\/et\/wp-json\/wp\/v2\/types\/product"}],"wp:featuredmedia":[{"embeddable":true,"href":"https:\/\/la-sincere.ee\/et\/wp-json\/wp\/v2\/media\/862"}],"wp:attachment":[{"href":"https:\/\/la-sincere.ee\/et\/wp-json\/wp\/v2\/media?parent=2380"}],"wp:term":[{"taxonomy":"product_brand","embeddable":true,"href":"https:\/\/la-sincere.ee\/et\/wp-json\/wp\/v2\/product_brand?post=2380"},{"taxonomy":"product_cat","embeddable":true,"href":"https:\/\/la-sincere.ee\/et\/wp-json\/wp\/v2\/product_cat?post=2380"},{"taxonomy":"product_tag","embeddable":true,"href":"https:\/\/la-sincere.ee\/et\/wp-json\/wp\/v2\/product_tag?post=2380"}],"curies":[{"name":"wp","href":"https:\/\/api.w.org\/{rel}","templated":true}]}}