{"id":2379,"date":"2025-11-07T13:28:17","date_gmt":"2025-11-07T13:28:17","guid":{"rendered":"https:\/\/la-sincere.ee\/?post_type=product&#038;p=2379"},"modified":"2025-11-18T11:54:59","modified_gmt":"2025-11-18T11:54:59","slug":"tight-visage-swelrem-cream","status":"publish","type":"product","link":"https:\/\/la-sincere.ee\/et\/toode\/tight-visage-swelrem-cream\/","title":{"rendered":"TIGHT VISAGE SWELREM CREAM\nL\u00dcMFODRENAA\u017dNE KREEM"},"content":{"rendered":"<p data-start=\"292\" data-end=\"569\">Intensiivne peptiidikompleks tungib s\u00fcgavale nahka, stimuleerides kollageeni ja h\u00fcaluroonhappe s\u00fcnteesi. See toode silub peeneid jooni, parandab mikrotsirkulatsiooni ja drenaa\u017ei, kiirendab ainevahetust ning tugevdab veresooni, taastades naha v\u00e4rskuse ja terve s\u00e4ra.<\/p>\n<p data-start=\"571\" data-end=\"824\">Valem aktiveerib loomulikke taastumismehhanisme, kaitseb rakke vabade radikaalide eest ja loob pehme, kaitsva lipiidkihi. Nahk muutub pringim, niisutatumaks ja siledamaks, omandades \u00fchtlase tooni ja s\u00e4ra.<\/p>\n<p data-start=\"826\" data-end=\"1097\"><strong data-start=\"826\" data-end=\"851\">Toimeained:<\/strong><br data-start=\"851\" data-end=\"854\" \/>Dipeptiidid, roosiekstrakt, sheav\u00f5i, trehaloos, dekstriin, hibiskusekstrakt, letsitiin, keramiidid, bisabolool, gl\u00fctseriin, hobukastani ekstrakt, lagritsa ekstrakt, kofeiin, roosi\u00f5li, E-vitamiin, geraaniumi\u00f5li, Siberi lehise ekstrakt.<\/p>\n<p data-start=\"1099\" data-end=\"1342\"><strong data-start=\"1099\" data-end=\"1121\">Rakenduse rituaal:<\/strong><br data-start=\"1121\" data-end=\"1124\" \/>Kandke hommikul ja\/v\u00f5i \u00f5htul puhastatud nahale kergete masseerivate liigutustega.<\/p>","protected":false},"excerpt":{"rendered":"<p class=\"translation-block\">L\u00dcMFIDRENAA\u017dIKREEM 30 ml<br>\nPeptiidide ja kofeiiniga<br>\nK\u00d5IGILE NAHAT\u00dc\u00dcPIDELE<\/p>","protected":false},"featured_media":860,"template":"","meta":{"_uag_custom_page_level_css":""},"product_brand":[27],"product_cat":[34],"product_tag":[],"class_list":{"0":"post-2379","1":"product","2":"type-product","3":"status-publish","4":"has-post-thumbnail","6":"product_brand-tight-visage","7":"product_cat-34","9":"first","10":"instock","11":"taxable","12":"shipping-taxable","13":"purchasable","14":"product-type-simple"},"uagb_featured_image_src":{"full":["https:\/\/la-sincere.ee\/wp-content\/uploads\/2023\/08\/TIGHT-VISAGE-SWELREM-CREAM.jpg",243,730,false],"thumbnail":["https:\/\/la-sincere.ee\/wp-content\/uploads\/2023\/08\/TIGHT-VISAGE-SWELREM-CREAM-150x150.jpg",150,150,true],"medium":["https:\/\/la-sincere.ee\/wp-content\/uploads\/2023\/08\/TIGHT-VISAGE-SWELREM-CREAM-100x300.jpg",100,300,true],"medium_large":["https:\/\/la-sincere.ee\/wp-content\/uploads\/2023\/08\/TIGHT-VISAGE-SWELREM-CREAM.jpg",243,730,false],"large":["https:\/\/la-sincere.ee\/wp-content\/uploads\/2023\/08\/TIGHT-VISAGE-SWELREM-CREAM.jpg",243,730,false],"1536x1536":["https:\/\/la-sincere.ee\/wp-content\/uploads\/2023\/08\/TIGHT-VISAGE-SWELREM-CREAM.jpg",243,730,false],"2048x2048":["https:\/\/la-sincere.ee\/wp-content\/uploads\/2023\/08\/TIGHT-VISAGE-SWELREM-CREAM.jpg",243,730,false],"trp-custom-language-flag":["https:\/\/la-sincere.ee\/wp-content\/uploads\/2023\/08\/TIGHT-VISAGE-SWELREM-CREAM-4x12.jpg",4,12,true],"mailpoet_newsletter_max":["https:\/\/la-sincere.ee\/wp-content\/uploads\/2023\/08\/TIGHT-VISAGE-SWELREM-CREAM.jpg",243,730,false],"woocommerce_thumbnail":["https:\/\/la-sincere.ee\/wp-content\/uploads\/2023\/08\/TIGHT-VISAGE-SWELREM-CREAM.jpg",243,730,false],"woocommerce_single":["https:\/\/la-sincere.ee\/wp-content\/uploads\/2023\/08\/TIGHT-VISAGE-SWELREM-CREAM.jpg",243,730,false],"woocommerce_gallery_thumbnail":["https:\/\/la-sincere.ee\/wp-content\/uploads\/2023\/08\/TIGHT-VISAGE-SWELREM-CREAM-100x100.jpg",100,100,true]},"uagb_author_info":{"display_name":"Anzela","author_link":"https:\/\/la-sincere.ee\/et\/author\/"},"uagb_comment_info":0,"uagb_excerpt":"\u041b\u0418\u041c\u0424\u041e\u0414\u0420\u0415\u041d\u0410\u0416\u041d\u042b\u0419 \u041a\u0420\u0415\u041c 30 \u043c\u043b \u0421 \u043f\u0435\u043f\u0442\u0438\u0434\u0430\u043c\u0438 \u0438 \u043a\u043e\u0444\u0435\u0438\u043d\u043e\u043c \u0414\u041b\u042f \u041b\u042e\u0411\u041e\u0413\u041e \u0422\u0418\u041f\u0410 \u041a\u041e\u0416\u0418","_links":{"self":[{"href":"https:\/\/la-sincere.ee\/et\/wp-json\/wp\/v2\/product\/2379","targetHints":{"allow":["GET"]}}],"collection":[{"href":"https:\/\/la-sincere.ee\/et\/wp-json\/wp\/v2\/product"}],"about":[{"href":"https:\/\/la-sincere.ee\/et\/wp-json\/wp\/v2\/types\/product"}],"wp:featuredmedia":[{"embeddable":true,"href":"https:\/\/la-sincere.ee\/et\/wp-json\/wp\/v2\/media\/860"}],"wp:attachment":[{"href":"https:\/\/la-sincere.ee\/et\/wp-json\/wp\/v2\/media?parent=2379"}],"wp:term":[{"taxonomy":"product_brand","embeddable":true,"href":"https:\/\/la-sincere.ee\/et\/wp-json\/wp\/v2\/product_brand?post=2379"},{"taxonomy":"product_cat","embeddable":true,"href":"https:\/\/la-sincere.ee\/et\/wp-json\/wp\/v2\/product_cat?post=2379"},{"taxonomy":"product_tag","embeddable":true,"href":"https:\/\/la-sincere.ee\/et\/wp-json\/wp\/v2\/product_tag?post=2379"}],"curies":[{"name":"wp","href":"https:\/\/api.w.org\/{rel}","templated":true}]}}