{"id":2377,"date":"2025-11-07T13:24:20","date_gmt":"2025-11-07T13:24:20","guid":{"rendered":"https:\/\/la-sincere.ee\/?post_type=product&#038;p=2377"},"modified":"2025-11-11T13:10:44","modified_gmt":"2025-11-11T13:10:44","slug":"eye-make-remover","status":"publish","type":"product","link":"https:\/\/la-sincere.ee\/et\/toode\/eye-make-remover\/","title":{"rendered":"Eye\u00a0Make\u00a0Remover Professionaalne silmameigi eemaldamise vahend, 150 ml."},"content":{"rendered":"<p data-start=\"217\" data-end=\"388\" class=\"translation-block\"><strong data-start=\"223\" data-end=\"235\">LIPODERM<\/strong> sari <em data-start=\"248\" data-end=\"260\">La Sincere<\/em>lt on professionaalne looduslikul geelil p\u00f5hinev hooldus, mis on p\u00e4lvinud Jaapani ilusalongide ja tarbijate tunnustuse.<\/p>\n<p data-start=\"390\" data-end=\"695\" class=\"translation-block\"><strong data-start=\"390\" data-end=\"430\">La Sincere Lipoderm silmameigieemaldaja<\/strong> eemaldab \u00f5rnalt ja t\u00f5husalt silmameigi, sealhulgas veekindla ja s\u00e4deleva lauv\u00e4rvi, ilma nahka kuivatamata v\u00f5i eemaldamata. H\u00fcaluroonhapet sisaldav toode niisutab ja kaitseb \u00f5rna nahka niiskuskao eest, j\u00e4ttes selle mugavaks ja pehmeks.<\/p>\n<p data-start=\"697\" data-end=\"855\">Valem ei sisalda etanooli, parabeene, mineraal\u00f5lisid, silikone ega v\u00e4rvaineid, mist\u00f5ttu on toode ohutu ja \u00f5rn isegi tundlikule nahale.<\/p>\n<p data-start=\"857\" data-end=\"1015\"><strong data-start=\"857\" data-end=\"882\">Toimeained:<\/strong> Vesi, gl\u00fctser\u00fc\u00fcl, gl\u00fctseriin, h\u00fcdrogeenitud kastoor\u00f5li, h\u00fcaluroonhape, arginiin, karbomeer, tokoferool, fenoks\u00fcetanool.<\/p>\n<p data-start=\"1017\" data-end=\"1223\"><strong data-start=\"1017\" data-end=\"1039\">Rakenduse rituaal:<\/strong><br data-start=\"1039\" data-end=\"1042\" \/>Kanna v\u00e4ike kogus geeli vatipadjale, hoia silma\u00fcmbruspiirkonnas 3-5 sekundit ja eemalda meik \u00f5rnade ringjate liigutustega. Sobib ka huulemeigi eemaldamiseks.<\/p>","protected":false},"excerpt":{"rendered":"<p>Silmameigieemaldaja - Professionaalne silmameigieemaldaja, 150 ml.<\/p>","protected":false},"featured_media":822,"template":"","meta":{"_uag_custom_page_level_css":""},"product_brand":[],"product_cat":[31],"product_tag":[],"class_list":{"0":"post-2377","1":"product","2":"type-product","3":"status-publish","4":"has-post-thumbnail","6":"product_cat-31","8":"first","9":"instock","10":"taxable","11":"shipping-taxable","12":"purchasable","13":"product-type-simple"},"uagb_featured_image_src":{"full":["https:\/\/la-sincere.ee\/wp-content\/uploads\/2023\/08\/P1100491.png",194,387,false],"thumbnail":["https:\/\/la-sincere.ee\/wp-content\/uploads\/2023\/08\/P1100491-150x150.png",150,150,true],"medium":["https:\/\/la-sincere.ee\/wp-content\/uploads\/2023\/08\/P1100491-150x300.png",150,300,true],"medium_large":["https:\/\/la-sincere.ee\/wp-content\/uploads\/2023\/08\/P1100491.png",194,387,false],"large":["https:\/\/la-sincere.ee\/wp-content\/uploads\/2023\/08\/P1100491.png",194,387,false],"1536x1536":["https:\/\/la-sincere.ee\/wp-content\/uploads\/2023\/08\/P1100491.png",194,387,false],"2048x2048":["https:\/\/la-sincere.ee\/wp-content\/uploads\/2023\/08\/P1100491.png",194,387,false],"trp-custom-language-flag":["https:\/\/la-sincere.ee\/wp-content\/uploads\/2023\/08\/P1100491-6x12.png",6,12,true],"mailpoet_newsletter_max":["https:\/\/la-sincere.ee\/wp-content\/uploads\/2023\/08\/P1100491.png",194,387,false],"woocommerce_thumbnail":["https:\/\/la-sincere.ee\/wp-content\/uploads\/2023\/08\/P1100491.png",194,387,false],"woocommerce_single":["https:\/\/la-sincere.ee\/wp-content\/uploads\/2023\/08\/P1100491.png",194,387,false],"woocommerce_gallery_thumbnail":["https:\/\/la-sincere.ee\/wp-content\/uploads\/2023\/08\/P1100491-100x100.png",100,100,true]},"uagb_author_info":{"display_name":"Anzela","author_link":"https:\/\/la-sincere.ee\/et\/author\/"},"uagb_comment_info":0,"uagb_excerpt":"Eye Make Remover - \u041f\u0440\u043e\u0444\u0435\u0441\u0441\u0438\u043e\u043d\u0430\u043b\u044c\u043d\u043e\u0435 \u0441\u0440\u0435\u0434\u0441\u0442\u0432\u043e \u0434\u043b\u044f \u0441\u043d\u044f\u0442\u0438\u044f \u043c\u0430\u043a\u0438\u044f\u0436\u0430 \u0441 \u0433\u043b\u0430\u0437, 150 \u043c\u043b.","_links":{"self":[{"href":"https:\/\/la-sincere.ee\/et\/wp-json\/wp\/v2\/product\/2377","targetHints":{"allow":["GET"]}}],"collection":[{"href":"https:\/\/la-sincere.ee\/et\/wp-json\/wp\/v2\/product"}],"about":[{"href":"https:\/\/la-sincere.ee\/et\/wp-json\/wp\/v2\/types\/product"}],"wp:featuredmedia":[{"embeddable":true,"href":"https:\/\/la-sincere.ee\/et\/wp-json\/wp\/v2\/media\/822"}],"wp:attachment":[{"href":"https:\/\/la-sincere.ee\/et\/wp-json\/wp\/v2\/media?parent=2377"}],"wp:term":[{"taxonomy":"product_brand","embeddable":true,"href":"https:\/\/la-sincere.ee\/et\/wp-json\/wp\/v2\/product_brand?post=2377"},{"taxonomy":"product_cat","embeddable":true,"href":"https:\/\/la-sincere.ee\/et\/wp-json\/wp\/v2\/product_cat?post=2377"},{"taxonomy":"product_tag","embeddable":true,"href":"https:\/\/la-sincere.ee\/et\/wp-json\/wp\/v2\/product_tag?post=2377"}],"curies":[{"name":"wp","href":"https:\/\/api.w.org\/{rel}","templated":true}]}}