{"id":2376,"date":"2025-11-07T08:56:35","date_gmt":"2025-11-07T08:56:35","guid":{"rendered":"https:\/\/la-sincere.ee\/?post_type=product&#038;p=2376"},"modified":"2025-11-11T13:12:09","modified_gmt":"2025-11-11T13:12:09","slug":"eye-lift-gel","status":"publish","type":"product","link":"https:\/\/la-sincere.ee\/et\/toode\/eye-lift-gel\/","title":{"rendered":"EYE LIFT GEEL \u2013 SILMAPIIRKONNA T\u00d5STEV GEEL. 20 GR"},"content":{"rendered":"<p data-start=\"174\" data-end=\"389\">\u00d5rn kreem k\u00f5ikidele nahat\u00fc\u00fcpidele, mis pinguldab, toitab ja niisutab \u00f5rnalt silmalaugude nahka. See v\u00e4hendab t\u00f5husalt turseid, pinguldab silma\u00fcmbrust ja ennetab peente joonte teket.<\/p>\n<p data-start=\"391\" data-end=\"648\">Keramiidide ning A- ja E-vitamiinidega koostis aeglustab vananemisprotsessi, soodustab rakkude loomulikku uuenemist, tugevdab naha membraane ja pakub antioks\u00fcdantset kaitset. Lisaks pehmendab, rahustab ja kaitseb kreem \u00f5rna silma\u00fcmbruse nahka.<\/p>\n<p data-start=\"650\" data-end=\"814\"><strong data-start=\"650\" data-end=\"675\">Toimeained:<\/strong> biokeramiidid, allantoiin, sheav\u00f5i, skvalaan, roosivesi, kummeliekstrakt, bisabolool, A-vitamiin, E-vitamiin, lagritsa flavonoidid.<\/p>\n<p data-start=\"816\" data-end=\"940\"><strong data-start=\"816\" data-end=\"838\">Rakenduse rituaal:<\/strong> Kandke v\u00e4ike kogus iga p\u00e4ev silmalaugude fikseeritud osale kergete patsutavate liigutustega.<\/p>","protected":false},"excerpt":{"rendered":"<p>EYE LIFT GEL \/\u00a0KORTSUDEVASTANE SILMALAUGUDE KREEM<\/p>","protected":false},"featured_media":820,"template":"","meta":{"_uag_custom_page_level_css":""},"product_brand":[],"product_cat":[31],"product_tag":[],"class_list":{"0":"post-2376","1":"product","2":"type-product","3":"status-publish","4":"has-post-thumbnail","6":"product_cat-uhod-za-glazami-i-gubami","8":"first","9":"instock","10":"taxable","11":"shipping-taxable","12":"purchasable","13":"product-type-simple"},"uagb_featured_image_src":{"full":["https:\/\/la-sincere.ee\/wp-content\/uploads\/2023\/08\/P1100501p.png",163,385,false],"thumbnail":["https:\/\/la-sincere.ee\/wp-content\/uploads\/2023\/08\/P1100501p-150x150.png",150,150,true],"medium":["https:\/\/la-sincere.ee\/wp-content\/uploads\/2023\/08\/P1100501p-127x300.png",127,300,true],"medium_large":["https:\/\/la-sincere.ee\/wp-content\/uploads\/2023\/08\/P1100501p.png",163,385,false],"large":["https:\/\/la-sincere.ee\/wp-content\/uploads\/2023\/08\/P1100501p.png",163,385,false],"1536x1536":["https:\/\/la-sincere.ee\/wp-content\/uploads\/2023\/08\/P1100501p.png",163,385,false],"2048x2048":["https:\/\/la-sincere.ee\/wp-content\/uploads\/2023\/08\/P1100501p.png",163,385,false],"trp-custom-language-flag":["https:\/\/la-sincere.ee\/wp-content\/uploads\/2023\/08\/P1100501p-5x12.png",5,12,true],"mailpoet_newsletter_max":["https:\/\/la-sincere.ee\/wp-content\/uploads\/2023\/08\/P1100501p.png",163,385,false],"woocommerce_thumbnail":["https:\/\/la-sincere.ee\/wp-content\/uploads\/2023\/08\/P1100501p.png",163,385,false],"woocommerce_single":["https:\/\/la-sincere.ee\/wp-content\/uploads\/2023\/08\/P1100501p.png",163,385,false],"woocommerce_gallery_thumbnail":["https:\/\/la-sincere.ee\/wp-content\/uploads\/2023\/08\/P1100501p-100x100.png",100,100,true]},"uagb_author_info":{"display_name":"Sergei","author_link":"https:\/\/la-sincere.ee\/et\/author\/"},"uagb_comment_info":0,"uagb_excerpt":"Eye Lift Gel \u2013 \u041b\u0438\u0444\u0442\u0438\u043d\u0433-\u0433\u0435\u043b\u044c \u0443\u043a\u0440\u0435\u043f\u043b\u044f\u044e\u0449\u0438\u0439 \u0434\u043b\u044f \u043e\u0431\u043b\u0430\u0441\u0442\u0438 \u0432\u043e\u043a\u0440\u0443\u0433 \u0433\u043b\u0430\u0437 20 \u0433\u0440","_links":{"self":[{"href":"https:\/\/la-sincere.ee\/et\/wp-json\/wp\/v2\/product\/2376","targetHints":{"allow":["GET"]}}],"collection":[{"href":"https:\/\/la-sincere.ee\/et\/wp-json\/wp\/v2\/product"}],"about":[{"href":"https:\/\/la-sincere.ee\/et\/wp-json\/wp\/v2\/types\/product"}],"wp:featuredmedia":[{"embeddable":true,"href":"https:\/\/la-sincere.ee\/et\/wp-json\/wp\/v2\/media\/820"}],"wp:attachment":[{"href":"https:\/\/la-sincere.ee\/et\/wp-json\/wp\/v2\/media?parent=2376"}],"wp:term":[{"taxonomy":"product_brand","embeddable":true,"href":"https:\/\/la-sincere.ee\/et\/wp-json\/wp\/v2\/product_brand?post=2376"},{"taxonomy":"product_cat","embeddable":true,"href":"https:\/\/la-sincere.ee\/et\/wp-json\/wp\/v2\/product_cat?post=2376"},{"taxonomy":"product_tag","embeddable":true,"href":"https:\/\/la-sincere.ee\/et\/wp-json\/wp\/v2\/product_tag?post=2376"}],"curies":[{"name":"wp","href":"https:\/\/api.w.org\/{rel}","templated":true}]}}