{"id":2371,"date":"2025-11-07T08:46:03","date_gmt":"2025-11-07T08:46:03","guid":{"rendered":"https:\/\/la-sincere.ee\/?post_type=product&#038;p=2371"},"modified":"2025-11-11T13:15:26","modified_gmt":"2025-11-11T13:15:26","slug":"magiene-db-cream-niisutav-jumestuskreem-30-ml","status":"publish","type":"product","link":"https:\/\/la-sincere.ee\/et\/toode\/magiene-db-cream-niisutav-jumestuskreem-30-ml\/","title":{"rendered":"MAGIENE D&amp;B CREAM \/ NIISUTAV JUMESTUSKREEM. 30 ML"},"content":{"rendered":"<p data-start=\"176\" data-end=\"402\">See elegantne kreem \u00fchendab nahahoolduse kerge jumestuskatte ja SPF 30 p\u00e4ikesekaitsefaktoriga. Valem \u00fchtlustab nahatooni, annab liftingu efekti, leevendab \u00e4rritusi ja aitab korrigeerida vananemism\u00e4rke.<\/p>\n<p data-start=\"404\" data-end=\"645\">Aktiivsed koostisosad, sealhulgas platsentaproteiin ja oligopetiidid, noorendavad nahka, siluvad kortse ja aitavad v\u00e4ltida kollageeni lagunemist. Imperata cylindrica ekstrakt niisutab s\u00fcgavalt, j\u00e4ttes naha pinna siledaks ja siidiseks.<\/p>\n<p data-start=\"647\" data-end=\"898\"><strong data-start=\"647\" data-end=\"672\">Toimeained:<\/strong> Aktiivsed koostisosad: oligopetiidid, platsentaproteiin, tserebrosiidid, alfa-arbutiin, kummeli, Imperata cylindrica ja sidruni ekstraktid; soja- ja makadaamia\u00f5lid; skvalaan, E-vitamiin, titaandioksiid, letsitiin, talk, rauaoksiid, mineraalne liivakivi.<\/p>\n<p data-start=\"900\" data-end=\"1051\"><strong data-start=\"900\" data-end=\"922\">Rakenduse rituaal:<\/strong> Kandke hommikul puhastatud n\u00e4onahale, levitades kreemi \u00fchtlaselt \u00fcle kogu n\u00e4o, et pakkuda kaitset, niisutust ja kerget toonimist.<\/p>","protected":false},"excerpt":{"rendered":"<p class=\"translation-block\">Niisutav jumestuskreem peptiidikompleksiga SPF30\/PA++, 30ml\nLauv\u00e4rv 1 - Naturaalne\nLauv\u00e4rv 01 - Helepruun<\/p>","protected":false},"featured_media":830,"template":"","meta":{"_uag_custom_page_level_css":""},"product_brand":[],"product_cat":[30],"product_tag":[],"class_list":{"0":"post-2371","1":"product","2":"type-product","3":"status-publish","4":"has-post-thumbnail","6":"product_cat-tonalnye-sredstva","8":"first","9":"instock","10":"taxable","11":"shipping-taxable","12":"purchasable","13":"product-type-simple"},"uagb_featured_image_src":{"full":["https:\/\/la-sincere.ee\/wp-content\/uploads\/2023\/08\/MAGIENE-DB-CREAM.jpg",314,762,false],"thumbnail":["https:\/\/la-sincere.ee\/wp-content\/uploads\/2023\/08\/MAGIENE-DB-CREAM-150x150.jpg",150,150,true],"medium":["https:\/\/la-sincere.ee\/wp-content\/uploads\/2023\/08\/MAGIENE-DB-CREAM-124x300.jpg",124,300,true],"medium_large":["https:\/\/la-sincere.ee\/wp-content\/uploads\/2023\/08\/MAGIENE-DB-CREAM.jpg",314,762,false],"large":["https:\/\/la-sincere.ee\/wp-content\/uploads\/2023\/08\/MAGIENE-DB-CREAM.jpg",314,762,false],"1536x1536":["https:\/\/la-sincere.ee\/wp-content\/uploads\/2023\/08\/MAGIENE-DB-CREAM.jpg",314,762,false],"2048x2048":["https:\/\/la-sincere.ee\/wp-content\/uploads\/2023\/08\/MAGIENE-DB-CREAM.jpg",314,762,false],"trp-custom-language-flag":["https:\/\/la-sincere.ee\/wp-content\/uploads\/2023\/08\/MAGIENE-DB-CREAM-5x12.jpg",5,12,true],"mailpoet_newsletter_max":["https:\/\/la-sincere.ee\/wp-content\/uploads\/2023\/08\/MAGIENE-DB-CREAM.jpg",314,762,false],"woocommerce_thumbnail":["https:\/\/la-sincere.ee\/wp-content\/uploads\/2023\/08\/MAGIENE-DB-CREAM.jpg",314,762,false],"woocommerce_single":["https:\/\/la-sincere.ee\/wp-content\/uploads\/2023\/08\/MAGIENE-DB-CREAM.jpg",314,762,false],"woocommerce_gallery_thumbnail":["https:\/\/la-sincere.ee\/wp-content\/uploads\/2023\/08\/MAGIENE-DB-CREAM-100x100.jpg",100,100,true]},"uagb_author_info":{"display_name":"Sergei","author_link":"https:\/\/la-sincere.ee\/et\/author\/"},"uagb_comment_info":0,"uagb_excerpt":"\u0423\u0432\u043b\u0430\u0436\u043d\u044f\u044e\u0449\u0438\u0439 \u0442\u043e\u043d\u0430\u043b\u044c\u043d\u044b\u0439 \u043a\u0440\u0435\u043c \u0441 \u043f\u0435\u043f\u0442\u0438\u0434\u043d\u044b\u043c \u043a\u043e\u043c\u043f\u043b\u0435\u043a\u0441\u043e\u043c SPF30 \/ PA ++, 30ml \u0422\u043e\u043d 1-\u041d\u0430\u0442\u0443\u0440\u0430\u043b\u044c\u043d\u044b\u0439 \u0422\u043e\u043d 01-\u041b\u0435\u0433\u043a\u0438\u0439 \u0437\u0430\u0433\u0430\u0440","_links":{"self":[{"href":"https:\/\/la-sincere.ee\/et\/wp-json\/wp\/v2\/product\/2371","targetHints":{"allow":["GET"]}}],"collection":[{"href":"https:\/\/la-sincere.ee\/et\/wp-json\/wp\/v2\/product"}],"about":[{"href":"https:\/\/la-sincere.ee\/et\/wp-json\/wp\/v2\/types\/product"}],"wp:featuredmedia":[{"embeddable":true,"href":"https:\/\/la-sincere.ee\/et\/wp-json\/wp\/v2\/media\/830"}],"wp:attachment":[{"href":"https:\/\/la-sincere.ee\/et\/wp-json\/wp\/v2\/media?parent=2371"}],"wp:term":[{"taxonomy":"product_brand","embeddable":true,"href":"https:\/\/la-sincere.ee\/et\/wp-json\/wp\/v2\/product_brand?post=2371"},{"taxonomy":"product_cat","embeddable":true,"href":"https:\/\/la-sincere.ee\/et\/wp-json\/wp\/v2\/product_cat?post=2371"},{"taxonomy":"product_tag","embeddable":true,"href":"https:\/\/la-sincere.ee\/et\/wp-json\/wp\/v2\/product_tag?post=2371"}],"curies":[{"name":"wp","href":"https:\/\/api.w.org\/{rel}","templated":true}]}}