{"id":2370,"date":"2025-11-07T08:43:25","date_gmt":"2025-11-07T08:43:25","guid":{"rendered":"https:\/\/la-sincere.ee\/?post_type=product&#038;p=2370"},"modified":"2025-11-11T13:17:28","modified_gmt":"2025-11-11T13:17:28","slug":"moisfit-uv","status":"publish","type":"product","link":"https:\/\/la-sincere.ee\/et\/toode\/moisfit-uv\/","title":{"rendered":"MOISFIT UV \/ JUMESTUSE EMULSIOON 35 ML SPF 15"},"content":{"rendered":"<p data-start=\"179\" data-end=\"428\">See \u00f5rn fluide tagab \u00f5rna katvuse ja pehme liftingu efekti, kustutades koheselt v\u00e4simuse j\u00e4lgi. See korrigeerib silma\u00fcmbruse piirkonda, v\u00e4hendab kortsude n\u00e4htavust ja kaitseb nahka kuivamise eest, tagades kogu p\u00e4eva mugava tunde.<\/p>\n<p data-start=\"430\" data-end=\"575\">Kerge tekstuur sobib kasutamiseks nii eraldi kui ka kreemi all, kandub nahale kergesti ja \u00fchtlustab jume, andes v\u00e4rske ja puhanud v\u00e4limuse.<\/p>\n<p data-start=\"577\" data-end=\"748\"><strong data-start=\"577\" data-end=\"602\">Toimeained:<\/strong> \u00d5una- ja merevetikate ekstraktid, ksantaankummi, nailon, tsirkooniumdioksiid, h\u00fcaluroonhape, arbutiin, titaandioksiid, rauaoksiid.<\/p>\n<p data-start=\"750\" data-end=\"916\"><strong data-start=\"750\" data-end=\"772\">Rakenduse rituaal:<\/strong> Kandke v\u00e4ike kogus fluide silma\u00fcmbruse nahale ja kogu n\u00e4ole, levitades \u00f5rnade liigutustega. Kasutage eraldi v\u00f5i kreemi alusena.<\/p>","protected":false},"excerpt":{"rendered":"<p class=\"translation-block\">Naturaalne toon<br>\nRoosa toon<br>\nHelepruun toon (uus!)<\/p>","protected":false},"featured_media":827,"template":"","meta":{"_uag_custom_page_level_css":""},"product_brand":[],"product_cat":[30],"product_tag":[],"class_list":{"0":"post-2370","1":"product","2":"type-product","3":"status-publish","4":"has-post-thumbnail","6":"product_cat-tonalnye-sredstva","8":"first","9":"instock","10":"taxable","11":"shipping-taxable","12":"purchasable","13":"product-type-simple"},"uagb_featured_image_src":{"full":["https:\/\/la-sincere.ee\/wp-content\/uploads\/2023\/08\/MOISFIT-UV.jpg",384,719,false],"thumbnail":["https:\/\/la-sincere.ee\/wp-content\/uploads\/2023\/08\/MOISFIT-UV-150x150.jpg",150,150,true],"medium":["https:\/\/la-sincere.ee\/wp-content\/uploads\/2023\/08\/MOISFIT-UV-160x300.jpg",160,300,true],"medium_large":["https:\/\/la-sincere.ee\/wp-content\/uploads\/2023\/08\/MOISFIT-UV.jpg",384,719,false],"large":["https:\/\/la-sincere.ee\/wp-content\/uploads\/2023\/08\/MOISFIT-UV.jpg",384,719,false],"1536x1536":["https:\/\/la-sincere.ee\/wp-content\/uploads\/2023\/08\/MOISFIT-UV.jpg",384,719,false],"2048x2048":["https:\/\/la-sincere.ee\/wp-content\/uploads\/2023\/08\/MOISFIT-UV.jpg",384,719,false],"trp-custom-language-flag":["https:\/\/la-sincere.ee\/wp-content\/uploads\/2023\/08\/MOISFIT-UV-6x12.jpg",6,12,true],"mailpoet_newsletter_max":["https:\/\/la-sincere.ee\/wp-content\/uploads\/2023\/08\/MOISFIT-UV.jpg",384,719,false],"woocommerce_thumbnail":["https:\/\/la-sincere.ee\/wp-content\/uploads\/2023\/08\/MOISFIT-UV-324x607.jpg",324,607,true],"woocommerce_single":["https:\/\/la-sincere.ee\/wp-content\/uploads\/2023\/08\/MOISFIT-UV.jpg",384,719,false],"woocommerce_gallery_thumbnail":["https:\/\/la-sincere.ee\/wp-content\/uploads\/2023\/08\/MOISFIT-UV-100x100.jpg",100,100,true]},"uagb_author_info":{"display_name":"Sergei","author_link":"https:\/\/la-sincere.ee\/et\/author\/"},"uagb_comment_info":0,"uagb_excerpt":"\u0422\u043e\u043d-\u041d\u0430\u0442\u0443\u0440\u0430\u043b\u044c\u043d\u044b\u0439 \u0422\u043e\u043d-\u0420\u043e\u0437\u043e\u0432\u044b\u0439 \u0422\u043e\u043d-\u041b\u0435\u0433\u043a\u0438\u0439 \u0437\u0430\u0433\u0430\u0440 (\u043d\u043e\u0432\u0438\u043d\u043a\u0430!)","_links":{"self":[{"href":"https:\/\/la-sincere.ee\/et\/wp-json\/wp\/v2\/product\/2370","targetHints":{"allow":["GET"]}}],"collection":[{"href":"https:\/\/la-sincere.ee\/et\/wp-json\/wp\/v2\/product"}],"about":[{"href":"https:\/\/la-sincere.ee\/et\/wp-json\/wp\/v2\/types\/product"}],"wp:featuredmedia":[{"embeddable":true,"href":"https:\/\/la-sincere.ee\/et\/wp-json\/wp\/v2\/media\/827"}],"wp:attachment":[{"href":"https:\/\/la-sincere.ee\/et\/wp-json\/wp\/v2\/media?parent=2370"}],"wp:term":[{"taxonomy":"product_brand","embeddable":true,"href":"https:\/\/la-sincere.ee\/et\/wp-json\/wp\/v2\/product_brand?post=2370"},{"taxonomy":"product_cat","embeddable":true,"href":"https:\/\/la-sincere.ee\/et\/wp-json\/wp\/v2\/product_cat?post=2370"},{"taxonomy":"product_tag","embeddable":true,"href":"https:\/\/la-sincere.ee\/et\/wp-json\/wp\/v2\/product_tag?post=2370"}],"curies":[{"name":"wp","href":"https:\/\/api.w.org\/{rel}","templated":true}]}}