{"id":2369,"date":"2025-11-07T08:40:17","date_gmt":"2025-11-07T08:40:17","guid":{"rendered":"https:\/\/la-sincere.ee\/?post_type=product&#038;p=2369"},"modified":"2025-11-11T13:24:58","modified_gmt":"2025-11-11T13:24:58","slug":"essence-se-100-ceramide","status":"publish","type":"product","link":"https:\/\/la-sincere.ee\/et\/toode\/essence-se-100-ceramide\/","title":{"rendered":"ESSENCE SE 100 CERAMIDE \/ TSEERAMIIDI MONOKONTsentraat, 30 ML"},"content":{"rendered":"<p data-start=\"171\" data-end=\"408\">Kerge koostis taastab naha loomuliku h\u00fcdrolipiidbarj\u00e4\u00e4ri, pehmendab nahka, v\u00e4hendab ketendust ja \u00e4rritust ning aktiveerib toitmise ja niisutamise protsesse. Ideaalne naha taastamiseks p\u00e4rast keemilisi koorimisi ja stressirohkeid protseduure.<\/p>\n<p data-start=\"410\" data-end=\"578\">Toode tugevdab naha kaitsefunktsioone, v\u00e4hendab punetust ja kiskuvat tunnet ning ennetab enneaegset vananemist, muutes naha siledaks, elastseks ja mugavaks.<\/p>\n<p data-start=\"580\" data-end=\"702\"><strong data-start=\"580\" data-end=\"605\">Toimeained:<\/strong> tserebrosiidi\u00add, l\u00fcsolektisiin, tseramiidid, kolesterool, f\u00fctosfingosiin, koirohu ekstrakt, h\u00f5beoksiid.<\/p>\n<p data-start=\"704\" data-end=\"981\"><strong data-start=\"704\" data-end=\"726\">Rakenduse rituaal:<\/strong> Kandke paar tilka toodet \u00f5rnade masseerivate liigutustega n\u00e4ole, kaelale ja dekolteele. Kasutage iga p\u00e4ev \u2014 eraldi v\u00f5i enne p\u00f5lihoolduskreemi. Tugevama toime saavutamiseks v\u00f5ib kombineerida emapiimaga, kollageeni v\u00f5i C-vitamiiniga<\/p>","protected":false},"excerpt":{"rendered":"<p class=\"translation-block\">KERAMIIDMONOKONKONTRAAT 30 ml KUIVALE JA TUNDLIKULE NAHALE<\/p>","protected":false},"featured_media":2463,"template":"","meta":{"_uag_custom_page_level_css":""},"product_brand":[],"product_cat":[29],"product_tag":[],"class_list":{"0":"post-2369","1":"product","2":"type-product","3":"status-publish","4":"has-post-thumbnail","6":"product_cat-personalnyj-uhod","8":"first","9":"instock","10":"taxable","11":"shipping-taxable","12":"purchasable","13":"product-type-simple"},"uagb_featured_image_src":{"full":["https:\/\/la-sincere.ee\/wp-content\/uploads\/2025\/11\/90610031_1.jpg",397,500,false],"thumbnail":["https:\/\/la-sincere.ee\/wp-content\/uploads\/2025\/11\/90610031_1-150x150.jpg",150,150,true],"medium":["https:\/\/la-sincere.ee\/wp-content\/uploads\/2025\/11\/90610031_1-238x300.jpg",238,300,true],"medium_large":["https:\/\/la-sincere.ee\/wp-content\/uploads\/2025\/11\/90610031_1.jpg",397,500,false],"large":["https:\/\/la-sincere.ee\/wp-content\/uploads\/2025\/11\/90610031_1.jpg",397,500,false],"1536x1536":["https:\/\/la-sincere.ee\/wp-content\/uploads\/2025\/11\/90610031_1.jpg",397,500,false],"2048x2048":["https:\/\/la-sincere.ee\/wp-content\/uploads\/2025\/11\/90610031_1.jpg",397,500,false],"trp-custom-language-flag":["https:\/\/la-sincere.ee\/wp-content\/uploads\/2025\/11\/90610031_1-10x12.jpg",10,12,true],"mailpoet_newsletter_max":["https:\/\/la-sincere.ee\/wp-content\/uploads\/2025\/11\/90610031_1.jpg",397,500,false],"woocommerce_thumbnail":["https:\/\/la-sincere.ee\/wp-content\/uploads\/2025\/11\/90610031_1-324x408.jpg",324,408,true],"woocommerce_single":["https:\/\/la-sincere.ee\/wp-content\/uploads\/2025\/11\/90610031_1.jpg",397,500,false],"woocommerce_gallery_thumbnail":["https:\/\/la-sincere.ee\/wp-content\/uploads\/2025\/11\/90610031_1-100x100.jpg",100,100,true]},"uagb_author_info":{"display_name":"Sergei","author_link":"https:\/\/la-sincere.ee\/et\/author\/"},"uagb_comment_info":0,"uagb_excerpt":"\u041c\u041e\u041d\u041e\u041a\u041e\u041d\u0426\u0415\u041d\u0422\u0420\u0410\u0422 \u0426\u0415\u0420\u0410\u041c\u0418\u0414 30 \u043c\u043b \u0414\u041b\u042f \u0421\u0423\u0425\u041e\u0419 \u0418 \u0427\u0423\u0412\u0421\u0422\u0412\u0418\u0422\u0415\u041b\u042c\u041d\u041e\u0419 \u041a\u041e\u0416\u0418","_links":{"self":[{"href":"https:\/\/la-sincere.ee\/et\/wp-json\/wp\/v2\/product\/2369","targetHints":{"allow":["GET"]}}],"collection":[{"href":"https:\/\/la-sincere.ee\/et\/wp-json\/wp\/v2\/product"}],"about":[{"href":"https:\/\/la-sincere.ee\/et\/wp-json\/wp\/v2\/types\/product"}],"wp:featuredmedia":[{"embeddable":true,"href":"https:\/\/la-sincere.ee\/et\/wp-json\/wp\/v2\/media\/2463"}],"wp:attachment":[{"href":"https:\/\/la-sincere.ee\/et\/wp-json\/wp\/v2\/media?parent=2369"}],"wp:term":[{"taxonomy":"product_brand","embeddable":true,"href":"https:\/\/la-sincere.ee\/et\/wp-json\/wp\/v2\/product_brand?post=2369"},{"taxonomy":"product_cat","embeddable":true,"href":"https:\/\/la-sincere.ee\/et\/wp-json\/wp\/v2\/product_cat?post=2369"},{"taxonomy":"product_tag","embeddable":true,"href":"https:\/\/la-sincere.ee\/et\/wp-json\/wp\/v2\/product_tag?post=2369"}],"curies":[{"name":"wp","href":"https:\/\/api.w.org\/{rel}","templated":true}]}}