{"id":2368,"date":"2025-11-07T08:36:29","date_gmt":"2025-11-07T08:36:29","guid":{"rendered":"https:\/\/la-sincere.ee\/?post_type=product&#038;p=2368"},"modified":"2025-11-11T13:20:25","modified_gmt":"2025-11-11T13:20:25","slug":"super-essence-pl-placenta","status":"publish","type":"product","link":"https:\/\/la-sincere.ee\/et\/toode\/super-essence-pl-placenta\/","title":{"rendered":"SUPER ESSENCE PL PLACENTA \/ PLACENTA KONTSENTRAAT. 30 ML"},"content":{"rendered":"<p data-start=\"174\" data-end=\"441\">Bioloogiliselt aktiivne eliksiir \u00fcle 100 komponendiga\nBioloogiliselt aktiivne eliksiir, mis sisaldab kompleksina \u00fcle 100 komponendi \u2014 lipiide, pol\u00fcsahhariide, nukleiinhappeid, ens\u00fc\u00fcme, vitamiine ja kasvufaktoreid. Toodet kasutatakse kudede taastumise kiirendamiseks, rakkude ainevahetuse stimuleerimiseks ja naha immuunfunktsioonide toetamiseks.<\/p>\n<p data-start=\"443\" data-end=\"600\">Eliksiir toidab ja niisutab nahka s\u00fcgavuti, avaldab noorendavat, p\u00f5letikuvastast ja tervendavat toimet, taastades naha elastsuse, s\u00e4ra ja terve jume.<\/p>\n<p data-start=\"602\" data-end=\"772\"><strong data-start=\"602\" data-end=\"627\">Toimeained:<\/strong> Kontsentraat kolmest platsentat\u00fc\u00fcbist (mere, loomade \u2014 sealiha ja hobune, ning taimne \u2014 melon), koos pueraria, merevetika ja aaloe ekstraktidega.<\/p>\n<p data-start=\"774\" data-end=\"944\"><strong data-start=\"774\" data-end=\"796\">Rakenduse rituaal:<\/strong> Kandke v\u00e4ike kogus toodet hommikul ja\/v\u00f5i \u00f5htul n\u00e4ole, kaelale ja dekolteele. Kasutage eraldi v\u00f5i kreemi all toime tugevdamiseks.<\/p>","protected":false},"excerpt":{"rendered":"<p class=\"translation-block\">Platsenta kontsentraat 30 ml<br>\nPlatsenta ekstraktiga. Sobib k\u00f5ikidele nahat\u00fc\u00fcpidele.<\/p>","protected":false},"featured_media":851,"template":"","meta":{"_uag_custom_page_level_css":""},"product_brand":[],"product_cat":[29],"product_tag":[],"class_list":{"0":"post-2368","1":"product","2":"type-product","3":"status-publish","4":"has-post-thumbnail","6":"product_cat-personalnyj-uhod","8":"first","9":"instock","10":"taxable","11":"shipping-taxable","12":"purchasable","13":"product-type-simple"},"uagb_featured_image_src":{"full":["https:\/\/la-sincere.ee\/wp-content\/uploads\/2023\/08\/SUPER-ESSENCE-PL-PLACENTA.jpg",246,665,false],"thumbnail":["https:\/\/la-sincere.ee\/wp-content\/uploads\/2023\/08\/SUPER-ESSENCE-PL-PLACENTA-150x150.jpg",150,150,true],"medium":["https:\/\/la-sincere.ee\/wp-content\/uploads\/2023\/08\/SUPER-ESSENCE-PL-PLACENTA-111x300.jpg",111,300,true],"medium_large":["https:\/\/la-sincere.ee\/wp-content\/uploads\/2023\/08\/SUPER-ESSENCE-PL-PLACENTA.jpg",246,665,false],"large":["https:\/\/la-sincere.ee\/wp-content\/uploads\/2023\/08\/SUPER-ESSENCE-PL-PLACENTA.jpg",246,665,false],"1536x1536":["https:\/\/la-sincere.ee\/wp-content\/uploads\/2023\/08\/SUPER-ESSENCE-PL-PLACENTA.jpg",246,665,false],"2048x2048":["https:\/\/la-sincere.ee\/wp-content\/uploads\/2023\/08\/SUPER-ESSENCE-PL-PLACENTA.jpg",246,665,false],"trp-custom-language-flag":["https:\/\/la-sincere.ee\/wp-content\/uploads\/2023\/08\/SUPER-ESSENCE-PL-PLACENTA-4x12.jpg",4,12,true],"mailpoet_newsletter_max":["https:\/\/la-sincere.ee\/wp-content\/uploads\/2023\/08\/SUPER-ESSENCE-PL-PLACENTA.jpg",246,665,false],"woocommerce_thumbnail":["https:\/\/la-sincere.ee\/wp-content\/uploads\/2023\/08\/SUPER-ESSENCE-PL-PLACENTA.jpg",246,665,false],"woocommerce_single":["https:\/\/la-sincere.ee\/wp-content\/uploads\/2023\/08\/SUPER-ESSENCE-PL-PLACENTA.jpg",246,665,false],"woocommerce_gallery_thumbnail":["https:\/\/la-sincere.ee\/wp-content\/uploads\/2023\/08\/SUPER-ESSENCE-PL-PLACENTA-100x100.jpg",100,100,true]},"uagb_author_info":{"display_name":"Sergei","author_link":"https:\/\/la-sincere.ee\/et\/author\/"},"uagb_comment_info":0,"uagb_excerpt":"\u041a\u043e\u043d\u0446\u0435\u043d\u0442\u0440\u0430\u0442 \u041f\u043b\u0430\u0446\u0435\u043d\u0442\u044b 30 \u043c\u043b \u0421 \u044d\u043a\u0441\u0442\u0440\u0430\u043a\u0442\u043e\u043c \u043f\u043b\u0430\u0446\u0435\u043d\u0442\u044b. \u0414\u043b\u044f \u043b\u044e\u0431\u043e\u0433\u043e \u0442\u0438\u043f\u0430 \u043a\u043e\u0436\u0438.","_links":{"self":[{"href":"https:\/\/la-sincere.ee\/et\/wp-json\/wp\/v2\/product\/2368","targetHints":{"allow":["GET"]}}],"collection":[{"href":"https:\/\/la-sincere.ee\/et\/wp-json\/wp\/v2\/product"}],"about":[{"href":"https:\/\/la-sincere.ee\/et\/wp-json\/wp\/v2\/types\/product"}],"wp:featuredmedia":[{"embeddable":true,"href":"https:\/\/la-sincere.ee\/et\/wp-json\/wp\/v2\/media\/851"}],"wp:attachment":[{"href":"https:\/\/la-sincere.ee\/et\/wp-json\/wp\/v2\/media?parent=2368"}],"wp:term":[{"taxonomy":"product_brand","embeddable":true,"href":"https:\/\/la-sincere.ee\/et\/wp-json\/wp\/v2\/product_brand?post=2368"},{"taxonomy":"product_cat","embeddable":true,"href":"https:\/\/la-sincere.ee\/et\/wp-json\/wp\/v2\/product_cat?post=2368"},{"taxonomy":"product_tag","embeddable":true,"href":"https:\/\/la-sincere.ee\/et\/wp-json\/wp\/v2\/product_tag?post=2368"}],"curies":[{"name":"wp","href":"https:\/\/api.w.org\/{rel}","templated":true}]}}