{"id":2367,"date":"2025-11-07T08:33:47","date_gmt":"2025-11-07T08:33:47","guid":{"rendered":"https:\/\/la-sincere.ee\/?post_type=product&#038;p=2367"},"modified":"2025-11-11T13:21:32","modified_gmt":"2025-11-11T13:21:32","slug":"super-essence-hy-hyaluron","status":"publish","type":"product","link":"https:\/\/la-sincere.ee\/et\/toode\/super-essence-hy-hyaluron\/","title":{"rendered":"SUPER ESSENCE HY H\u00dcALUROON \/ H\u00dcALUROONHAPPE MONOKONTSENTRAAT 30 ML"},"content":{"rendered":"<p data-start=\"169\" data-end=\"422\">Madalmolekulaarne h\u00fcaluroonhape on naha peamine struktuurikomponent, millel on ainulaadne v\u00f5ime niiskust siduda. Toode taastab koheselt naha vee tasakaalu, parandab toonust ja elastsust, silub kortse ning annab pinguldava efekti.<\/p>\n<p data-start=\"424\" data-end=\"539\">Valem kiirendab naha mikrokahjustuste paranemist, s\u00e4ilitab naha elastsuse ning tekitab v\u00e4rskuse ja mugavuse tunde.<\/p>\n<p data-start=\"541\" data-end=\"608\"><strong data-start=\"541\" data-end=\"566\">Toimeained:<\/strong> madalmolekulaarne h\u00fcaluroonhape<\/p>\n<p data-start=\"610\" data-end=\"883\"><strong data-start=\"610\" data-end=\"632\">Rakenduse rituaal:<\/strong> M\u00f5\u00f5duka masseeriva liigutusega kandke paar tilka toodet n\u00e4ole, kaelale ja dekolteele. Kasutage iga p\u00e4ev \u2014 kas peamise nahahooldustoote all v\u00f5i eraldi. Tugevama efekti saavutamiseks v\u00f5ib toote kombineerida platsenta, C-vitamiini v\u00f5i kollageeniga.<\/p>","protected":false},"excerpt":{"rendered":"<p class=\"translation-block\">Madala molekulmassiga h\u00fcaluroonhape\nK\u00d5IGILE NAHAT\u00dc\u00dcPIDELE<\/p>","protected":false},"featured_media":1163,"template":"","meta":{"_uag_custom_page_level_css":""},"product_brand":[],"product_cat":[29],"product_tag":[],"class_list":{"0":"post-2367","1":"product","2":"type-product","3":"status-publish","4":"has-post-thumbnail","6":"product_cat-personalnyj-uhod","8":"first","9":"instock","10":"taxable","11":"shipping-taxable","12":"purchasable","13":"product-type-simple"},"uagb_featured_image_src":{"full":["https:\/\/la-sincere.ee\/wp-content\/uploads\/2023\/09\/IMAGE-2023-09-13-162703.jpg",242,652,false],"thumbnail":["https:\/\/la-sincere.ee\/wp-content\/uploads\/2023\/09\/IMAGE-2023-09-13-162703-150x150.jpg",150,150,true],"medium":["https:\/\/la-sincere.ee\/wp-content\/uploads\/2023\/09\/IMAGE-2023-09-13-162703-111x300.jpg",111,300,true],"medium_large":["https:\/\/la-sincere.ee\/wp-content\/uploads\/2023\/09\/IMAGE-2023-09-13-162703.jpg",242,652,false],"large":["https:\/\/la-sincere.ee\/wp-content\/uploads\/2023\/09\/IMAGE-2023-09-13-162703.jpg",242,652,false],"1536x1536":["https:\/\/la-sincere.ee\/wp-content\/uploads\/2023\/09\/IMAGE-2023-09-13-162703.jpg",242,652,false],"2048x2048":["https:\/\/la-sincere.ee\/wp-content\/uploads\/2023\/09\/IMAGE-2023-09-13-162703.jpg",242,652,false],"trp-custom-language-flag":["https:\/\/la-sincere.ee\/wp-content\/uploads\/2023\/09\/IMAGE-2023-09-13-162703-4x12.jpg",4,12,true],"mailpoet_newsletter_max":["https:\/\/la-sincere.ee\/wp-content\/uploads\/2023\/09\/IMAGE-2023-09-13-162703.jpg",242,652,false],"woocommerce_thumbnail":["https:\/\/la-sincere.ee\/wp-content\/uploads\/2023\/09\/IMAGE-2023-09-13-162703.jpg",242,652,false],"woocommerce_single":["https:\/\/la-sincere.ee\/wp-content\/uploads\/2023\/09\/IMAGE-2023-09-13-162703.jpg",242,652,false],"woocommerce_gallery_thumbnail":["https:\/\/la-sincere.ee\/wp-content\/uploads\/2023\/09\/IMAGE-2023-09-13-162703-100x100.jpg",100,100,true]},"uagb_author_info":{"display_name":"Sergei","author_link":"https:\/\/la-sincere.ee\/et\/author\/"},"uagb_comment_info":0,"uagb_excerpt":"\u041d\u0438\u0437\u043a\u043e\u043c\u043e\u043b\u0435\u043a\u0443\u043b\u044f\u0440\u043d\u0430\u044f \u0433\u0438\u0430\u043b\u0443\u0440\u043e\u043d\u043e\u0432\u0430\u044f \u043a\u0438\u0441\u043b\u043e\u0442\u0430 \u0414\u041b\u042f \u041b\u042e\u0411\u041e\u0413\u041e \u0422\u0418\u041f\u0410 \u041a\u041e\u0416\u0418","_links":{"self":[{"href":"https:\/\/la-sincere.ee\/et\/wp-json\/wp\/v2\/product\/2367","targetHints":{"allow":["GET"]}}],"collection":[{"href":"https:\/\/la-sincere.ee\/et\/wp-json\/wp\/v2\/product"}],"about":[{"href":"https:\/\/la-sincere.ee\/et\/wp-json\/wp\/v2\/types\/product"}],"wp:featuredmedia":[{"embeddable":true,"href":"https:\/\/la-sincere.ee\/et\/wp-json\/wp\/v2\/media\/1163"}],"wp:attachment":[{"href":"https:\/\/la-sincere.ee\/et\/wp-json\/wp\/v2\/media?parent=2367"}],"wp:term":[{"taxonomy":"product_brand","embeddable":true,"href":"https:\/\/la-sincere.ee\/et\/wp-json\/wp\/v2\/product_brand?post=2367"},{"taxonomy":"product_cat","embeddable":true,"href":"https:\/\/la-sincere.ee\/et\/wp-json\/wp\/v2\/product_cat?post=2367"},{"taxonomy":"product_tag","embeddable":true,"href":"https:\/\/la-sincere.ee\/et\/wp-json\/wp\/v2\/product_tag?post=2367"}],"curies":[{"name":"wp","href":"https:\/\/api.w.org\/{rel}","templated":true}]}}