{"id":2366,"date":"2025-11-07T08:31:04","date_gmt":"2025-11-07T08:31:04","guid":{"rendered":"https:\/\/la-sincere.ee\/?post_type=product&#038;p=2366"},"modified":"2025-11-11T13:22:38","modified_gmt":"2025-11-11T13:22:38","slug":"super-essence-co-collagen","status":"publish","type":"product","link":"https:\/\/la-sincere.ee\/et\/toode\/super-essence-co-collagen\/","title":{"rendered":"SUPER ESSENCE CO COLLAGEN \/ KOLLAGEENI MONOKONTSENTRAAT, 30 ML"},"content":{"rendered":"<p data-start=\"166\" data-end=\"391\">H\u00fcdrol\u00fc\u00fcsitud kollageen ja atelokollageen on struktuurvalgud, mis tagavad naha elastsuse ja intensiivse niisutuse. Toode t\u00f5stab naha turgorit, silub peeneid kortse ning taastab naha mugavuse ja noorusliku tunde.<\/p>\n<p data-start=\"393\" data-end=\"557\">Valem t\u00e4iendab naha loomulikku kollageenipuudust, tugevdab selle struktuuri ja aitab siluda peeneid kortse, andes n\u00e4ole tugevuse ja tervisliku s\u00e4ra.<\/p>\n<p data-start=\"559\" data-end=\"667\"><strong data-start=\"559\" data-end=\"584\">Toimeained:<\/strong> kollageeni h\u00fcdrol\u00fcsaat, atelokollageen, koirohu ekstrakt, nelgi ekstrakt, h\u00f5beoksiid.<\/p>\n<p data-start=\"669\" data-end=\"953\"><strong data-start=\"669\" data-end=\"691\">Rakenduse rituaal:<\/strong> Kandke paar tilka toodet \u00f5rnade masseerivate liigutustega n\u00e4ole, kaelale ja dekolteele. Kasutage iga p\u00e4ev \u2014 eraldi v\u00f5i enne p\u00f5hilist hoolduskreemi. Tugevama toime saavutamiseks v\u00f5ib kombineerida C-vitamiini, platsentaekstrakti v\u00f5i h\u00fcaluroonhappega.<\/p>","protected":false},"excerpt":{"rendered":"<p class=\"translation-block\">KOLLAGEENI MONOKONKONTSENTRAAT 30 ml\nK\u00d5IGILE NAHAT\u00dc\u00dcPIDELE<\/p>","protected":false},"featured_media":845,"template":"","meta":{"_uag_custom_page_level_css":""},"product_brand":[],"product_cat":[29],"product_tag":[],"class_list":{"0":"post-2366","1":"product","2":"type-product","3":"status-publish","4":"has-post-thumbnail","6":"product_cat-personalnyj-uhod","8":"first","9":"instock","10":"taxable","11":"shipping-taxable","12":"purchasable","13":"product-type-simple"},"uagb_featured_image_src":{"full":["https:\/\/la-sincere.ee\/wp-content\/uploads\/2023\/08\/SUPER_-ESSENCE_COLLAGEN.jpg",223,652,false],"thumbnail":["https:\/\/la-sincere.ee\/wp-content\/uploads\/2023\/08\/SUPER_-ESSENCE_COLLAGEN-150x150.jpg",150,150,true],"medium":["https:\/\/la-sincere.ee\/wp-content\/uploads\/2023\/08\/SUPER_-ESSENCE_COLLAGEN-103x300.jpg",103,300,true],"medium_large":["https:\/\/la-sincere.ee\/wp-content\/uploads\/2023\/08\/SUPER_-ESSENCE_COLLAGEN.jpg",223,652,false],"large":["https:\/\/la-sincere.ee\/wp-content\/uploads\/2023\/08\/SUPER_-ESSENCE_COLLAGEN.jpg",223,652,false],"1536x1536":["https:\/\/la-sincere.ee\/wp-content\/uploads\/2023\/08\/SUPER_-ESSENCE_COLLAGEN.jpg",223,652,false],"2048x2048":["https:\/\/la-sincere.ee\/wp-content\/uploads\/2023\/08\/SUPER_-ESSENCE_COLLAGEN.jpg",223,652,false],"trp-custom-language-flag":["https:\/\/la-sincere.ee\/wp-content\/uploads\/2023\/08\/SUPER_-ESSENCE_COLLAGEN-4x12.jpg",4,12,true],"mailpoet_newsletter_max":["https:\/\/la-sincere.ee\/wp-content\/uploads\/2023\/08\/SUPER_-ESSENCE_COLLAGEN.jpg",223,652,false],"woocommerce_thumbnail":["https:\/\/la-sincere.ee\/wp-content\/uploads\/2023\/08\/SUPER_-ESSENCE_COLLAGEN.jpg",223,652,false],"woocommerce_single":["https:\/\/la-sincere.ee\/wp-content\/uploads\/2023\/08\/SUPER_-ESSENCE_COLLAGEN.jpg",223,652,false],"woocommerce_gallery_thumbnail":["https:\/\/la-sincere.ee\/wp-content\/uploads\/2023\/08\/SUPER_-ESSENCE_COLLAGEN-100x100.jpg",100,100,true]},"uagb_author_info":{"display_name":"Sergei","author_link":"https:\/\/la-sincere.ee\/et\/author\/"},"uagb_comment_info":0,"uagb_excerpt":"\u041c\u041e\u041d\u041e\u041a\u041e\u041d\u0426\u0415\u041d\u0422\u0420\u0410\u0422 \u041a\u041e\u041b\u041b\u0410\u0413\u0415\u041d\u0410 30 \u043c\u043b \u0414\u041b\u042f \u041b\u042e\u0411\u041e\u0413\u041e \u0422\u0418\u041f\u0410 \u041a\u041e\u0416\u0418","_links":{"self":[{"href":"https:\/\/la-sincere.ee\/et\/wp-json\/wp\/v2\/product\/2366","targetHints":{"allow":["GET"]}}],"collection":[{"href":"https:\/\/la-sincere.ee\/et\/wp-json\/wp\/v2\/product"}],"about":[{"href":"https:\/\/la-sincere.ee\/et\/wp-json\/wp\/v2\/types\/product"}],"wp:featuredmedia":[{"embeddable":true,"href":"https:\/\/la-sincere.ee\/et\/wp-json\/wp\/v2\/media\/845"}],"wp:attachment":[{"href":"https:\/\/la-sincere.ee\/et\/wp-json\/wp\/v2\/media?parent=2366"}],"wp:term":[{"taxonomy":"product_brand","embeddable":true,"href":"https:\/\/la-sincere.ee\/et\/wp-json\/wp\/v2\/product_brand?post=2366"},{"taxonomy":"product_cat","embeddable":true,"href":"https:\/\/la-sincere.ee\/et\/wp-json\/wp\/v2\/product_cat?post=2366"},{"taxonomy":"product_tag","embeddable":true,"href":"https:\/\/la-sincere.ee\/et\/wp-json\/wp\/v2\/product_tag?post=2366"}],"curies":[{"name":"wp","href":"https:\/\/api.w.org\/{rel}","templated":true}]}}