{"id":2365,"date":"2025-11-07T08:27:58","date_gmt":"2025-11-07T08:27:58","guid":{"rendered":"https:\/\/la-sincere.ee\/?post_type=product&#038;p=2365"},"modified":"2025-11-18T11:28:23","modified_gmt":"2025-11-18T11:28:23","slug":"essence-se-100","status":"publish","type":"product","link":"https:\/\/la-sincere.ee\/et\/toode\/essence-se-100\/","title":{"rendered":"ESSENCE SE 100 VITAMIIN C \/ VITAMIINI C KONTSENTRAAT 30 ML"},"content":{"rendered":"<p data-start=\"197\" data-end=\"257\"><strong data-start=\"197\" data-end=\"255\">C-vitamiini seerum \u2013 naha taastamine ja kaitse<\/strong><\/p>\n<p data-start=\"259\" data-end=\"520\">Kerge tekstuur taastab naha loomuliku h\u00fcdrolipiidbarj\u00e4\u00e4ri, pehmendab nahka, v\u00e4hendab ketendust ja \u00e4rritust ning aktiveerib toitmise ja niisutamise protsesse. Ideaalne naha taastamiseks p\u00e4rast keemilisi koorimisi, stressiprotseduure v\u00f5i muid koormusi.<\/p>\n<ul data-start=\"522\" data-end=\"693\">\n<li data-start=\"522\" data-end=\"556\">\n<p data-start=\"524\" data-end=\"556\">Tugevdab naha kaitsefunktsioone<\/p>\n<\/li>\n<li data-start=\"557\" data-end=\"604\">\n<p data-start=\"559\" data-end=\"604\">Reduces redness and tightness<\/p>\n<\/li>\n<li data-start=\"605\" data-end=\"647\">\n<p data-start=\"607\" data-end=\"647\">Ennetab enneaegset vananemist<\/p>\n<\/li>\n<li data-start=\"648\" data-end=\"693\">\n<p data-start=\"650\" data-end=\"693\">Muudab naha siledaks, elastseks ja mugavaks<\/p>\n<\/li>\n<\/ul>\n<p data-start=\"695\" data-end=\"819\"><strong data-start=\"695\" data-end=\"720\">Peamised koostisosad:<\/strong><br data-start=\"720\" data-end=\"723\" \/>Tserebrosiidid, l\u00fcsoletsitiin, tseramiidid, kolesterool, fitosfingosiin, n\u00f5iapuu ekstrakt, h\u00f5beoksiid.<\/p>\n<p data-start=\"821\" data-end=\"1092\"><strong data-start=\"821\" data-end=\"843\">Rakenduse rituaal:<\/strong><br data-start=\"843\" data-end=\"846\" \/>Kandke paar tilka puhastatud n\u00e4onahale, kaelale ja dekolteele \u00f5rnade masseerivate liigutustega. Kasutage iga p\u00e4ev eraldi v\u00f5i p\u00f5hihoolduse all. V\u00f5ib kombineerida mesilaspiima, kollageeni v\u00f5i C-vitamiiniga efekti tugevdamiseks.<\/p>","protected":false},"excerpt":{"rendered":"<p class=\"translation-block\">Erinevate C-vitamiini t\u00fc\u00fcpidega\nK\u00f5igile nahat\u00fc\u00fcpidele<\/p>","protected":false},"featured_media":911,"template":"","meta":{"_uag_custom_page_level_css":""},"product_brand":[],"product_cat":[29],"product_tag":[],"class_list":{"0":"post-2365","1":"product","2":"type-product","3":"status-publish","4":"has-post-thumbnail","6":"product_cat-personalnyj-uhod","8":"first","9":"instock","10":"taxable","11":"shipping-taxable","12":"purchasable","13":"product-type-simple"},"uagb_featured_image_src":{"full":["https:\/\/la-sincere.ee\/wp-content\/uploads\/2023\/08\/IMAGE-2023-08-28-152216.jpg",256,720,false],"thumbnail":["https:\/\/la-sincere.ee\/wp-content\/uploads\/2023\/08\/IMAGE-2023-08-28-152216-150x150.jpg",150,150,true],"medium":["https:\/\/la-sincere.ee\/wp-content\/uploads\/2023\/08\/IMAGE-2023-08-28-152216-107x300.jpg",107,300,true],"medium_large":["https:\/\/la-sincere.ee\/wp-content\/uploads\/2023\/08\/IMAGE-2023-08-28-152216.jpg",256,720,false],"large":["https:\/\/la-sincere.ee\/wp-content\/uploads\/2023\/08\/IMAGE-2023-08-28-152216.jpg",256,720,false],"1536x1536":["https:\/\/la-sincere.ee\/wp-content\/uploads\/2023\/08\/IMAGE-2023-08-28-152216.jpg",256,720,false],"2048x2048":["https:\/\/la-sincere.ee\/wp-content\/uploads\/2023\/08\/IMAGE-2023-08-28-152216.jpg",256,720,false],"trp-custom-language-flag":["https:\/\/la-sincere.ee\/wp-content\/uploads\/2023\/08\/IMAGE-2023-08-28-152216-4x12.jpg",4,12,true],"mailpoet_newsletter_max":["https:\/\/la-sincere.ee\/wp-content\/uploads\/2023\/08\/IMAGE-2023-08-28-152216.jpg",256,720,false],"woocommerce_thumbnail":["https:\/\/la-sincere.ee\/wp-content\/uploads\/2023\/08\/IMAGE-2023-08-28-152216.jpg",256,720,false],"woocommerce_single":["https:\/\/la-sincere.ee\/wp-content\/uploads\/2023\/08\/IMAGE-2023-08-28-152216.jpg",256,720,false],"woocommerce_gallery_thumbnail":["https:\/\/la-sincere.ee\/wp-content\/uploads\/2023\/08\/IMAGE-2023-08-28-152216-100x100.jpg",100,100,true]},"uagb_author_info":{"display_name":"Sergei","author_link":"https:\/\/la-sincere.ee\/et\/author\/"},"uagb_comment_info":0,"uagb_excerpt":"\u0421 \u0440\u0430\u0437\u043d\u044b\u043c\u0438 \u0442\u0438\u043f\u0430\u043c\u0438 \u0432\u0438\u0442\u0430\u043c\u0438\u043d\u0430 \u0421 \u0414\u041b\u042f \u041b\u042e\u0411\u041e\u0413\u041e \u0422\u0418\u041f\u0410 \u041a\u041e\u0416\u0418","_links":{"self":[{"href":"https:\/\/la-sincere.ee\/et\/wp-json\/wp\/v2\/product\/2365","targetHints":{"allow":["GET"]}}],"collection":[{"href":"https:\/\/la-sincere.ee\/et\/wp-json\/wp\/v2\/product"}],"about":[{"href":"https:\/\/la-sincere.ee\/et\/wp-json\/wp\/v2\/types\/product"}],"wp:featuredmedia":[{"embeddable":true,"href":"https:\/\/la-sincere.ee\/et\/wp-json\/wp\/v2\/media\/911"}],"wp:attachment":[{"href":"https:\/\/la-sincere.ee\/et\/wp-json\/wp\/v2\/media?parent=2365"}],"wp:term":[{"taxonomy":"product_brand","embeddable":true,"href":"https:\/\/la-sincere.ee\/et\/wp-json\/wp\/v2\/product_brand?post=2365"},{"taxonomy":"product_cat","embeddable":true,"href":"https:\/\/la-sincere.ee\/et\/wp-json\/wp\/v2\/product_cat?post=2365"},{"taxonomy":"product_tag","embeddable":true,"href":"https:\/\/la-sincere.ee\/et\/wp-json\/wp\/v2\/product_tag?post=2365"}],"curies":[{"name":"wp","href":"https:\/\/api.w.org\/{rel}","templated":true}]}}