{"id":2364,"date":"2025-11-07T07:59:47","date_gmt":"2025-11-07T07:59:47","guid":{"rendered":"https:\/\/la-sincere.ee\/?post_type=product&#038;p=2364"},"modified":"2025-11-18T11:21:14","modified_gmt":"2025-11-18T11:21:14","slug":"zero-boost-up-essence","status":"publish","type":"product","link":"https:\/\/la-sincere.ee\/et\/toode\/zero-boost-up-essence\/","title":{"rendered":"ZERO BOOST UP ESSENCE \/ NAHAHOOLDUSE BOOSTER, 60 ML"},"content":{"rendered":"<p data-start=\"175\" data-end=\"433\">Kerge sissejuhatav seerum, mis tungib sarvkihi s\u00fcgavusele, reguleerib naha pH-d ja pehmendab pindmist kihti, valmistades naha ette j\u00e4rgnevaks hoolduseks. Booster tagab j\u00e4rgmise sammu aktiivainete maksimaalse imendumise ja suurendab nende efektiivsust.<\/p>\n<p data-start=\"435\" data-end=\"756\">Valem sisaldab k\u00f5rge tungimisv\u00f5imega niisutavaid koostisosi \u2014 h\u00fcdrol\u00fc\u00fcsitud h\u00fcaluroonhapet ja ploomiekstrakti \u2014 mis taastavad niiskust, siluvad nahka ja parandavad vananeva naha elastsust. Kummelilille ekstrakt toimib antioks\u00fcdandina, kaitstes nahka oks\u00fcdatiivsete protsesside eest.<\/p>\n<p data-start=\"758\" data-end=\"949\">Aquaporin (gl\u00fctseriin-glukosiid) loob rakumembraani veekanaleid, soodustades t\u00f5husat niisutust ja liigse vedeliku eemaldamist ning parandades mikrotsirkulatsiooni ja rakkude adhesiooni.<\/p>\n<p data-start=\"951\" data-end=\"1037\">Booster ei sisalda parabeene, alkohole, pindaktiivseid aineid, mineraal\u00f5lisid, l\u00f5hnaaineid ega v\u00e4rvaineid.<\/p>\n<p data-start=\"1039\" data-end=\"1378\"><strong data-start=\"1039\" data-end=\"1064\">Toimeained:<\/strong> Vesi, propandiool, pent\u00fcleengl\u00fckool, ploomi viljaekstrakt, kummelilille ekstrakt, h\u00fcdrol\u00fc\u00fcsitud h\u00fcaluroonhape, soja sterool, gl\u00fctser\u00fc\u00fclglukosiid, h\u00fcdrogeenitud letsitiin, ksantaankummi, BG, gl\u00fctseriin, sidrunhape, naatriumtsitraat, h\u00fcdrogeenitud ritsiin\u00f5li PEG-60, fenoks\u00fcetanool.<\/p>\n<p data-start=\"1380\" data-end=\"1541\"><strong data-start=\"1380\" data-end=\"1402\">Rakenduse rituaal:<\/strong> Puhastamise j\u00e4rel kandke boosterist umbes pool tilgut\u00e4it n\u00e4ole ja kaelale, seej\u00e4rel kandke kohe losjooni v\u00f5i seerumit, et tugevam efekt saavutada.<\/p>","protected":false},"excerpt":{"rendered":"<p>La Sincia SE100 No. Zero Boost Up Essence \u2014 \u0431\u0443\u0441\u0442\u0435\u0440 \u0434\u043b\u044f \u0443\u0445\u043e\u0434\u0430 \u0437\u0430 \u043a\u043e\u0436\u0435\u0439<\/p>","protected":false},"featured_media":839,"template":"","meta":{"_uag_custom_page_level_css":""},"product_brand":[23],"product_cat":[29],"product_tag":[],"class_list":{"0":"post-2364","1":"product","2":"type-product","3":"status-publish","4":"has-post-thumbnail","6":"product_brand-la-sincia","7":"product_cat-personalnyj-uhod","9":"first","10":"instock","11":"taxable","12":"shipping-taxable","13":"purchasable","14":"product-type-simple"},"uagb_featured_image_src":{"full":["https:\/\/la-sincere.ee\/wp-content\/uploads\/2023\/08\/SE100-Super-Essence-NO.Zero-Boost-Up-Essence-60-ml.jpg",336,715,false],"thumbnail":["https:\/\/la-sincere.ee\/wp-content\/uploads\/2023\/08\/SE100-Super-Essence-NO.Zero-Boost-Up-Essence-60-ml-150x150.jpg",150,150,true],"medium":["https:\/\/la-sincere.ee\/wp-content\/uploads\/2023\/08\/SE100-Super-Essence-NO.Zero-Boost-Up-Essence-60-ml-141x300.jpg",141,300,true],"medium_large":["https:\/\/la-sincere.ee\/wp-content\/uploads\/2023\/08\/SE100-Super-Essence-NO.Zero-Boost-Up-Essence-60-ml.jpg",336,715,false],"large":["https:\/\/la-sincere.ee\/wp-content\/uploads\/2023\/08\/SE100-Super-Essence-NO.Zero-Boost-Up-Essence-60-ml.jpg",336,715,false],"1536x1536":["https:\/\/la-sincere.ee\/wp-content\/uploads\/2023\/08\/SE100-Super-Essence-NO.Zero-Boost-Up-Essence-60-ml.jpg",336,715,false],"2048x2048":["https:\/\/la-sincere.ee\/wp-content\/uploads\/2023\/08\/SE100-Super-Essence-NO.Zero-Boost-Up-Essence-60-ml.jpg",336,715,false],"trp-custom-language-flag":["https:\/\/la-sincere.ee\/wp-content\/uploads\/2023\/08\/SE100-Super-Essence-NO.Zero-Boost-Up-Essence-60-ml-6x12.jpg",6,12,true],"mailpoet_newsletter_max":["https:\/\/la-sincere.ee\/wp-content\/uploads\/2023\/08\/SE100-Super-Essence-NO.Zero-Boost-Up-Essence-60-ml.jpg",336,715,false],"woocommerce_thumbnail":["https:\/\/la-sincere.ee\/wp-content\/uploads\/2023\/08\/SE100-Super-Essence-NO.Zero-Boost-Up-Essence-60-ml-324x689.jpg",324,689,true],"woocommerce_single":["https:\/\/la-sincere.ee\/wp-content\/uploads\/2023\/08\/SE100-Super-Essence-NO.Zero-Boost-Up-Essence-60-ml.jpg",336,715,false],"woocommerce_gallery_thumbnail":["https:\/\/la-sincere.ee\/wp-content\/uploads\/2023\/08\/SE100-Super-Essence-NO.Zero-Boost-Up-Essence-60-ml-100x100.jpg",100,100,true]},"uagb_author_info":{"display_name":"Anzela","author_link":"https:\/\/la-sincere.ee\/et\/author\/"},"uagb_comment_info":0,"uagb_excerpt":"La Sincia SE100 No. Zero Boost Up Essence \u2014 \u0431\u0443\u0441\u0442\u0435\u0440 \u0434\u043b\u044f \u0443\u0445\u043e\u0434\u0430 \u0437\u0430 \u043a\u043e\u0436\u0435\u0439","_links":{"self":[{"href":"https:\/\/la-sincere.ee\/et\/wp-json\/wp\/v2\/product\/2364","targetHints":{"allow":["GET"]}}],"collection":[{"href":"https:\/\/la-sincere.ee\/et\/wp-json\/wp\/v2\/product"}],"about":[{"href":"https:\/\/la-sincere.ee\/et\/wp-json\/wp\/v2\/types\/product"}],"wp:featuredmedia":[{"embeddable":true,"href":"https:\/\/la-sincere.ee\/et\/wp-json\/wp\/v2\/media\/839"}],"wp:attachment":[{"href":"https:\/\/la-sincere.ee\/et\/wp-json\/wp\/v2\/media?parent=2364"}],"wp:term":[{"taxonomy":"product_brand","embeddable":true,"href":"https:\/\/la-sincere.ee\/et\/wp-json\/wp\/v2\/product_brand?post=2364"},{"taxonomy":"product_cat","embeddable":true,"href":"https:\/\/la-sincere.ee\/et\/wp-json\/wp\/v2\/product_cat?post=2364"},{"taxonomy":"product_tag","embeddable":true,"href":"https:\/\/la-sincere.ee\/et\/wp-json\/wp\/v2\/product_tag?post=2364"}],"curies":[{"name":"wp","href":"https:\/\/api.w.org\/{rel}","templated":true}]}}