{"id":2363,"date":"2025-11-07T07:57:00","date_gmt":"2025-11-07T07:57:00","guid":{"rendered":"https:\/\/la-sincere.ee\/?post_type=product&#038;p=2363"},"modified":"2025-11-11T13:31:10","modified_gmt":"2025-11-11T13:31:10","slug":"night-essence-pack-trial","status":"publish","type":"product","link":"https:\/\/la-sincere.ee\/et\/toode\/night-essence-pack-trial\/","title":{"rendered":"NIGHT ESSENCE PACK TRIAL \u2014 \u00d6\u00d6SISENE N\u00c4OESSENTS KOLLAAGEENI JA C-VITAMIINIGA (1,2 ML X 15 TK)"},"content":{"rendered":"<h3 data-start=\"130\" data-end=\"174\"><strong data-start=\"134\" data-end=\"172\">\u00d6\u00d6NE VITAMIINRAVI N\u00c4OLE<\/strong><\/h3>\n<p data-start=\"176\" data-end=\"583\">Intensiivne \u00f6\u00f6essents k\u00f5igile nahat\u00fc\u00fcpidele, ideaalne kiirhoolduseks enne erilisi s\u00fcndmusi, sagedasteks lennureisideks ja suitsetajatele. Toode tagab s\u00fcgava niisutuse, parandab naha tugevust ja elastsust, v\u00e4hendab \u00e4rritust ja peente kortsude n\u00e4htavust. Anti-gl\u00fckatsiooni toime kaitseb enneaegse vananemise eest, j\u00e4ttes naha hommikul v\u00e4rskeks, s\u00e4ravaks ja puhanud.<\/p>\n<p data-start=\"585\" data-end=\"878\"><strong data-start=\"585\" data-end=\"610\">Toimeained:<\/strong> H\u00fcdrol\u00fc\u00fcsitud kollageen, vitamiinid A, B5, C, kosmeetilised peptiidid, Jaapani ploomi (ume) ekstrakt, Damaskuse roosi ekstrakt, akvaporiinid, n\u00f5iapuu\u00f5ite ekstrakt, h\u00fcdrol\u00fc\u00fcsitud elastiin, taimsete ekstraktide kompleks, p\u00e4rmi ekstrakt, apelsini\u00f5li, bergamoti\u00f5li.<\/p>\n<p data-start=\"880\" data-end=\"1015\"><strong data-start=\"880\" data-end=\"902\">Rakenduse rituaal:<\/strong> Kandke \u00bd torustessents puhastatud n\u00e4onahale 1\u20132 tundi enne magamaminekut. Kasutage iga p\u00e4ev 30 p\u00e4eva jooksul.<\/p>","protected":false},"excerpt":{"rendered":"<p>\u00d6\u00d6SISENE N\u00c4OESSENTS KOLLAAGEENI JA C-VITAMIINIGA (1,2 ML X 15 TK)<\/p>","protected":false},"featured_media":841,"template":"","meta":{"_uag_custom_page_level_css":""},"product_brand":[],"product_cat":[29],"product_tag":[],"class_list":{"0":"post-2363","1":"product","2":"type-product","3":"status-publish","4":"has-post-thumbnail","6":"product_cat-personalnyj-uhod","8":"first","9":"instock","10":"taxable","11":"shipping-taxable","12":"purchasable","13":"product-type-simple"},"uagb_featured_image_src":{"full":["https:\/\/la-sincere.ee\/wp-content\/uploads\/2023\/08\/personalCare.jpg",452,597,false],"thumbnail":["https:\/\/la-sincere.ee\/wp-content\/uploads\/2023\/08\/personalCare-150x150.jpg",150,150,true],"medium":["https:\/\/la-sincere.ee\/wp-content\/uploads\/2023\/08\/personalCare-227x300.jpg",227,300,true],"medium_large":["https:\/\/la-sincere.ee\/wp-content\/uploads\/2023\/08\/personalCare.jpg",452,597,false],"large":["https:\/\/la-sincere.ee\/wp-content\/uploads\/2023\/08\/personalCare.jpg",452,597,false],"1536x1536":["https:\/\/la-sincere.ee\/wp-content\/uploads\/2023\/08\/personalCare.jpg",452,597,false],"2048x2048":["https:\/\/la-sincere.ee\/wp-content\/uploads\/2023\/08\/personalCare.jpg",452,597,false],"trp-custom-language-flag":["https:\/\/la-sincere.ee\/wp-content\/uploads\/2023\/08\/personalCare-9x12.jpg",9,12,true],"mailpoet_newsletter_max":["https:\/\/la-sincere.ee\/wp-content\/uploads\/2023\/08\/personalCare.jpg",452,597,false],"woocommerce_thumbnail":["https:\/\/la-sincere.ee\/wp-content\/uploads\/2023\/08\/personalCare-324x428.jpg",324,428,true],"woocommerce_single":["https:\/\/la-sincere.ee\/wp-content\/uploads\/2023\/08\/personalCare-416x549.jpg",416,549,true],"woocommerce_gallery_thumbnail":["https:\/\/la-sincere.ee\/wp-content\/uploads\/2023\/08\/personalCare-100x100.jpg",100,100,true]},"uagb_author_info":{"display_name":"Anzela","author_link":"https:\/\/la-sincere.ee\/et\/author\/"},"uagb_comment_info":0,"uagb_excerpt":"\u041d\u043e\u0447\u043d\u0430\u044f \u044d\u0441\u0441\u0435\u043d\u0446\u0438\u044f \u0434\u043b\u044f \u043b\u0438\u0446\u0430 \u0441 \u043a\u043e\u043b\u043b\u0430\u0433\u0435\u043d\u043e\u043c \u0438 \u0432\u0438\u0442\u0430\u043c\u0438\u043d\u043e\u043c C (1,2 \u043c\u043b x 15 \u0448\u0442)","_links":{"self":[{"href":"https:\/\/la-sincere.ee\/et\/wp-json\/wp\/v2\/product\/2363","targetHints":{"allow":["GET"]}}],"collection":[{"href":"https:\/\/la-sincere.ee\/et\/wp-json\/wp\/v2\/product"}],"about":[{"href":"https:\/\/la-sincere.ee\/et\/wp-json\/wp\/v2\/types\/product"}],"wp:featuredmedia":[{"embeddable":true,"href":"https:\/\/la-sincere.ee\/et\/wp-json\/wp\/v2\/media\/841"}],"wp:attachment":[{"href":"https:\/\/la-sincere.ee\/et\/wp-json\/wp\/v2\/media?parent=2363"}],"wp:term":[{"taxonomy":"product_brand","embeddable":true,"href":"https:\/\/la-sincere.ee\/et\/wp-json\/wp\/v2\/product_brand?post=2363"},{"taxonomy":"product_cat","embeddable":true,"href":"https:\/\/la-sincere.ee\/et\/wp-json\/wp\/v2\/product_cat?post=2363"},{"taxonomy":"product_tag","embeddable":true,"href":"https:\/\/la-sincere.ee\/et\/wp-json\/wp\/v2\/product_tag?post=2363"}],"curies":[{"name":"wp","href":"https:\/\/api.w.org\/{rel}","templated":true}]}}