{"id":2362,"date":"2025-11-07T07:54:56","date_gmt":"2025-11-07T07:54:56","guid":{"rendered":"https:\/\/la-sincere.ee\/?post_type=product&#038;p=2362"},"modified":"2025-11-11T13:32:51","modified_gmt":"2025-11-11T13:32:51","slug":"sun-shield-gel-spf30-spf50","status":"publish","type":"product","link":"https:\/\/la-sincere.ee\/et\/toode\/sun-shield-gel-spf30-spf50\/","title":{"rendered":"SUN SHIELD GEL (SPF30\/SPF50) \/ KAITSEV N\u00c4OGEEL SPF30\/SPF50 55 ML"},"content":{"rendered":"<p data-start=\"173\" data-end=\"561\">See kerge veekindel kreem-geel k\u00f5rge kaitsetasemega \u00fchendab f\u00fc\u00fcsikalised ja keemilised filtrid, pakkudes t\u00f5husat kaitset UVA- ja UVB-kiirte eest ning neutraliseerides vabu radikaale. Toode aitab ennetada enneaegset vananemist, s\u00e4ilitab niiskust ja tagab mattiva efekti, ahendades poore. Ideaalne kasutamiseks linnakeskkonnas ja soojades riikides.<\/p>\n<p data-start=\"563\" data-end=\"680\"><strong data-start=\"563\" data-end=\"588\">Toimeained:<\/strong> Ts\u00fcklopentasiloksaan, vesi, titaandioksiid, gl\u00fctseriin, nurmenuku ekstrakt, skvalaan, E-vitamiin.Ts\u00fcklopentasiloksaan, vesi, titaandioksiid, gl\u00fctseriin, nurmenuku ekstrakt, skvalaan, E-vitamiin.<\/p>\n<p data-start=\"682\" data-end=\"904\"><strong data-start=\"682\" data-end=\"704\">Rakenduse rituaal:<\/strong> Kandke puhastatud n\u00e4o-, kaela- ja dekoltee nahale, kas eraldi v\u00f5i p\u00e4evakreemi peale. P\u00e4ikese k\u00e4es viibides v\u00f5i ujudes kandke uuesti iga 3 tunni j\u00e4rel maksimaalse kaitse tagamiseks.<\/p>","protected":false},"excerpt":{"rendered":"<p class=\"translation-block\">E-vitamiini ja skvalaaniga<br>\nK\u00d5IGILE NAHAT\u00dc\u00dcPIDELE<\/p>","protected":false},"featured_media":908,"template":"","meta":{"_uag_custom_page_level_css":""},"product_brand":[],"product_cat":[28],"product_tag":[],"class_list":{"0":"post-2362","1":"product","2":"type-product","3":"status-publish","4":"has-post-thumbnail","6":"product_cat-zashhita-ot-solnca","8":"first","9":"instock","10":"taxable","11":"shipping-taxable","12":"purchasable","13":"product-type-simple"},"uagb_featured_image_src":{"full":["https:\/\/la-sincere.ee\/wp-content\/uploads\/2023\/08\/IMAGE-2023-08-28-151956.jpg",286,867,false],"thumbnail":["https:\/\/la-sincere.ee\/wp-content\/uploads\/2023\/08\/IMAGE-2023-08-28-151956-150x150.jpg",150,150,true],"medium":["https:\/\/la-sincere.ee\/wp-content\/uploads\/2023\/08\/IMAGE-2023-08-28-151956-99x300.jpg",99,300,true],"medium_large":["https:\/\/la-sincere.ee\/wp-content\/uploads\/2023\/08\/IMAGE-2023-08-28-151956.jpg",286,867,false],"large":["https:\/\/la-sincere.ee\/wp-content\/uploads\/2023\/08\/IMAGE-2023-08-28-151956.jpg",286,867,false],"1536x1536":["https:\/\/la-sincere.ee\/wp-content\/uploads\/2023\/08\/IMAGE-2023-08-28-151956.jpg",286,867,false],"2048x2048":["https:\/\/la-sincere.ee\/wp-content\/uploads\/2023\/08\/IMAGE-2023-08-28-151956.jpg",286,867,false],"trp-custom-language-flag":["https:\/\/la-sincere.ee\/wp-content\/uploads\/2023\/08\/IMAGE-2023-08-28-151956-4x12.jpg",4,12,true],"mailpoet_newsletter_max":["https:\/\/la-sincere.ee\/wp-content\/uploads\/2023\/08\/IMAGE-2023-08-28-151956.jpg",286,867,false],"woocommerce_thumbnail":["https:\/\/la-sincere.ee\/wp-content\/uploads\/2023\/08\/IMAGE-2023-08-28-151956.jpg",286,867,false],"woocommerce_single":["https:\/\/la-sincere.ee\/wp-content\/uploads\/2023\/08\/IMAGE-2023-08-28-151956.jpg",286,867,false],"woocommerce_gallery_thumbnail":["https:\/\/la-sincere.ee\/wp-content\/uploads\/2023\/08\/IMAGE-2023-08-28-151956-100x100.jpg",100,100,true]},"uagb_author_info":{"display_name":"Anzela","author_link":"https:\/\/la-sincere.ee\/et\/author\/"},"uagb_comment_info":0,"uagb_excerpt":"\u0421 \u0432\u0438\u0442\u0430\u043c\u0438\u043d\u043e\u043c \u0415 \u0438 \u0441\u043a\u0432\u0430\u043b\u0430\u043d\u043e\u043c \u0414\u041b\u042f \u041b\u042e\u0411\u041e\u0413\u041e \u0422\u0418\u041f\u0410 \u041a\u041e\u0416\u0418","_links":{"self":[{"href":"https:\/\/la-sincere.ee\/et\/wp-json\/wp\/v2\/product\/2362","targetHints":{"allow":["GET"]}}],"collection":[{"href":"https:\/\/la-sincere.ee\/et\/wp-json\/wp\/v2\/product"}],"about":[{"href":"https:\/\/la-sincere.ee\/et\/wp-json\/wp\/v2\/types\/product"}],"wp:featuredmedia":[{"embeddable":true,"href":"https:\/\/la-sincere.ee\/et\/wp-json\/wp\/v2\/media\/908"}],"wp:attachment":[{"href":"https:\/\/la-sincere.ee\/et\/wp-json\/wp\/v2\/media?parent=2362"}],"wp:term":[{"taxonomy":"product_brand","embeddable":true,"href":"https:\/\/la-sincere.ee\/et\/wp-json\/wp\/v2\/product_brand?post=2362"},{"taxonomy":"product_cat","embeddable":true,"href":"https:\/\/la-sincere.ee\/et\/wp-json\/wp\/v2\/product_cat?post=2362"},{"taxonomy":"product_tag","embeddable":true,"href":"https:\/\/la-sincere.ee\/et\/wp-json\/wp\/v2\/product_tag?post=2362"}],"curies":[{"name":"wp","href":"https:\/\/api.w.org\/{rel}","templated":true}]}}