{"id":2344,"date":"2025-11-07T07:27:14","date_gmt":"2025-11-07T07:27:14","guid":{"rendered":"https:\/\/la-sincere.ee\/?post_type=product&#038;p=2344"},"modified":"2025-11-07T07:27:39","modified_gmt":"2025-11-07T07:27:39","slug":"whitzex-key-cream-30","status":"publish","type":"product","link":"https:\/\/la-sincere.ee\/et\/toode\/whitzex-key-cream-30\/","title":{"rendered":"WHITZ\u2019EX KEY-CREAM - VALGENDAV KREEM"},"content":{"rendered":"<p class=\"translation-block\">H\u00fcdrohinoon on t\u00e4naseks k\u00f5ige efektiivsem valgendav vahend kosmetoloogias. Kreem eemaldab k\u00f5iki soovimatuid pigmentlaike, sealhulgas vanuselisi, h\u00fcperpigmentatsiooni p\u00e4rast p\u00e4evitust, tedret\u00e4hne ja tagab p\u00fcsivat valgendavat toimet.<br>\n\n- Blokeerib melaniini s\u00fcnteesi, takistab uue pigmentatsiooni teket.<br>\n- Uuendab ja pehmendab nahka.<br>\n\nP\u00f5hilised koostisosad: h\u00fcdrohinoon, jojoba\u00f5li, piimhape, bisabolool, salits\u00fc\u00fclhape, aminohapped, salvei ekstrakt, kameelia ekstrakt.<br>\nKasutusjuhend: kanda v\u00e4ike kogus toodet lokaalselt probleemsetele piirkondadele. H\u00fcperpigmentatsiooni, tedret\u00e4hnide korral v\u00f5ib kanda kogu n\u00e4ole. <br>T\u00e4helepanu! Kreemi kasutada 2-3 korda n\u00e4dalas, \u00f5htul.<br>\nKasutada ettevaatlikusega raseduse, laktatsiooni korral!<\/p>","protected":false},"excerpt":{"rendered":"<p class=\"translation-block\">Siluv kreem 30g<br>\nH\u00fcdrokinooniga h\u00fcperpigmenteerunud nahale<\/p>","protected":false},"featured_media":899,"template":"","meta":{"_uag_custom_page_level_css":""},"product_brand":[26],"product_cat":[34],"product_tag":[],"class_list":{"0":"post-2344","1":"product","2":"type-product","3":"status-publish","4":"has-post-thumbnail","6":"product_brand-red-dure-whitzex","7":"product_cat-34","9":"first","10":"instock","11":"taxable","12":"shipping-taxable","13":"purchasable","14":"product-type-simple"},"uagb_featured_image_src":{"full":["https:\/\/la-sincere.ee\/wp-content\/uploads\/2023\/08\/IMAGE-2023-08-28-151428.jpg",258,770,false],"thumbnail":["https:\/\/la-sincere.ee\/wp-content\/uploads\/2023\/08\/IMAGE-2023-08-28-151428-150x150.jpg",150,150,true],"medium":["https:\/\/la-sincere.ee\/wp-content\/uploads\/2023\/08\/IMAGE-2023-08-28-151428-101x300.jpg",101,300,true],"medium_large":["https:\/\/la-sincere.ee\/wp-content\/uploads\/2023\/08\/IMAGE-2023-08-28-151428.jpg",258,770,false],"large":["https:\/\/la-sincere.ee\/wp-content\/uploads\/2023\/08\/IMAGE-2023-08-28-151428.jpg",258,770,false],"1536x1536":["https:\/\/la-sincere.ee\/wp-content\/uploads\/2023\/08\/IMAGE-2023-08-28-151428.jpg",258,770,false],"2048x2048":["https:\/\/la-sincere.ee\/wp-content\/uploads\/2023\/08\/IMAGE-2023-08-28-151428.jpg",258,770,false],"trp-custom-language-flag":["https:\/\/la-sincere.ee\/wp-content\/uploads\/2023\/08\/IMAGE-2023-08-28-151428-4x12.jpg",4,12,true],"mailpoet_newsletter_max":["https:\/\/la-sincere.ee\/wp-content\/uploads\/2023\/08\/IMAGE-2023-08-28-151428.jpg",258,770,false],"woocommerce_thumbnail":["https:\/\/la-sincere.ee\/wp-content\/uploads\/2023\/08\/IMAGE-2023-08-28-151428.jpg",258,770,false],"woocommerce_single":["https:\/\/la-sincere.ee\/wp-content\/uploads\/2023\/08\/IMAGE-2023-08-28-151428.jpg",258,770,false],"woocommerce_gallery_thumbnail":["https:\/\/la-sincere.ee\/wp-content\/uploads\/2023\/08\/IMAGE-2023-08-28-151428-100x100.jpg",100,100,true]},"uagb_author_info":{"display_name":"Anzela","author_link":"https:\/\/la-sincere.ee\/et\/author\/"},"uagb_comment_info":0,"uagb_excerpt":"\u0412\u042b\u0420\u0410\u0412\u041d\u0418\u0412\u0410\u042e\u0429\u0418\u0419 \u041a\u0420\u0415\u041c 30\u0433 \u0421 \u0433\u0438\u0434\u0440\u043e\u0445\u0438\u043d\u043e\u043d\u043e\u043c \u0414\u041b\u042f \u041a\u041e\u0416\u0418 \u0421 \u0413\u0418\u041f\u0415\u0420\u041f\u0418\u0413\u041c\u0415\u041d\u0422\u0410\u0426\u0418\u0415\u0419","_links":{"self":[{"href":"https:\/\/la-sincere.ee\/et\/wp-json\/wp\/v2\/product\/2344","targetHints":{"allow":["GET"]}}],"collection":[{"href":"https:\/\/la-sincere.ee\/et\/wp-json\/wp\/v2\/product"}],"about":[{"href":"https:\/\/la-sincere.ee\/et\/wp-json\/wp\/v2\/types\/product"}],"wp:featuredmedia":[{"embeddable":true,"href":"https:\/\/la-sincere.ee\/et\/wp-json\/wp\/v2\/media\/899"}],"wp:attachment":[{"href":"https:\/\/la-sincere.ee\/et\/wp-json\/wp\/v2\/media?parent=2344"}],"wp:term":[{"taxonomy":"product_brand","embeddable":true,"href":"https:\/\/la-sincere.ee\/et\/wp-json\/wp\/v2\/product_brand?post=2344"},{"taxonomy":"product_cat","embeddable":true,"href":"https:\/\/la-sincere.ee\/et\/wp-json\/wp\/v2\/product_cat?post=2344"},{"taxonomy":"product_tag","embeddable":true,"href":"https:\/\/la-sincere.ee\/et\/wp-json\/wp\/v2\/product_tag?post=2344"}],"curies":[{"name":"wp","href":"https:\/\/api.w.org\/{rel}","templated":true}]}}