{"id":2341,"date":"2025-11-07T07:23:06","date_gmt":"2025-11-07T07:23:06","guid":{"rendered":"https:\/\/la-sincere.ee\/?post_type=product&#038;p=2341"},"modified":"2025-11-24T11:49:25","modified_gmt":"2025-11-24T11:49:25","slug":"whitzex-cream-40","status":"publish","type":"product","link":"https:\/\/la-sincere.ee\/et\/toode\/whitzex-cream-40\/","title":{"rendered":"WHITZ\u2019EX KREEM \/ NOORENDAV KREEM. 40 G"},"content":{"rendered":"<p class=\"translation-block\">Niisutav noorendav kreem, kerge sulava tekstuuriga, looduslike ekstraktide ja innovaatiliste biotehnoloogiliste komponentide baasil. K\u00e4ivitadb loomulikku ainevahetust, stimuleerib rakkude aktiivset proliferatsiooni ja regenereerimist.<br>\n\n- Toidab aktiivselt nahka vee ja lipiididega, \u00fchtlustab selle tooni.<br>\n- Parandab naha enda kollageeni ja h\u00fcaluroonhappe s\u00fcnteesi.<br>\n- Tagab antioks\u00fcdandilist ja taastavat toimet, ennetab pigmentatsiooni arengut.<br>\n- T\u00f5stab naha turgorit ja elastsust.<br>\n\nP\u00f5hilised koostisosad: arbutiin, betaiin, skvalaan, h\u00fcaluroonhape, mango\u00f5li, trehaloos, arginiin, oligosahhariidid, punaste puuviljade ekstraktid, porgandi ekstrakt, E- ja B12 vitamiinid, p\u00e4evalille\u00f5li, sidrunhape.<br>\nKasutusjuhend: kanda v\u00e4ike kogus kreemi puhastatud n\u00e4o- ja kaelanahale. Kasutada hommikul ja\/v\u00f5i \u00f5htul.<br><br><br><a href=\"https:\/\/la-sincere.ee\/et\/asp-payment-box\/?product_id=1734\" target=\"_self\">Osta<\/a><\/p>","protected":false},"excerpt":{"rendered":"<h5 class=\"uagb-rm__title translation-block\"><strong>VANANEMISVASTANE KREEM 40 G<\/strong> <strong>PUNASTE PUUVILJADE EKSTRAKTIDEGA<\/strong> <strong>IGALE NAHAT\u00dc\u00dcBILE<\/strong><\/h5>","protected":false},"featured_media":915,"template":"","meta":{"_uag_custom_page_level_css":""},"product_brand":[26],"product_cat":[34],"product_tag":[],"class_list":{"0":"post-2341","1":"product","2":"type-product","3":"status-publish","4":"has-post-thumbnail","6":"product_brand-red-dure-whitzex","7":"product_cat-uhod-za-kozhej","9":"first","10":"instock","11":"taxable","12":"shipping-taxable","13":"purchasable","14":"product-type-simple"},"uagb_featured_image_src":{"full":["https:\/\/la-sincere.ee\/wp-content\/uploads\/2023\/08\/IMAGE-2023-08-28-152437.jpg",247,850,false],"thumbnail":["https:\/\/la-sincere.ee\/wp-content\/uploads\/2023\/08\/IMAGE-2023-08-28-152437-150x150.jpg",150,150,true],"medium":["https:\/\/la-sincere.ee\/wp-content\/uploads\/2023\/08\/IMAGE-2023-08-28-152437-87x300.jpg",87,300,true],"medium_large":["https:\/\/la-sincere.ee\/wp-content\/uploads\/2023\/08\/IMAGE-2023-08-28-152437.jpg",247,850,false],"large":["https:\/\/la-sincere.ee\/wp-content\/uploads\/2023\/08\/IMAGE-2023-08-28-152437.jpg",247,850,false],"1536x1536":["https:\/\/la-sincere.ee\/wp-content\/uploads\/2023\/08\/IMAGE-2023-08-28-152437.jpg",247,850,false],"2048x2048":["https:\/\/la-sincere.ee\/wp-content\/uploads\/2023\/08\/IMAGE-2023-08-28-152437.jpg",247,850,false],"trp-custom-language-flag":["https:\/\/la-sincere.ee\/wp-content\/uploads\/2023\/08\/IMAGE-2023-08-28-152437-3x12.jpg",3,12,true],"mailpoet_newsletter_max":["https:\/\/la-sincere.ee\/wp-content\/uploads\/2023\/08\/IMAGE-2023-08-28-152437.jpg",247,850,false],"woocommerce_thumbnail":["https:\/\/la-sincere.ee\/wp-content\/uploads\/2023\/08\/IMAGE-2023-08-28-152437.jpg",247,850,false],"woocommerce_single":["https:\/\/la-sincere.ee\/wp-content\/uploads\/2023\/08\/IMAGE-2023-08-28-152437.jpg",247,850,false],"woocommerce_gallery_thumbnail":["https:\/\/la-sincere.ee\/wp-content\/uploads\/2023\/08\/IMAGE-2023-08-28-152437-100x100.jpg",100,100,true]},"uagb_author_info":{"display_name":"Anzela","author_link":"https:\/\/la-sincere.ee\/et\/author\/"},"uagb_comment_info":0,"uagb_excerpt":"\u041a\u0420\u0415\u041c \u041e\u041c\u041e\u041b\u0410\u0416\u0418\u0412\u0410\u042e\u0429\u0418\u0419 40 \u0413 \u0421 \u042d\u041a\u0421\u0422\u0420\u0410\u041a\u0422\u0410\u041c\u0418 \u041a\u0420\u0410\u0421\u041d\u042b\u0425 \u0424\u0420\u0423\u041a\u0422\u041e\u0412 \u0414\u041b\u042f \u041b\u042e\u0411\u041e\u0413\u041e \u0422\u0418\u041f\u0410 \u041a\u041e\u0416\u0418","_links":{"self":[{"href":"https:\/\/la-sincere.ee\/et\/wp-json\/wp\/v2\/product\/2341","targetHints":{"allow":["GET"]}}],"collection":[{"href":"https:\/\/la-sincere.ee\/et\/wp-json\/wp\/v2\/product"}],"about":[{"href":"https:\/\/la-sincere.ee\/et\/wp-json\/wp\/v2\/types\/product"}],"wp:featuredmedia":[{"embeddable":true,"href":"https:\/\/la-sincere.ee\/et\/wp-json\/wp\/v2\/media\/915"}],"wp:attachment":[{"href":"https:\/\/la-sincere.ee\/et\/wp-json\/wp\/v2\/media?parent=2341"}],"wp:term":[{"taxonomy":"product_brand","embeddable":true,"href":"https:\/\/la-sincere.ee\/et\/wp-json\/wp\/v2\/product_brand?post=2341"},{"taxonomy":"product_cat","embeddable":true,"href":"https:\/\/la-sincere.ee\/et\/wp-json\/wp\/v2\/product_cat?post=2341"},{"taxonomy":"product_tag","embeddable":true,"href":"https:\/\/la-sincere.ee\/et\/wp-json\/wp\/v2\/product_tag?post=2341"}],"curies":[{"name":"wp","href":"https:\/\/api.w.org\/{rel}","templated":true}]}}