{"id":2340,"date":"2025-11-07T07:04:14","date_gmt":"2025-11-07T07:04:14","guid":{"rendered":"https:\/\/la-sincere.ee\/?post_type=product&#038;p=2340"},"modified":"2025-11-24T11:50:39","modified_gmt":"2025-11-24T11:50:39","slug":"aqua-gel-platinum-btx","status":"publish","type":"product","link":"https:\/\/la-sincere.ee\/et\/toode\/aqua-gel-platinum-btx\/","title":{"rendered":"AQUA GEL PLATINUM BTX SEERUM \/ TOITEV BTX SEERUM BOTOX-EFEKTIGA 30ML."},"content":{"rendered":"<p class=\"translation-block\">Sobib naha vananemisega seotud t\u00f5siste probleemide lahendamiseks, sisaldades \u00fcliv\u00e4ikeseid plaatina kolloidi, Syn-Ake ja argireliin\nOmadused:<br>\nVananemisvastane essents, v\u00f5itlemiseks kortsude ja naha l\u00f5tvusega.<br>\n- \u00dchendatud Syn-Ake ja Argireliin. S\u00fcgavatele kortsudele avaldab toimet Syn-Ake ja v\u00e4ikestele kortsudele Argireliin. Samuti on kaitse toime.<br>\n- 2 h\u00fcalurooni liiki (Sodium hyaluronate, Hydrolized hyaluronate), Succinoyl atelocollagen muudavad naha pringiks, elastseks ja elavaks.<br>\n- Proteogl\u00fckaan (analoogne toime EGF-iga) aktiveerib fibroplaste ja kiirendab ainevahetust, mis omakorda kiirendab kollageeni ja h\u00fcalurooni moodustumist.<br>\n- Plaatina kooslus \u2013 on sarja Aqua p\u00f5hiliseks omaduseks. Tasakaalustab ioone nahas ja eemaldab aktiivset hapnikku.<br>\n- 8 \u00abilma\u00bb - parabeenideta, l\u00f5hnaineteta, mineraal\u00f5lideta, v\u00e4rvaineteta, etanoolita, \u00f5lideta, silikoon\u00f5lita, fenoks\u00fcetanoolita.<br>\nKasutusjuhend: P\u00e4rast Aqua Gel PT Colloid Essence v\u00f5i losjooni pealekandmist, kandke see essents mahuga umbes pool s\u00fcstalt kogu n\u00e4ole. Probleemsetele piirkondadele kandke teistkordelt.<\/p>","protected":false},"excerpt":{"rendered":"<h5 class=\"uagb-rm__title\"><strong>\u0421 \u041f\u0415\u041f\u0422\u0418\u0414\u041e\u041c SYN-AKE, \u0410\u0420\u0413\u0418\u0420\u0415\u041b\u0418\u041d\u041e\u041c, \u0413\u0418\u0410\u041b\u0423\u0420\u041e\u041d\u041e\u0412\u041e\u0419 \u041a\u0418\u0421\u041b\u041e\u0422\u041e\u0419.<\/strong><br \/>\n<strong>\u0414\u041b\u042f \u041b\u042e\u0411\u041e\u0413\u041e \u0422\u0418\u041f\u0410 \u0412\u041e\u0417\u0420\u0410\u0421\u0422\u041d\u041e\u0419 \u041a\u041e\u0416\u0418.<\/strong><\/h5>","protected":false},"featured_media":779,"template":"","meta":{"_uag_custom_page_level_css":""},"product_brand":[25],"product_cat":[34],"product_tag":[],"class_list":{"0":"post-2340","1":"product","2":"type-product","3":"status-publish","4":"has-post-thumbnail","6":"product_brand-aqua-gel","7":"product_cat-uhod-za-kozhej","9":"first","10":"instock","11":"taxable","12":"shipping-taxable","13":"purchasable","14":"product-type-simple"},"uagb_featured_image_src":{"full":["https:\/\/la-sincere.ee\/wp-content\/uploads\/2023\/08\/Aqua-Gel-Platinum-BTX-Serum.jpg",316,764,false],"thumbnail":["https:\/\/la-sincere.ee\/wp-content\/uploads\/2023\/08\/Aqua-Gel-Platinum-BTX-Serum-150x150.jpg",150,150,true],"medium":["https:\/\/la-sincere.ee\/wp-content\/uploads\/2023\/08\/Aqua-Gel-Platinum-BTX-Serum-124x300.jpg",124,300,true],"medium_large":["https:\/\/la-sincere.ee\/wp-content\/uploads\/2023\/08\/Aqua-Gel-Platinum-BTX-Serum.jpg",316,764,false],"large":["https:\/\/la-sincere.ee\/wp-content\/uploads\/2023\/08\/Aqua-Gel-Platinum-BTX-Serum.jpg",316,764,false],"1536x1536":["https:\/\/la-sincere.ee\/wp-content\/uploads\/2023\/08\/Aqua-Gel-Platinum-BTX-Serum.jpg",316,764,false],"2048x2048":["https:\/\/la-sincere.ee\/wp-content\/uploads\/2023\/08\/Aqua-Gel-Platinum-BTX-Serum.jpg",316,764,false],"trp-custom-language-flag":["https:\/\/la-sincere.ee\/wp-content\/uploads\/2023\/08\/Aqua-Gel-Platinum-BTX-Serum-5x12.jpg",5,12,true],"mailpoet_newsletter_max":["https:\/\/la-sincere.ee\/wp-content\/uploads\/2023\/08\/Aqua-Gel-Platinum-BTX-Serum.jpg",316,764,false],"woocommerce_thumbnail":["https:\/\/la-sincere.ee\/wp-content\/uploads\/2023\/08\/Aqua-Gel-Platinum-BTX-Serum.jpg",316,764,false],"woocommerce_single":["https:\/\/la-sincere.ee\/wp-content\/uploads\/2023\/08\/Aqua-Gel-Platinum-BTX-Serum.jpg",316,764,false],"woocommerce_gallery_thumbnail":["https:\/\/la-sincere.ee\/wp-content\/uploads\/2023\/08\/Aqua-Gel-Platinum-BTX-Serum-100x100.jpg",100,100,true]},"uagb_author_info":{"display_name":"Anzela","author_link":"https:\/\/la-sincere.ee\/et\/author\/"},"uagb_comment_info":0,"uagb_excerpt":"\u0421 \u041f\u0415\u041f\u0422\u0418\u0414\u041e\u041c SYN-AKE, \u0410\u0420\u0413\u0418\u0420\u0415\u041b\u0418\u041d\u041e\u041c, \u0413\u0418\u0410\u041b\u0423\u0420\u041e\u041d\u041e\u0412\u041e\u0419 \u041a\u0418\u0421\u041b\u041e\u0422\u041e\u0419. \u0414\u041b\u042f \u041b\u042e\u0411\u041e\u0413\u041e \u0422\u0418\u041f\u0410 \u0412\u041e\u0417\u0420\u0410\u0421\u0422\u041d\u041e\u0419 \u041a\u041e\u0416\u0418.","_links":{"self":[{"href":"https:\/\/la-sincere.ee\/et\/wp-json\/wp\/v2\/product\/2340","targetHints":{"allow":["GET"]}}],"collection":[{"href":"https:\/\/la-sincere.ee\/et\/wp-json\/wp\/v2\/product"}],"about":[{"href":"https:\/\/la-sincere.ee\/et\/wp-json\/wp\/v2\/types\/product"}],"wp:featuredmedia":[{"embeddable":true,"href":"https:\/\/la-sincere.ee\/et\/wp-json\/wp\/v2\/media\/779"}],"wp:attachment":[{"href":"https:\/\/la-sincere.ee\/et\/wp-json\/wp\/v2\/media?parent=2340"}],"wp:term":[{"taxonomy":"product_brand","embeddable":true,"href":"https:\/\/la-sincere.ee\/et\/wp-json\/wp\/v2\/product_brand?post=2340"},{"taxonomy":"product_cat","embeddable":true,"href":"https:\/\/la-sincere.ee\/et\/wp-json\/wp\/v2\/product_cat?post=2340"},{"taxonomy":"product_tag","embeddable":true,"href":"https:\/\/la-sincere.ee\/et\/wp-json\/wp\/v2\/product_tag?post=2340"}],"curies":[{"name":"wp","href":"https:\/\/api.w.org\/{rel}","templated":true}]}}