{"id":2338,"date":"2025-11-07T06:59:59","date_gmt":"2025-11-07T06:59:59","guid":{"rendered":"https:\/\/la-sincere.ee\/?post_type=product&#038;p=2338"},"modified":"2025-11-24T11:52:39","modified_gmt":"2025-11-24T11:52:39","slug":"aqua-gel-pt-platinum-cream-50","status":"publish","type":"product","link":"https:\/\/la-sincere.ee\/et\/toode\/aqua-gel-pt-platinum-cream-50\/","title":{"rendered":"AQUA GEL PT PLATINUM KREEM 50 GR"},"content":{"rendered":"<p class=\"translation-block\">Soodustab v\u00e4ikeste miimikakortsude silumist ja v\u00e4hendab s\u00fcgavate kortsude n\u00e4htavust, muudab naha nooreks ja veetlevaks. K\u00e4ivitab naha enda kollageeni ja h\u00fcaluroonhappe tootmist, on v\u00f5imsate antioks\u00fcdandiliste ja regenereerivate toimetega.<br>\n- T\u00f5stab naha elastsust ja prinksust.<br>\n- Parandab nahatooni, taastab vahetusprotsesse epidermis.<br>\n- Noorendab aktiivselt, silub kortse.<br>\n- Neutraliseerib vabade radikaalide m\u00f5ju.<br>\nP\u00f5hilised koostisosad: roosivesi, skvalaan, magusjuure ekstrakt, plaatina kolloid, arginiin, h\u00fcaluroonhape, p\u00f6\u00f6kpuu pungade ekstrakt, A-, E-vitamiinid, maap\u00e4hkli\u00f5li.<br>\nKasutusjuhend: v\u00e4ike kogus kreemi kanda puhastatud n\u00e4o-, kaela- ja dekoltee piirkonna nahala. Maksimaalset tulemust saavutatakse kasutades koos tootega AQUA GEL PT COLLOID ESSENCE.<\/p>","protected":false},"excerpt":{"rendered":"<h5 class=\"uagb-rm__title translation-block\"><strong>PLATIINAT JA SKVALAANIGA.<\/strong><br>\n<strong>IGALE VANANEVALE NAHAT\u00dc\u00dcBILE<\/strong><\/h5>","protected":false},"featured_media":775,"template":"","meta":{"_uag_custom_page_level_css":""},"product_brand":[25],"product_cat":[34],"product_tag":[],"class_list":{"0":"post-2338","1":"product","2":"type-product","3":"status-publish","4":"has-post-thumbnail","6":"product_brand-aqua-gel","7":"product_cat-uhod-za-kozhej","9":"first","10":"instock","11":"taxable","12":"shipping-taxable","13":"purchasable","14":"product-type-simple"},"uagb_featured_image_src":{"full":["https:\/\/la-sincere.ee\/wp-content\/uploads\/2023\/08\/AQUA-GEL-PT-PLATINUM-CREAM.jpg",648,688,false],"thumbnail":["https:\/\/la-sincere.ee\/wp-content\/uploads\/2023\/08\/AQUA-GEL-PT-PLATINUM-CREAM-150x150.jpg",150,150,true],"medium":["https:\/\/la-sincere.ee\/wp-content\/uploads\/2023\/08\/AQUA-GEL-PT-PLATINUM-CREAM-283x300.jpg",283,300,true],"medium_large":["https:\/\/la-sincere.ee\/wp-content\/uploads\/2023\/08\/AQUA-GEL-PT-PLATINUM-CREAM.jpg",648,688,false],"large":["https:\/\/la-sincere.ee\/wp-content\/uploads\/2023\/08\/AQUA-GEL-PT-PLATINUM-CREAM.jpg",648,688,false],"1536x1536":["https:\/\/la-sincere.ee\/wp-content\/uploads\/2023\/08\/AQUA-GEL-PT-PLATINUM-CREAM.jpg",648,688,false],"2048x2048":["https:\/\/la-sincere.ee\/wp-content\/uploads\/2023\/08\/AQUA-GEL-PT-PLATINUM-CREAM.jpg",648,688,false],"trp-custom-language-flag":["https:\/\/la-sincere.ee\/wp-content\/uploads\/2023\/08\/AQUA-GEL-PT-PLATINUM-CREAM-11x12.jpg",11,12,true],"mailpoet_newsletter_max":["https:\/\/la-sincere.ee\/wp-content\/uploads\/2023\/08\/AQUA-GEL-PT-PLATINUM-CREAM.jpg",648,688,false],"woocommerce_thumbnail":["https:\/\/la-sincere.ee\/wp-content\/uploads\/2023\/08\/AQUA-GEL-PT-PLATINUM-CREAM-324x344.jpg",324,344,true],"woocommerce_single":["https:\/\/la-sincere.ee\/wp-content\/uploads\/2023\/08\/AQUA-GEL-PT-PLATINUM-CREAM-416x442.jpg",416,442,true],"woocommerce_gallery_thumbnail":["https:\/\/la-sincere.ee\/wp-content\/uploads\/2023\/08\/AQUA-GEL-PT-PLATINUM-CREAM-100x100.jpg",100,100,true]},"uagb_author_info":{"display_name":"Anzela","author_link":"https:\/\/la-sincere.ee\/et\/author\/"},"uagb_comment_info":0,"uagb_excerpt":"C \u041f\u041b\u0410\u0422\u0418\u041d\u041e\u0419 \u0418 \u0421\u041a\u0412\u0410\u041b\u0410\u041d\u041e\u041c. \u0414\u041b\u042f \u041b\u042e\u0411\u041e\u0413\u041e \u0422\u0418\u041f\u0410 \u0412\u041e\u0417\u0420\u0410\u0421\u0422\u041d\u041e\u0419 \u041a\u041e\u0416\u0418","_links":{"self":[{"href":"https:\/\/la-sincere.ee\/et\/wp-json\/wp\/v2\/product\/2338","targetHints":{"allow":["GET"]}}],"collection":[{"href":"https:\/\/la-sincere.ee\/et\/wp-json\/wp\/v2\/product"}],"about":[{"href":"https:\/\/la-sincere.ee\/et\/wp-json\/wp\/v2\/types\/product"}],"wp:featuredmedia":[{"embeddable":true,"href":"https:\/\/la-sincere.ee\/et\/wp-json\/wp\/v2\/media\/775"}],"wp:attachment":[{"href":"https:\/\/la-sincere.ee\/et\/wp-json\/wp\/v2\/media?parent=2338"}],"wp:term":[{"taxonomy":"product_brand","embeddable":true,"href":"https:\/\/la-sincere.ee\/et\/wp-json\/wp\/v2\/product_brand?post=2338"},{"taxonomy":"product_cat","embeddable":true,"href":"https:\/\/la-sincere.ee\/et\/wp-json\/wp\/v2\/product_cat?post=2338"},{"taxonomy":"product_tag","embeddable":true,"href":"https:\/\/la-sincere.ee\/et\/wp-json\/wp\/v2\/product_tag?post=2338"}],"curies":[{"name":"wp","href":"https:\/\/api.w.org\/{rel}","templated":true}]}}