{"id":2337,"date":"2025-11-07T06:58:07","date_gmt":"2025-11-07T06:58:07","guid":{"rendered":"https:\/\/la-sincere.ee\/?post_type=product&#038;p=2337"},"modified":"2025-11-24T11:58:40","modified_gmt":"2025-11-24T11:58:40","slug":"aqua-gel-platinum-gel-mask-5x100","status":"publish","type":"product","link":"https:\/\/la-sincere.ee\/et\/toode\/aqua-gel-platinum-gel-mask-5x100\/","title":{"rendered":"AQUA GEL PLATINUM GEELMASK 5X100G"},"content":{"rendered":"<p class=\"translation-block\">K\u00d5IKIDELE VANANEVA NAHA T\u00dc\u00dcPIDELE\nNoorendav mask plaatina tolmu, retinooli ja h\u00fcaluroonhappega. Elustab n\u00e4onahka, tagastades sellele noorust ja v\u00e4rskust.<br>\n- K\u00fcllastab nahka silmapilkselt toitvate ja niisutavate komponentidega.<br>\n- On ideaalne enne \u00abv\u00e4ljaminekut\u00bb.<br>\n- On tugeva pinguldava toimega.<br>\n- Silub v\u00e4ikeseid ja s\u00fcgavaid kortse.<br>\n- Modelleerib n\u00e4oovaali.<br>\n- Muudab naha v\u00e4rskeks ja puhanuks.<br>\n\nP\u00f5hilised koostisosad: damaskuse roosi ekstrakt, h\u00fcaluroonhape, plaatina tolm, retinoolpalmitaat, aaloe ekstrakt, h\u00f5beoksiid, maisi\u00f5li.<br>\nKasutusjuhend: kanda maski puhastatud n\u00e4onahale, eelnevalt eemaldades kaitsekile. Ekspositsiooni aeg on 10-15 minutit. Kasutada 2-3 korda n\u00e4dalas hommikul v\u00f5i \u00f5htul.<\/p>","protected":false},"excerpt":{"rendered":"<h5 class=\"uagb-rm__title translation-block\"><strong>H\u00dcALUROONHAPPE JA PLATIINAKOLLOIDIGA<\/strong><br>\n<strong>IGALE VANANEVALE NAHAT\u00dc\u00dcBILE<\/strong><\/h5>","protected":false},"featured_media":772,"template":"","meta":{"_uag_custom_page_level_css":""},"product_brand":[25],"product_cat":[34],"product_tag":[],"class_list":{"0":"post-2337","1":"product","2":"type-product","3":"status-publish","4":"has-post-thumbnail","6":"product_brand-aqua-gel","7":"product_cat-34","9":"first","10":"instock","11":"taxable","12":"shipping-taxable","13":"purchasable","14":"product-type-simple"},"uagb_featured_image_src":{"full":["https:\/\/la-sincere.ee\/wp-content\/uploads\/2023\/08\/PLATINUM_GEL_MASK.jpg",665,627,false],"thumbnail":["https:\/\/la-sincere.ee\/wp-content\/uploads\/2023\/08\/PLATINUM_GEL_MASK-150x150.jpg",150,150,true],"medium":["https:\/\/la-sincere.ee\/wp-content\/uploads\/2023\/08\/PLATINUM_GEL_MASK-300x283.jpg",300,283,true],"medium_large":["https:\/\/la-sincere.ee\/wp-content\/uploads\/2023\/08\/PLATINUM_GEL_MASK.jpg",665,627,false],"large":["https:\/\/la-sincere.ee\/wp-content\/uploads\/2023\/08\/PLATINUM_GEL_MASK.jpg",665,627,false],"1536x1536":["https:\/\/la-sincere.ee\/wp-content\/uploads\/2023\/08\/PLATINUM_GEL_MASK.jpg",665,627,false],"2048x2048":["https:\/\/la-sincere.ee\/wp-content\/uploads\/2023\/08\/PLATINUM_GEL_MASK.jpg",665,627,false],"trp-custom-language-flag":["https:\/\/la-sincere.ee\/wp-content\/uploads\/2023\/08\/PLATINUM_GEL_MASK-13x12.jpg",13,12,true],"mailpoet_newsletter_max":["https:\/\/la-sincere.ee\/wp-content\/uploads\/2023\/08\/PLATINUM_GEL_MASK.jpg",665,627,false],"woocommerce_thumbnail":["https:\/\/la-sincere.ee\/wp-content\/uploads\/2023\/08\/PLATINUM_GEL_MASK-324x305.jpg",324,305,true],"woocommerce_single":["https:\/\/la-sincere.ee\/wp-content\/uploads\/2023\/08\/PLATINUM_GEL_MASK-416x392.jpg",416,392,true],"woocommerce_gallery_thumbnail":["https:\/\/la-sincere.ee\/wp-content\/uploads\/2023\/08\/PLATINUM_GEL_MASK-100x100.jpg",100,100,true]},"uagb_author_info":{"display_name":"Anzela","author_link":"https:\/\/la-sincere.ee\/et\/author\/"},"uagb_comment_info":0,"uagb_excerpt":"\u0421 \u0413\u0418\u0410\u041b\u0423\u0420\u041e\u041d\u041e\u0412\u041e\u0419 \u041a\u0418\u0421\u041b\u041e\u0422\u041e\u0419 \u0418 \u041a\u041e\u041b\u041b\u041e\u0418\u0414\u041e\u041c \u041f\u041b\u0410\u0422\u0418\u041d\u042b \u0414\u041b\u042f \u041b\u042e\u0411\u041e\u0413\u041e \u0422\u0418\u041f\u0410 \u0412\u041e\u0417\u0420\u0410\u0421\u0422\u041d\u041e\u0419 \u041a\u041e\u0416\u0418","_links":{"self":[{"href":"https:\/\/la-sincere.ee\/et\/wp-json\/wp\/v2\/product\/2337","targetHints":{"allow":["GET"]}}],"collection":[{"href":"https:\/\/la-sincere.ee\/et\/wp-json\/wp\/v2\/product"}],"about":[{"href":"https:\/\/la-sincere.ee\/et\/wp-json\/wp\/v2\/types\/product"}],"wp:featuredmedia":[{"embeddable":true,"href":"https:\/\/la-sincere.ee\/et\/wp-json\/wp\/v2\/media\/772"}],"wp:attachment":[{"href":"https:\/\/la-sincere.ee\/et\/wp-json\/wp\/v2\/media?parent=2337"}],"wp:term":[{"taxonomy":"product_brand","embeddable":true,"href":"https:\/\/la-sincere.ee\/et\/wp-json\/wp\/v2\/product_brand?post=2337"},{"taxonomy":"product_cat","embeddable":true,"href":"https:\/\/la-sincere.ee\/et\/wp-json\/wp\/v2\/product_cat?post=2337"},{"taxonomy":"product_tag","embeddable":true,"href":"https:\/\/la-sincere.ee\/et\/wp-json\/wp\/v2\/product_tag?post=2337"}],"curies":[{"name":"wp","href":"https:\/\/api.w.org\/{rel}","templated":true}]}}