{"id":2334,"date":"2025-11-07T06:36:45","date_gmt":"2025-11-07T06:36:45","guid":{"rendered":"https:\/\/la-sincere.ee\/?post_type=product&#038;p=2334"},"modified":"2025-11-24T11:59:30","modified_gmt":"2025-11-24T11:59:30","slug":"atp-delicare-soap-atp-100","status":"publish","type":"product","link":"https:\/\/la-sincere.ee\/et\/toode\/atp-delicare-soap-atp-100\/","title":{"rendered":"ATP Delicare seep \/ ATP puhastusseep 100g"},"content":{"rendered":"<p class=\"translation-block\">P\u00f5letikuvastase, rahustava toimega \u00f5rn vaht hoiab naha looduslikku pH-taset. P\u00e4rast n\u00e4opesu loob mugavustunde, ei kisu nahka.<br>\n- Puhastab h\u00e4sti ning j\u00e4tab naha v\u00e4rske ja niisutatuna.<br>\n- On p\u00f5letikuvastase toimega, kitsendab poore.<br>\n- V\u00f5tab maha \u00e4rritusi, annab v\u00e4rskuse tunde.<br>\nP\u00f5hilised koostisosad: kooriv seebipuu ekstrakt, riisi ekstrakt, gl\u00fctserool, h\u00f5be.<br>\nKasutusjuhend: kasutada hommikul ja \u00f5htul. L\u00fc\u00fca toode vahtu niiske pintsliga v\u00f5i k\u00e4te vahel, kanda nahale. Masseerida ringjaste liigutustega ning pesta maha sooja veega.<\/p>","protected":false},"excerpt":{"rendered":"<h5 class=\"uagb-rm__title translation-block\"><strong>H\u00d5BEDASEGA<\/strong><br>\n<strong>IGALE TUNDLIKULE NAHALE<\/strong><\/h5>","protected":false},"featured_media":764,"template":"","meta":{"_uag_custom_page_level_css":""},"product_brand":[24],"product_cat":[34],"product_tag":[],"class_list":{"0":"post-2334","1":"product","2":"type-product","3":"status-publish","4":"has-post-thumbnail","6":"product_brand-atp","7":"product_cat-34","9":"first","10":"instock","11":"taxable","12":"shipping-taxable","13":"purchasable","14":"product-type-simple"},"uagb_featured_image_src":{"full":["https:\/\/la-sincere.ee\/wp-content\/uploads\/2023\/08\/ATP-DELICARE-SOAP.jpg",665,761,false],"thumbnail":["https:\/\/la-sincere.ee\/wp-content\/uploads\/2023\/08\/ATP-DELICARE-SOAP-150x150.jpg",150,150,true],"medium":["https:\/\/la-sincere.ee\/wp-content\/uploads\/2023\/08\/ATP-DELICARE-SOAP-262x300.jpg",262,300,true],"medium_large":["https:\/\/la-sincere.ee\/wp-content\/uploads\/2023\/08\/ATP-DELICARE-SOAP.jpg",665,761,false],"large":["https:\/\/la-sincere.ee\/wp-content\/uploads\/2023\/08\/ATP-DELICARE-SOAP.jpg",665,761,false],"1536x1536":["https:\/\/la-sincere.ee\/wp-content\/uploads\/2023\/08\/ATP-DELICARE-SOAP.jpg",665,761,false],"2048x2048":["https:\/\/la-sincere.ee\/wp-content\/uploads\/2023\/08\/ATP-DELICARE-SOAP.jpg",665,761,false],"trp-custom-language-flag":["https:\/\/la-sincere.ee\/wp-content\/uploads\/2023\/08\/ATP-DELICARE-SOAP-10x12.jpg",10,12,true],"mailpoet_newsletter_max":["https:\/\/la-sincere.ee\/wp-content\/uploads\/2023\/08\/ATP-DELICARE-SOAP.jpg",665,761,false],"woocommerce_thumbnail":["https:\/\/la-sincere.ee\/wp-content\/uploads\/2023\/08\/ATP-DELICARE-SOAP-324x371.jpg",324,371,true],"woocommerce_single":["https:\/\/la-sincere.ee\/wp-content\/uploads\/2023\/08\/ATP-DELICARE-SOAP-416x476.jpg",416,476,true],"woocommerce_gallery_thumbnail":["https:\/\/la-sincere.ee\/wp-content\/uploads\/2023\/08\/ATP-DELICARE-SOAP-100x100.jpg",100,100,true]},"uagb_author_info":{"display_name":"Anzela","author_link":"https:\/\/la-sincere.ee\/et\/author\/"},"uagb_comment_info":0,"uagb_excerpt":"\u0421 \u0421\u0415\u0420\u0415\u0411\u0420\u041e\u041c \u0414\u041b\u042f \u041b\u042e\u0411\u041e\u0413\u041e \u0422\u0418\u041f\u0410 \u0427\u0423\u0412\u0421\u0422\u0412\u0418\u0422\u0415\u041b\u042c\u041d\u041e\u0419 \u041a\u041e\u0416\u0418","_links":{"self":[{"href":"https:\/\/la-sincere.ee\/et\/wp-json\/wp\/v2\/product\/2334","targetHints":{"allow":["GET"]}}],"collection":[{"href":"https:\/\/la-sincere.ee\/et\/wp-json\/wp\/v2\/product"}],"about":[{"href":"https:\/\/la-sincere.ee\/et\/wp-json\/wp\/v2\/types\/product"}],"wp:featuredmedia":[{"embeddable":true,"href":"https:\/\/la-sincere.ee\/et\/wp-json\/wp\/v2\/media\/764"}],"wp:attachment":[{"href":"https:\/\/la-sincere.ee\/et\/wp-json\/wp\/v2\/media?parent=2334"}],"wp:term":[{"taxonomy":"product_brand","embeddable":true,"href":"https:\/\/la-sincere.ee\/et\/wp-json\/wp\/v2\/product_brand?post=2334"},{"taxonomy":"product_cat","embeddable":true,"href":"https:\/\/la-sincere.ee\/et\/wp-json\/wp\/v2\/product_cat?post=2334"},{"taxonomy":"product_tag","embeddable":true,"href":"https:\/\/la-sincere.ee\/et\/wp-json\/wp\/v2\/product_tag?post=2334"}],"curies":[{"name":"wp","href":"https:\/\/api.w.org\/{rel}","templated":true}]}}