{"id":2333,"date":"2025-11-07T06:35:20","date_gmt":"2025-11-07T06:35:20","guid":{"rendered":"https:\/\/la-sincere.ee\/?post_type=product&#038;p=2333"},"modified":"2025-11-24T12:00:10","modified_gmt":"2025-11-24T12:00:10","slug":"atp-gel-lotion-atp-200","status":"publish","type":"product","link":"https:\/\/la-sincere.ee\/et\/toode\/atp-gel-lotion-atp-200\/","title":{"rendered":"ATP geelkreem \/ ATP toitev kreem keramiididega 200 ml"},"content":{"rendered":"<p class=\"translation-block\">TUNDLIKULE VEETUSTUNUD NAHALE<br>\nSuurep\u00e4rane ravitoimega ja aktiivselt m\u00f5juva seerumi omadustega geel-losjoon.<br>\n- Toidab ja k\u00fcllastab nahka silmapilkselt veega.<br>\n- Taastab h\u00fcdrolipiidset tasakaalu.<br>\n- Leevendab kiskuvuse ja kuivuse tunde.<br>\n- \u00abKiire abi\u00bb preparaat: eemaldab igasugust t\u00fc\u00fcpi \u00e4rritusi, s\u00fcgelusi ja ketendamisi.<br>\n- Ennetab naha enneaegset vananemist.<br>\nP\u00f5hilised koostisosad: keramiidid, l\u00fcsoletsitiin, alfa-gl\u00fckaan oligosahhariid, kummeli-, magusjuure ekstraktid, arginiin, madalmolekulaarne kollageen, aaloe ekstrakt, E-vitamiin.<br>\nKasutusjuhend: kanda hommikul ja\/v\u00f5i \u00f5htul eelnevalt puhastatud nahale. V\u00f5imalik kasutada peanaha kuiva seborr\u00f6a korral.<\/p>","protected":false},"excerpt":{"rendered":"<h5 class=\"uagb-rm__title translation-block\"><strong>TUNDLIKULE DEHIDREERITUD NAHALE<\/strong><br><strong>keramiididega<\/strong><\/h5>","protected":false},"featured_media":760,"template":"","meta":{"_uag_custom_page_level_css":""},"product_brand":[24],"product_cat":[34],"product_tag":[],"class_list":{"0":"post-2333","1":"product","2":"type-product","3":"status-publish","4":"has-post-thumbnail","6":"product_brand-atp","7":"product_cat-34","9":"first","10":"instock","11":"taxable","12":"shipping-taxable","13":"purchasable","14":"product-type-simple"},"uagb_featured_image_src":{"full":["https:\/\/la-sincere.ee\/wp-content\/uploads\/2023\/08\/ATP-GEL-LOTION.jpg",350,759,false],"thumbnail":["https:\/\/la-sincere.ee\/wp-content\/uploads\/2023\/08\/ATP-GEL-LOTION-150x150.jpg",150,150,true],"medium":["https:\/\/la-sincere.ee\/wp-content\/uploads\/2023\/08\/ATP-GEL-LOTION-138x300.jpg",138,300,true],"medium_large":["https:\/\/la-sincere.ee\/wp-content\/uploads\/2023\/08\/ATP-GEL-LOTION.jpg",350,759,false],"large":["https:\/\/la-sincere.ee\/wp-content\/uploads\/2023\/08\/ATP-GEL-LOTION.jpg",350,759,false],"1536x1536":["https:\/\/la-sincere.ee\/wp-content\/uploads\/2023\/08\/ATP-GEL-LOTION.jpg",350,759,false],"2048x2048":["https:\/\/la-sincere.ee\/wp-content\/uploads\/2023\/08\/ATP-GEL-LOTION.jpg",350,759,false],"trp-custom-language-flag":["https:\/\/la-sincere.ee\/wp-content\/uploads\/2023\/08\/ATP-GEL-LOTION-6x12.jpg",6,12,true],"mailpoet_newsletter_max":["https:\/\/la-sincere.ee\/wp-content\/uploads\/2023\/08\/ATP-GEL-LOTION.jpg",350,759,false],"woocommerce_thumbnail":["https:\/\/la-sincere.ee\/wp-content\/uploads\/2023\/08\/ATP-GEL-LOTION-324x703.jpg",324,703,true],"woocommerce_single":["https:\/\/la-sincere.ee\/wp-content\/uploads\/2023\/08\/ATP-GEL-LOTION.jpg",350,759,false],"woocommerce_gallery_thumbnail":["https:\/\/la-sincere.ee\/wp-content\/uploads\/2023\/08\/ATP-GEL-LOTION-100x100.jpg",100,100,true]},"uagb_author_info":{"display_name":"Anzela","author_link":"https:\/\/la-sincere.ee\/et\/author\/"},"uagb_comment_info":0,"uagb_excerpt":"\u0414\u041b\u042f \u0427\u0423\u0412\u0421\u0422\u0412\u0418\u0422\u0415\u041b\u042c\u041d\u041e\u0419 \u041e\u0411\u0415\u0417\u0412\u041e\u0416\u0415\u041d\u041d\u041e\u0419 \u041a\u041e\u0416\u0418 \u0421 \u0426\u0415\u0420\u0410\u041c\u0418\u0414\u0410\u041c\u0418","_links":{"self":[{"href":"https:\/\/la-sincere.ee\/et\/wp-json\/wp\/v2\/product\/2333","targetHints":{"allow":["GET"]}}],"collection":[{"href":"https:\/\/la-sincere.ee\/et\/wp-json\/wp\/v2\/product"}],"about":[{"href":"https:\/\/la-sincere.ee\/et\/wp-json\/wp\/v2\/types\/product"}],"wp:featuredmedia":[{"embeddable":true,"href":"https:\/\/la-sincere.ee\/et\/wp-json\/wp\/v2\/media\/760"}],"wp:attachment":[{"href":"https:\/\/la-sincere.ee\/et\/wp-json\/wp\/v2\/media?parent=2333"}],"wp:term":[{"taxonomy":"product_brand","embeddable":true,"href":"https:\/\/la-sincere.ee\/et\/wp-json\/wp\/v2\/product_brand?post=2333"},{"taxonomy":"product_cat","embeddable":true,"href":"https:\/\/la-sincere.ee\/et\/wp-json\/wp\/v2\/product_cat?post=2333"},{"taxonomy":"product_tag","embeddable":true,"href":"https:\/\/la-sincere.ee\/et\/wp-json\/wp\/v2\/product_tag?post=2333"}],"curies":[{"name":"wp","href":"https:\/\/api.w.org\/{rel}","templated":true}]}}