{"id":2331,"date":"2025-11-07T06:30:53","date_gmt":"2025-11-07T06:30:53","guid":{"rendered":"https:\/\/la-sincere.ee\/?post_type=product&#038;p=2331"},"modified":"2025-11-24T12:55:13","modified_gmt":"2025-11-24T12:55:13","slug":"atp-lipid-gel-100","status":"publish","type":"product","link":"https:\/\/la-sincere.ee\/et\/toode\/atp-lipid-gel-100\/","title":{"rendered":"ATP LIPIIDGEEL ATP LIPIIDGEEL KERAMIIDIGA 100G"},"content":{"rendered":"<p class=\"translation-block\">Asendamatu preparaat hoolduseks kuiva ja tundliku, \u00e4rritustele ning ketendamisele kalduva naha eest. SOS-vahend k\u00fclmal aastaajal, samuti reisimisel soojadesse maadesse.<br>\n- Toidab ja pehmendab nahka, loob mugavustunde.<br>\n- On k\u00f5rge regenereeriva toimega.<br>\n- Tugevdab rakkude kaitsefunktsioone, taastab h\u00fcdrolipiidset tasakaalu.<br>\n- Silub v\u00e4ikeseid kortse ja ennetab naha enneaegset vananemist.<br>\n- V\u00e4hendab allergiliste reaktsioonide avaldumist.<br>\n\nP\u00f5hilised koostisosad: Sheav\u00f5i, letsitiin, keramiidid, l\u00fcsoletsitiin, kummeli ekstrakt, roosivesi, skvalaan, pueraaria ekstrakt, roosi\u00f5li, allantoiin, E-vitamiin, sahharoos.<br>\nKasutusjuhend: kanda hommikul ja\/v\u00f5i \u00f5htul eelnevalt puhastatud nahale.<\/p>","protected":false},"excerpt":{"rendered":"<h5 class=\"uagb-rm__title translation-block\"><strong>KERAMIIDIDE JA SHEAV\u00d5IGA<\/strong><br>\n<strong>KUIVALE JA TUNDLIKULE NAHALE<\/strong><\/h5>","protected":false},"featured_media":2486,"template":"","meta":{"_uag_custom_page_level_css":""},"product_brand":[24],"product_cat":[34],"product_tag":[],"class_list":{"0":"post-2331","1":"product","2":"type-product","3":"status-publish","4":"has-post-thumbnail","6":"product_brand-atp","7":"product_cat-34","9":"first","10":"instock","11":"taxable","12":"shipping-taxable","13":"purchasable","14":"product-type-simple"},"uagb_featured_image_src":{"full":["https:\/\/la-sincere.ee\/wp-content\/uploads\/2025\/11\/P1100472.png",0,0,false],"thumbnail":["https:\/\/la-sincere.ee\/wp-content\/uploads\/2025\/11\/P1100472.png",1,1,false],"medium":["https:\/\/la-sincere.ee\/wp-content\/uploads\/2025\/11\/P1100472.png",1,1,false],"medium_large":["https:\/\/la-sincere.ee\/wp-content\/uploads\/2025\/11\/P1100472.png",1,1,false],"large":["https:\/\/la-sincere.ee\/wp-content\/uploads\/2025\/11\/P1100472.png",1,1,false],"1536x1536":["https:\/\/la-sincere.ee\/wp-content\/uploads\/2025\/11\/P1100472.png",1,1,false],"2048x2048":["https:\/\/la-sincere.ee\/wp-content\/uploads\/2025\/11\/P1100472.png",1,1,false],"trp-custom-language-flag":["https:\/\/la-sincere.ee\/wp-content\/uploads\/2025\/11\/P1100472.png",1,1,false],"mailpoet_newsletter_max":["https:\/\/la-sincere.ee\/wp-content\/uploads\/2025\/11\/P1100472.png",1,1,false],"woocommerce_thumbnail":["https:\/\/la-sincere.ee\/wp-content\/uploads\/2025\/11\/P1100472.png",1,1,false],"woocommerce_single":["https:\/\/la-sincere.ee\/wp-content\/uploads\/2025\/11\/P1100472.png",1,1,false],"woocommerce_gallery_thumbnail":["https:\/\/la-sincere.ee\/wp-content\/uploads\/2025\/11\/P1100472.png",1,1,false]},"uagb_author_info":{"display_name":"Anzela","author_link":"https:\/\/la-sincere.ee\/et\/author\/"},"uagb_comment_info":0,"uagb_excerpt":"\u0421 \u0426\u0415\u0420\u0410\u041c\u0418\u0414\u0410\u041c\u0418 \u0418 \u041c\u0410\u0421\u041b\u041e\u041c \u0428\u0418 \u0414\u041b\u042f \u0421\u0423\u0425\u041e\u0419 \u0427\u0423\u0412\u0421\u0422\u0412\u0418\u0422\u0415\u041b\u042c\u041d\u041e\u0419 \u041a\u041e\u0416\u0418","_links":{"self":[{"href":"https:\/\/la-sincere.ee\/et\/wp-json\/wp\/v2\/product\/2331","targetHints":{"allow":["GET"]}}],"collection":[{"href":"https:\/\/la-sincere.ee\/et\/wp-json\/wp\/v2\/product"}],"about":[{"href":"https:\/\/la-sincere.ee\/et\/wp-json\/wp\/v2\/types\/product"}],"wp:featuredmedia":[{"embeddable":true,"href":"https:\/\/la-sincere.ee\/et\/wp-json\/wp\/v2\/media\/2486"}],"wp:attachment":[{"href":"https:\/\/la-sincere.ee\/et\/wp-json\/wp\/v2\/media?parent=2331"}],"wp:term":[{"taxonomy":"product_brand","embeddable":true,"href":"https:\/\/la-sincere.ee\/et\/wp-json\/wp\/v2\/product_brand?post=2331"},{"taxonomy":"product_cat","embeddable":true,"href":"https:\/\/la-sincere.ee\/et\/wp-json\/wp\/v2\/product_cat?post=2331"},{"taxonomy":"product_tag","embeddable":true,"href":"https:\/\/la-sincere.ee\/et\/wp-json\/wp\/v2\/product_tag?post=2331"}],"curies":[{"name":"wp","href":"https:\/\/api.w.org\/{rel}","templated":true}]}}