{"id":2327,"date":"2025-11-07T06:25:23","date_gmt":"2025-11-07T06:25:23","guid":{"rendered":"https:\/\/la-sincere.ee\/?post_type=product&#038;p=2327"},"modified":"2025-11-24T12:24:18","modified_gmt":"2025-11-24T12:24:18","slug":"atp-gel-cleansing","status":"publish","type":"product","link":"https:\/\/la-sincere.ee\/et\/toode\/atp-gel-cleansing\/","title":{"rendered":"ATP GEL PUHASTUSGEEL \/ PUHASTUSGEEL 200 ML"},"content":{"rendered":"<p class=\"translation-block\">Puhastusgeel tagab pehmet, delikaatset puhastust ja meigieemaldust. Sobib isegi v\u00e4ga tundlikule ja \u00f5hukesele nahale. Pehmendab ja niisutab, kingib p\u00e4rast n\u00e4opesu mugavustunde.<br>\n- Eemaldab suurep\u00e4raselt pindmise mustuse ja meigi n\u00e4o-, silmade- ja huulte nahalt.<br>\n- Niisutab aktiivselt ja leevendab kiskuva tunde nahal.<br>\n- Muudab naha siidiseks ja pehmeks.<br>\n- Taastab naha h\u00fcdrolipiidset tasakaalu.<br>\n\nP\u00f5hilised koostisosad: L-arginiin, h\u00fcaluroonhape, biokeramiidid, kooriv seebipuu ekstrakt, bisabolool, soja-, kummeli-, mungalille-, arnika-, piimn\u00f5gese-, k\u00fc\u00fcslaugu-, rosmariini-, luuderohu-, hariliku m\u00e4nni ekstrakid.<br>\nKasutusjuhend: hommikul ja\/v\u00f5i \u00f5htul kanda v\u00e4ike kogus toodet ringjaste liigutustega n\u00e4onahale. Pesta maha sooja veega.<\/p>","protected":false},"excerpt":{"rendered":"<p class=\"translation-block\"><strong>\u0441 L-\u0430\u0440\u0433\u0438\u043d\u0438\u043d\u043e\u043c \u0438 \u0433\u0438\u0430\u043b\u0443\u0440\u0438\u043d\u043e\u0432\u043e\u0439 \u043a\u0438\u0441\u043b\u043e\u0442\u043e\u0439<\/strong><br>\r\n<strong>\u0414\u041b\u042f \u0421\u0423\u0425\u041e\u0419 \u0427\u0423\u0412\u0421\u0422\u0412\u0418\u0422\u0415\u041b\u042c\u041d\u041e\u0419 \u041a\u041e\u0416\u0418<\/strong><\/p>","protected":false},"featured_media":750,"template":"","meta":{"_uag_custom_page_level_css":""},"product_brand":[24],"product_cat":[34],"product_tag":[],"class_list":{"0":"post-2327","1":"product","2":"type-product","3":"status-publish","4":"has-post-thumbnail","6":"product_brand-atp","7":"product_cat-uhod-za-kozhej","9":"first","10":"instock","11":"taxable","12":"shipping-taxable","13":"purchasable","14":"product-type-simple"},"uagb_featured_image_src":{"full":["https:\/\/la-sincere.ee\/wp-content\/uploads\/2023\/08\/ATP-GEL-CLEANSING.jpg",350,760,false],"thumbnail":["https:\/\/la-sincere.ee\/wp-content\/uploads\/2023\/08\/ATP-GEL-CLEANSING-150x150.jpg",150,150,true],"medium":["https:\/\/la-sincere.ee\/wp-content\/uploads\/2023\/08\/ATP-GEL-CLEANSING-138x300.jpg",138,300,true],"medium_large":["https:\/\/la-sincere.ee\/wp-content\/uploads\/2023\/08\/ATP-GEL-CLEANSING.jpg",350,760,false],"large":["https:\/\/la-sincere.ee\/wp-content\/uploads\/2023\/08\/ATP-GEL-CLEANSING.jpg",350,760,false],"1536x1536":["https:\/\/la-sincere.ee\/wp-content\/uploads\/2023\/08\/ATP-GEL-CLEANSING.jpg",350,760,false],"2048x2048":["https:\/\/la-sincere.ee\/wp-content\/uploads\/2023\/08\/ATP-GEL-CLEANSING.jpg",350,760,false],"trp-custom-language-flag":["https:\/\/la-sincere.ee\/wp-content\/uploads\/2023\/08\/ATP-GEL-CLEANSING-6x12.jpg",6,12,true],"mailpoet_newsletter_max":["https:\/\/la-sincere.ee\/wp-content\/uploads\/2023\/08\/ATP-GEL-CLEANSING.jpg",350,760,false],"woocommerce_thumbnail":["https:\/\/la-sincere.ee\/wp-content\/uploads\/2023\/08\/ATP-GEL-CLEANSING-324x704.jpg",324,704,true],"woocommerce_single":["https:\/\/la-sincere.ee\/wp-content\/uploads\/2023\/08\/ATP-GEL-CLEANSING.jpg",350,760,false],"woocommerce_gallery_thumbnail":["https:\/\/la-sincere.ee\/wp-content\/uploads\/2023\/08\/ATP-GEL-CLEANSING-100x100.jpg",100,100,true]},"uagb_author_info":{"display_name":"Anzela","author_link":"https:\/\/la-sincere.ee\/et\/author\/"},"uagb_comment_info":0,"uagb_excerpt":"\u0441 L-\u0430\u0440\u0433\u0438\u043d\u0438\u043d\u043e\u043c \u0438 \u0433\u0438\u0430\u043b\u0443\u0440\u0438\u043d\u043e\u0432\u043e\u0439 \u043a\u0438\u0441\u043b\u043e\u0442\u043e\u0439 \u0414\u041b\u042f \u0421\u0423\u0425\u041e\u0419 \u0427\u0423\u0412\u0421\u0422\u0412\u0418\u0422\u0415\u041b\u042c\u041d\u041e\u0419 \u041a\u041e\u0416\u0418","_links":{"self":[{"href":"https:\/\/la-sincere.ee\/et\/wp-json\/wp\/v2\/product\/2327","targetHints":{"allow":["GET"]}}],"collection":[{"href":"https:\/\/la-sincere.ee\/et\/wp-json\/wp\/v2\/product"}],"about":[{"href":"https:\/\/la-sincere.ee\/et\/wp-json\/wp\/v2\/types\/product"}],"wp:featuredmedia":[{"embeddable":true,"href":"https:\/\/la-sincere.ee\/et\/wp-json\/wp\/v2\/media\/750"}],"wp:attachment":[{"href":"https:\/\/la-sincere.ee\/et\/wp-json\/wp\/v2\/media?parent=2327"}],"wp:term":[{"taxonomy":"product_brand","embeddable":true,"href":"https:\/\/la-sincere.ee\/et\/wp-json\/wp\/v2\/product_brand?post=2327"},{"taxonomy":"product_cat","embeddable":true,"href":"https:\/\/la-sincere.ee\/et\/wp-json\/wp\/v2\/product_cat?post=2327"},{"taxonomy":"product_tag","embeddable":true,"href":"https:\/\/la-sincere.ee\/et\/wp-json\/wp\/v2\/product_tag?post=2327"}],"curies":[{"name":"wp","href":"https:\/\/api.w.org\/{rel}","templated":true}]}}