{"id":2326,"date":"2025-11-07T06:22:23","date_gmt":"2025-11-07T06:22:23","guid":{"rendered":"https:\/\/la-sincere.ee\/?post_type=product&#038;p=2326"},"modified":"2025-11-24T12:25:20","modified_gmt":"2025-11-24T12:25:20","slug":"cleansing-gel-puhastusgeel-200-ml","status":"publish","type":"product","link":"https:\/\/la-sincere.ee\/et\/toode\/cleansing-gel-puhastusgeel-200-ml\/","title":{"rendered":"PUHASTUSGEEL \u2013 K\u00d5IGILE NAHAT\u00dc\u00dcPIDELE. 200 ML"},"content":{"rendered":"<p class=\"translation-block\">\u00d5rnima tekstuuriga puhastusgeel puhastab kiirelt, delikaatselt ja hoolikalt n\u00e4onahka erinevat t\u00fc\u00fcpi mustuse eest.<br>\n\n\u2013\u00a0Eemaldab meigi ja pindmise mustuse silmade- ja n\u00e4onahalt.<br>\n\n\u2013\u00a0Niisutab ja toniseerib nahka.<br>\n\n\u2013\u00a0On p\u00f5letikuvastase, antiseptilise toimega.<br>\n\n\u2013\u00a0Loob mugavustunde ja ei t\u00f5mba nahka pingule p\u00e4rast pesemist.<br>\n\nP\u00f5hilised koostisosad:\u00a0arginiin, bisabolool,\u00a0 seebipuu-, kummeli-, pisarheina-, seebilille-, k\u00fc\u00fcslaugu-, mungalille ekstraktid, h\u00fcaluroonhape, kollageen, arnika-, rosmariini-, luuderohu-, lehise-, valge imin\u00f5gese-, n\u00f5gese ekstraktid, atelokollageen.<br>\n\nKasutusjuhend:\u00a0kanda v\u00e4ike kogus toodet hommikul ja \u00f5htul kuivade k\u00e4tega n\u00e4onahale, maseerida kergelt ja pesta maha sooja veega.\u00a0\u00a0<\/p>","protected":false},"excerpt":{"rendered":"<p>Puhastusgeel \u2014 Puhastusgeel k\u00f5ikidele nahat\u00fc\u00fcpidele, 200 ml.<\/p>","protected":false},"featured_media":893,"template":"","meta":{"_uag_custom_page_level_css":""},"product_brand":[23],"product_cat":[34],"product_tag":[],"class_list":{"0":"post-2326","1":"product","2":"type-product","3":"status-publish","4":"has-post-thumbnail","6":"product_brand-la-sincia","7":"product_cat-uhod-za-kozhej","9":"first","10":"instock","11":"taxable","12":"shipping-taxable","13":"purchasable","14":"product-type-simple"},"uagb_featured_image_src":{"full":["https:\/\/la-sincere.ee\/wp-content\/uploads\/2023\/08\/IMAGE-2023-08-28-150323.jpg",319,852,false],"thumbnail":["https:\/\/la-sincere.ee\/wp-content\/uploads\/2023\/08\/IMAGE-2023-08-28-150323-150x150.jpg",150,150,true],"medium":["https:\/\/la-sincere.ee\/wp-content\/uploads\/2023\/08\/IMAGE-2023-08-28-150323-112x300.jpg",112,300,true],"medium_large":["https:\/\/la-sincere.ee\/wp-content\/uploads\/2023\/08\/IMAGE-2023-08-28-150323.jpg",319,852,false],"large":["https:\/\/la-sincere.ee\/wp-content\/uploads\/2023\/08\/IMAGE-2023-08-28-150323.jpg",319,852,false],"1536x1536":["https:\/\/la-sincere.ee\/wp-content\/uploads\/2023\/08\/IMAGE-2023-08-28-150323.jpg",319,852,false],"2048x2048":["https:\/\/la-sincere.ee\/wp-content\/uploads\/2023\/08\/IMAGE-2023-08-28-150323.jpg",319,852,false],"trp-custom-language-flag":["https:\/\/la-sincere.ee\/wp-content\/uploads\/2023\/08\/IMAGE-2023-08-28-150323-4x12.jpg",4,12,true],"mailpoet_newsletter_max":["https:\/\/la-sincere.ee\/wp-content\/uploads\/2023\/08\/IMAGE-2023-08-28-150323.jpg",319,852,false],"woocommerce_thumbnail":["https:\/\/la-sincere.ee\/wp-content\/uploads\/2023\/08\/IMAGE-2023-08-28-150323.jpg",319,852,false],"woocommerce_single":["https:\/\/la-sincere.ee\/wp-content\/uploads\/2023\/08\/IMAGE-2023-08-28-150323.jpg",319,852,false],"woocommerce_gallery_thumbnail":["https:\/\/la-sincere.ee\/wp-content\/uploads\/2023\/08\/IMAGE-2023-08-28-150323-100x100.jpg",100,100,true]},"uagb_author_info":{"display_name":"Anzela","author_link":"https:\/\/la-sincere.ee\/et\/author\/"},"uagb_comment_info":0,"uagb_excerpt":"Cleansing Gel \u2014 \u041e\u0447\u0438\u0449\u0430\u044e\u0449\u0438\u0439 \u0433\u0435\u043b\u044c \u0434\u043b\u044f \u0432\u0441\u0435\u0445 \u0442\u0438\u043f\u043e\u0432 \u043a\u043e\u0436\u0438, 200 \u043c\u043b.","_links":{"self":[{"href":"https:\/\/la-sincere.ee\/et\/wp-json\/wp\/v2\/product\/2326","targetHints":{"allow":["GET"]}}],"collection":[{"href":"https:\/\/la-sincere.ee\/et\/wp-json\/wp\/v2\/product"}],"about":[{"href":"https:\/\/la-sincere.ee\/et\/wp-json\/wp\/v2\/types\/product"}],"wp:featuredmedia":[{"embeddable":true,"href":"https:\/\/la-sincere.ee\/et\/wp-json\/wp\/v2\/media\/893"}],"wp:attachment":[{"href":"https:\/\/la-sincere.ee\/et\/wp-json\/wp\/v2\/media?parent=2326"}],"wp:term":[{"taxonomy":"product_brand","embeddable":true,"href":"https:\/\/la-sincere.ee\/et\/wp-json\/wp\/v2\/product_brand?post=2326"},{"taxonomy":"product_cat","embeddable":true,"href":"https:\/\/la-sincere.ee\/et\/wp-json\/wp\/v2\/product_cat?post=2326"},{"taxonomy":"product_tag","embeddable":true,"href":"https:\/\/la-sincere.ee\/et\/wp-json\/wp\/v2\/product_tag?post=2326"}],"curies":[{"name":"wp","href":"https:\/\/api.w.org\/{rel}","templated":true}]}}