{"id":2323,"date":"2025-11-07T06:18:21","date_gmt":"2025-11-07T06:18:21","guid":{"rendered":"https:\/\/la-sincere.ee\/?post_type=product&#038;p=2323"},"modified":"2025-11-24T12:26:15","modified_gmt":"2025-11-24T12:26:15","slug":"clean-mild-puhastusseep-normaalsele-rasusele-nahale-100-gr","status":"publish","type":"product","link":"https:\/\/la-sincere.ee\/et\/toode\/clean-mild-puhastusseep-normaalsele-rasusele-nahale-100-gr\/","title":{"rendered":"PUHAS JA \u00d5RN \u2014 PUHASTUSSEEP RASUSE NAHA TASAKAALU TAASISTAMISEKS. 100 GR"},"content":{"rendered":"<p class=\"translation-block\">\u00d5rnim puhastuvaht, ebatraditsioonilise kujuga, puhastab s\u00fcgavalt rasust ja probleemset nahka pindmisest mustusest ja meigist.<br>\n\n\u2013\u00a0Puhastab intensiivselt poore.<br>\n\n\u2013\u00a0Reguleerib ja normaliseerib rasun\u00e4\u00e4rmete t\u00f6\u00f6d.<br>\n\n\u2013\u00a0On p\u00f5letikuvastaste ja antibakteriaalsete toimetega.<br>\n\n\u2013\u00a0Kitsendab poore.<br>\n\nP\u00f5hilised koostisosad:\u00a0sahharoos, taimne gl\u00fctserool, koralltolm, sidruni-, takja-, salvei-, seebilille-, mungalille-, luuderohu ekstraktid.\u00a0<br>\n\nKasutusjuhend:\u00a0hommikul ja \u00f5htul. Moodustada vaht pintsli v\u00f5i k\u00e4te abil. Kanda n\u00e4onahale, maseerida kergelt ja pesta maha sooja veega.<\/p>","protected":false},"excerpt":{"rendered":"<p>Clean Mild G \u2013 puhastav seep rasuse naha tasakaalu taastamiseks, 100 g.<\/p>","protected":false},"featured_media":891,"template":"","meta":{"_uag_custom_page_level_css":""},"product_brand":[23],"product_cat":[34],"product_tag":[],"class_list":{"0":"post-2323","1":"product","2":"type-product","3":"status-publish","4":"has-post-thumbnail","6":"product_brand-la-sincia","7":"product_cat-uhod-za-kozhej","9":"first","10":"instock","11":"taxable","12":"shipping-taxable","13":"purchasable","14":"product-type-simple"},"uagb_featured_image_src":{"full":["https:\/\/la-sincere.ee\/wp-content\/uploads\/2023\/08\/IMAGE-2023-08-28-150137.jpg",685,810,false],"thumbnail":["https:\/\/la-sincere.ee\/wp-content\/uploads\/2023\/08\/IMAGE-2023-08-28-150137-150x150.jpg",150,150,true],"medium":["https:\/\/la-sincere.ee\/wp-content\/uploads\/2023\/08\/IMAGE-2023-08-28-150137-254x300.jpg",254,300,true],"medium_large":["https:\/\/la-sincere.ee\/wp-content\/uploads\/2023\/08\/IMAGE-2023-08-28-150137.jpg",685,810,false],"large":["https:\/\/la-sincere.ee\/wp-content\/uploads\/2023\/08\/IMAGE-2023-08-28-150137.jpg",685,810,false],"1536x1536":["https:\/\/la-sincere.ee\/wp-content\/uploads\/2023\/08\/IMAGE-2023-08-28-150137.jpg",685,810,false],"2048x2048":["https:\/\/la-sincere.ee\/wp-content\/uploads\/2023\/08\/IMAGE-2023-08-28-150137.jpg",685,810,false],"trp-custom-language-flag":["https:\/\/la-sincere.ee\/wp-content\/uploads\/2023\/08\/IMAGE-2023-08-28-150137-10x12.jpg",10,12,true],"mailpoet_newsletter_max":["https:\/\/la-sincere.ee\/wp-content\/uploads\/2023\/08\/IMAGE-2023-08-28-150137.jpg",685,810,false],"woocommerce_thumbnail":["https:\/\/la-sincere.ee\/wp-content\/uploads\/2023\/08\/IMAGE-2023-08-28-150137-324x383.jpg",324,383,true],"woocommerce_single":["https:\/\/la-sincere.ee\/wp-content\/uploads\/2023\/08\/IMAGE-2023-08-28-150137-416x492.jpg",416,492,true],"woocommerce_gallery_thumbnail":["https:\/\/la-sincere.ee\/wp-content\/uploads\/2023\/08\/IMAGE-2023-08-28-150137-100x100.jpg",100,100,true]},"uagb_author_info":{"display_name":"Anzela","author_link":"https:\/\/la-sincere.ee\/et\/author\/"},"uagb_comment_info":0,"uagb_excerpt":"Clean Mild G \u2013 \u043e\u0447\u0438\u0449\u0430\u044e\u0449\u0435\u0435 \u043c\u044b\u043b\u043e \u0434\u043b\u044f \u0432\u043e\u0441\u0441\u0442\u0430\u043d\u043e\u0432\u043b\u0435\u043d\u0438\u044f \u0431\u0430\u043b\u0430\u043d\u0441\u0430 \u0436\u0438\u0440\u043d\u043e\u0439 \u043a\u043e\u0436\u0438,\u00a0100 \u0433\u0440.","_links":{"self":[{"href":"https:\/\/la-sincere.ee\/et\/wp-json\/wp\/v2\/product\/2323","targetHints":{"allow":["GET"]}}],"collection":[{"href":"https:\/\/la-sincere.ee\/et\/wp-json\/wp\/v2\/product"}],"about":[{"href":"https:\/\/la-sincere.ee\/et\/wp-json\/wp\/v2\/types\/product"}],"wp:featuredmedia":[{"embeddable":true,"href":"https:\/\/la-sincere.ee\/et\/wp-json\/wp\/v2\/media\/891"}],"wp:attachment":[{"href":"https:\/\/la-sincere.ee\/et\/wp-json\/wp\/v2\/media?parent=2323"}],"wp:term":[{"taxonomy":"product_brand","embeddable":true,"href":"https:\/\/la-sincere.ee\/et\/wp-json\/wp\/v2\/product_brand?post=2323"},{"taxonomy":"product_cat","embeddable":true,"href":"https:\/\/la-sincere.ee\/et\/wp-json\/wp\/v2\/product_cat?post=2323"},{"taxonomy":"product_tag","embeddable":true,"href":"https:\/\/la-sincere.ee\/et\/wp-json\/wp\/v2\/product_tag?post=2323"}],"curies":[{"name":"wp","href":"https:\/\/api.w.org\/{rel}","templated":true}]}}