{"id":2321,"date":"2025-11-07T06:14:39","date_gmt":"2025-11-07T06:14:39","guid":{"rendered":"https:\/\/la-sincere.ee\/?post_type=product&#038;p=2321"},"modified":"2025-11-24T12:27:12","modified_gmt":"2025-11-24T12:27:12","slug":"texture-peel-niisutusefektiga-koorimine-150-ml","status":"publish","type":"product","link":"https:\/\/la-sincere.ee\/et\/toode\/texture-peel-niisutusefektiga-koorimine-150-ml\/","title":{"rendered":"Texture Peel on niisutav kooriv kreem k\u00f5ikidele nahat\u00fc\u00fcpidele. 150 ml"},"content":{"rendered":"<p class=\"translation-block\">Innovaatiline\u00a0preparaat on m\u00f5eldud naha s\u00fcgavamaks puhastuseks kodustes tingimustes. Sobib isegi v\u00e4ga tundlikule nahale!<br>\n\n\u2013\u00a0Uuendab ja puhastab s\u00fcgavalt poore.<br>\n\n\u2013\u00a0On valgendava ja niisutava toimega.<br>\n\n\u2013\u00a0Eemaldab mustuse ja \u00fcleliigse pindmise keratiini.<br>\n\n\u2013\u00a0Loob sileda, pehme ja siidise naha.<br>\n\n\u2013\u00a0Kitsendab poore.<br>\n\nP\u00f5hilised koostisosad:\u00a0taimne gl\u00fctserool, keramiidid, valge mooruspuu-, magusjuure ekstraktid, h\u00fcaluroonhape, C-, E-, B12 vitamiinid, kaltsiumkloriid.<br>\n\nKasutusjuhend:\u00a0kanda v\u00e4ike kogus toodet n\u00e4o- ja kaelanahale, seej\u00e4rel masserida kergete ringjaste liigutustega abrasiivosakeste moodustumiseni. Pesta maha sooja veega. Kasutada 2-3 korda n\u00e4dalas.<\/p>","protected":false},"excerpt":{"rendered":"<p>Texture Peel \u2013 niisutav koorija k\u00f5ikidele nahat\u00fc\u00fcpidele, 150 ml.<\/p>","protected":false},"featured_media":890,"template":"","meta":{"_uag_custom_page_level_css":""},"product_brand":[23],"product_cat":[34],"product_tag":[],"class_list":{"0":"post-2321","1":"product","2":"type-product","3":"status-publish","4":"has-post-thumbnail","6":"product_brand-la-sincia","7":"product_cat-uhod-za-kozhej","9":"first","10":"instock","11":"taxable","12":"shipping-taxable","13":"purchasable","14":"product-type-simple"},"uagb_featured_image_src":{"full":["https:\/\/la-sincere.ee\/wp-content\/uploads\/2023\/08\/IMAGE-2023-08-28-150104.jpg",298,848,false],"thumbnail":["https:\/\/la-sincere.ee\/wp-content\/uploads\/2023\/08\/IMAGE-2023-08-28-150104-150x150.jpg",150,150,true],"medium":["https:\/\/la-sincere.ee\/wp-content\/uploads\/2023\/08\/IMAGE-2023-08-28-150104-105x300.jpg",105,300,true],"medium_large":["https:\/\/la-sincere.ee\/wp-content\/uploads\/2023\/08\/IMAGE-2023-08-28-150104.jpg",298,848,false],"large":["https:\/\/la-sincere.ee\/wp-content\/uploads\/2023\/08\/IMAGE-2023-08-28-150104.jpg",298,848,false],"1536x1536":["https:\/\/la-sincere.ee\/wp-content\/uploads\/2023\/08\/IMAGE-2023-08-28-150104.jpg",298,848,false],"2048x2048":["https:\/\/la-sincere.ee\/wp-content\/uploads\/2023\/08\/IMAGE-2023-08-28-150104.jpg",298,848,false],"trp-custom-language-flag":["https:\/\/la-sincere.ee\/wp-content\/uploads\/2023\/08\/IMAGE-2023-08-28-150104-4x12.jpg",4,12,true],"mailpoet_newsletter_max":["https:\/\/la-sincere.ee\/wp-content\/uploads\/2023\/08\/IMAGE-2023-08-28-150104.jpg",298,848,false],"woocommerce_thumbnail":["https:\/\/la-sincere.ee\/wp-content\/uploads\/2023\/08\/IMAGE-2023-08-28-150104.jpg",298,848,false],"woocommerce_single":["https:\/\/la-sincere.ee\/wp-content\/uploads\/2023\/08\/IMAGE-2023-08-28-150104.jpg",298,848,false],"woocommerce_gallery_thumbnail":["https:\/\/la-sincere.ee\/wp-content\/uploads\/2023\/08\/IMAGE-2023-08-28-150104-100x100.jpg",100,100,true]},"uagb_author_info":{"display_name":"Anzela","author_link":"https:\/\/la-sincere.ee\/et\/author\/"},"uagb_comment_info":0,"uagb_excerpt":"Texture Peel \u2013 \u0423\u0432\u043b\u0430\u0436\u043d\u044f\u044e\u0449\u0438\u0439 \u043f\u0438\u043b\u0438\u043d\u0433 \u0434\u043b\u044f \u0432\u0441\u0435\u0445 \u0442\u0438\u043f\u043e\u0432 \u043a\u043e\u0436\u0438, 150 \u043c\u043b.","_links":{"self":[{"href":"https:\/\/la-sincere.ee\/et\/wp-json\/wp\/v2\/product\/2321","targetHints":{"allow":["GET"]}}],"collection":[{"href":"https:\/\/la-sincere.ee\/et\/wp-json\/wp\/v2\/product"}],"about":[{"href":"https:\/\/la-sincere.ee\/et\/wp-json\/wp\/v2\/types\/product"}],"wp:featuredmedia":[{"embeddable":true,"href":"https:\/\/la-sincere.ee\/et\/wp-json\/wp\/v2\/media\/890"}],"wp:attachment":[{"href":"https:\/\/la-sincere.ee\/et\/wp-json\/wp\/v2\/media?parent=2321"}],"wp:term":[{"taxonomy":"product_brand","embeddable":true,"href":"https:\/\/la-sincere.ee\/et\/wp-json\/wp\/v2\/product_brand?post=2321"},{"taxonomy":"product_cat","embeddable":true,"href":"https:\/\/la-sincere.ee\/et\/wp-json\/wp\/v2\/product_cat?post=2321"},{"taxonomy":"product_tag","embeddable":true,"href":"https:\/\/la-sincere.ee\/et\/wp-json\/wp\/v2\/product_tag?post=2321"}],"curies":[{"name":"wp","href":"https:\/\/api.w.org\/{rel}","templated":true}]}}