{"id":2320,"date":"2025-11-07T06:08:20","date_gmt":"2025-11-07T06:08:20","guid":{"rendered":"https:\/\/la-sincere.ee\/?post_type=product&#038;p=2320"},"modified":"2025-11-24T12:28:12","modified_gmt":"2025-11-24T12:28:12","slug":"essence-lotion-w","status":"publish","type":"product","link":"https:\/\/la-sincere.ee\/et\/toode\/essence-lotion-w\/","title":{"rendered":"ESSENCE LOTION \"W\" \u2014 TOONIK RASUSELE NAHALE. 180 ml"},"content":{"rendered":"<p class=\"translation-block\">Losjoonil on tugev antibakteriaalne ja p\u00f5letikuvastane toime. Parandab ja rahustab \u00e4rritunud nahka. \u00dchendab toniseerivat ja niisutavat toimeid. On v\u00f5imalik kasutada akne korral.<br>\n\n\u2013\u00a0On antibakteriaalse ja p\u00f5letikuvastase aktiivsusega.<br>\n\n\u2013\u00a0V\u00f5tab maha \u00e4rrituse ja kiirendab regenereerimisprotsessi.<br>\n\n\u2013\u00a0\u00dchtlustab naha pinda, v\u00f5itleb j\u00e4\u00e4klaikude ja postaknega.<br>\n\n\u2013\u00a0Niisutab ja toniseerib.<br>\n\nP\u00f5hilised koostisosad:\u00a0betaiin, sorbitool, meresool, l\u00fcsoletsitiin, h\u00fcaluroonhape, aminohapped, kummeli-, lehise-, magusjuure ekstraktid, C-vitamiin, kollageen, tserebrosiidid.<br>\n\nKasutusjuhend:\u00a0kasutada hommikul ja \u00f5htul p\u00e4rast puhastust. Kanda v\u00e4ike kogus toodet n\u00e4ole, kaelale ja dekoltee piirkonnale.<\/p>","protected":false},"excerpt":{"rendered":"<p>Essence Lotion W \u2014 Toonik rasusele nahale. 180 ml<\/p>","protected":false},"featured_media":889,"template":"","meta":{"_uag_custom_page_level_css":""},"product_brand":[23],"product_cat":[34],"product_tag":[],"class_list":{"0":"post-2320","1":"product","2":"type-product","3":"status-publish","4":"has-post-thumbnail","6":"product_brand-la-sincia","7":"product_cat-uhod-za-kozhej","9":"first","10":"instock","11":"taxable","12":"shipping-taxable","13":"purchasable","14":"product-type-simple"},"uagb_featured_image_src":{"full":["https:\/\/la-sincere.ee\/wp-content\/uploads\/2023\/08\/IMAGE-2023-08-28-150028.jpg",262,850,false],"thumbnail":["https:\/\/la-sincere.ee\/wp-content\/uploads\/2023\/08\/IMAGE-2023-08-28-150028-150x150.jpg",150,150,true],"medium":["https:\/\/la-sincere.ee\/wp-content\/uploads\/2023\/08\/IMAGE-2023-08-28-150028-92x300.jpg",92,300,true],"medium_large":["https:\/\/la-sincere.ee\/wp-content\/uploads\/2023\/08\/IMAGE-2023-08-28-150028.jpg",262,850,false],"large":["https:\/\/la-sincere.ee\/wp-content\/uploads\/2023\/08\/IMAGE-2023-08-28-150028.jpg",262,850,false],"1536x1536":["https:\/\/la-sincere.ee\/wp-content\/uploads\/2023\/08\/IMAGE-2023-08-28-150028.jpg",262,850,false],"2048x2048":["https:\/\/la-sincere.ee\/wp-content\/uploads\/2023\/08\/IMAGE-2023-08-28-150028.jpg",262,850,false],"trp-custom-language-flag":["https:\/\/la-sincere.ee\/wp-content\/uploads\/2023\/08\/IMAGE-2023-08-28-150028-4x12.jpg",4,12,true],"mailpoet_newsletter_max":["https:\/\/la-sincere.ee\/wp-content\/uploads\/2023\/08\/IMAGE-2023-08-28-150028.jpg",262,850,false],"woocommerce_thumbnail":["https:\/\/la-sincere.ee\/wp-content\/uploads\/2023\/08\/IMAGE-2023-08-28-150028.jpg",262,850,false],"woocommerce_single":["https:\/\/la-sincere.ee\/wp-content\/uploads\/2023\/08\/IMAGE-2023-08-28-150028.jpg",262,850,false],"woocommerce_gallery_thumbnail":["https:\/\/la-sincere.ee\/wp-content\/uploads\/2023\/08\/IMAGE-2023-08-28-150028-100x100.jpg",100,100,true]},"uagb_author_info":{"display_name":"Anzela","author_link":"https:\/\/la-sincere.ee\/et\/author\/"},"uagb_comment_info":0,"uagb_excerpt":"Essence Lotion W \u2014 \u0422\u043e\u043d\u0438\u043a \u0434\u043b\u044f \u0436\u0438\u0440\u043d\u043e\u0439 \u043a\u043e\u0436\u0438. 180 \u043c\u043b","_links":{"self":[{"href":"https:\/\/la-sincere.ee\/et\/wp-json\/wp\/v2\/product\/2320","targetHints":{"allow":["GET"]}}],"collection":[{"href":"https:\/\/la-sincere.ee\/et\/wp-json\/wp\/v2\/product"}],"about":[{"href":"https:\/\/la-sincere.ee\/et\/wp-json\/wp\/v2\/types\/product"}],"wp:featuredmedia":[{"embeddable":true,"href":"https:\/\/la-sincere.ee\/et\/wp-json\/wp\/v2\/media\/889"}],"wp:attachment":[{"href":"https:\/\/la-sincere.ee\/et\/wp-json\/wp\/v2\/media?parent=2320"}],"wp:term":[{"taxonomy":"product_brand","embeddable":true,"href":"https:\/\/la-sincere.ee\/et\/wp-json\/wp\/v2\/product_brand?post=2320"},{"taxonomy":"product_cat","embeddable":true,"href":"https:\/\/la-sincere.ee\/et\/wp-json\/wp\/v2\/product_cat?post=2320"},{"taxonomy":"product_tag","embeddable":true,"href":"https:\/\/la-sincere.ee\/et\/wp-json\/wp\/v2\/product_tag?post=2320"}],"curies":[{"name":"wp","href":"https:\/\/api.w.org\/{rel}","templated":true}]}}