{"id":2319,"date":"2025-11-07T06:05:40","date_gmt":"2025-11-07T06:05:40","guid":{"rendered":"https:\/\/la-sincere.ee\/?post_type=product&#038;p=2319"},"modified":"2025-11-24T12:30:06","modified_gmt":"2025-11-24T12:30:06","slug":"essence-lotion-r-losjoon-kuivale-nahale-180-ml","status":"publish","type":"product","link":"https:\/\/la-sincere.ee\/et\/toode\/essence-lotion-r-losjoon-kuivale-nahale-180-ml\/","title":{"rendered":"ESSENCE LOTION \"R\" \u2014 TOONIKLOTSIOON KUIVALE JA TUNDLIKULE NAHALE. 180 ML"},"content":{"rendered":"<p class=\"translation-block\">Losjoon toidab naharakke, normaliseerib pH-taset, toniseerib ja niisutab.<br>\n\n\u2013\u00a0Pehmendab ja niisutab kuiva, \u00f5hukest ja \u00e4rritustele kalduvat nahka.<br>\n\n\u2013\u00a0Lisab nahale prinksust, aeglustab selle vananemisprotsesse.<br>\n\n\u2013\u00a0Hoiab kinni vett, v\u00e4rskendab ja kingib mugavustunde.<br>\n\n\u2013\u00a0Loob lisa h\u00fcdrolipiidset kaitsekihti.<br>\n\nP\u00f5hilised koostisosad:\u00a0letsitiin, l\u00fcsoletsitiin, madalmolekulaarne h\u00fcaluroonhape, aminohapped, E-vitamiin, magusjuure ekstrakt, tserebrosiidid, lehise ekstrakt, ubikinoon, kollageen.<br>\n\nKasutusjuhend:\u00a0kasutada hommikul ja \u00f5htul p\u00e4rast puhastust. Kanda v\u00e4ike kogus toodet n\u00e4ole, kaelale ja dekoltee piirkonnale.<\/p>","protected":false},"excerpt":{"rendered":"<p>La Sincia Essence Lotion R \u2014 Tooniklosjoon kuivale ja tundlikule nahale. 180 ml<\/p>","protected":false},"featured_media":889,"template":"","meta":{"_uag_custom_page_level_css":""},"product_brand":[23],"product_cat":[34],"product_tag":[],"class_list":{"0":"post-2319","1":"product","2":"type-product","3":"status-publish","4":"has-post-thumbnail","6":"product_brand-la-sincia","7":"product_cat-uhod-za-kozhej","9":"first","10":"instock","11":"taxable","12":"shipping-taxable","13":"purchasable","14":"product-type-simple"},"uagb_featured_image_src":{"full":["https:\/\/la-sincere.ee\/wp-content\/uploads\/2023\/08\/IMAGE-2023-08-28-150028.jpg",262,850,false],"thumbnail":["https:\/\/la-sincere.ee\/wp-content\/uploads\/2023\/08\/IMAGE-2023-08-28-150028-150x150.jpg",150,150,true],"medium":["https:\/\/la-sincere.ee\/wp-content\/uploads\/2023\/08\/IMAGE-2023-08-28-150028-92x300.jpg",92,300,true],"medium_large":["https:\/\/la-sincere.ee\/wp-content\/uploads\/2023\/08\/IMAGE-2023-08-28-150028.jpg",262,850,false],"large":["https:\/\/la-sincere.ee\/wp-content\/uploads\/2023\/08\/IMAGE-2023-08-28-150028.jpg",262,850,false],"1536x1536":["https:\/\/la-sincere.ee\/wp-content\/uploads\/2023\/08\/IMAGE-2023-08-28-150028.jpg",262,850,false],"2048x2048":["https:\/\/la-sincere.ee\/wp-content\/uploads\/2023\/08\/IMAGE-2023-08-28-150028.jpg",262,850,false],"trp-custom-language-flag":["https:\/\/la-sincere.ee\/wp-content\/uploads\/2023\/08\/IMAGE-2023-08-28-150028-4x12.jpg",4,12,true],"mailpoet_newsletter_max":["https:\/\/la-sincere.ee\/wp-content\/uploads\/2023\/08\/IMAGE-2023-08-28-150028.jpg",262,850,false],"woocommerce_thumbnail":["https:\/\/la-sincere.ee\/wp-content\/uploads\/2023\/08\/IMAGE-2023-08-28-150028.jpg",262,850,false],"woocommerce_single":["https:\/\/la-sincere.ee\/wp-content\/uploads\/2023\/08\/IMAGE-2023-08-28-150028.jpg",262,850,false],"woocommerce_gallery_thumbnail":["https:\/\/la-sincere.ee\/wp-content\/uploads\/2023\/08\/IMAGE-2023-08-28-150028-100x100.jpg",100,100,true]},"uagb_author_info":{"display_name":"Anzela","author_link":"https:\/\/la-sincere.ee\/et\/author\/"},"uagb_comment_info":0,"uagb_excerpt":"La Sincia Essence Lotion R \u2014 \u041b\u043e\u0441\u044c\u043e\u043d-\u0442\u043e\u043d\u0438\u043a \u0434\u043b\u044f \u0441\u0443\u0445\u043e\u0439 \u0438 \u0447\u0443\u0432\u0441\u0442\u0432\u0438\u0442\u0435\u043b\u044c\u043d\u043e\u0439 \u043a\u043e\u0436\u0438 \u043b\u0438\u0446\u0430. 180 \u043c\u043b","_links":{"self":[{"href":"https:\/\/la-sincere.ee\/et\/wp-json\/wp\/v2\/product\/2319","targetHints":{"allow":["GET"]}}],"collection":[{"href":"https:\/\/la-sincere.ee\/et\/wp-json\/wp\/v2\/product"}],"about":[{"href":"https:\/\/la-sincere.ee\/et\/wp-json\/wp\/v2\/types\/product"}],"wp:featuredmedia":[{"embeddable":true,"href":"https:\/\/la-sincere.ee\/et\/wp-json\/wp\/v2\/media\/889"}],"wp:attachment":[{"href":"https:\/\/la-sincere.ee\/et\/wp-json\/wp\/v2\/media?parent=2319"}],"wp:term":[{"taxonomy":"product_brand","embeddable":true,"href":"https:\/\/la-sincere.ee\/et\/wp-json\/wp\/v2\/product_brand?post=2319"},{"taxonomy":"product_cat","embeddable":true,"href":"https:\/\/la-sincere.ee\/et\/wp-json\/wp\/v2\/product_cat?post=2319"},{"taxonomy":"product_tag","embeddable":true,"href":"https:\/\/la-sincere.ee\/et\/wp-json\/wp\/v2\/product_tag?post=2319"}],"curies":[{"name":"wp","href":"https:\/\/api.w.org\/{rel}","templated":true}]}}