{"id":2317,"date":"2025-11-07T05:38:39","date_gmt":"2025-11-07T05:38:39","guid":{"rendered":"https:\/\/la-sincere.ee\/?post_type=product&#038;p=2317"},"modified":"2025-11-24T12:32:19","modified_gmt":"2025-11-24T12:32:19","slug":"wrincle-essence-ex-essents-nartsivale-nahale-30-ml","status":"publish","type":"product","link":"https:\/\/la-sincere.ee\/et\/toode\/wrincle-essence-ex-essents-nartsivale-nahale-30-ml\/","title":{"rendered":"KORTSUDEVASTANE ESSENTS (EX) \u2014 ESSENTS VANANEVALE NAHALE. 30 ML"},"content":{"rendered":"<p class=\"translation-block\">T\u00e4nu unikaalsele kollageeni, h\u00fcaluroonhappe ja ubikinooni kooslusele, on essents innovaatiliseks lahenduseks naha\u00a0 bioloogilise vananemise ja n\u00e4rbumise probleemidele.<br>\n\n\u2013\u00a0Taastab kollageeni ja elastiini s\u00fcnteesi.<br>\n\n\u2013\u00a0Niisutab aktiivselt, toidab, tooniseerib ja pinguldab, silub kortse.<br>\n\n\u2013\u00a0Takistab transepidermaalset vee kaotust.<br>\n\n\u2013\u00a0Aktiviseerib vahetusprotsesse.<br>\n\nP\u00f5hilised koostisosad:\u00a0damaskuse roosi vesi, gl\u00fctserool, arginiin, trehhaloosi gl\u00fckosiil, l\u00fcsoletsitiin, h\u00fcaluroonhape, p\u00f5isadru ekstrakt, E-vitamiin, kummeli-, lehise-, krookuse ekstraktid, ubikinoon.<br>\n\nKasutusjuhend:\u00a0\u00a0hommikul ja\/v\u00f5i \u00f5htul kanda v\u00e4ike kogus toodet n\u00e4ole, kaelale ja dekoltee piirkonnale. Kasutatakse iseseisva tootena v\u00f5i kreemi alusena.<\/p>","protected":false},"excerpt":{"rendered":"<p>WRINCLE ESSENCE (EX) \u2014 Essents vananevale nahale. 30 ml<\/p>","protected":false},"featured_media":884,"template":"","meta":{"_uag_custom_page_level_css":""},"product_brand":[23],"product_cat":[34],"product_tag":[],"class_list":{"0":"post-2317","1":"product","2":"type-product","3":"status-publish","4":"has-post-thumbnail","6":"product_brand-la-sincia","7":"product_cat-34","9":"first","10":"instock","11":"taxable","12":"shipping-taxable","13":"purchasable","14":"product-type-simple"},"uagb_featured_image_src":{"full":["https:\/\/la-sincere.ee\/wp-content\/uploads\/2023\/08\/IMAGE-2023-08-28-145717-e1720109691843.jpg",202,724,false],"thumbnail":["https:\/\/la-sincere.ee\/wp-content\/uploads\/2023\/08\/IMAGE-2023-08-28-145717-e1720109691843-150x150.jpg",150,150,true],"medium":["https:\/\/la-sincere.ee\/wp-content\/uploads\/2023\/08\/IMAGE-2023-08-28-145717-e1720109691843-84x300.jpg",84,300,true],"medium_large":["https:\/\/la-sincere.ee\/wp-content\/uploads\/2023\/08\/IMAGE-2023-08-28-145717-e1720109691843.jpg",202,724,false],"large":["https:\/\/la-sincere.ee\/wp-content\/uploads\/2023\/08\/IMAGE-2023-08-28-145717-258x1024.jpg",258,1024,true],"1536x1536":["https:\/\/la-sincere.ee\/wp-content\/uploads\/2023\/08\/IMAGE-2023-08-28-145717-e1720109691843.jpg",202,724,false],"2048x2048":["https:\/\/la-sincere.ee\/wp-content\/uploads\/2023\/08\/IMAGE-2023-08-28-145717-e1720109691843.jpg",202,724,false],"trp-custom-language-flag":["https:\/\/la-sincere.ee\/wp-content\/uploads\/2023\/08\/IMAGE-2023-08-28-145717-e1720109691843-3x12.jpg",3,12,true],"mailpoet_newsletter_max":["https:\/\/la-sincere.ee\/wp-content\/uploads\/2023\/08\/IMAGE-2023-08-28-145717-e1720109691843.jpg",202,724,false],"woocommerce_thumbnail":["https:\/\/la-sincere.ee\/wp-content\/uploads\/2023\/08\/IMAGE-2023-08-28-145717-e1720109691843.jpg",202,724,false],"woocommerce_single":["https:\/\/la-sincere.ee\/wp-content\/uploads\/2023\/08\/IMAGE-2023-08-28-145717-e1720109691843.jpg",202,724,false],"woocommerce_gallery_thumbnail":["https:\/\/la-sincere.ee\/wp-content\/uploads\/2023\/08\/IMAGE-2023-08-28-145717-e1720109691843-100x100.jpg",100,100,true]},"uagb_author_info":{"display_name":"Anzela","author_link":"https:\/\/la-sincere.ee\/et\/author\/"},"uagb_comment_info":0,"uagb_excerpt":"WRINCLE ESSENCE (EX) \u2014 \u042d\u0441\u0441\u0435\u043d\u0446\u0438\u044f \u0434\u043b\u044f \u0443\u0432\u044f\u0434\u0430\u044e\u0449\u0435\u0439 \u043a\u043e\u0436\u0438. 30 \u043c\u043b","_links":{"self":[{"href":"https:\/\/la-sincere.ee\/et\/wp-json\/wp\/v2\/product\/2317","targetHints":{"allow":["GET"]}}],"collection":[{"href":"https:\/\/la-sincere.ee\/et\/wp-json\/wp\/v2\/product"}],"about":[{"href":"https:\/\/la-sincere.ee\/et\/wp-json\/wp\/v2\/types\/product"}],"wp:featuredmedia":[{"embeddable":true,"href":"https:\/\/la-sincere.ee\/et\/wp-json\/wp\/v2\/media\/884"}],"wp:attachment":[{"href":"https:\/\/la-sincere.ee\/et\/wp-json\/wp\/v2\/media?parent=2317"}],"wp:term":[{"taxonomy":"product_brand","embeddable":true,"href":"https:\/\/la-sincere.ee\/et\/wp-json\/wp\/v2\/product_brand?post=2317"},{"taxonomy":"product_cat","embeddable":true,"href":"https:\/\/la-sincere.ee\/et\/wp-json\/wp\/v2\/product_cat?post=2317"},{"taxonomy":"product_tag","embeddable":true,"href":"https:\/\/la-sincere.ee\/et\/wp-json\/wp\/v2\/product_tag?post=2317"}],"curies":[{"name":"wp","href":"https:\/\/api.w.org\/{rel}","templated":true}]}}