{"id":2308,"date":"2025-11-06T17:52:56","date_gmt":"2025-11-06T17:52:56","guid":{"rendered":"https:\/\/la-sincere.ee\/?post_type=product&#038;p=2308"},"modified":"2025-11-24T12:35:31","modified_gmt":"2025-11-24T12:35:31","slug":"clear-white-w-geel-rasusele-nahale-50-gr","status":"publish","type":"product","link":"https:\/\/la-sincere.ee\/et\/toode\/clear-white-w-geel-rasusele-nahale-50-gr\/","title":{"rendered":"CLEAR WHITE W \u2014 BIOGEEL NORMAALSELE\/RASUSELE NAHALE. 50 GR"},"content":{"rendered":"<p class=\"translation-block\">Geeli \u00f5rn tekstuur ja selle v\u00f5imekus tungida kiirelt ja s\u00fcgavalt naha kihtidesse, muudab selle ideaalseks preparaadiks rasuse naha teraapiaks.<br>\n\n\u2013\u00a0Normaliseerib rasun\u00e4\u00e4rmete t\u00f6\u00f6d, soodustab pooride kitsenemist.<br>\n\n\u2013\u00a0Taastab naharakkude energeetilist potentsiaali ja v\u00f5itleb vabade radikaalidega.<br>\n\n\u2013\u00a0Muudab naha matisemaks ja siidisemaks.<br>\n\n\u2013\u00a0Ennetab p\u00f5letikuliste elementide teket, m\u00f5judes antiseptikuna.<br>\n\nP\u00f5hilised koostisosad:\u00a0platsentaarne proteiin, arginiin, pullulan, p\u00f5isadru ekstrakt, l\u00fcsoletsitiin, magusjuure ekstrakt, p\u00e4rmi h\u00fcdrol\u00fcsaat, C-vitamiini derivaat, madalmolekulaarne h\u00fcaluroonhape, lehise-, kummeli ekstraktid, kollageen.<br>\n\nKasutusjuhend:\u00a0hommikul ja\/v\u00f5i \u00f5htul kanda puhastatud n\u00e4o- ja kaelanahale.<\/p>","protected":false},"excerpt":{"rendered":"<p>La Sincia Clear White (EX) W \u2014 Biogeel normaalsele\/rasusele nahale. 50 g<\/p>","protected":false},"featured_media":883,"template":"","meta":{"_uag_custom_page_level_css":""},"product_brand":[23],"product_cat":[34],"product_tag":[],"class_list":{"0":"post-2308","1":"product","2":"type-product","3":"status-publish","4":"has-post-thumbnail","6":"product_brand-la-sincia","7":"product_cat-uhod-za-kozhej","9":"first","10":"instock","11":"taxable","12":"shipping-taxable","13":"purchasable","14":"product-type-simple"},"uagb_featured_image_src":{"full":["https:\/\/la-sincere.ee\/wp-content\/uploads\/2023\/08\/IMAGE-2023-08-28-145645.jpg",332,677,false],"thumbnail":["https:\/\/la-sincere.ee\/wp-content\/uploads\/2023\/08\/IMAGE-2023-08-28-145645-150x150.jpg",150,150,true],"medium":["https:\/\/la-sincere.ee\/wp-content\/uploads\/2023\/08\/IMAGE-2023-08-28-145645-147x300.jpg",147,300,true],"medium_large":["https:\/\/la-sincere.ee\/wp-content\/uploads\/2023\/08\/IMAGE-2023-08-28-145645.jpg",332,677,false],"large":["https:\/\/la-sincere.ee\/wp-content\/uploads\/2023\/08\/IMAGE-2023-08-28-145645.jpg",332,677,false],"1536x1536":["https:\/\/la-sincere.ee\/wp-content\/uploads\/2023\/08\/IMAGE-2023-08-28-145645.jpg",332,677,false],"2048x2048":["https:\/\/la-sincere.ee\/wp-content\/uploads\/2023\/08\/IMAGE-2023-08-28-145645.jpg",332,677,false],"trp-custom-language-flag":["https:\/\/la-sincere.ee\/wp-content\/uploads\/2023\/08\/IMAGE-2023-08-28-145645-6x12.jpg",6,12,true],"mailpoet_newsletter_max":["https:\/\/la-sincere.ee\/wp-content\/uploads\/2023\/08\/IMAGE-2023-08-28-145645.jpg",332,677,false],"woocommerce_thumbnail":["https:\/\/la-sincere.ee\/wp-content\/uploads\/2023\/08\/IMAGE-2023-08-28-145645-324x661.jpg",324,661,true],"woocommerce_single":["https:\/\/la-sincere.ee\/wp-content\/uploads\/2023\/08\/IMAGE-2023-08-28-145645.jpg",332,677,false],"woocommerce_gallery_thumbnail":["https:\/\/la-sincere.ee\/wp-content\/uploads\/2023\/08\/IMAGE-2023-08-28-145645-100x100.jpg",100,100,true]},"uagb_author_info":{"display_name":"Anzela","author_link":"https:\/\/la-sincere.ee\/et\/author\/"},"uagb_comment_info":0,"uagb_excerpt":"La Sincia Clear White (EX) W \u2014 \u0411\u0438\u043e-\u0433\u0435\u043b\u044c \u0434\u043b\u044f \u043d\u043e\u0440\u043c\u0430\u043b\u044c\u043d\u043e\u0439 \/\u0436\u0438\u0440\u043d\u043e\u0439 \u043a\u043e\u0436\u0438. 50 \u0433\u0440","_links":{"self":[{"href":"https:\/\/la-sincere.ee\/et\/wp-json\/wp\/v2\/product\/2308","targetHints":{"allow":["GET"]}}],"collection":[{"href":"https:\/\/la-sincere.ee\/et\/wp-json\/wp\/v2\/product"}],"about":[{"href":"https:\/\/la-sincere.ee\/et\/wp-json\/wp\/v2\/types\/product"}],"wp:featuredmedia":[{"embeddable":true,"href":"https:\/\/la-sincere.ee\/et\/wp-json\/wp\/v2\/media\/883"}],"wp:attachment":[{"href":"https:\/\/la-sincere.ee\/et\/wp-json\/wp\/v2\/media?parent=2308"}],"wp:term":[{"taxonomy":"product_brand","embeddable":true,"href":"https:\/\/la-sincere.ee\/et\/wp-json\/wp\/v2\/product_brand?post=2308"},{"taxonomy":"product_cat","embeddable":true,"href":"https:\/\/la-sincere.ee\/et\/wp-json\/wp\/v2\/product_cat?post=2308"},{"taxonomy":"product_tag","embeddable":true,"href":"https:\/\/la-sincere.ee\/et\/wp-json\/wp\/v2\/product_tag?post=2308"}],"curies":[{"name":"wp","href":"https:\/\/api.w.org\/{rel}","templated":true}]}}