{"id":2305,"date":"2025-11-06T17:21:34","date_gmt":"2025-11-06T17:21:34","guid":{"rendered":"https:\/\/la-sincere.ee\/?post_type=product&#038;p=2305"},"modified":"2025-12-05T12:03:08","modified_gmt":"2025-12-05T12:03:08","slug":"clear-rich-r-geel-kuivale-nahale-50-gr","status":"publish","type":"product","link":"https:\/\/la-sincere.ee\/et\/toode\/clear-rich-r-geel-kuivale-nahale-50-gr\/","title":{"rendered":"CLEAR RICH R \u2014 BIOGEEL NORMAALSELE\/KUIVALE NAHALE. 50 GR"},"content":{"rendered":"<p class=\"translation-block\">Aktiivsete komponentide poolest rikkal geelil on \u00f5rn siidine tekstuur. Toidab, niisutab ja kaitseb nahka v\u00e4liskeskkonna ja vabade radikaalide kahjulike m\u00f5jude eest. Suurep\u00e4raselt tasakaalustatud koostisosad stabiliseerivad naharakkude funktsioonilist seisundit, ennetades selle enneaegset vananemist.<br>\n\n\u2013\u00a0Niisutab, pehmendab ja rahustab.<br>\n\n\u2013\u00a0Silub veetustunud naha tagaj\u00e4rjel tekkinud kortsude v\u00f5rgustikku, aktiviseerib naha enda kollageeni s\u00fcnteesi.<br>\n\n\u2013\u00a0Tugevdab naha loomulikku kaitset.<br>\n\nP\u00f5hilised koostisosad:\u00a0h\u00fcaluroonhape, arginiin, bisabolool, p\u00f5isadru-, magusjuure ekstraktid, l\u00fcsoletsitiin, madalmolekulaarne kollageen, riisi\u00f5li, kummeli-, siberi lehise ekstraktid, sfingolipiidid.<br>\n\nKasutusjuhend:\u00a0hommikul ja\/v\u00f5i \u00f5htul kanda puhastatud n\u00e4o- ja kaelanahale.<\/p>","protected":false},"excerpt":{"rendered":"<p>La Sincia Clear Rich R - Biogeel normaalsele\/kuivale nahale. 50 g<\/p>","protected":false},"featured_media":881,"template":"","meta":{"_uag_custom_page_level_css":""},"product_brand":[23],"product_cat":[34],"product_tag":[],"class_list":{"0":"post-2305","1":"product","2":"type-product","3":"status-publish","4":"has-post-thumbnail","6":"product_brand-la-sincia","7":"product_cat-34","9":"first","10":"instock","11":"taxable","12":"shipping-taxable","13":"purchasable","14":"product-type-simple"},"uagb_featured_image_src":{"full":["https:\/\/la-sincere.ee\/wp-content\/uploads\/2023\/08\/IMAGE-2023-08-28-145559.jpg",402,740,false],"thumbnail":["https:\/\/la-sincere.ee\/wp-content\/uploads\/2023\/08\/IMAGE-2023-08-28-145559-150x150.jpg",150,150,true],"medium":["https:\/\/la-sincere.ee\/wp-content\/uploads\/2023\/08\/IMAGE-2023-08-28-145559-163x300.jpg",163,300,true],"medium_large":["https:\/\/la-sincere.ee\/wp-content\/uploads\/2023\/08\/IMAGE-2023-08-28-145559.jpg",402,740,false],"large":["https:\/\/la-sincere.ee\/wp-content\/uploads\/2023\/08\/IMAGE-2023-08-28-145559.jpg",402,740,false],"1536x1536":["https:\/\/la-sincere.ee\/wp-content\/uploads\/2023\/08\/IMAGE-2023-08-28-145559.jpg",402,740,false],"2048x2048":["https:\/\/la-sincere.ee\/wp-content\/uploads\/2023\/08\/IMAGE-2023-08-28-145559.jpg",402,740,false],"trp-custom-language-flag":["https:\/\/la-sincere.ee\/wp-content\/uploads\/2023\/08\/IMAGE-2023-08-28-145559-7x12.jpg",7,12,true],"mailpoet_newsletter_max":["https:\/\/la-sincere.ee\/wp-content\/uploads\/2023\/08\/IMAGE-2023-08-28-145559.jpg",402,740,false],"woocommerce_thumbnail":["https:\/\/la-sincere.ee\/wp-content\/uploads\/2023\/08\/IMAGE-2023-08-28-145559-324x596.jpg",324,596,true],"woocommerce_single":["https:\/\/la-sincere.ee\/wp-content\/uploads\/2023\/08\/IMAGE-2023-08-28-145559.jpg",402,740,false],"woocommerce_gallery_thumbnail":["https:\/\/la-sincere.ee\/wp-content\/uploads\/2023\/08\/IMAGE-2023-08-28-145559-100x100.jpg",100,100,true]},"uagb_author_info":{"display_name":"Anzela","author_link":"https:\/\/la-sincere.ee\/et\/author\/"},"uagb_comment_info":0,"uagb_excerpt":"La Sincia Clear Rich R \u2014 \u0411\u0438\u043e-\u0433\u0435\u043b\u044c \u0434\u043b\u044f \u043d\u043e\u0440\u043c\u0430\u043b\u044c\u043d\u043e\u0439 \/ \u0441\u0443\u0445\u043e\u0439 \u043a\u043e\u0436\u0438. 50 \u0433\u0440","_links":{"self":[{"href":"https:\/\/la-sincere.ee\/et\/wp-json\/wp\/v2\/product\/2305","targetHints":{"allow":["GET"]}}],"collection":[{"href":"https:\/\/la-sincere.ee\/et\/wp-json\/wp\/v2\/product"}],"about":[{"href":"https:\/\/la-sincere.ee\/et\/wp-json\/wp\/v2\/types\/product"}],"wp:featuredmedia":[{"embeddable":true,"href":"https:\/\/la-sincere.ee\/et\/wp-json\/wp\/v2\/media\/881"}],"wp:attachment":[{"href":"https:\/\/la-sincere.ee\/et\/wp-json\/wp\/v2\/media?parent=2305"}],"wp:term":[{"taxonomy":"product_brand","embeddable":true,"href":"https:\/\/la-sincere.ee\/et\/wp-json\/wp\/v2\/product_brand?post=2305"},{"taxonomy":"product_cat","embeddable":true,"href":"https:\/\/la-sincere.ee\/et\/wp-json\/wp\/v2\/product_cat?post=2305"},{"taxonomy":"product_tag","embeddable":true,"href":"https:\/\/la-sincere.ee\/et\/wp-json\/wp\/v2\/product_tag?post=2305"}],"curies":[{"name":"wp","href":"https:\/\/api.w.org\/{rel}","templated":true}]}}