{"id":95,"date":"2023-08-24T13:45:48","date_gmt":"2023-08-24T13:45:48","guid":{"rendered":"https:\/\/la-sincere.ee\/?page_id=95"},"modified":"2024-01-18T12:50:30","modified_gmt":"2024-01-18T12:50:30","slug":"o-nas","status":"publish","type":"page","link":"https:\/\/la-sincere.ee\/et\/o-nas\/","title":{"rendered":"Meist"},"content":{"rendered":"<div style=\"height:17px\" aria-hidden=\"true\" class=\"wp-block-spacer\"><\/div>\n\n\n\n<p><strong>Miks just La Sincere? Siin on viis p\u00f5hjust, mis teevad selle br\u00e4ndi meie jaoks eriliseks:<\/strong><\/p>\n\n\n\n<div style=\"height:17px\" aria-hidden=\"true\" class=\"wp-block-spacer\"><\/div>\n\n\n<div class=\"wp-block-image\">\n<figure class=\"alignright size-full\"><img loading=\"lazy\" decoding=\"async\" width=\"212\" height=\"300\" src=\"https:\/\/la-sincere.ee\/wp-content\/uploads\/2023\/08\/Page2-1-212x300-1.jpg\" alt=\"\" class=\"wp-image-98\"\/><\/figure>\n<\/div>\n\n\n<ol class=\"wp-block-list\">\n<li class=\"translation-block\">Toote Unikaalsus ja Kvaliteet: Valisime La Sincere'i t\u00e4nu ainulaadsetele valemitele ja k\u00f5rgekvaliteedilistele toodetele, mille kvaliteeti ja ohutust kinnitab rahvusvaheline ISO sertifikaat. Jaapani innovaatiline kosmeetika v\u00f5imaldab meil pakkuda klientidele silmapaistvat toodet.<\/li>\n\n\n\n<li class=\"translation-block\">Traditsioonid ja Kultuuriv\u00e4\u00e4rtused: La Sincere suudab suurep\u00e4raselt v\u00e4ljendada Jaapani iluhoolduse rikkalikke traditsioone. Soovime edasi anda Jaapani kultuuri iluhoolduse aspekti meie klientidele Balti riikides ja Skandinaavias.<\/li>\n\n\n\n<li class=\"translation-block\">Toodete T\u00f5husus: Meie uuringud n\u00e4itavad, et La Sincere'i tooted on t\u00f5eliselt efektiivsed naha seisundi parandamisel. See oli oluline tegur meie valikul.<\/li>\n\n\n\n<li class=\"translation-block\">Ajalugu ja Br\u00e4ndi Identiteet: La Sincere pole lihtsalt br\u00e4nd, vaid ka lugu ja ainulaadne br\u00e4ndi identiteet, millele meie arvates meie sihtr\u00fchm Balti riikides ja Skandinaavias kindlasti reageerib.<\/li>\n\n\n\n<li class=\"translation-block\">Eksklusiivsed Jaotus\u00f5igused: S\u00f5lmides lepingu eksklusiivse levitamise kohta meie piirkondades, oleme strateegiliselt taganud endale turueelise. See v\u00f5imaldab meil pakkuda klientidele ainulaadset juurdep\u00e4\u00e4su La Sincere'i toodetele.<\/li>\n<\/ol>\n\n\n\n<div style=\"height:23px\" aria-hidden=\"true\" class=\"wp-block-spacer\"><\/div>\n\n\n<div class=\"wp-block-image\">\n<figure class=\"alignleft size-full is-resized\"><img loading=\"lazy\" decoding=\"async\" width=\"454\" height=\"630\" src=\"https:\/\/la-sincere.ee\/wp-content\/uploads\/2023\/12\/Anzelika.png\" alt=\"\" class=\"wp-image-1369\" style=\"width:297px;height:auto\" srcset=\"https:\/\/la-sincere.ee\/wp-content\/uploads\/2023\/12\/Anzelika.png 454w, https:\/\/la-sincere.ee\/wp-content\/uploads\/2023\/12\/Anzelika-324x450.png 324w, https:\/\/la-sincere.ee\/wp-content\/uploads\/2023\/12\/Anzelika-416x577.png 416w, https:\/\/la-sincere.ee\/wp-content\/uploads\/2023\/12\/Anzelika-216x300.png 216w, https:\/\/la-sincere.ee\/wp-content\/uploads\/2023\/12\/Anzelika-9x12.png 9w\" sizes=\"auto, (max-width: 454px) 100vw, 454px\" \/><\/figure>\n<\/div>\n\n\n<p class=\"has-text-align-center translation-block\">Tere! Minu nimi on An\u017eelika, ja t\u00e4na r\u00f5\u00f5muga jagan teiega Jaapani professionaalse kosmeetikabr\u00e4ndi La Sincere \ud83c\uddef\ud83c\uddf5 teekonna lugu Balti riikides ja Skandinaavias.<\/p>\n\n\n\n<p>L\u00f5petanud Tallinna Tehnika\u00fclikooli majandusteaduskonna, t\u00f6\u00f6tasin mitmeid aastaid erinevates ettev\u00f5tetes, kuid seitse aastat tagasi tegin otsuse muuta oma elu. See otsus viis mind p\u00f5nevale teekonnale ilu ja enesehoolduse maailma.<\/p>\n\n\n\n<p>Niisiis, Jaapani innovaatiline kosmeetika annab meile v\u00f5imaluse pakkuda klientidele silmapaistvaid tooteid. La Sincere suudab suurep\u00e4raselt edasi anda Jaapani iluhoolduse rikkalikke traditsioone. Soovime seda kultuuriaspekti jagada meie klientidega Balti riikides ja Skandinaavias.<\/p>\n\n\n\n<p>Meie uuringud n\u00e4itavad, et La Sincere'i tooted on t\u00f5esti efektiivsed naha seisundi parandamisel. See oli oluline valikukriteerium. La Sincere pole mitte ainult br\u00e4nd, vaid ka lugu ja unikaalne br\u00e4ndi identiteet. Oleme kindlad, et see lugu haarab meie sihtr\u00fchma Balti riikides ja Skandinaavias.<\/p>\n\n\n\n<p>Kutsume teid sukelduma La Sincere \ud83c\uddef\ud83c\uddf5 maailma, kus traditsioonid kohtuvad uuendustega ning ilu muutub kunstiks. T\u00e4name t\u00e4helepanu eest ja oleme valmis vastama k\u00f5igile teie k\u00fcsimustele meie toodete kohta ning selle kohta, kuidas need v\u00f5ivad r\u00f5hutada teie loomulikku ilu. Olge kaunid ja hooldatud koos La Sincere'iga! \ud83c\udf37<\/p>\n\n\n\n<div style=\"height:52px\" aria-hidden=\"true\" class=\"wp-block-spacer\"><\/div>\n\n\n<div class=\"wp-block-image\">\n<figure class=\"aligncenter size-full\"><img loading=\"lazy\" decoding=\"async\" width=\"724\" height=\"1024\" src=\"https:\/\/la-sincere.ee\/wp-content\/uploads\/2023\/08\/Letter-for-Estonia-in-English-2018-pdf-724x1024-1.jpg\" alt=\"\" class=\"wp-image-99\" srcset=\"https:\/\/la-sincere.ee\/wp-content\/uploads\/2023\/08\/Letter-for-Estonia-in-English-2018-pdf-724x1024-1.jpg 724w, https:\/\/la-sincere.ee\/wp-content\/uploads\/2023\/08\/Letter-for-Estonia-in-English-2018-pdf-724x1024-1-324x458.jpg 324w, https:\/\/la-sincere.ee\/wp-content\/uploads\/2023\/08\/Letter-for-Estonia-in-English-2018-pdf-724x1024-1-416x588.jpg 416w, https:\/\/la-sincere.ee\/wp-content\/uploads\/2023\/08\/Letter-for-Estonia-in-English-2018-pdf-724x1024-1-212x300.jpg 212w\" sizes=\"auto, (max-width: 724px) 100vw, 724px\" \/><\/figure>\n<\/div>","protected":false},"excerpt":{"rendered":"<p>\u041f\u043e\u0447\u0435\u043c\u0443 La Sincere? \u0412\u043e\u0442 \u043f\u044f\u0442\u044c \u043f\u0440\u0438\u0447\u0438\u043d, \u043a\u043e\u0442\u043e\u0440\u044b\u0435 \u0434\u0435\u043b\u0430\u044e\u0442 \u044d\u0442\u043e\u0442 \u0431\u0440\u0435\u043d\u0434 \u0434\u043b\u044f \u043d\u0430\u0441 \u043f\u043e-\u043d\u0430\u0441\u0442\u043e\u044f\u0449\u0435\u043c\u0443 \u0443\u043d\u0438\u043a\u0430\u043b\u044c\u043d\u044b\u043c: \u041c\u0435\u043d\u044f \u0437\u043e\u0432\u0443\u0442 \u0410\u043d\u0436\u0435\u043b\u0438\u043a\u0430, \u0438 \u0441 \u0443\u0434\u043e\u0432\u043e\u043b\u044c\u0441\u0442\u0432\u0438\u0435\u043c \u043f\u043e\u0434\u0435\u043b\u044e\u0441\u044c \u0438\u0441\u0442\u043e\u0440\u0438\u0435\u0439 \u0432\u043e\u0441\u0445\u043e\u0436\u0434\u0435\u043d\u0438\u044f \u044f\u043f\u043e\u043d\u0441\u043a\u043e\u0433\u043e \u043f\u0440\u043e\u0444\u0435\u0441\u0441\u0438\u043e\u043d\u0430\u043b\u044c\u043d\u043e\u0433\u043e \u043a\u043e\u0441\u043c\u0435\u0442\u0438\u0447\u0435\u0441\u043a\u043e\u0433\u043e \u0431\u0440\u0435\u043d\u0434\u0430 La Sincere\u00a0\ud83c\uddef\ud83c\uddf5\u00a0\u043d\u0430 \u0440\u044b\u043d\u043a\u0435 \u0421\u0442\u0440\u0430\u043d \u0411\u0430\u043b\u0442\u0438\u0438 \u0438 \u0421\u043a\u0430\u043d\u0434\u0438\u043d\u0430\u0432\u0438\u0438. \u0417\u0430\u0432\u0435\u0440\u0448\u0438\u0432 \u043e\u0431\u0443\u0447\u0435\u043d\u0438\u0435 \u0432 \u0422\u0430\u043b\u043b\u0438\u043d\u043d\u0441\u043a\u043e\u043c \u0422\u0435\u0445\u043d\u0438\u0447\u0435\u0441\u043a\u043e\u043c \u0423\u043d\u0438\u0432\u0435\u0440\u0441\u0438\u0442\u0435\u0442\u0435, \u044f \u043c\u043d\u043e\u0433\u043e \u043b\u0435\u0442 \u0440\u0430\u0431\u043e\u0442\u0430\u043b\u0430 \u0432 \u0440\u0430\u0437\u043b\u0438\u0447\u043d\u044b\u0445 \u043a\u043e\u043c\u043f\u0430\u043d\u0438\u044f\u0445, \u043d\u043e \u0441\u0435\u043c\u044c \u043b\u0435\u0442 \u043d\u0430\u0437\u0430\u0434 \u043f\u0440\u0438\u043d\u044f\u043b\u0430 \u0440\u0435\u0448\u0435\u043d\u0438\u0435 \u0438\u0437\u043c\u0435\u043d\u0438\u0442\u044c \u0441\u0432\u043e\u044e [&hellip;]<\/p>\n","protected":false},"author":1,"featured_media":0,"parent":0,"menu_order":0,"comment_status":"closed","ping_status":"closed","template":"","meta":{"_uag_custom_page_level_css":"","footnotes":""},"class_list":["post-95","page","type-page","status-publish","hentry"],"uagb_featured_image_src":{"full":false,"thumbnail":false,"medium":false,"medium_large":false,"large":false,"1536x1536":false,"2048x2048":false,"trp-custom-language-flag":false,"mailpoet_newsletter_max":false,"woocommerce_thumbnail":false,"woocommerce_single":false,"woocommerce_gallery_thumbnail":false},"uagb_author_info":{"display_name":"Anzela","author_link":"https:\/\/la-sincere.ee\/et\/author\/admin\/"},"uagb_comment_info":0,"uagb_excerpt":"\u041f\u043e\u0447\u0435\u043c\u0443 La Sincere? \u0412\u043e\u0442 \u043f\u044f\u0442\u044c \u043f\u0440\u0438\u0447\u0438\u043d, \u043a\u043e\u0442\u043e\u0440\u044b\u0435 \u0434\u0435\u043b\u0430\u044e\u0442 \u044d\u0442\u043e\u0442 \u0431\u0440\u0435\u043d\u0434 \u0434\u043b\u044f \u043d\u0430\u0441 \u043f\u043e-\u043d\u0430\u0441\u0442\u043e\u044f\u0449\u0435\u043c\u0443 \u0443\u043d\u0438\u043a\u0430\u043b\u044c\u043d\u044b\u043c: \u041c\u0435\u043d\u044f \u0437\u043e\u0432\u0443\u0442 \u0410\u043d\u0436\u0435\u043b\u0438\u043a\u0430, \u0438 \u0441 \u0443\u0434\u043e\u0432\u043e\u043b\u044c\u0441\u0442\u0432\u0438\u0435\u043c \u043f\u043e\u0434\u0435\u043b\u044e\u0441\u044c \u0438\u0441\u0442\u043e\u0440\u0438\u0435\u0439 \u0432\u043e\u0441\u0445\u043e\u0436\u0434\u0435\u043d\u0438\u044f \u044f\u043f\u043e\u043d\u0441\u043a\u043e\u0433\u043e \u043f\u0440\u043e\u0444\u0435\u0441\u0441\u0438\u043e\u043d\u0430\u043b\u044c\u043d\u043e\u0433\u043e \u043a\u043e\u0441\u043c\u0435\u0442\u0438\u0447\u0435\u0441\u043a\u043e\u0433\u043e \u0431\u0440\u0435\u043d\u0434\u0430 La Sincere\u00a0\ud83c\uddef\ud83c\uddf5\u00a0\u043d\u0430 \u0440\u044b\u043d\u043a\u0435 \u0421\u0442\u0440\u0430\u043d \u0411\u0430\u043b\u0442\u0438\u0438 \u0438 \u0421\u043a\u0430\u043d\u0434\u0438\u043d\u0430\u0432\u0438\u0438. \u0417\u0430\u0432\u0435\u0440\u0448\u0438\u0432 \u043e\u0431\u0443\u0447\u0435\u043d\u0438\u0435 \u0432 \u0422\u0430\u043b\u043b\u0438\u043d\u043d\u0441\u043a\u043e\u043c \u0422\u0435\u0445\u043d\u0438\u0447\u0435\u0441\u043a\u043e\u043c \u0423\u043d\u0438\u0432\u0435\u0440\u0441\u0438\u0442\u0435\u0442\u0435, \u044f \u043c\u043d\u043e\u0433\u043e \u043b\u0435\u0442 \u0440\u0430\u0431\u043e\u0442\u0430\u043b\u0430 \u0432 \u0440\u0430\u0437\u043b\u0438\u0447\u043d\u044b\u0445 \u043a\u043e\u043c\u043f\u0430\u043d\u0438\u044f\u0445, \u043d\u043e \u0441\u0435\u043c\u044c \u043b\u0435\u0442 \u043d\u0430\u0437\u0430\u0434 \u043f\u0440\u0438\u043d\u044f\u043b\u0430 \u0440\u0435\u0448\u0435\u043d\u0438\u0435 \u0438\u0437\u043c\u0435\u043d\u0438\u0442\u044c \u0441\u0432\u043e\u044e&hellip;","_links":{"self":[{"href":"https:\/\/la-sincere.ee\/et\/wp-json\/wp\/v2\/pages\/95","targetHints":{"allow":["GET"]}}],"collection":[{"href":"https:\/\/la-sincere.ee\/et\/wp-json\/wp\/v2\/pages"}],"about":[{"href":"https:\/\/la-sincere.ee\/et\/wp-json\/wp\/v2\/types\/page"}],"author":[{"embeddable":true,"href":"https:\/\/la-sincere.ee\/et\/wp-json\/wp\/v2\/users\/1"}],"replies":[{"embeddable":true,"href":"https:\/\/la-sincere.ee\/et\/wp-json\/wp\/v2\/comments?post=95"}],"version-history":[{"count":15,"href":"https:\/\/la-sincere.ee\/et\/wp-json\/wp\/v2\/pages\/95\/revisions"}],"predecessor-version":[{"id":1512,"href":"https:\/\/la-sincere.ee\/et\/wp-json\/wp\/v2\/pages\/95\/revisions\/1512"}],"wp:attachment":[{"href":"https:\/\/la-sincere.ee\/et\/wp-json\/wp\/v2\/media?parent=95"}],"curies":[{"name":"wp","href":"https:\/\/api.w.org\/{rel}","templated":true}]}}