{"id":718,"date":"2023-08-26T12:34:04","date_gmt":"2023-08-26T12:34:04","guid":{"rendered":"https:\/\/la-sincere.ee\/?page_id=718"},"modified":"2023-12-18T18:40:43","modified_gmt":"2023-12-18T18:40:43","slug":"nashi-principy","status":"publish","type":"page","link":"https:\/\/la-sincere.ee\/et\/nashi-principy\/","title":{"rendered":"\u041d\u0430\u0448\u0438 \u043f\u0440\u0435\u0438\u043c\u0443\u0449\u0435\u0441\u0442\u0432\u0430"},"content":{"rendered":"<div class=\"wp-block-uagb-image alignleft uagb-block-93cc37d2 wp-block-uagb-image--layout-default wp-block-uagb-image--effect-static wp-block-uagb-image--align-left\"><figure class=\"wp-block-uagb-image__figure\"><img decoding=\"async\" srcset=\"https:\/\/la-sincere.ee\/wp-content\/uploads\/2023\/12\/2023-12-18-17.41.34.jpg ,https:\/\/la-sincere.ee\/wp-content\/uploads\/2023\/12\/2023-12-18-17.41.34.jpg 780w, https:\/\/la-sincere.ee\/wp-content\/uploads\/2023\/12\/2023-12-18-17.41.34.jpg 360w\" sizes=\"auto, (max-width: 480px) 150px\" src=\"https:\/\/la-sincere.ee\/wp-content\/uploads\/2023\/12\/2023-12-18-17.41.34.jpg\" alt=\"\" class=\"uag-image-1422\" width=\"326\" height=\"280\" title=\"\" loading=\"lazy\"\/><\/figure><\/div>\n\n\n\n<div class=\"wp-block-stackable-spacer stk-block-spacer stk--no-padding stk-block stk-b0aee31\" data-block-id=\"b0aee31\"><style>.stk-b0aee31{height:30px !important}<\/style><\/div>\n\n\n\n<p class=\"translation-block\">Meie kosmeetika muutub ainulaadseks t\u00e4nu sellele, et selle aluseks on geel - <strong>\u00f5rn aine, looduslik ja sarnaneb naha rakuvahelisele ruumile.<\/strong><\/p>\n\n\n\n<p>See valik v\u00f5imaldab meil luua h\u00fcpoallergeenseid tooteid ilma l\u00f5hnaainete, \u00f5lide, v\u00e4rvainete ja emulgaatoriteta.<\/p>\n\n\n\n<div style=\"height:30px\" aria-hidden=\"true\" class=\"wp-block-spacer\"><\/div>\n\n\n\n<p><strong>\u00d5rn hooldus ilma liigsete komponentideta on meie panus teie naha tervisesse ja ilu!\u00a0<\/strong><\/p>\n\n\n\n<div style=\"height:30px\" aria-hidden=\"true\" class=\"wp-block-spacer\"><\/div>\n\n\n\n<p><strong>Kogege ainulaadset hooldust, kus iga toode on looduslik harmoonia, toetades teie ainulaadset ilu!<\/strong><\/p>\n\n\n\n<div class=\"wp-block-uagb-image aligncenter uagb-block-e8be3e1a wp-block-uagb-image--layout-default wp-block-uagb-image--effect-static wp-block-uagb-image--align-center\"><figure class=\"wp-block-uagb-image__figure\"><img decoding=\"async\" srcset=\"https:\/\/la-sincere.ee\/wp-content\/uploads\/2023\/12\/photo_2023-12-18-17.50.46.jpeg ,https:\/\/la-sincere.ee\/wp-content\/uploads\/2023\/12\/photo_2023-12-18-17.50.46.jpeg 780w, https:\/\/la-sincere.ee\/wp-content\/uploads\/2023\/12\/photo_2023-12-18-17.50.46.jpeg 360w\" sizes=\"auto, (max-width: 480px) 150px\" src=\"https:\/\/la-sincere.ee\/wp-content\/uploads\/2023\/12\/photo_2023-12-18-17.50.46.jpeg\" alt=\"\" class=\"uag-image-1426\" width=\"411\" height=\"308\" title=\"\" loading=\"lazy\"\/><\/figure><\/div>","protected":false},"excerpt":{"rendered":"<p>\u041d\u0430\u0448\u0430 \u043a\u043e\u0441\u043c\u0435\u0442\u0438\u043a\u0430 \u0441\u0442\u0430\u043d\u043e\u0432\u0438\u0442\u0441\u044f \u0443\u043d\u0438\u043a\u0430\u043b\u044c\u043d\u043e\u0439 \u0431\u043b\u0430\u0433\u043e\u0434\u0430\u0440\u044f \u0442\u043e\u043c\u0443, \u0447\u0442\u043e \u0435\u0435 \u043e\u0441\u043d\u043e\u0432\u043e\u0439 \u044f\u0432\u043b\u044f\u0435\u0442\u0441\u044f \u0433\u0435\u043b\u044c \u2014 \u043d\u0435\u0436\u043d\u0430\u044f \u0441\u0443\u0431\u0441\u0442\u0430\u043d\u0446\u0438\u044f, \u043f\u0440\u0438\u0440\u043e\u0434\u043d\u0430\u044f \u0438 \u0441\u0440\u043e\u0434\u043d\u0430\u044f \u043c\u0435\u0436\u043a\u043b\u0435\u0442\u043e\u0447\u043d\u043e\u043c\u0443 \u043f\u0440\u043e\u0441\u0442\u0440\u0430\u043d\u0441\u0442\u0432\u0443 \u043a\u043e\u0436\u0438. \u042d\u0442\u043e\u0442 \u0432\u044b\u0431\u043e\u0440 \u043f\u043e\u0437\u0432\u043e\u043b\u044f\u0435\u0442 \u043d\u0430\u043c \u0441\u043e\u0437\u0434\u0430\u0432\u0430\u0442\u044c \u0433\u0438\u043f\u043e\u0430\u043b\u043b\u0435\u0440\u0433\u0435\u043d\u043d\u044b\u0435 \u043f\u0440\u043e\u0434\u0443\u043a\u0442\u044b \u0431\u0435\u0437 \u043e\u0442\u0434\u0443\u0448\u0435\u043a, \u043c\u0430\u0441\u0435\u043b, \u043a\u0440\u0430\u0441\u0438\u0442\u0435\u043b\u0435\u0439 \u044d\u043c\u0443\u043b\u044c\u0433\u0430\u0442\u043e\u0440\u043e\u0432. \u0411\u0435\u0440\u0435\u0436\u043d\u044b\u0439 \u0443\u0445\u043e\u0434 \u0431\u0435\u0437 \u043b\u0438\u0448\u043d\u0438\u0445 \u043a\u043e\u043c\u043f\u043e\u043d\u0435\u043d\u0442\u043e\u0432 \u2014 \u043d\u0430\u0448 \u0432\u043a\u043b\u0430\u0434 \u0432 \u0437\u0434\u043e\u0440\u043e\u0432\u044c\u0435 \u0438 \u043a\u0440\u0430\u0441\u043e\u0442\u0443 \u0432\u0430\u0448\u0435\u0439 \u043a\u043e\u0436\u0438!\u00a0 \u041f\u043e\u0447\u0443\u0432\u0441\u0442\u0432\u0443\u0439\u0442\u0435 \u0443\u043d\u0438\u043a\u0430\u043b\u044c\u043d\u044b\u0439 \u043e\u043f\u044b\u0442 \u0443\u0445\u043e\u0434\u0430, \u0433\u0434\u0435 \u043a\u0430\u0436\u0434\u044b\u0439 \u043f\u0440\u043e\u0434\u0443\u043a\u0442 \u2014 \u044d\u0442\u043e [&hellip;]<\/p>\n","protected":false},"author":1,"featured_media":0,"parent":0,"menu_order":0,"comment_status":"closed","ping_status":"closed","template":"","meta":{"_uag_custom_page_level_css":"","footnotes":""},"class_list":["post-718","page","type-page","status-publish","hentry"],"uagb_featured_image_src":{"full":false,"thumbnail":false,"medium":false,"medium_large":false,"large":false,"1536x1536":false,"2048x2048":false,"trp-custom-language-flag":false,"mailpoet_newsletter_max":false,"woocommerce_thumbnail":false,"woocommerce_single":false,"woocommerce_gallery_thumbnail":false},"uagb_author_info":{"display_name":"Anzela","author_link":"https:\/\/la-sincere.ee\/et\/author\/admin\/"},"uagb_comment_info":0,"uagb_excerpt":"\u041d\u0430\u0448\u0430 \u043a\u043e\u0441\u043c\u0435\u0442\u0438\u043a\u0430 \u0441\u0442\u0430\u043d\u043e\u0432\u0438\u0442\u0441\u044f \u0443\u043d\u0438\u043a\u0430\u043b\u044c\u043d\u043e\u0439 \u0431\u043b\u0430\u0433\u043e\u0434\u0430\u0440\u044f \u0442\u043e\u043c\u0443, \u0447\u0442\u043e \u0435\u0435 \u043e\u0441\u043d\u043e\u0432\u043e\u0439 \u044f\u0432\u043b\u044f\u0435\u0442\u0441\u044f \u0433\u0435\u043b\u044c \u2014 \u043d\u0435\u0436\u043d\u0430\u044f \u0441\u0443\u0431\u0441\u0442\u0430\u043d\u0446\u0438\u044f, \u043f\u0440\u0438\u0440\u043e\u0434\u043d\u0430\u044f \u0438 \u0441\u0440\u043e\u0434\u043d\u0430\u044f \u043c\u0435\u0436\u043a\u043b\u0435\u0442\u043e\u0447\u043d\u043e\u043c\u0443 \u043f\u0440\u043e\u0441\u0442\u0440\u0430\u043d\u0441\u0442\u0432\u0443 \u043a\u043e\u0436\u0438. \u042d\u0442\u043e\u0442 \u0432\u044b\u0431\u043e\u0440 \u043f\u043e\u0437\u0432\u043e\u043b\u044f\u0435\u0442 \u043d\u0430\u043c \u0441\u043e\u0437\u0434\u0430\u0432\u0430\u0442\u044c \u0433\u0438\u043f\u043e\u0430\u043b\u043b\u0435\u0440\u0433\u0435\u043d\u043d\u044b\u0435 \u043f\u0440\u043e\u0434\u0443\u043a\u0442\u044b \u0431\u0435\u0437 \u043e\u0442\u0434\u0443\u0448\u0435\u043a, \u043c\u0430\u0441\u0435\u043b, \u043a\u0440\u0430\u0441\u0438\u0442\u0435\u043b\u0435\u0439 \u044d\u043c\u0443\u043b\u044c\u0433\u0430\u0442\u043e\u0440\u043e\u0432. \u0411\u0435\u0440\u0435\u0436\u043d\u044b\u0439 \u0443\u0445\u043e\u0434 \u0431\u0435\u0437 \u043b\u0438\u0448\u043d\u0438\u0445 \u043a\u043e\u043c\u043f\u043e\u043d\u0435\u043d\u0442\u043e\u0432 \u2014 \u043d\u0430\u0448 \u0432\u043a\u043b\u0430\u0434 \u0432 \u0437\u0434\u043e\u0440\u043e\u0432\u044c\u0435 \u0438 \u043a\u0440\u0430\u0441\u043e\u0442\u0443 \u0432\u0430\u0448\u0435\u0439 \u043a\u043e\u0436\u0438!\u00a0 \u041f\u043e\u0447\u0443\u0432\u0441\u0442\u0432\u0443\u0439\u0442\u0435 \u0443\u043d\u0438\u043a\u0430\u043b\u044c\u043d\u044b\u0439 \u043e\u043f\u044b\u0442 \u0443\u0445\u043e\u0434\u0430, \u0433\u0434\u0435 \u043a\u0430\u0436\u0434\u044b\u0439 \u043f\u0440\u043e\u0434\u0443\u043a\u0442 \u2014 \u044d\u0442\u043e&hellip;","_links":{"self":[{"href":"https:\/\/la-sincere.ee\/et\/wp-json\/wp\/v2\/pages\/718","targetHints":{"allow":["GET"]}}],"collection":[{"href":"https:\/\/la-sincere.ee\/et\/wp-json\/wp\/v2\/pages"}],"about":[{"href":"https:\/\/la-sincere.ee\/et\/wp-json\/wp\/v2\/types\/page"}],"author":[{"embeddable":true,"href":"https:\/\/la-sincere.ee\/et\/wp-json\/wp\/v2\/users\/1"}],"replies":[{"embeddable":true,"href":"https:\/\/la-sincere.ee\/et\/wp-json\/wp\/v2\/comments?post=718"}],"version-history":[{"count":28,"href":"https:\/\/la-sincere.ee\/et\/wp-json\/wp\/v2\/pages\/718\/revisions"}],"predecessor-version":[{"id":1457,"href":"https:\/\/la-sincere.ee\/et\/wp-json\/wp\/v2\/pages\/718\/revisions\/1457"}],"wp:attachment":[{"href":"https:\/\/la-sincere.ee\/et\/wp-json\/wp\/v2\/media?parent=718"}],"curies":[{"name":"wp","href":"https:\/\/api.w.org\/{rel}","templated":true}]}}