{"id":591,"date":"2023-08-25T15:33:02","date_gmt":"2023-08-25T15:33:02","guid":{"rendered":"https:\/\/la-sincere.ee\/?page_id=591"},"modified":"2023-09-02T09:49:24","modified_gmt":"2023-09-02T09:49:24","slug":"vege-fru-smuutid","status":"publish","type":"page","link":"https:\/\/la-sincere.ee\/et\/vege-fru-smuutid\/","title":{"rendered":"Vege fru smuutid"},"content":{"rendered":"<h3 class=\"wp-block-heading has-text-align-center\">Vege fru smuutid<\/h3>\n\n\n\n<h6 class=\"wp-block-heading\">PIDEVAST N\u00c4LJATUNDEST V\u00c4SINUD?<\/h6>\n\n\n<div class=\"wp-block-image\">\n<figure class=\"alignleft size-large is-resized\"><img loading=\"lazy\" decoding=\"async\" src=\"https:\/\/la-sincere.ee\/wp-content\/uploads\/2023\/08\/visionpic-net-682x1024.jpg\" alt=\"\" class=\"wp-image-599\" style=\"width:301px;height:452px\" width=\"301\" height=\"452\" srcset=\"https:\/\/la-sincere.ee\/wp-content\/uploads\/2023\/08\/visionpic-net-682x1024.jpg 682w, https:\/\/la-sincere.ee\/wp-content\/uploads\/2023\/08\/visionpic-net-324x487.jpg 324w, https:\/\/la-sincere.ee\/wp-content\/uploads\/2023\/08\/visionpic-net-416x625.jpg 416w, https:\/\/la-sincere.ee\/wp-content\/uploads\/2023\/08\/visionpic-net-200x300.jpg 200w, https:\/\/la-sincere.ee\/wp-content\/uploads\/2023\/08\/visionpic-net-768x1154.jpg 768w, https:\/\/la-sincere.ee\/wp-content\/uploads\/2023\/08\/visionpic-net.jpg 800w\" sizes=\"auto, (max-width: 301px) 100vw, 301px\" \/><\/figure>\n<\/div>\n\n\n<p>Muuda dieedi pidamine imelihtsaks VEGE FRU smuutide abil! \u00dcks klaas tervislikku smuutit asendab \u00fche toidukorra ning toob 28-34 kilokalori juures kaasa t\u00e4ieliku k\u00fcllastustunde!&nbsp;<\/p>\n\n\n\n<p>VEGE FRU smuutid sobivad h\u00e4sti juhul kui:<\/p>\n\n\n\n<ul class=\"wp-block-list\">\n<li>Soovite kaalust alla v\u00f5tta<\/li>\n\n\n\n<li>Kipute ebaregulaarselt toituma<\/li>\n\n\n\n<li>S\u00f6\u00f6te liiga tihti ning liiga suurtes kogustes<\/li>\n\n\n\n<li>Puudub p\u00e4\u00e4s v\u00e4rskete k\u00f6\u00f6gi- ja puuviljadele.<\/li>\n<\/ul>\n\n\n\n<p>Smuuti valmistamiseks lahustage 10 g pulbrit 200 ml vee v\u00f5i piimaga ning jooge kohe. Kokteil sobib h\u00e4sti \u00fche toidukorra asendamiseks.<br>Tootevalikus on 3 maitset:<\/p>\n\n\n\n<ul class=\"wp-block-list\">\n<li>Roheline \u2013 sobib eriti h\u00e4sti kaalulangetamiseks ning detoxiks<\/li>\n\n\n\n<li>Punane toetab eriti tugevalt ilusat nahka<\/li>\n\n\n\n<li>Kookos tagab k\u00f5rgenenud rasvap\u00f5letuse.<\/li>\n<\/ul>\n\n\n\n<h4 class=\"wp-block-heading has-text-align-center\">K\u00d5IKIDES SMUUTISEGUDES ON KASUTATUD ILUSA FIGUURI HEAKS T\u00d6\u00d6TAVAID KOOSTISAINEID!<\/h4>\n\n\n\n<ul class=\"wp-block-list\">\n<li>172 fermenti juurviljadest, puuviljadest ning teistest taimedest<\/li>\n\n\n\n<li>Supertoidu staatuses olevaid valgeid chia seemneid<\/li>\n\n\n\n<li>Kiudaineid ps\u00fclliumi ja Glucomannan Okarat (sojapiima tootmisel saadud kiud), mis aitavad t\u00e4isk\u00f5hutunde tagada&nbsp;<\/li>\n\n\n\n<li>6 erinevat liiki teravilja kojit (nii kutsutakse Jaapanis juuretist) ning fermenteeritud teraviljaekstrakte<\/li>\n\n\n\n<li>Piimhappebaktereid ning nano kujuga oligosahharriide<\/li>\n\n\n\n<li>Organismi toetavaid vitamiine ning mineraale.<\/li>\n<\/ul>\n\n\n\n<h4 class=\"wp-block-heading has-text-align-center\">KUIDAS AITAVAD SMUUTID KAALUST ALLA V\u00d5TTA?<\/h4>\n\n\n\n<p>VEGE FRU smuutid on v\u00e4ga madala kalorsusega, kuid samad on need kasulikest toiteainetest pungil. Nii tagavad need kiiresti k\u00fcllastustunde ning aitavad v\u00e4ltida pidevat n\u00e4ksimist.<\/p>\n\n\n\n<p>\u00dche kilogrammi keharasva v\u00e4ltimiseks peab inimene kaotama 7200 kilokalorit. Nii palju kaloreid on v\u00f5imalik kaotada n\u00e4iteks joostes 19 tundi v\u00f5i ujudes 6 tundi.&nbsp;<\/p>\n\n\n\n<p>Inimese keskmine toidukord on enamasti umbes 700 kilokalorit. Asendades selle VEGE FRU smuutiga j\u00e4tame \u00fches p\u00e4evas umbes 670 kilokalorit tarbimata ning seega kaotame 10 p\u00e4eva jooksul kehamassi umbes 1 kilogrammi ning \u00fche kuuga v\u00f5ime kaotada kuni 3 kilogrammi oma kaalust.<\/p>\n\n\n\n<div class=\"wp-block-stackable-columns stk-block-columns stk-block stk-5ddaaa7\" data-block-id=\"5ddaaa7\"><div class=\"stk-row stk-inner-blocks stk-block-content stk-content-align stk-5ddaaa7-column\">\n<div class=\"wp-block-stackable-column stk-block-column stk-column stk-block stk-81821d4\" data-v=\"4\" data-block-id=\"81821d4\"><style>.stk-81821d4-inner-blocks{align-items:center !important}<\/style><div class=\"stk-column-wrapper stk-block-column__content stk-container stk-81821d4-container stk--no-background stk--no-padding\"><div class=\"has-text-align-center stk--column-flex stk-block-content stk-inner-blocks stk-81821d4-inner-blocks\">\n<h4 class=\"wp-block-heading has-text-align-center\">VEGE FRU GREEN<\/h4>\n\n\n\n<p>Sobib h\u00e4sti kaalulangetamiseks ning detoxiks sisaldades nisuorast, lehtkapsast ning Houttunynia cordata.<\/p>\n\n\n\n<figure class=\"wp-block-image size-full is-resized\"><img loading=\"lazy\" decoding=\"async\" src=\"https:\/\/la-sincere.ee\/wp-content\/uploads\/2023\/08\/71Jv3N1Ca5L._AC_SY879_.jpg\" alt=\"\" class=\"wp-image-600\" style=\"width:260px;height:345px\" width=\"260\" height=\"345\" srcset=\"https:\/\/la-sincere.ee\/wp-content\/uploads\/2023\/08\/71Jv3N1Ca5L._AC_SY879_.jpg 663w, https:\/\/la-sincere.ee\/wp-content\/uploads\/2023\/08\/71Jv3N1Ca5L._AC_SY879_-324x430.jpg 324w, https:\/\/la-sincere.ee\/wp-content\/uploads\/2023\/08\/71Jv3N1Ca5L._AC_SY879_-416x552.jpg 416w, https:\/\/la-sincere.ee\/wp-content\/uploads\/2023\/08\/71Jv3N1Ca5L._AC_SY879_-226x300.jpg 226w\" sizes=\"auto, (max-width: 260px) 100vw, 260px\" \/><\/figure>\n<\/div><\/div><\/div>\n\n\n\n<div class=\"wp-block-stackable-column stk-block-column stk-column stk-block stk-5827bb5\" data-v=\"4\" data-block-id=\"5827bb5\"><style>.stk-5827bb5-inner-blocks{align-items:center !important}<\/style><div class=\"stk-column-wrapper stk-block-column__content stk-container stk-5827bb5-container stk--no-background stk--no-padding\"><div class=\"stk--column-flex stk-block-content stk-inner-blocks stk-5827bb5-inner-blocks\">\n<h4 class=\"wp-block-heading has-text-align-center\">VEGE FRU RED<\/h4>\n\n\n\n<p class=\"has-text-align-center\">Toetab ilusat nahka sisaldades taimede platsentat, Camu-camut ning Euterpe oleracea.<\/p>\n\n\n\n<figure class=\"wp-block-image size-full is-resized\"><img loading=\"lazy\" decoding=\"async\" src=\"https:\/\/la-sincere.ee\/wp-content\/uploads\/2023\/08\/Allalaaditud-fail.jpg\" alt=\"\" class=\"wp-image-601\" style=\"width:253px;height:343px\" width=\"253\" height=\"343\"\/><\/figure>\n<\/div><\/div><\/div>\n\n\n\n<div class=\"wp-block-stackable-column stk-block-column stk-column stk-block stk-1ea6a39\" data-v=\"4\" data-block-id=\"1ea6a39\"><style>.stk-1ea6a39-inner-blocks{align-items:center !important}<\/style><div class=\"stk-column-wrapper stk-block-column__content stk-container stk-1ea6a39-container stk--no-background stk--no-padding\"><div class=\"stk--column-flex stk-block-content stk-inner-blocks stk-1ea6a39-inner-blocks\">\n<h4 class=\"wp-block-heading has-text-align-center\">VEGE FRU COCONUT<\/h4>\n\n\n\n<p class=\"has-text-align-center\">Tagab k\u00f5rgenenud rasvap\u00f5letuse sisaldades neitsi kookose\u00f5li, roheliste p\u00e4hklite \u00f5li ning argaania\u00f5li.<\/p>\n\n\n<div class=\"wp-block-image\">\n<figure class=\"aligncenter size-full\"><img loading=\"lazy\" decoding=\"async\" width=\"445\" height=\"445\" src=\"https:\/\/la-sincere.ee\/wp-content\/uploads\/2023\/08\/12833_89436_page.png\" alt=\"\" class=\"wp-image-604\" srcset=\"https:\/\/la-sincere.ee\/wp-content\/uploads\/2023\/08\/12833_89436_page.png 445w, https:\/\/la-sincere.ee\/wp-content\/uploads\/2023\/08\/12833_89436_page-324x324.png 324w, https:\/\/la-sincere.ee\/wp-content\/uploads\/2023\/08\/12833_89436_page-100x100.png 100w, https:\/\/la-sincere.ee\/wp-content\/uploads\/2023\/08\/12833_89436_page-416x416.png 416w, https:\/\/la-sincere.ee\/wp-content\/uploads\/2023\/08\/12833_89436_page-300x300.png 300w, https:\/\/la-sincere.ee\/wp-content\/uploads\/2023\/08\/12833_89436_page-150x150.png 150w\" sizes=\"auto, (max-width: 445px) 100vw, 445px\" \/><\/figure>\n<\/div><\/div><\/div><\/div>\n<\/div><\/div>\n\n\n\n<figure class=\"wp-block-embed is-type-video is-provider-youtube wp-block-embed-youtube wp-embed-aspect-16-9 wp-has-aspect-ratio\"><div class=\"wp-block-embed__wrapper\">\n<iframe loading=\"lazy\" title=\"Food catalogue 2\" width=\"980\" height=\"551\" src=\"https:\/\/www.youtube.com\/embed\/AuMpmaUwN-Q?feature=oembed\" frameborder=\"0\" allow=\"accelerometer; autoplay; clipboard-write; encrypted-media; gyroscope; picture-in-picture; web-share\" referrerpolicy=\"strict-origin-when-cross-origin\" allowfullscreen><\/iframe>\n<\/div><\/figure>","protected":false},"excerpt":{"rendered":"<p>Vege fru smuutid PIDEVAST N\u00c4LJATUNDEST V\u00c4SINUD? Muuda dieedi pidamine imelihtsaks VEGE FRU smuutide abil! \u00dcks klaas tervislikku smuutit asendab \u00fche toidukorra ning toob 28-34 kilokalori juures kaasa t\u00e4ieliku k\u00fcllastustunde!&nbsp; VEGE FRU smuutid sobivad h\u00e4sti juhul kui: Smuuti valmistamiseks lahustage 10 g pulbrit 200 ml vee v\u00f5i piimaga ning jooge kohe. Kokteil sobib h\u00e4sti \u00fche toidukorra [&hellip;]<\/p>\n","protected":false},"author":1,"featured_media":0,"parent":0,"menu_order":0,"comment_status":"closed","ping_status":"closed","template":"","meta":{"_uag_custom_page_level_css":"","footnotes":""},"class_list":["post-591","page","type-page","status-publish","hentry"],"uagb_featured_image_src":{"full":false,"thumbnail":false,"medium":false,"medium_large":false,"large":false,"1536x1536":false,"2048x2048":false,"trp-custom-language-flag":false,"mailpoet_newsletter_max":false,"woocommerce_thumbnail":false,"woocommerce_single":false,"woocommerce_gallery_thumbnail":false},"uagb_author_info":{"display_name":"Anzela","author_link":"https:\/\/la-sincere.ee\/et\/author\/admin\/"},"uagb_comment_info":0,"uagb_excerpt":"Vege fru smuutid PIDEVAST N\u00c4LJATUNDEST V\u00c4SINUD? Muuda dieedi pidamine imelihtsaks VEGE FRU smuutide abil! \u00dcks klaas tervislikku smuutit asendab \u00fche toidukorra ning toob 28-34 kilokalori juures kaasa t\u00e4ieliku k\u00fcllastustunde!&nbsp; VEGE FRU smuutid sobivad h\u00e4sti juhul kui: Smuuti valmistamiseks lahustage 10 g pulbrit 200 ml vee v\u00f5i piimaga ning jooge kohe. Kokteil sobib h\u00e4sti \u00fche toidukorra&hellip;","_links":{"self":[{"href":"https:\/\/la-sincere.ee\/et\/wp-json\/wp\/v2\/pages\/591","targetHints":{"allow":["GET"]}}],"collection":[{"href":"https:\/\/la-sincere.ee\/et\/wp-json\/wp\/v2\/pages"}],"about":[{"href":"https:\/\/la-sincere.ee\/et\/wp-json\/wp\/v2\/types\/page"}],"author":[{"embeddable":true,"href":"https:\/\/la-sincere.ee\/et\/wp-json\/wp\/v2\/users\/1"}],"replies":[{"embeddable":true,"href":"https:\/\/la-sincere.ee\/et\/wp-json\/wp\/v2\/comments?post=591"}],"version-history":[{"count":9,"href":"https:\/\/la-sincere.ee\/et\/wp-json\/wp\/v2\/pages\/591\/revisions"}],"predecessor-version":[{"id":617,"href":"https:\/\/la-sincere.ee\/et\/wp-json\/wp\/v2\/pages\/591\/revisions\/617"}],"wp:attachment":[{"href":"https:\/\/la-sincere.ee\/et\/wp-json\/wp\/v2\/media?parent=591"}],"curies":[{"name":"wp","href":"https:\/\/api.w.org\/{rel}","templated":true}]}}