{"id":423,"date":"2023-08-25T12:12:04","date_gmt":"2023-08-25T12:12:04","guid":{"rendered":"https:\/\/la-sincere.ee\/?page_id=423"},"modified":"2023-09-02T09:53:19","modified_gmt":"2023-09-02T09:53:19","slug":"smeshannyj-tip-kozhi","status":"publish","type":"page","link":"https:\/\/la-sincere.ee\/et\/domashnjaja-linija\/smeshannyj-tip-kozhi\/","title":{"rendered":"Seganahk (kombineeritud nahk)"},"content":{"rendered":"<h2 class=\"wp-block-heading has-text-align-center\">Seganahk (kombineeritud nahk)<\/h2>\n\n\n\n<p>Seda nahat\u00fc\u00fcpi unustatakse sageli, kuigi kohtab seda mitte nii harva. Seganaha korral on n\u00e4ha \u00fcleliigset kuivust silma\u00fcmbruses, laugudel, p\u00f5skedel, samas on nina ja l\u00f5ug rasvase l\u00e4ikega. Sellise naha hooldus peab olema jaotatud, s.t, et kindlate piirkondade jaoks tuleb kasutada tooteid erinevate nahat\u00fc\u00fcpide jaoks.<\/p>\n\n\n\n<div class=\"wp-block-uagb-image uagb-block-1b60ee6c wp-block-uagb-image--layout-default wp-block-uagb-image--effect-static wp-block-uagb-image--align-none\"><figure class=\"wp-block-uagb-image__figure\"><img decoding=\"async\"  sizes=\"auto, (max-width: 480px) 150px\" src=\"https:\/\/la-sincere.ee\/wp-content\/uploads\/2023\/09\/sega.jpg\" alt=\"\" width=\"990\" height=\"1986\" title=\"\" loading=\"lazy\"\/><\/figure><\/div>\n\n\n\n<div class=\"wp-block-stackable-button-group stk-block-button-group stk-block stk-766395a\" data-block-id=\"766395a\"><div class=\"stk-row stk-inner-blocks stk-block-content stk-button-group\">\n<div class=\"wp-block-stackable-button stk-block-button stk-block stk-cb4fad6\" data-block-id=\"cb4fad6\"><style>.stk-cb4fad6 .stk-button{background:#9a1b46 !important}<\/style><a class=\"stk-link stk-button stk--hover-effect-darken\" href=\"https:\/\/la-sincere.ee\/et\/%d0%b4%d0%be%d0%bc%d0%b0%d1%88%d0%bd%d1%8f%d1%8f-%d0%bb%d0%b8%d0%bd%d0%b8%d1%8f\/%d1%87%d1%83%d0%b2%d1%81%d1%82%d0%b2%d0%b8%d1%82%d0%b5%d0%bb%d1%8c%d0%bd%d0%b0%d1%8f-%d0%ba%d0%be%d0%b6%d0%b0\/\"><span class=\"stk-button__inner-text\">Vaata edasi: Tundlik nahk<\/span><\/a><\/div>\n<\/div><\/div>","protected":false},"excerpt":{"rendered":"<p>\u0421\u043c\u0435\u0448\u0430\u043d\u043d\u044b\u0439 \u0442\u0438\u043f \u043a\u043e\u0436\u0438 \u041e\u0431 \u044d\u0442\u043e\u043c \u0442\u0438\u043f\u0435 \u043a\u043e\u0436\u0438 \u043e\u0447\u0435\u043d\u044c \u0447\u0430\u0441\u0442\u043e \u0437\u0430\u0431\u044b\u0432\u0430\u044e\u0442, \u0445\u043e\u0442\u044f \u043e\u043d \u0432\u0441\u0442\u0440\u0435\u0447\u0430\u0435\u0442\u0441\u044f \u043d\u0435 \u0442\u0430\u043a \u0443\u0436 \u0438 \u0440\u0435\u0434\u043a\u043e. \u041f\u0440\u0438 \u0441\u043c\u0435\u0448\u0430\u043d\u043d\u043e\u043c \u0442\u0438\u043f\u0435 \u043d\u0430 \u0440\u0430\u0437\u043d\u044b\u0445 \u0435\u0435 \u0443\u0447\u0430\u0441\u0442\u043a\u0430\u0445 \u043d\u0430\u0431\u043b\u044e\u0434\u0430\u0435\u0442\u0441\u044f \u0447\u0440\u0435\u0437\u043c\u0435\u0440\u043d\u0430\u044f \u0441\u0443\u0445\u043e\u0441\u0442\u044c \u0432\u043e\u043a\u0440\u0443\u0433 \u0433\u043b\u0430\u0437, \u043d\u0430 \u0432\u0438\u0441\u043a\u0430\u0445, \u0449\u0435\u043a\u0430\u0445, \u0432 \u0442\u043e \u0432\u0440\u0435\u043c\u044f \u043a\u0430\u043a \u043d\u043e\u0441 \u0438 \u043f\u043e\u0434\u0431\u043e\u0440\u043e\u0434\u043e\u043a \u043e\u0442\u043b\u0438\u0432\u0430\u044e\u0442 \u0436\u0438\u0440\u043d\u044b\u043c \u0431\u043b\u0435\u0441\u043a\u043e\u043c. \u0423\u0445\u043e\u0434 \u0437\u0430 \u043d\u0435\u0439 \u0434\u043e\u043b\u0436\u0435\u043d \u0431\u044b\u0442\u044c \u0440\u0430\u0437\u0434\u0435\u043b\u044c\u043d\u044b\u0439, \u0442\u043e \u0435\u0441\u0442\u044c \u0434\u043b\u044f \u043e\u043f\u0440\u0435\u0434\u0435\u043b\u0435\u043d\u043d\u044b\u0445 \u0443\u0447\u0430\u0441\u0442\u043a\u043e\u0432 \u0441\u0442\u043e\u0438\u0442 [&hellip;]<\/p>\n","protected":false},"author":1,"featured_media":0,"parent":267,"menu_order":0,"comment_status":"closed","ping_status":"closed","template":"","meta":{"_uag_custom_page_level_css":"","footnotes":""},"class_list":["post-423","page","type-page","status-publish","hentry"],"uagb_featured_image_src":{"full":false,"thumbnail":false,"medium":false,"medium_large":false,"large":false,"1536x1536":false,"2048x2048":false,"trp-custom-language-flag":false,"mailpoet_newsletter_max":false,"woocommerce_thumbnail":false,"woocommerce_single":false,"woocommerce_gallery_thumbnail":false},"uagb_author_info":{"display_name":"Anzela","author_link":"https:\/\/la-sincere.ee\/et\/author\/admin\/"},"uagb_comment_info":0,"uagb_excerpt":"\u0421\u043c\u0435\u0448\u0430\u043d\u043d\u044b\u0439 \u0442\u0438\u043f \u043a\u043e\u0436\u0438 \u041e\u0431 \u044d\u0442\u043e\u043c \u0442\u0438\u043f\u0435 \u043a\u043e\u0436\u0438 \u043e\u0447\u0435\u043d\u044c \u0447\u0430\u0441\u0442\u043e \u0437\u0430\u0431\u044b\u0432\u0430\u044e\u0442, \u0445\u043e\u0442\u044f \u043e\u043d \u0432\u0441\u0442\u0440\u0435\u0447\u0430\u0435\u0442\u0441\u044f \u043d\u0435 \u0442\u0430\u043a \u0443\u0436 \u0438 \u0440\u0435\u0434\u043a\u043e. \u041f\u0440\u0438 \u0441\u043c\u0435\u0448\u0430\u043d\u043d\u043e\u043c \u0442\u0438\u043f\u0435 \u043d\u0430 \u0440\u0430\u0437\u043d\u044b\u0445 \u0435\u0435 \u0443\u0447\u0430\u0441\u0442\u043a\u0430\u0445 \u043d\u0430\u0431\u043b\u044e\u0434\u0430\u0435\u0442\u0441\u044f \u0447\u0440\u0435\u0437\u043c\u0435\u0440\u043d\u0430\u044f \u0441\u0443\u0445\u043e\u0441\u0442\u044c \u0432\u043e\u043a\u0440\u0443\u0433 \u0433\u043b\u0430\u0437, \u043d\u0430 \u0432\u0438\u0441\u043a\u0430\u0445, \u0449\u0435\u043a\u0430\u0445, \u0432 \u0442\u043e \u0432\u0440\u0435\u043c\u044f \u043a\u0430\u043a \u043d\u043e\u0441 \u0438 \u043f\u043e\u0434\u0431\u043e\u0440\u043e\u0434\u043e\u043a \u043e\u0442\u043b\u0438\u0432\u0430\u044e\u0442 \u0436\u0438\u0440\u043d\u044b\u043c \u0431\u043b\u0435\u0441\u043a\u043e\u043c. \u0423\u0445\u043e\u0434 \u0437\u0430 \u043d\u0435\u0439 \u0434\u043e\u043b\u0436\u0435\u043d \u0431\u044b\u0442\u044c \u0440\u0430\u0437\u0434\u0435\u043b\u044c\u043d\u044b\u0439, \u0442\u043e \u0435\u0441\u0442\u044c \u0434\u043b\u044f \u043e\u043f\u0440\u0435\u0434\u0435\u043b\u0435\u043d\u043d\u044b\u0445 \u0443\u0447\u0430\u0441\u0442\u043a\u043e\u0432 \u0441\u0442\u043e\u0438\u0442&hellip;","_links":{"self":[{"href":"https:\/\/la-sincere.ee\/et\/wp-json\/wp\/v2\/pages\/423","targetHints":{"allow":["GET"]}}],"collection":[{"href":"https:\/\/la-sincere.ee\/et\/wp-json\/wp\/v2\/pages"}],"about":[{"href":"https:\/\/la-sincere.ee\/et\/wp-json\/wp\/v2\/types\/page"}],"author":[{"embeddable":true,"href":"https:\/\/la-sincere.ee\/et\/wp-json\/wp\/v2\/users\/1"}],"replies":[{"embeddable":true,"href":"https:\/\/la-sincere.ee\/et\/wp-json\/wp\/v2\/comments?post=423"}],"version-history":[{"count":6,"href":"https:\/\/la-sincere.ee\/et\/wp-json\/wp\/v2\/pages\/423\/revisions"}],"predecessor-version":[{"id":1014,"href":"https:\/\/la-sincere.ee\/et\/wp-json\/wp\/v2\/pages\/423\/revisions\/1014"}],"up":[{"embeddable":true,"href":"https:\/\/la-sincere.ee\/et\/wp-json\/wp\/v2\/pages\/267"}],"wp:attachment":[{"href":"https:\/\/la-sincere.ee\/et\/wp-json\/wp\/v2\/media?parent=423"}],"curies":[{"name":"wp","href":"https:\/\/api.w.org\/{rel}","templated":true}]}}