{"id":409,"date":"2023-08-25T12:03:15","date_gmt":"2023-08-25T12:03:15","guid":{"rendered":"https:\/\/la-sincere.ee\/?page_id=409"},"modified":"2023-09-02T09:54:04","modified_gmt":"2023-09-02T09:54:04","slug":"suhaja-kozha","status":"publish","type":"page","link":"https:\/\/la-sincere.ee\/et\/domashnjaja-linija\/suhaja-kozha\/","title":{"rendered":"Kuiv nahk"},"content":{"rendered":"<h2 class=\"wp-block-heading has-text-align-center\">Kuiv nahk<\/h2>\n\n\n\n<p>Selle nahat\u00fc\u00fcbi erip\u00e4raks on see, et sellel tekivad tihti ketendamine ja allergilised reaktsioonid. Kuid k\u00f5ik need tunnused on v\u00f5imalikud vaid p\u00e4rast v\u00e4liskeskonna m\u00f5jusid: p\u00e4ikest, tuult, vett jms. Veega n\u00e4opesemisel tekib kiskuv tunne, seej\u00e4rel ketendamine. Allergilistele rekatsioonidele kaasneb tugev s\u00fcgelus. See nahat\u00fc\u00fcp on k\u00fcllaltki probleemne ja n\u00f5uab erilist ja \u00f5iget hoolt.<\/p>\n\n\n\n<div class=\"wp-block-uagb-image uagb-block-1dc58955 wp-block-uagb-image--layout-default wp-block-uagb-image--effect-static wp-block-uagb-image--align-none\"><figure class=\"wp-block-uagb-image__figure\"><img decoding=\"async\"  sizes=\"auto, (max-width: 480px) 150px\" src=\"https:\/\/la-sincere.ee\/wp-content\/uploads\/2023\/09\/kuiv.jpg\" alt=\"\" width=\"1002\" height=\"2118\" title=\"\" loading=\"lazy\"\/><\/figure><\/div>\n\n\n\n<div class=\"wp-block-stackable-button-group stk-block-button-group stk-block stk-766395a\" data-block-id=\"766395a\"><div class=\"stk-row stk-inner-blocks stk-block-content stk-button-group\">\n<div class=\"wp-block-stackable-button stk-block-button stk-block stk-cb4fad6\" data-block-id=\"cb4fad6\"><style>.stk-cb4fad6 .stk-button{background:#9a1b46 !important}<\/style><a class=\"stk-link stk-button stk--hover-effect-darken\" href=\"https:\/\/la-sincere.ee\/et\/%d0%b4%d0%be%d0%bc%d0%b0%d1%88%d0%bd%d1%8f%d1%8f-%d0%bb%d0%b8%d0%bd%d0%b8%d1%8f\/%d0%b6%d0%b8%d1%80%d0%bd%d0%b0%d1%8f-%d0%ba%d0%be%d0%b6%d0%b0\/\"><span class=\"stk-button__inner-text\">Vaata edasi: Rasune nahk<\/span><\/a><\/div>\n<\/div><\/div>","protected":false},"excerpt":{"rendered":"<p>\u0421\u0443\u0445\u0430\u044f \u043a\u043e\u0436\u0430 \u041e\u0442\u043b\u0438\u0447\u0438\u0442\u0435\u043b\u044c\u043d\u043e\u0439 \u0447\u0435\u0440\u0442\u043e\u0439 \u044d\u0442\u043e\u0433\u043e \u0442\u0438\u043f\u0430 \u043a\u043e\u0436\u0438 \u044f\u0432\u043b\u044f\u0435\u0442\u0441\u044f \u0442\u043e, \u0447\u0442\u043e \u043d\u0430 \u043d\u0435\u0439 \u0447\u0430\u0441\u0442\u043e \u0432\u043e\u0437\u043d\u0438\u043a\u0430\u044e\u0442 \u0448\u0435\u043b\u0443\u0448\u0435\u043d\u0438\u0435 \u0438 \u043f\u043e\u044f\u0432\u043b\u044f\u044e\u0442\u0441\u044f \u0430\u043b\u043b\u0435\u0440\u0433\u0438\u0447\u0435\u0441\u043a\u0438\u0435 \u0440\u0435\u0430\u043a\u0446\u0438\u0438. \u041d\u043e \u0432\u0441\u0435 \u044d\u0442\u0438 \u043f\u0440\u0438\u0437\u043d\u0430\u043a\u0438 \u0432\u043e\u0437\u043c\u043e\u0436\u043d\u044b \u0442\u043e\u043b\u044c\u043a\u043e \u043f\u043e\u0441\u043b\u0435 \u0432\u043e\u0437\u0434\u0435\u0439\u0441\u0442\u0432\u0438\u044f \u0432\u043d\u0435\u0448\u043d\u0438\u0445 \u0444\u0430\u043a\u0442\u043e\u0440\u043e\u0432: \u0441\u043e\u043b\u043d\u0446\u0430, \u0432\u0435\u0442\u0440\u0430, \u0432\u043e\u0434\u044b \u0438 \u0442.\u0434. \u041f\u0440\u0438 \u0443\u043c\u044b\u0432\u0430\u043d\u0438\u0438 \u0432\u043e\u0434\u043e\u0439 \u0441 \u043c\u044b\u043b\u043e\u043c \u0432\u043e\u0437\u043d\u0438\u043a\u0430\u0435\u0442 \u043e\u0449\u0443\u0449\u0435\u043d\u0438\u0435 \u0441\u0442\u044f\u043d\u0443\u0442\u043e\u0441\u0442\u0438, \u0437\u0430\u0442\u0435\u043c \u043d\u0430\u0447\u0438\u043d\u0430\u0435\u0442\u0441\u044f \u0448\u0435\u043b\u0443\u0448\u0435\u043d\u0438\u0435.&nbsp;\u0410\u043b\u043b\u0435\u0440\u0433\u0438\u0447\u0435\u0441\u043a\u0438\u0435 \u0440\u0435\u0430\u043a\u0446\u0438\u0438 \u0441\u043e\u043f\u0440\u043e\u0432\u043e\u0436\u0434\u0430\u044e\u0442\u0441\u044f \u0441\u0438\u043b\u044c\u043d\u044b\u043c \u0437\u0443\u0434\u043e\u043c. \u042d\u0442\u043e\u0442 \u0442\u0438\u043f \u043a\u043e\u0436\u0438 \u0432\u0435\u0441\u044c\u043c\u0430 \u043f\u0440\u043e\u0431\u043b\u0435\u043c\u043d\u044b\u0439 \u0438 [&hellip;]<\/p>\n","protected":false},"author":1,"featured_media":0,"parent":267,"menu_order":0,"comment_status":"closed","ping_status":"closed","template":"","meta":{"_uag_custom_page_level_css":"","footnotes":""},"class_list":["post-409","page","type-page","status-publish","hentry"],"uagb_featured_image_src":{"full":false,"thumbnail":false,"medium":false,"medium_large":false,"large":false,"1536x1536":false,"2048x2048":false,"trp-custom-language-flag":false,"mailpoet_newsletter_max":false,"woocommerce_thumbnail":false,"woocommerce_single":false,"woocommerce_gallery_thumbnail":false},"uagb_author_info":{"display_name":"Anzela","author_link":"https:\/\/la-sincere.ee\/et\/author\/admin\/"},"uagb_comment_info":0,"uagb_excerpt":"\u0421\u0443\u0445\u0430\u044f \u043a\u043e\u0436\u0430 \u041e\u0442\u043b\u0438\u0447\u0438\u0442\u0435\u043b\u044c\u043d\u043e\u0439 \u0447\u0435\u0440\u0442\u043e\u0439 \u044d\u0442\u043e\u0433\u043e \u0442\u0438\u043f\u0430 \u043a\u043e\u0436\u0438 \u044f\u0432\u043b\u044f\u0435\u0442\u0441\u044f \u0442\u043e, \u0447\u0442\u043e \u043d\u0430 \u043d\u0435\u0439 \u0447\u0430\u0441\u0442\u043e \u0432\u043e\u0437\u043d\u0438\u043a\u0430\u044e\u0442 \u0448\u0435\u043b\u0443\u0448\u0435\u043d\u0438\u0435 \u0438 \u043f\u043e\u044f\u0432\u043b\u044f\u044e\u0442\u0441\u044f \u0430\u043b\u043b\u0435\u0440\u0433\u0438\u0447\u0435\u0441\u043a\u0438\u0435 \u0440\u0435\u0430\u043a\u0446\u0438\u0438. \u041d\u043e \u0432\u0441\u0435 \u044d\u0442\u0438 \u043f\u0440\u0438\u0437\u043d\u0430\u043a\u0438 \u0432\u043e\u0437\u043c\u043e\u0436\u043d\u044b \u0442\u043e\u043b\u044c\u043a\u043e \u043f\u043e\u0441\u043b\u0435 \u0432\u043e\u0437\u0434\u0435\u0439\u0441\u0442\u0432\u0438\u044f \u0432\u043d\u0435\u0448\u043d\u0438\u0445 \u0444\u0430\u043a\u0442\u043e\u0440\u043e\u0432: \u0441\u043e\u043b\u043d\u0446\u0430, \u0432\u0435\u0442\u0440\u0430, \u0432\u043e\u0434\u044b \u0438 \u0442.\u0434. \u041f\u0440\u0438 \u0443\u043c\u044b\u0432\u0430\u043d\u0438\u0438 \u0432\u043e\u0434\u043e\u0439 \u0441 \u043c\u044b\u043b\u043e\u043c \u0432\u043e\u0437\u043d\u0438\u043a\u0430\u0435\u0442 \u043e\u0449\u0443\u0449\u0435\u043d\u0438\u0435 \u0441\u0442\u044f\u043d\u0443\u0442\u043e\u0441\u0442\u0438, \u0437\u0430\u0442\u0435\u043c \u043d\u0430\u0447\u0438\u043d\u0430\u0435\u0442\u0441\u044f \u0448\u0435\u043b\u0443\u0448\u0435\u043d\u0438\u0435.&nbsp;\u0410\u043b\u043b\u0435\u0440\u0433\u0438\u0447\u0435\u0441\u043a\u0438\u0435 \u0440\u0435\u0430\u043a\u0446\u0438\u0438 \u0441\u043e\u043f\u0440\u043e\u0432\u043e\u0436\u0434\u0430\u044e\u0442\u0441\u044f \u0441\u0438\u043b\u044c\u043d\u044b\u043c \u0437\u0443\u0434\u043e\u043c. \u042d\u0442\u043e\u0442 \u0442\u0438\u043f \u043a\u043e\u0436\u0438 \u0432\u0435\u0441\u044c\u043c\u0430 \u043f\u0440\u043e\u0431\u043b\u0435\u043c\u043d\u044b\u0439 \u0438&hellip;","_links":{"self":[{"href":"https:\/\/la-sincere.ee\/et\/wp-json\/wp\/v2\/pages\/409","targetHints":{"allow":["GET"]}}],"collection":[{"href":"https:\/\/la-sincere.ee\/et\/wp-json\/wp\/v2\/pages"}],"about":[{"href":"https:\/\/la-sincere.ee\/et\/wp-json\/wp\/v2\/types\/page"}],"author":[{"embeddable":true,"href":"https:\/\/la-sincere.ee\/et\/wp-json\/wp\/v2\/users\/1"}],"replies":[{"embeddable":true,"href":"https:\/\/la-sincere.ee\/et\/wp-json\/wp\/v2\/comments?post=409"}],"version-history":[{"count":7,"href":"https:\/\/la-sincere.ee\/et\/wp-json\/wp\/v2\/pages\/409\/revisions"}],"predecessor-version":[{"id":1008,"href":"https:\/\/la-sincere.ee\/et\/wp-json\/wp\/v2\/pages\/409\/revisions\/1008"}],"up":[{"embeddable":true,"href":"https:\/\/la-sincere.ee\/et\/wp-json\/wp\/v2\/pages\/267"}],"wp:attachment":[{"href":"https:\/\/la-sincere.ee\/et\/wp-json\/wp\/v2\/media?parent=409"}],"curies":[{"name":"wp","href":"https:\/\/api.w.org\/{rel}","templated":true}]}}