{"id":394,"date":"2023-08-25T11:52:02","date_gmt":"2023-08-25T11:52:02","guid":{"rendered":"https:\/\/la-sincere.ee\/?page_id=394"},"modified":"2023-09-02T09:53:00","modified_gmt":"2023-09-02T09:53:00","slug":"normalnaja-kozha","status":"publish","type":"page","link":"https:\/\/la-sincere.ee\/et\/domashnjaja-linija\/normalnaja-kozha\/","title":{"rendered":"Normaalne nahk"},"content":{"rendered":"<h2 class=\"wp-block-heading has-text-align-center\">Normaalne nahk<\/h2>\n\n\n\n<p>Selline nahat\u00fc\u00fcp v\u00f5ib olla ainult t\u00e4iesti tervetel inimestel, mida kohtab oluliselt harva. Normaalset, tervet nahka eristab siledus ja elastus. Sellel pole rasvast l\u00e4iget, komedoone, musti v\u00f5i valgeid t\u00e4ppe, laienenud poore. Sellise nahat\u00fc\u00fcpiga inimesi v\u00f5ib ainult kadestada. See nahat\u00fc\u00fcp kannatab h\u00e4sti nii kuuma kui ka k\u00fclma. Peaaegu igasugused v\u00e4lisfaktorid on ohutud selle omanikule.<\/p>\n\n\n\n<div class=\"wp-block-uagb-image uagb-block-b0da6550 wp-block-uagb-image--layout-default wp-block-uagb-image--effect-static wp-block-uagb-image--align-none\"><figure class=\"wp-block-uagb-image__figure\"><img decoding=\"async\"  sizes=\"auto, (max-width: 480px) 150px\" src=\"https:\/\/la-sincere.ee\/wp-content\/uploads\/2023\/09\/normalne.jpg\" alt=\"\" width=\"1133\" height=\"1249\" title=\"\" loading=\"lazy\"\/><\/figure><\/div>\n\n\n\n<div class=\"wp-block-stackable-button-group stk-block-button-group stk-block stk-766395a\" data-block-id=\"766395a\"><div class=\"stk-row stk-inner-blocks stk-block-content stk-button-group\">\n<div class=\"wp-block-stackable-button stk-block-button stk-block stk-cb4fad6\" data-block-id=\"cb4fad6\"><style>.stk-cb4fad6 .stk-button{background:#9a1b46 !important}<\/style><a class=\"stk-link stk-button stk--hover-effect-darken\" href=\"https:\/\/la-sincere.ee\/et\/%d0%b4%d0%be%d0%bc%d0%b0%d1%88%d0%bd%d1%8f%d1%8f-%d0%bb%d0%b8%d0%bd%d0%b8%d1%8f\/%d1%81%d1%83%d1%85%d0%b0%d1%8f-%d0%ba%d0%be%d0%b6%d0%b0\/\"><span class=\"stk-button__inner-text\">Vaata edasi: Kuiv nahk<\/span><\/a><\/div>\n<\/div><\/div>","protected":false},"excerpt":{"rendered":"<p>\u041d\u043e\u0440\u043c\u0430\u043b\u044c\u043d\u0430\u044f \u043a\u043e\u0436\u0430 \u0422\u0410\u041a\u041e\u0419 \u0422\u0418\u041f \u041a\u041e\u0416\u0418 \u041c\u041e\u0416\u0415\u0422 \u0411\u042b\u0422\u042c \u0422\u041e\u041b\u042c\u041a\u041e \u0423 \u0410\u0411\u0421\u041e\u041b\u042e\u0422\u041d\u041e \u0417\u0414\u041e\u0420\u041e\u0412\u042b\u0425 \u041b\u042e\u0414\u0415\u0419, \u0427\u0422\u041e \u0412\u0421\u0422\u0420\u0415\u0427\u0410\u0415\u0422\u0421\u042f \u0412\u0415\u0421\u042c\u041c\u0410 \u0418 \u0412\u0415\u0421\u042c\u041c\u0410 \u0420\u0415\u0414\u041a\u041e. \u041d\u041e\u0420\u041c\u0410\u041b\u042c\u041d\u0410\u042f, \u0417\u0414\u041e\u0420\u041e\u0412\u0410\u042f \u041a\u041e\u0416\u0410 \u041e\u0422\u041b\u0418\u0427\u0410\u0415\u0422\u0421\u042f \u0413\u041b\u0410\u0414\u041a\u041e\u0421\u0422\u042c\u042e \u0418 \u042d\u041b\u0410\u0421\u0422\u0418\u0427\u041d\u041e\u0421\u0422\u042c\u042e. \u041d\u0410 \u041d\u0415\u0419 \u041e\u0422\u0421\u0423\u0422\u0421\u0422\u0412\u0423\u0415\u0422 \u0416\u0418\u0420\u041d\u042b\u0419 \u0411\u041b\u0415\u0421\u041a, \u0423\u0413\u0420\u0415\u0412\u0410\u042f \u0421\u042b\u041f\u042c, \u0427\u0415\u0420\u041d\u042b\u0415 \u0418\u041b\u0418 \u0411\u0415\u041b\u042b\u0415 \u0422\u041e\u0427\u041a\u0418 (\u0420\u0410\u0417\u041d\u041e\u0412\u0418\u0414\u041d\u041e\u0421\u0422\u0418 \u0423\u0413\u0420\u0415\u0419), \u0420\u0410\u0421\u0428\u0418\u0420\u0415\u041d\u041d\u042b\u0415 \u041f\u041e\u0420\u042b. \u041e\u0411\u041b\u0410\u0414\u0410\u0422\u0415\u041b\u042f\u041c \u0422\u0410\u041a\u041e\u0413\u041e \u041a\u041e\u0416\u041d\u041e\u0413\u041e \u041f\u041e\u041a\u0420\u041e\u0412\u0410 \u041c\u041e\u0416\u041d\u041e \u0422\u041e\u041b\u042c\u041a\u041e \u041f\u041e\u0417\u0410\u0412\u0418\u0414\u041e\u0412\u0410\u0422\u042c. \u042d\u0422\u041e\u0422 \u0422\u0418\u041f \u041a\u041e\u0416\u0418 \u041f\u0420\u0415\u041a\u0420\u0410\u0421\u041d\u041e \u041f\u0415\u0420\u0415\u041d\u041e\u0421\u0418\u0422 \u041a\u0410\u041a \u0416\u0410\u0420\u0423, \u0422\u0410\u041a [&hellip;]<\/p>\n","protected":false},"author":1,"featured_media":0,"parent":267,"menu_order":0,"comment_status":"closed","ping_status":"closed","template":"","meta":{"_uag_custom_page_level_css":"","footnotes":""},"class_list":["post-394","page","type-page","status-publish","hentry"],"uagb_featured_image_src":{"full":false,"thumbnail":false,"medium":false,"medium_large":false,"large":false,"1536x1536":false,"2048x2048":false,"trp-custom-language-flag":false,"mailpoet_newsletter_max":false,"woocommerce_thumbnail":false,"woocommerce_single":false,"woocommerce_gallery_thumbnail":false},"uagb_author_info":{"display_name":"Anzela","author_link":"https:\/\/la-sincere.ee\/et\/author\/admin\/"},"uagb_comment_info":0,"uagb_excerpt":"\u041d\u043e\u0440\u043c\u0430\u043b\u044c\u043d\u0430\u044f \u043a\u043e\u0436\u0430 \u0422\u0410\u041a\u041e\u0419 \u0422\u0418\u041f \u041a\u041e\u0416\u0418 \u041c\u041e\u0416\u0415\u0422 \u0411\u042b\u0422\u042c \u0422\u041e\u041b\u042c\u041a\u041e \u0423 \u0410\u0411\u0421\u041e\u041b\u042e\u0422\u041d\u041e \u0417\u0414\u041e\u0420\u041e\u0412\u042b\u0425 \u041b\u042e\u0414\u0415\u0419, \u0427\u0422\u041e \u0412\u0421\u0422\u0420\u0415\u0427\u0410\u0415\u0422\u0421\u042f \u0412\u0415\u0421\u042c\u041c\u0410 \u0418 \u0412\u0415\u0421\u042c\u041c\u0410 \u0420\u0415\u0414\u041a\u041e. \u041d\u041e\u0420\u041c\u0410\u041b\u042c\u041d\u0410\u042f, \u0417\u0414\u041e\u0420\u041e\u0412\u0410\u042f \u041a\u041e\u0416\u0410 \u041e\u0422\u041b\u0418\u0427\u0410\u0415\u0422\u0421\u042f \u0413\u041b\u0410\u0414\u041a\u041e\u0421\u0422\u042c\u042e \u0418 \u042d\u041b\u0410\u0421\u0422\u0418\u0427\u041d\u041e\u0421\u0422\u042c\u042e. \u041d\u0410 \u041d\u0415\u0419 \u041e\u0422\u0421\u0423\u0422\u0421\u0422\u0412\u0423\u0415\u0422 \u0416\u0418\u0420\u041d\u042b\u0419 \u0411\u041b\u0415\u0421\u041a, \u0423\u0413\u0420\u0415\u0412\u0410\u042f \u0421\u042b\u041f\u042c, \u0427\u0415\u0420\u041d\u042b\u0415 \u0418\u041b\u0418 \u0411\u0415\u041b\u042b\u0415 \u0422\u041e\u0427\u041a\u0418 (\u0420\u0410\u0417\u041d\u041e\u0412\u0418\u0414\u041d\u041e\u0421\u0422\u0418 \u0423\u0413\u0420\u0415\u0419), \u0420\u0410\u0421\u0428\u0418\u0420\u0415\u041d\u041d\u042b\u0415 \u041f\u041e\u0420\u042b. \u041e\u0411\u041b\u0410\u0414\u0410\u0422\u0415\u041b\u042f\u041c \u0422\u0410\u041a\u041e\u0413\u041e \u041a\u041e\u0416\u041d\u041e\u0413\u041e \u041f\u041e\u041a\u0420\u041e\u0412\u0410 \u041c\u041e\u0416\u041d\u041e \u0422\u041e\u041b\u042c\u041a\u041e \u041f\u041e\u0417\u0410\u0412\u0418\u0414\u041e\u0412\u0410\u0422\u042c. \u042d\u0422\u041e\u0422 \u0422\u0418\u041f \u041a\u041e\u0416\u0418 \u041f\u0420\u0415\u041a\u0420\u0410\u0421\u041d\u041e \u041f\u0415\u0420\u0415\u041d\u041e\u0421\u0418\u0422 \u041a\u0410\u041a \u0416\u0410\u0420\u0423, \u0422\u0410\u041a&hellip;","_links":{"self":[{"href":"https:\/\/la-sincere.ee\/et\/wp-json\/wp\/v2\/pages\/394","targetHints":{"allow":["GET"]}}],"collection":[{"href":"https:\/\/la-sincere.ee\/et\/wp-json\/wp\/v2\/pages"}],"about":[{"href":"https:\/\/la-sincere.ee\/et\/wp-json\/wp\/v2\/types\/page"}],"author":[{"embeddable":true,"href":"https:\/\/la-sincere.ee\/et\/wp-json\/wp\/v2\/users\/1"}],"replies":[{"embeddable":true,"href":"https:\/\/la-sincere.ee\/et\/wp-json\/wp\/v2\/comments?post=394"}],"version-history":[{"count":11,"href":"https:\/\/la-sincere.ee\/et\/wp-json\/wp\/v2\/pages\/394\/revisions"}],"predecessor-version":[{"id":1005,"href":"https:\/\/la-sincere.ee\/et\/wp-json\/wp\/v2\/pages\/394\/revisions\/1005"}],"up":[{"embeddable":true,"href":"https:\/\/la-sincere.ee\/et\/wp-json\/wp\/v2\/pages\/267"}],"wp:attachment":[{"href":"https:\/\/la-sincere.ee\/et\/wp-json\/wp\/v2\/media?parent=394"}],"curies":[{"name":"wp","href":"https:\/\/api.w.org\/{rel}","templated":true}]}}