{"id":267,"date":"2023-08-25T07:54:30","date_gmt":"2023-08-25T07:54:30","guid":{"rendered":"https:\/\/la-sincere.ee\/?page_id=267"},"modified":"2023-09-02T09:51:35","modified_gmt":"2023-09-02T09:51:35","slug":"domashnjaja-linija","status":"publish","type":"page","link":"https:\/\/la-sincere.ee\/et\/domashnjaja-linija\/","title":{"rendered":"Kodune hooldus"},"content":{"rendered":"<p>Tahate alati n\u00e4ha v\u00e4lja v\u00e4rske ja k\u00fctkestavana? Soovitud tulemuse saavutamiseks tuleb p\u00f6\u00f6rata erilist t\u00e4helepanu \u00f5igele kodusele hooldusele. Me pakume kasutamiseks spetsiaalseid tooteid, mis on salongi protseduuride j\u00e4tkuks. Need on loodud hoidma, tugevdama ja arendama saadud tulemust.<\/p>\n\n\n\n<p>Milles seisneb koduseks hoolduseks m\u00f5eldud professionaalse Jaapani kosmeetika erip\u00e4ra? Preparaadid, s\u00e4ilitades salongitoodete parameetreid, erinevad universaalsuse poolest ja ei vaja v\u00e4lja\u00f5pet nende kasutamiseks. Koduse hoolduse sarja abil tagate Te suurep\u00e4rast igap\u00e4evast hooldust.<\/p>\n\n\n\n<p>Professionaalse Jaapani kosmeetika kasutamine on personaliseeritud ja seda m\u00e4\u00e4ratakse rangelt individuaalselt, arvestades nahat\u00fc\u00fcpi ja olemasolevaid probleeme. Te saate valida vajalikke tooteid ja saavutada vapustavat tulemust!<\/p>\n\n\n\n<p>Meie kataloogis on esitatud lai toodete valik. Need on tuntud oma noorendava toime poolest, tagavad piisavat niisutust ja hooldust. Tagavad tulemust, mis \u00fcletab k\u00f5ik ootused.<\/p>\n\n\n\n<div style=\"height:52px\" aria-hidden=\"true\" class=\"wp-block-spacer\"><\/div>\n\n\n\n<div class=\"wp-block-group is-content-justification-space-between is-layout-flex wp-container-core-group-is-layout-9366075c wp-block-group-is-layout-flex\">\n<div class=\"wp-block-uagb-image uagb-block-51e4976a wp-block-uagb-image--layout-default wp-block-uagb-image--effect-static wp-block-uagb-image--align-none is-style-default\"><figure class=\"wp-block-uagb-image__figure\"><a class=\"\" href=\"https:\/\/la-sincere.ee\/et\/%d0%b4%d0%be%d0%bc%d0%b0%d1%88%d0%bd%d1%8f%d1%8f-%d0%bb%d0%b8%d0%bd%d0%b8%d1%8f\/%d0%bd%d0%be%d1%80%d0%bc%d0%b0%d0%bb%d1%8c%d0%bd%d0%b0%d1%8f-%d0%ba%d0%be%d0%b6%d0%b0\/\" target=\"\" rel=\"noopener\"><img decoding=\"async\"  sizes=\"auto, (max-width: 480px) 150px\" src=\"https:\/\/la-sincere.ee\/wp-content\/uploads\/2023\/09\/uhod_za_normalnoy_kohey-2.jpg\" alt=\"\" width=\"300\" height=\"220\" title=\"\" loading=\"lazy\"\/><\/a><figcaption class=\"uagb-image-caption\">Normaalne nahk<\/figcaption><\/figure><\/div>\n\n\n\n<div class=\"wp-block-uagb-image uagb-block-8108ae64 wp-block-uagb-image--layout-default wp-block-uagb-image--effect-static wp-block-uagb-image--align-none\"><figure class=\"wp-block-uagb-image__figure\"><a class=\"\" href=\"https:\/\/la-sincere.ee\/et\/%d0%b4%d0%be%d0%bc%d0%b0%d1%88%d0%bd%d1%8f%d1%8f-%d0%bb%d0%b8%d0%bd%d0%b8%d1%8f\/%d1%81%d1%83%d1%85%d0%b0%d1%8f-%d0%ba%d0%be%d0%b6%d0%b0\/\" target=\"\" rel=\"noopener\"><img decoding=\"async\"  sizes=\"auto, (max-width: 480px) 150px\" src=\"https:\/\/la-sincere.ee\/wp-content\/uploads\/2023\/09\/suhaya_koja-2.jpg\" alt=\"\" width=\"250\" height=\"263\" title=\"\" loading=\"lazy\"\/><\/a><figcaption class=\"uagb-image-caption\">Kuiv nahk<\/figcaption><\/figure><\/div>\n\n\n\n<div class=\"wp-block-uagb-image uagb-block-f91eb013 wp-block-uagb-image--layout-default wp-block-uagb-image--effect-static wp-block-uagb-image--align-none\"><figure class=\"wp-block-uagb-image__figure\"><a class=\"\" href=\"https:\/\/la-sincere.ee\/et\/%d0%b4%d0%be%d0%bc%d0%b0%d1%88%d0%bd%d1%8f%d1%8f-%d0%bb%d0%b8%d0%bd%d0%b8%d1%8f\/%d0%b6%d0%b8%d1%80%d0%bd%d0%b0%d1%8f-%d0%ba%d0%be%d0%b6%d0%b0\/\" target=\"\" rel=\"noopener\"><img decoding=\"async\"  sizes=\"auto, (max-width: 480px) 150px\" src=\"https:\/\/la-sincere.ee\/wp-content\/uploads\/2023\/09\/zhirnaya_koja-2.jpg\" alt=\"\" width=\"250\" height=\"174\" title=\"\" loading=\"lazy\"\/><\/a><figcaption class=\"uagb-image-caption\">Rasune nahk<\/figcaption><\/figure><\/div>\n<\/div>\n\n\n\n<div class=\"wp-block-group is-content-justification-space-between is-layout-flex wp-container-core-group-is-layout-9366075c wp-block-group-is-layout-flex\">\n<div class=\"wp-block-uagb-image uagb-block-00977035 wp-block-uagb-image--layout-default wp-block-uagb-image--effect-static wp-block-uagb-image--align-none\"><figure class=\"wp-block-uagb-image__figure\"><a class=\"\" href=\"https:\/\/la-sincere.ee\/et\/%d0%b4%d0%be%d0%bc%d0%b0%d1%88%d0%bd%d1%8f%d1%8f-%d0%bb%d0%b8%d0%bd%d0%b8%d1%8f\/%d1%83%d0%b2%d1%8f%d0%b4%d0%b0%d1%8e%d1%89%d0%b0%d1%8f-%d0%ba%d0%be%d0%b6%d0%b0\/\" target=\"\" rel=\"noopener\"><img decoding=\"async\"  sizes=\"auto, (max-width: 480px) 150px\" src=\"https:\/\/la-sincere.ee\/wp-content\/uploads\/2023\/09\/uvyadaushaya_koja-2.jpg\" alt=\"\" width=\"300\" height=\"173\" title=\"\" loading=\"lazy\"\/><\/a><figcaption class=\"uagb-image-caption\">N\u00e4rbuv nahk<\/figcaption><\/figure><\/div>\n\n\n\n<div class=\"wp-block-uagb-image uagb-block-172bf1e4 wp-block-uagb-image--layout-default wp-block-uagb-image--effect-static wp-block-uagb-image--align-none\"><figure class=\"wp-block-uagb-image__figure\"><a class=\"\" href=\"https:\/\/la-sincere.ee\/et\/%d0%b4%d0%be%d0%bc%d0%b0%d1%88%d0%bd%d1%8f%d1%8f-%d0%bb%d0%b8%d0%bd%d0%b8%d1%8f\/%d1%81%d0%bc%d0%b5%d1%88%d0%b0%d0%bd%d0%bd%d1%8b%d0%b9-%d1%82%d0%b8%d0%bf-%d0%ba%d0%be%d0%b6%d0%b8\/\" target=\"\" rel=\"noopener\"><img decoding=\"async\"  sizes=\"auto, (max-width: 480px) 150px\" src=\"https:\/\/la-sincere.ee\/wp-content\/uploads\/2023\/09\/smeshanniy_tip_koji-2.jpg\" alt=\"\" width=\"250\" height=\"375\" title=\"\" loading=\"lazy\"\/><\/a><figcaption class=\"uagb-image-caption\">Seganahk (kombineeritud nahk)<\/figcaption><\/figure><\/div>\n\n\n\n<div class=\"wp-block-uagb-image uagb-block-d9249d75 wp-block-uagb-image--layout-default wp-block-uagb-image--effect-static wp-block-uagb-image--align-none\"><figure class=\"wp-block-uagb-image__figure\"><a class=\"\" href=\"https:\/\/la-sincere.ee\/et\/%d0%b4%d0%be%d0%bc%d0%b0%d1%88%d0%bd%d1%8f%d1%8f-%d0%bb%d0%b8%d0%bd%d0%b8%d1%8f\/%d1%87%d1%83%d0%b2%d1%81%d1%82%d0%b2%d0%b8%d1%82%d0%b5%d0%bb%d1%8c%d0%bd%d0%b0%d1%8f-%d0%ba%d0%be%d0%b6%d0%b0\/\" target=\"\" rel=\"noopener\"><img decoding=\"async\"  sizes=\"auto, (max-width: 480px) 150px\" src=\"https:\/\/la-sincere.ee\/wp-content\/uploads\/2023\/09\/chuvstvitelnaya_koja-2.jpg\" alt=\"\" width=\"193\" height=\"296\" title=\"\" loading=\"lazy\"\/><\/a><figcaption class=\"uagb-image-caption\">Tundlik nahk<\/figcaption><\/figure><\/div>\n<\/div>\n\n\n\n<div class=\"wp-block-group is-vertical is-content-justification-center is-nowrap is-layout-flex wp-container-core-group-is-layout-d7b04dc7 wp-block-group-is-layout-flex\">\n<div class=\"wp-block-uagb-image aligncenter uagb-block-a38b4155 wp-block-uagb-image--layout-default wp-block-uagb-image--effect-static wp-block-uagb-image--align-center\"><figure class=\"wp-block-uagb-image__figure\"><a class=\"\" href=\"https:\/\/la-sincere.ee\/et\/%d0%b4%d0%be%d0%bc%d0%b0%d1%88%d0%bd%d1%8f%d1%8f-%d0%bb%d0%b8%d0%bd%d0%b8%d1%8f\/%d0%b2%d0%be%d0%ba%d1%80%d1%83%d0%b3-%d0%b3%d0%bb%d0%b0%d0%b7\/\" target=\"\" rel=\"noopener\"><img decoding=\"async\"  sizes=\"auto, (max-width: 480px) 150px\" src=\"https:\/\/la-sincere.ee\/wp-content\/uploads\/2023\/09\/vokrug_glaz-2.jpg\" alt=\"\" width=\"300\" height=\"175\" title=\"\" loading=\"lazy\"\/><\/a><figcaption class=\"uagb-image-caption\">Silma\u00fcmbrusnahk<\/figcaption><\/figure><\/div>\n<\/div>","protected":false},"excerpt":{"rendered":"<p>\u0425\u043e\u0442\u0438\u0442\u0435 \u0432\u0441\u0435\u0433\u0434\u0430 \u0432\u044b\u0433\u043b\u044f\u0434\u0435\u0442\u044c \u0441\u0432\u0435\u0436\u043e \u0438 \u043f\u0440\u0438\u0432\u043b\u0435\u043a\u0430\u0442\u0435\u043b\u044c\u043d\u043e? \u0414\u043b\u044f \u0434\u043e\u0441\u0442\u0438\u0436\u0435\u043d\u0438\u044f \u0436\u0435\u043b\u0430\u0435\u043c\u043e\u0433\u043e \u0440\u0435\u0437\u0443\u043b\u044c\u0442\u0430\u0442\u0430 \u043d\u0435\u043e\u0431\u0445\u043e\u0434\u0438\u043c\u043e \u0443\u0434\u0435\u043b\u0438\u0442\u044c \u043e\u0441\u043e\u0431\u043e\u0435 \u0437\u043d\u0430\u0447\u0435\u043d\u0438\u0435 \u043f\u0440\u0430\u0432\u0438\u043b\u044c\u043d\u043e\u043c\u0443 \u0434\u043e\u043c\u0430\u0448\u043d\u0435\u043c\u0443 \u0443\u0445\u043e\u0436\u0443 \u0437\u0430 \u043a\u043e\u0436\u0435\u0439. \u041c\u044b \u043f\u0440\u0435\u0434\u043b\u0430\u0433\u0430\u0435\u043c \u0432\u0430\u043c \u0438\u0441\u043f\u043e\u043b\u044c\u0437\u043e\u0432\u0430\u0442\u044c \u0441\u043f\u0435\u0446\u0438\u0430\u043b\u044c\u043d\u044b\u0435 \u0441\u0440\u0435\u0434\u0441\u0442\u0432\u0430, \u043a\u043e\u0442\u043e\u0440\u044b\u0435 \u044f\u0432\u043b\u044f\u044e\u0442\u0441\u044f \u043f\u0440\u043e\u0434\u043e\u043b\u0436\u0435\u043d\u0438\u0435\u043c \u0441\u0430\u043b\u043e\u043d\u043d\u044b\u0445 \u043f\u0440\u043e\u0446\u0435\u0434\u0443\u0440. \u041e\u043d\u0438 \u0441\u043e\u0437\u0434\u0430\u043d\u044b \u0441 \u0446\u0435\u043b\u044c\u044e \u043f\u043e\u0434\u0434\u0435\u0440\u0436\u0430\u0442\u044c, \u0443\u043a\u0440\u0435\u043f\u0438\u0442\u044c \u0438 \u0440\u0430\u0437\u0432\u0438\u0442\u044c \u043f\u043e\u043b\u0443\u0447\u0435\u043d\u043d\u044b\u0439 \u044d\u0444\u0444\u0435\u043a\u0442. \u0412 \u0447\u0435\u043c \u043e\u0441\u043e\u0431\u0435\u043d\u043d\u043e\u0441\u0442\u044c \u043f\u0440\u043e\u0444\u0435\u0441\u0441\u0438\u043e\u043d\u0430\u043b\u044c\u043d\u043e\u0439 \u044f\u043f\u043e\u043d\u0441\u043a\u043e\u0439 \u043a\u043e\u0441\u043c\u0435\u0442\u0438\u043a\u0438 \u0434\u043b\u044f \u0434\u043e\u043c\u0430\u0448\u043d\u0435\u0433\u043e \u0443\u0445\u043e\u0434\u0430? \u041f\u0440\u0435\u043f\u0430\u0440\u0430\u0442\u044b, \u0441\u043e\u0445\u0440\u0430\u043d\u044f\u044f \u043f\u0430\u0440\u0430\u043c\u0435\u0442\u0440\u044b \u0441\u0430\u043b\u043e\u043d\u043d\u044b\u0445 \u0441\u0440\u0435\u0434\u0441\u0442\u0432, \u043e\u0442\u043b\u0438\u0447\u0430\u044e\u0442\u0441\u044f [&hellip;]<\/p>\n","protected":false},"author":1,"featured_media":0,"parent":0,"menu_order":0,"comment_status":"closed","ping_status":"closed","template":"","meta":{"_uag_custom_page_level_css":"","footnotes":""},"class_list":["post-267","page","type-page","status-publish","hentry"],"uagb_featured_image_src":{"full":false,"thumbnail":false,"medium":false,"medium_large":false,"large":false,"1536x1536":false,"2048x2048":false,"trp-custom-language-flag":false,"mailpoet_newsletter_max":false,"woocommerce_thumbnail":false,"woocommerce_single":false,"woocommerce_gallery_thumbnail":false},"uagb_author_info":{"display_name":"Anzela","author_link":"https:\/\/la-sincere.ee\/et\/author\/admin\/"},"uagb_comment_info":0,"uagb_excerpt":"\u0425\u043e\u0442\u0438\u0442\u0435 \u0432\u0441\u0435\u0433\u0434\u0430 \u0432\u044b\u0433\u043b\u044f\u0434\u0435\u0442\u044c \u0441\u0432\u0435\u0436\u043e \u0438 \u043f\u0440\u0438\u0432\u043b\u0435\u043a\u0430\u0442\u0435\u043b\u044c\u043d\u043e? \u0414\u043b\u044f \u0434\u043e\u0441\u0442\u0438\u0436\u0435\u043d\u0438\u044f \u0436\u0435\u043b\u0430\u0435\u043c\u043e\u0433\u043e \u0440\u0435\u0437\u0443\u043b\u044c\u0442\u0430\u0442\u0430 \u043d\u0435\u043e\u0431\u0445\u043e\u0434\u0438\u043c\u043e \u0443\u0434\u0435\u043b\u0438\u0442\u044c \u043e\u0441\u043e\u0431\u043e\u0435 \u0437\u043d\u0430\u0447\u0435\u043d\u0438\u0435 \u043f\u0440\u0430\u0432\u0438\u043b\u044c\u043d\u043e\u043c\u0443 \u0434\u043e\u043c\u0430\u0448\u043d\u0435\u043c\u0443 \u0443\u0445\u043e\u0436\u0443 \u0437\u0430 \u043a\u043e\u0436\u0435\u0439. \u041c\u044b \u043f\u0440\u0435\u0434\u043b\u0430\u0433\u0430\u0435\u043c \u0432\u0430\u043c \u0438\u0441\u043f\u043e\u043b\u044c\u0437\u043e\u0432\u0430\u0442\u044c \u0441\u043f\u0435\u0446\u0438\u0430\u043b\u044c\u043d\u044b\u0435 \u0441\u0440\u0435\u0434\u0441\u0442\u0432\u0430, \u043a\u043e\u0442\u043e\u0440\u044b\u0435 \u044f\u0432\u043b\u044f\u044e\u0442\u0441\u044f \u043f\u0440\u043e\u0434\u043e\u043b\u0436\u0435\u043d\u0438\u0435\u043c \u0441\u0430\u043b\u043e\u043d\u043d\u044b\u0445 \u043f\u0440\u043e\u0446\u0435\u0434\u0443\u0440. \u041e\u043d\u0438 \u0441\u043e\u0437\u0434\u0430\u043d\u044b \u0441 \u0446\u0435\u043b\u044c\u044e \u043f\u043e\u0434\u0434\u0435\u0440\u0436\u0430\u0442\u044c, \u0443\u043a\u0440\u0435\u043f\u0438\u0442\u044c \u0438 \u0440\u0430\u0437\u0432\u0438\u0442\u044c \u043f\u043e\u043b\u0443\u0447\u0435\u043d\u043d\u044b\u0439 \u044d\u0444\u0444\u0435\u043a\u0442. \u0412 \u0447\u0435\u043c \u043e\u0441\u043e\u0431\u0435\u043d\u043d\u043e\u0441\u0442\u044c \u043f\u0440\u043e\u0444\u0435\u0441\u0441\u0438\u043e\u043d\u0430\u043b\u044c\u043d\u043e\u0439 \u044f\u043f\u043e\u043d\u0441\u043a\u043e\u0439 \u043a\u043e\u0441\u043c\u0435\u0442\u0438\u043a\u0438 \u0434\u043b\u044f \u0434\u043e\u043c\u0430\u0448\u043d\u0435\u0433\u043e \u0443\u0445\u043e\u0434\u0430? \u041f\u0440\u0435\u043f\u0430\u0440\u0430\u0442\u044b, \u0441\u043e\u0445\u0440\u0430\u043d\u044f\u044f \u043f\u0430\u0440\u0430\u043c\u0435\u0442\u0440\u044b \u0441\u0430\u043b\u043e\u043d\u043d\u044b\u0445 \u0441\u0440\u0435\u0434\u0441\u0442\u0432, \u043e\u0442\u043b\u0438\u0447\u0430\u044e\u0442\u0441\u044f&hellip;","_links":{"self":[{"href":"https:\/\/la-sincere.ee\/et\/wp-json\/wp\/v2\/pages\/267","targetHints":{"allow":["GET"]}}],"collection":[{"href":"https:\/\/la-sincere.ee\/et\/wp-json\/wp\/v2\/pages"}],"about":[{"href":"https:\/\/la-sincere.ee\/et\/wp-json\/wp\/v2\/types\/page"}],"author":[{"embeddable":true,"href":"https:\/\/la-sincere.ee\/et\/wp-json\/wp\/v2\/users\/1"}],"replies":[{"embeddable":true,"href":"https:\/\/la-sincere.ee\/et\/wp-json\/wp\/v2\/comments?post=267"}],"version-history":[{"count":30,"href":"https:\/\/la-sincere.ee\/et\/wp-json\/wp\/v2\/pages\/267\/revisions"}],"predecessor-version":[{"id":1004,"href":"https:\/\/la-sincere.ee\/et\/wp-json\/wp\/v2\/pages\/267\/revisions\/1004"}],"wp:attachment":[{"href":"https:\/\/la-sincere.ee\/et\/wp-json\/wp\/v2\/media?parent=267"}],"curies":[{"name":"wp","href":"https:\/\/api.w.org\/{rel}","templated":true}]}}