{"id":2192,"date":"2025-11-11T11:25:08","date_gmt":"2025-11-11T11:25:08","guid":{"rendered":"https:\/\/la-sincere.ee\/?page_id=2192"},"modified":"2025-11-11T11:48:16","modified_gmt":"2025-11-11T11:48:16","slug":"refund_returns","status":"publish","type":"page","link":"https:\/\/la-sincere.ee\/et\/refund_returns\/","title":{"rendered":"Privaatsuspoliitika"},"content":{"rendered":"<h2 class=\"wp-block-heading\"><strong>Privaatsuspoliitika<\/strong><\/h2>\n\n\n\n<p class=\"translation-block\">La Sincere on p\u00fchendunud oma klientide ja kasutajate privaatsuse kaitsmisele. Seet\u00f5ttu oleme v\u00e4lja t\u00f6\u00f6tanud k\u00e4esoleva privaatsuspoliitika, mis reguleerib kliendiandmete kogumist, kasutamist, avalikustamist, edastamist ja s\u00e4ilitamist. Meie veebitegevus on koosk\u00f5las k\u00f5igi kohaldatavate Euroopa Liidu seaduste ja m\u00e4\u00e4rustega, samuti Eesti Vabariigi seadustega. Palun tutvuge meie privaatsuspoliitikaga.<\/p>\n\n\n\n<p><strong>Isikuandmete kogumine ja kasutamine<\/strong><\/p>\n\n\n\n<p class=\"translation-block\">Isikuandmed on andmed, mida **La Sincere** kogub isikuga lepingu s\u00f5lmimisel v\u00f5i temaga suhtlemise eesm\u00e4rgil.<\/p>\n\n\n\n<p>P\u00fcsikliendi isikuandmeid v\u00f5idakse koguda j\u00e4rgmistel viisidel:<\/p>\n\n\n\n<ul class=\"wp-block-list\">\n<li>esitades meie veebisaidil kontaktandmeid (sh teie nimi, postiaadress, telefoninumber, e-posti aadress, eelistatud suhtlusviis);<\/li>\n\n\n\n<li>veebisaidi kasutamise teel kliendikonto andmetest v\u00f5i k\u00fcpsiste kaudu;<\/li>\n\n\n\n<li class=\"translation-block\">meie veebipoest ostu v\u00f5i tellimuse sooritades, salvestades kontaktandmeid v\u00f5i kliendi eelistusi (<strong>La Sincere<\/strong> v\u00f5ib paluda teil veebisaidi teatud osades vabatahtlikult esitada isikuandmeid ja isikuinfot. N\u00f5utavad isikuandmed v\u00f5ivad sisaldada nime, aadressi, postiindeksit, e-posti aadressi, telefoninumbrit ja muid andmeid).<\/li>\n<\/ul>\n\n\n\n<p><strong>Muude andmete kogumine<\/strong><\/p>\n\n\n\n<p>Kogume ka isikustamata andmeid \u2013 andmeid, mida ei saa otseselt konkreetse isikuga seostada (sugu, vanus, keele-eelistus, asukoht).<\/p>\n\n\n\n<p>Samuti v\u00f5ime koguda koondandmeid klientide tegevuse kohta meie kauplustes ja veebisaidil. Neid andmeid koondatakse ja kasutatakse klientidele kasulikuma teabe pakkumiseks ning selleks, et m\u00f5ista, millised meie veebisaidi, toodete ja teenuste osad neile k\u00f5ige rohkem huvi pakuvad. K\u00e4esolevas privaatsuspoliitikas nimetatakse koondandmeid mitteisiklikeks andmeteks.<\/p>\n\n\n\n<p><strong>Isikuandmete t\u00f6\u00f6tlemine<\/strong><\/p>\n\n\n\n<p>Veebipoes andmeid sisestades ja seda kinnitades annab Tarbija \u00f5iguse koguda ja t\u00f6\u00f6delda Tarbija isikuandmeid (t\u00e4isnimi, kontakttelefoninumber, paki k\u00e4ttetoimetamise aadress ja\/v\u00f5i kodune aadress, e-posti aadress), samuti edastada isikuandmeid logistikapartnerile kauba kohaletoimetamise eesm\u00e4rgil.<\/p>\n\n\n\n<p>Veebipoel on \u00f5igus kasutada Tarbija elukoha v\u00f5i asukoha aadressi reklaami ja muu teabe saatmiseks Tarbijale.<\/p>\n\n\n\n<p>Tarbijal on \u00f5igus igal ajal keelata oma isikuandmete kogumine ja kasutamine, v\u00e4lja arvatud juhtudel, kui see on vajalik lepinguj\u00e4rgse v\u00f5la sissen\u00f5udmiseks v\u00f5i kauba kohaletoimetamiseks.<\/p>\n\n\n\n<p>Elektrooniliste isikuandmete kasutamine otsepostituse eesm\u00e4rgil toimub ainult Tarbija eraldi n\u00f5usolekul.<\/p>\n\n\n\n<p>Kr\u00fcpteeritud andmevahetus pankadega ostude eest tasumisel tagab Tarbija isiklike pangarekvisiitide turvalisuse ning veebipoel puudub neile juurdep\u00e4\u00e4s.<\/p>\n\n\n\n<p><strong>Kogutud isikuandmete kasutamine<\/strong><\/p>\n\n\n\n<p class=\"translation-block\">Kogutud isikuandmeid kasutame klientide teavitamiseks La Sincere'i uudistest, kampaaniatest ja eelseisvatest s\u00fcndmustest. Kliendid, kes ei soovi saada meie uudiskirja v\u00f5i teateid neile huvipakkuvate toodete kohta, saavad igal ajal tellimuse t\u00fchistada. Kogutud isikuandmeid kasutame ka toodete kohaletoimetamiseks ja klientide ees oma kohustuste t\u00e4itmiseks.<\/p>\n\n\n\n<p class=\"translation-block\">Klientide paremaks teenindamiseks v\u00f5ib La Sincere avaldada \u00fcksikute kasutajate kohta teavet kolmandatele isikutele, kes osutavad La Sincere'ile teenuseid ja on lepinguliselt kohustatud hoidma jagatud teabe konfidentsiaalsust. N\u00e4iteks on selliste kolmandate isikute hulka kuuluvad meie partnerid, kes tegelevad meie veebipoes m\u00fc\u00fcdavate toodete transpordiga.<\/p>\n\n\n\n<p><strong>Isikuandmete kaitse<\/strong><\/p>\n\n\n\n<p class=\"translation-block\">La Sincere v\u00f5tab klientide isikuandmete kaitsmiseks k\u00f5ik ettevaatusabin\u00f5ud (sh administratiivsed, tehnilised ja f\u00fc\u00fcsilised). Juurdep\u00e4\u00e4s andmete muutmiseks ja t\u00f6\u00f6tlemiseks on ainult volitatud isikutel.<\/p>\n\n\n\n<p><strong>Ohutus<\/strong><\/p>\n\n\n\n<p class=\"translation-block\">K\u00f5iki ostja poolt La Sincere'i veebipoes k\u00fclastades ja ostlemisel teatavaks saanud isikuandmeid peetakse konfidentsiaalseks. Kr\u00fcpteeritud suhtluskanal pankadega tagab ostja isikuandmete ja pangarekvisiitide turvalisuse.<\/p>\n\n\n\n<p><strong>Privaatsuspoliitika tingimused ja muudatused<\/strong><\/p>\n\n\n\n<p>Meie veebilehte kasutades v\u00f5i lojaalsusprogrammi avalduse t\u00e4ites n\u00f5ustute nende tingimustega. J\u00e4tame endale \u00f5iguse k\u00e4esoleva privaatsuspoliitika \u00fcldtingimusi vastavalt vajadusele muuta, teavitades vastavalt k\u00f5iki lojaalseid kliente.<\/p>\n\n\n\n<p class=\"translation-block\">K\u00f5ikide privaatsuspoliitika v\u00f5i andmet\u00f6\u00f6tluse kohta k\u00e4ivate k\u00fcsimuste v\u00f5i kommentaaride korral v\u00f5tke palun \u00fchendust aadressil <strong>lasincere.baltia@gmail.com<\/strong> v\u00f5i telefonil <strong>+372 56996710<\/strong>.<\/p>\n\n\n\n<p class=\"translation-block\"><strong>La Sincere<\/strong> on andmet\u00f6\u00f6tleja ja edastab maksete tegemiseks vajalikud isikuandmed volitatud makset\u00f6\u00f6tlejatele.<\/p>","protected":false},"excerpt":{"rendered":"<p>\u041f\u043e\u043b\u0438\u0442\u0438\u043a\u0430 \u043a\u043e\u043d\u0444\u0438\u0434\u0435\u043d\u0446\u0438\u0430\u043b\u044c\u043d\u043e\u0441\u0442\u0438 La Sincere \u043e\u0431\u044f\u0437\u0443\u0435\u0442\u0441\u044f \u0437\u0430\u0449\u0438\u0449\u0430\u0442\u044c \u043a\u043e\u043d\u0444\u0438\u0434\u0435\u043d\u0446\u0438\u0430\u043b\u044c\u043d\u043e\u0441\u0442\u044c \u0441\u0432\u043e\u0438\u0445 \u043a\u043b\u0438\u0435\u043d\u0442\u043e\u0432 \u0438 \u043f\u043e\u043b\u044c\u0437\u043e\u0432\u0430\u0442\u0435\u043b\u0435\u0439. \u0412 \u0441\u0432\u044f\u0437\u0438 \u0441 \u044d\u0442\u0438\u043c \u043c\u044b \u0440\u0430\u0437\u0440\u0430\u0431\u043e\u0442\u0430\u043b\u0438 \u043d\u0430\u0441\u0442\u043e\u044f\u0449\u0443\u044e \u041f\u043e\u043b\u0438\u0442\u0438\u043a\u0443 \u043a\u043e\u043d\u0444\u0438\u0434\u0435\u043d\u0446\u0438\u0430\u043b\u044c\u043d\u043e\u0441\u0442\u0438, \u043a\u043e\u0442\u043e\u0440\u0430\u044f \u0440\u0435\u0433\u0443\u043b\u0438\u0440\u0443\u0435\u0442 \u0441\u0431\u043e\u0440, \u0438\u0441\u043f\u043e\u043b\u044c\u0437\u043e\u0432\u0430\u043d\u0438\u0435, \u0440\u0430\u0441\u043a\u0440\u044b\u0442\u0438\u0435, \u043f\u0435\u0440\u0435\u0434\u0430\u0447\u0443 \u0438 \u0445\u0440\u0430\u043d\u0435\u043d\u0438\u0435 \u0434\u0430\u043d\u043d\u044b\u0445 \u043a\u043b\u0438\u0435\u043d\u0442\u043e\u0432. \u041d\u0430\u0448\u0430 \u0434\u0435\u044f\u0442\u0435\u043b\u044c\u043d\u043e\u0441\u0442\u044c \u0432 \u0438\u043d\u0442\u0435\u0440\u043d\u0435\u0442\u0435 \u043e\u0441\u0443\u0449\u0435\u0441\u0442\u0432\u043b\u044f\u0435\u0442\u0441\u044f \u0432 \u0441\u043e\u043e\u0442\u0432\u0435\u0442\u0441\u0442\u0432\u0438\u0438 \u0441\u043e \u0432\u0441\u0435\u043c\u0438 \u043f\u0440\u0438\u043c\u0435\u043d\u0438\u043c\u044b\u043c\u0438 \u043d\u043e\u0440\u043c\u0430\u043c\u0438 \u0438 \u0437\u0430\u043a\u043e\u043d\u043e\u0434\u0430\u0442\u0435\u043b\u044c\u0441\u0442\u0432\u043e\u043c \u0415\u0432\u0440\u043e\u043f\u0435\u0439\u0441\u043a\u043e\u0433\u043e \u0421\u043e\u044e\u0437\u0430, \u0430 \u0442\u0430\u043a\u0436\u0435 \u0437\u0430\u043a\u043e\u043d\u043e\u0434\u0430\u0442\u0435\u043b\u044c\u0441\u0442\u0432\u043e\u043c \u042d\u0441\u0442\u043e\u043d\u0441\u043a\u043e\u0439 \u0420\u0435\u0441\u043f\u0443\u0431\u043b\u0438\u043a\u0438. \u041f\u043e\u0436\u0430\u043b\u0443\u0439\u0441\u0442\u0430, \u043e\u0437\u043d\u0430\u043a\u043e\u043c\u044c\u0442\u0435\u0441\u044c \u0441 \u043d\u0430\u0448\u0435\u0439 \u041f\u043e\u043b\u0438\u0442\u0438\u043a\u043e\u0439 [&hellip;]<\/p>\n","protected":false},"author":1,"featured_media":0,"parent":0,"menu_order":0,"comment_status":"closed","ping_status":"closed","template":"","meta":{"_uag_custom_page_level_css":"","footnotes":""},"class_list":["post-2192","page","type-page","status-publish","hentry"],"uagb_featured_image_src":{"full":false,"thumbnail":false,"medium":false,"medium_large":false,"large":false,"1536x1536":false,"2048x2048":false,"trp-custom-language-flag":false,"mailpoet_newsletter_max":false,"woocommerce_thumbnail":false,"woocommerce_single":false,"woocommerce_gallery_thumbnail":false},"uagb_author_info":{"display_name":"Anzela","author_link":"https:\/\/la-sincere.ee\/et\/author\/admin\/"},"uagb_comment_info":0,"uagb_excerpt":"\u041f\u043e\u043b\u0438\u0442\u0438\u043a\u0430 \u043a\u043e\u043d\u0444\u0438\u0434\u0435\u043d\u0446\u0438\u0430\u043b\u044c\u043d\u043e\u0441\u0442\u0438 La Sincere \u043e\u0431\u044f\u0437\u0443\u0435\u0442\u0441\u044f \u0437\u0430\u0449\u0438\u0449\u0430\u0442\u044c \u043a\u043e\u043d\u0444\u0438\u0434\u0435\u043d\u0446\u0438\u0430\u043b\u044c\u043d\u043e\u0441\u0442\u044c \u0441\u0432\u043e\u0438\u0445 \u043a\u043b\u0438\u0435\u043d\u0442\u043e\u0432 \u0438 \u043f\u043e\u043b\u044c\u0437\u043e\u0432\u0430\u0442\u0435\u043b\u0435\u0439. \u0412 \u0441\u0432\u044f\u0437\u0438 \u0441 \u044d\u0442\u0438\u043c \u043c\u044b \u0440\u0430\u0437\u0440\u0430\u0431\u043e\u0442\u0430\u043b\u0438 \u043d\u0430\u0441\u0442\u043e\u044f\u0449\u0443\u044e \u041f\u043e\u043b\u0438\u0442\u0438\u043a\u0443 \u043a\u043e\u043d\u0444\u0438\u0434\u0435\u043d\u0446\u0438\u0430\u043b\u044c\u043d\u043e\u0441\u0442\u0438, \u043a\u043e\u0442\u043e\u0440\u0430\u044f \u0440\u0435\u0433\u0443\u043b\u0438\u0440\u0443\u0435\u0442 \u0441\u0431\u043e\u0440, \u0438\u0441\u043f\u043e\u043b\u044c\u0437\u043e\u0432\u0430\u043d\u0438\u0435, \u0440\u0430\u0441\u043a\u0440\u044b\u0442\u0438\u0435, \u043f\u0435\u0440\u0435\u0434\u0430\u0447\u0443 \u0438 \u0445\u0440\u0430\u043d\u0435\u043d\u0438\u0435 \u0434\u0430\u043d\u043d\u044b\u0445 \u043a\u043b\u0438\u0435\u043d\u0442\u043e\u0432. \u041d\u0430\u0448\u0430 \u0434\u0435\u044f\u0442\u0435\u043b\u044c\u043d\u043e\u0441\u0442\u044c \u0432 \u0438\u043d\u0442\u0435\u0440\u043d\u0435\u0442\u0435 \u043e\u0441\u0443\u0449\u0435\u0441\u0442\u0432\u043b\u044f\u0435\u0442\u0441\u044f \u0432 \u0441\u043e\u043e\u0442\u0432\u0435\u0442\u0441\u0442\u0432\u0438\u0438 \u0441\u043e \u0432\u0441\u0435\u043c\u0438 \u043f\u0440\u0438\u043c\u0435\u043d\u0438\u043c\u044b\u043c\u0438 \u043d\u043e\u0440\u043c\u0430\u043c\u0438 \u0438 \u0437\u0430\u043a\u043e\u043d\u043e\u0434\u0430\u0442\u0435\u043b\u044c\u0441\u0442\u0432\u043e\u043c \u0415\u0432\u0440\u043e\u043f\u0435\u0439\u0441\u043a\u043e\u0433\u043e \u0421\u043e\u044e\u0437\u0430, \u0430 \u0442\u0430\u043a\u0436\u0435 \u0437\u0430\u043a\u043e\u043d\u043e\u0434\u0430\u0442\u0435\u043b\u044c\u0441\u0442\u0432\u043e\u043c \u042d\u0441\u0442\u043e\u043d\u0441\u043a\u043e\u0439 \u0420\u0435\u0441\u043f\u0443\u0431\u043b\u0438\u043a\u0438. \u041f\u043e\u0436\u0430\u043b\u0443\u0439\u0441\u0442\u0430, \u043e\u0437\u043d\u0430\u043a\u043e\u043c\u044c\u0442\u0435\u0441\u044c \u0441 \u043d\u0430\u0448\u0435\u0439 \u041f\u043e\u043b\u0438\u0442\u0438\u043a\u043e\u0439&hellip;","_links":{"self":[{"href":"https:\/\/la-sincere.ee\/et\/wp-json\/wp\/v2\/pages\/2192","targetHints":{"allow":["GET"]}}],"collection":[{"href":"https:\/\/la-sincere.ee\/et\/wp-json\/wp\/v2\/pages"}],"about":[{"href":"https:\/\/la-sincere.ee\/et\/wp-json\/wp\/v2\/types\/page"}],"author":[{"embeddable":true,"href":"https:\/\/la-sincere.ee\/et\/wp-json\/wp\/v2\/users\/1"}],"replies":[{"embeddable":true,"href":"https:\/\/la-sincere.ee\/et\/wp-json\/wp\/v2\/comments?post=2192"}],"version-history":[{"count":5,"href":"https:\/\/la-sincere.ee\/et\/wp-json\/wp\/v2\/pages\/2192\/revisions"}],"predecessor-version":[{"id":2449,"href":"https:\/\/la-sincere.ee\/et\/wp-json\/wp\/v2\/pages\/2192\/revisions\/2449"}],"wp:attachment":[{"href":"https:\/\/la-sincere.ee\/et\/wp-json\/wp\/v2\/media?parent=2192"}],"curies":[{"name":"wp","href":"https:\/\/api.w.org\/{rel}","templated":true}]}}