{"id":2085,"date":"2025-05-27T11:02:44","date_gmt":"2025-05-27T11:02:44","guid":{"rendered":"https:\/\/la-sincere.ee\/?page_id=2085"},"modified":"2025-05-27T11:19:46","modified_gmt":"2025-05-27T11:19:46","slug":"sredstva-dlja-volos-i-tela","status":"publish","type":"page","link":"https:\/\/la-sincere.ee\/et\/domashnjaja-linija\/sredstva-dlja-volos-i-tela\/","title":{"rendered":"Juukse- ja kehatooted"},"content":{"rendered":"<div class=\"wp-block-uagb-restaurant-menu uagb-block-dd8a81b8 uagb-rm__desk-column-1 uagb-rm__tablet-column-1 uagb-rm__mobile-column-1\">\n<div class=\"wp-block-uagb-restaurant-menu-child uagb-rest_menu__wrap\"><div class=\"uagb-rm__content\"><img decoding=\"async\" class=\"\" src=\"https:\/\/la-sincere.ee\/wp-content\/uploads\/2024\/11\/P1120247-1-114x300.png\" alt=\"\" width=\"150\" height=\"393\" loading=\"lazy\"\/><div class=\"uagb-rm-details\"><h5 class=\"uagb-rm__title\">MARINE GEL\u00a0 GEL BODY CLEAN \u201cEX\u201d (BODY SHAMPOO) 600 ML<\/h5><div class=\"uagb-rm__desc\">Aminogeel du\u0161i all (BODY SHAMPOO) 600 ML.<br>Taastav vahend kogu perele ja k\u00f5ikidele nahat\u00fc\u00fcpidele. Sobib kasutada ka lastele alates 2. eluaastast nahaprobleemide korral.<br><br><br>\u2022 Eemaldab kuivuse, ketenduse ja \u00e4rrituse<br>\u2022 Taastab naha kaitsebarj\u00e4\u00e4ri ja tugevdab naha immuunsust<br>\u2022 Sisaldab aktiivseid koostisosi naha tervendamiseks<br>\u2022 Suurendab naha niisutatust, elastsust ja tugevust ning kaitseb ebasoodsate keskkonnategurite eest<br><br><br>Peamised koostisosad: fukoidaan, 9 aminohapet, ekstraktid: kummel, puju, nelk, lagrits, betaiin, fulvohape, arginiin.<br><br><a href=\"https:\/\/la-sincere.ee\/et\/asp-payment-box\/?product_id=2006\">Osta<\/a><br><br><\/div><\/div><span class=\"uagb-rm__price\"><\/span><\/div><div class=\"uagb-rm__separator\"><\/div><\/div>\n\n\n\n<div class=\"wp-block-uagb-restaurant-menu-child uagb-rest_menu__wrap\"><div class=\"uagb-rm__content\"><img decoding=\"async\" class=\"\" src=\"https:\/\/la-sincere.ee\/wp-content\/uploads\/2024\/11\/P1100732-151x300.jpg\" alt=\"\" width=\"150\" height=\"297\" loading=\"lazy\"\/><div class=\"uagb-rm-details\"><h5 class=\"uagb-rm__title\">La Sincere Marine Gel Repair Plus Fucoidan<\/h5><div class=\"uagb-rm__desc\">Taastav palsam k\u00f5ikidele juukset\u00fc\u00fcpidele koos fukoidaaniga \/ La Sincere Marine Gel Repair Plus Fucoidan<br><br>\u2022 Mineraliseerib ja rikastab aminohapetega, muutes juuksed tihedamaks ja terviklikumaks<br>\u2022 Ei koorma juukseid<br>\u2022 Omab antistaatilist toimet<br>\u2022 Annab juustele l\u00e4ike ja siledust<br>\u2022 Kaitseb rakke kahjustuste eest. Juuksed muutuvad siidiseks, l\u00e4ikivaks ja tervisekiirgavaks<br><br><br>Peamised koostisosad: fukoidaan, mineraalne savi, siidvalk, L-l\u00fcsiin, arginiin, sfingolipiidid, Aspalathus, \u00f5lid: kamelia, jojoba, sidrunhein, geranium.<br><br><br><a href=\"https:\/\/la-sincere.ee\/et\/asp-payment-box\/?product_id=2002\">Osta<\/a><br><br><\/div><\/div><span class=\"uagb-rm__price\"><\/span><\/div><div class=\"uagb-rm__separator\"><\/div><\/div>\n\n\n\n<div class=\"wp-block-uagb-restaurant-menu-child uagb-rest_menu__wrap\"><div class=\"uagb-rm__content\"><img decoding=\"async\" class=\"\" src=\"https:\/\/la-sincere.ee\/wp-content\/uploads\/2024\/11\/P1100735-126x300.png\" alt=\"\" width=\"150\" height=\"358\" loading=\"lazy\"\/><div class=\"uagb-rm-details\"><h5 class=\"uagb-rm__title\">La Sincere Marine Gel Hair Pack Deep Treatment<\/h5><div class=\"uagb-rm__desc\">La Sincere Marine Gel Hair Pack Deep Treatment\nS\u00fcgavalt taastav vananemisvastane juuksemask k\u00f5ikidele juukset\u00fc\u00fcpidele \/ La Sincere Marine Gel Hair Pack Deep Treatment<br><br>\u2022 Taastab juuksed p\u00f5hjalikult<br>\u2022 M\u00f5jutab juukse rakumembraane, muutes juuksed tugevamaks ja eluj\u00f5ulisemaks\u00a0<br>\u2022 Parandab vereringet, toidab ja niisutab peanahka s\u00fcgavuti ning parandab juuste \u00fcldist seisundit<br>\u2022 Annab juustele loomuliku v\u00e4rvi s\u00fcgavuse ja intensiivsuse<br><br><br>Peamised koostisosad: plaatina, rakumembraanide kompleksi analoog (KKM), Ceracute\u00ae, arginiin, fukoidaan, keratiin, l\u00fcsiin, sidrunhape, fito\u00f6strogeenid.<br><br><br><a href=\"https:\/\/la-sincere.ee\/et\/asp-payment-box\/?product_id=2009\">Osta<\/a><br><br><\/div><\/div><span class=\"uagb-rm__price\"><\/span><\/div><div class=\"uagb-rm__separator\"><\/div><\/div>\n\n\n\n<div class=\"wp-block-uagb-restaurant-menu-child uagb-rest_menu__wrap\"><div class=\"uagb-rm__content\"><img decoding=\"async\" class=\"\" src=\"https:\/\/la-sincere.ee\/wp-content\/uploads\/2025\/05\/P1100729-133x300.jpg\" alt=\"\" width=\"150\" height=\"339\" loading=\"lazy\"\/><div class=\"uagb-rm-details\"><h5 class=\"uagb-rm__title\">MARINEGEL AMINO SHAMPOO &#171;EX&#187;<\/h5><div class=\"uagb-rm__desc\">mere mineraalidega, siidiproteiinide ja keratiiniga, 600 ml.<br><br>Sisaldab merevetikate geeli aminohappeid, ei sisalda silikoone ega parabeene. <br>Aitab ennetada juukseotste l\u00f5henemist ja juuste murdumist. Puhastab \u00f5rnalt, sobib tundlikule peanahale. Niisutab juukseid loomulikult ja mineraliseerib neid, muutes need paksemaks ja tervemaks. \u00a0 \u00a0 \u00a0 \u00a0 \u00a0 \u00a0 \u00a0 \u00a0 \u00a0 \u00a0 \u00a0 \u00a0 \u00a0 \u00a0 \u00a0 \u00a0 \u00a0 \u00a0 \u00a0 \u00a0 \u00a0 \u00a0 \u00a0 \u00a0 \u00a0 \u00a0 \u00a0 \u00a0 \u00a0 \u00a0 \u00a0 \u00a0 \u00a0 \u00a0 \u00a0 \u00a0 \u00a0 \u00a0 \u00a0 \u00a0 \u00a0 \u00a0 \u00a0 \u00a0 \u00a0 \u00a0 \u00a0 \u00a0 \u00a0 \u00a0 \u00a0 \u00a0 \u00a0 \u00a0 \u00a0 \u00a0 \u00a0 \u00a0 \u00a0 \u00a0 \u00a0 \u00a0 \u00a0 \u00a0 \u00a0 \u00a0 \u00a0 \u00a0 \u00a0 \u00a0 \u00a0 \u00a0 \u00a0 \u00a0 \u00a0 \u00a0 \u00a0 \u00a0 \u00a0 \u00a0 \u00a0 \u00a0 \u00a0 \u00a0 \u00a0<br>Kanda niisketele juustele ja peanahale, masseerida ja loputada. Seej\u00e4rel kanda \u0161ampoon uuesti juustele, hoida 3\u20135 minutit ja loputada p\u00f5hjalikult.<br><br><br><a href=\"https:\/\/la-sincere.ee\/et\/asp-payment-box\/?product_id=2050\">Osta<br><\/a><br><\/div><\/div><span class=\"uagb-rm__price\"><\/span><\/div><div class=\"uagb-rm__separator\"><\/div><\/div>\n<\/div>","protected":false},"excerpt":{"rendered":"","protected":false},"author":2,"featured_media":0,"parent":267,"menu_order":0,"comment_status":"closed","ping_status":"closed","template":"","meta":{"_uag_custom_page_level_css":"","footnotes":""},"class_list":["post-2085","page","type-page","status-publish","hentry"],"uagb_featured_image_src":{"full":false,"thumbnail":false,"medium":false,"medium_large":false,"large":false,"1536x1536":false,"2048x2048":false,"trp-custom-language-flag":false,"mailpoet_newsletter_max":false,"woocommerce_thumbnail":false,"woocommerce_single":false,"woocommerce_gallery_thumbnail":false},"uagb_author_info":{"display_name":"Sergei","author_link":"https:\/\/la-sincere.ee\/et\/author\/sergei\/"},"uagb_comment_info":0,"uagb_excerpt":null,"_links":{"self":[{"href":"https:\/\/la-sincere.ee\/et\/wp-json\/wp\/v2\/pages\/2085","targetHints":{"allow":["GET"]}}],"collection":[{"href":"https:\/\/la-sincere.ee\/et\/wp-json\/wp\/v2\/pages"}],"about":[{"href":"https:\/\/la-sincere.ee\/et\/wp-json\/wp\/v2\/types\/page"}],"author":[{"embeddable":true,"href":"https:\/\/la-sincere.ee\/et\/wp-json\/wp\/v2\/users\/2"}],"replies":[{"embeddable":true,"href":"https:\/\/la-sincere.ee\/et\/wp-json\/wp\/v2\/comments?post=2085"}],"version-history":[{"count":4,"href":"https:\/\/la-sincere.ee\/et\/wp-json\/wp\/v2\/pages\/2085\/revisions"}],"predecessor-version":[{"id":2097,"href":"https:\/\/la-sincere.ee\/et\/wp-json\/wp\/v2\/pages\/2085\/revisions\/2097"}],"up":[{"embeddable":true,"href":"https:\/\/la-sincere.ee\/et\/wp-json\/wp\/v2\/pages\/267"}],"wp:attachment":[{"href":"https:\/\/la-sincere.ee\/et\/wp-json\/wp\/v2\/media?parent=2085"}],"curies":[{"name":"wp","href":"https:\/\/api.w.org\/{rel}","templated":true}]}}