{"id":183,"date":"2023-08-24T17:09:20","date_gmt":"2023-08-24T17:09:20","guid":{"rendered":"https:\/\/la-sincere.ee\/?page_id=183"},"modified":"2025-11-26T13:11:48","modified_gmt":"2025-11-26T13:11:48","slug":"professionalnyj-uhod","status":"publish","type":"page","link":"https:\/\/la-sincere.ee\/et\/professionalnyj-uhod\/","title":{"rendered":"Professionaalsed <br>kosmeetilised protseduurid"},"content":{"rendered":"<h4 class=\"wp-block-heading has-text-align-center has-contrast-color has-text-color\">PROFESSIONAALSED KOSMEETILISED HOOLDUSED<\/h4>\n\n\n\n<p>See veebilehe osa sisaldab andmeid professionaalse sarja k\u00f5ikidest protseduuridest. Iga protseduuri juures on lahti kirjutatud k\u00f5ik teostusetapid, toodud v\u00e4lja k\u00f5ik vajalikud tegevused ja kasutatava toote efekt.\nM\u00f5ned etapid on \u00fchised, n\u00e4iteks: meigieemaldus ja l\u00f5ppetapp lipiid- v\u00f5i biogeelide kasutamisega. Teised on aga individuaalsed iga protseduuri jaoks, n\u00e4iteks: s\u00fcgavpuhastuse etapid (p\u00e4rast meigieemaldust) ja naha toniseerimine toonikute ja losjoonidega (enne l\u00f5ppetappi) \u2013 pole iga kord vajalikud.<\/p>\n\n\n\n<p>Samuti on detailselt kirjeldatud essentside ja maskide pealekandmist, massaa\u017ei teostamist spetsiaalisete geelide ja \u00f5lide kasutamisega, ionoforeesi aktiivselt m\u00f5juvate kontsentraatidega.\nSelles osas on professionaalse sarja nahahooldusprotseduuride lai valik.<\/p>\n\n\n\n<div style=\"height:55px\" aria-hidden=\"true\" class=\"wp-block-spacer\"><\/div>\n\n\n\n<div class=\"wp-block-stackable-columns stk-block-columns stk-block stk-7ea4f49\" data-block-id=\"7ea4f49\"><div class=\"stk-row stk-inner-blocks has-text-align-center stk-block-content stk-content-align stk-7ea4f49-column\">\n<div class=\"wp-block-stackable-column stk-block-column stk-column stk-block stk-028e496\" data-v=\"4\" data-block-id=\"028e496\"><style>.stk-028e496-inner-blocks{align-items:center !important;}<\/style><div class=\"stk-column-wrapper stk-block-column__content stk-container stk-028e496-container stk--no-background stk--no-padding\"><div class=\"stk--column-flex stk-block-content stk-inner-blocks stk-028e496-inner-blocks\">\n<h5 class=\"wp-block-heading has-text-align-center has-contrast-color has-text-color\"><a href=\"http:\/\/localhost:8888\/?page_id=1053&amp;lang=et\"><\/a><strong><a href=\"https:\/\/la-sincere.ee\/et\/%d0%bf%d1%80%d0%be%d1%84%d0%b5%d1%81%d1%81%d0%b8%d0%be%d0%bd%d0%b0%d0%bb%d1%8c%d0%bd%d1%8b%d0%b9-%d1%83%d1%85%d0%be%d0%b4\/%d0%bf%d1%80%d0%be%d1%86%d0%b5%d0%b4%d1%83%d1%80%d0%b0-%d0%b8%d0%bc%d0%bf%d0%b5%d1%80%d0%b0%d1%82%d0%be%d1%80%d1%81%d0%ba%d0%b8%d0%b9-%d1%83%d1%85%d0%be%d0%b4\/\" data-type=\"page\" data-id=\"228\">PROTSEDUUR \u00abKEISERLIK HOOLDUS\u00bb<\/a><\/strong><\/h5>\n\n\n<div class=\"wp-block-image\">\n<figure class=\"aligncenter size-full\"><img loading=\"lazy\" decoding=\"async\" width=\"235\" height=\"131\" src=\"https:\/\/la-sincere.ee\/wp-content\/uploads\/2025\/11\/impertorskiy_uhod-1-235x131-1.jpg\" alt=\"\" class=\"wp-image-2497\" style=\"object-fit:cover\" srcset=\"https:\/\/la-sincere.ee\/wp-content\/uploads\/2025\/11\/impertorskiy_uhod-1-235x131-1.jpg 235w, https:\/\/la-sincere.ee\/wp-content\/uploads\/2025\/11\/impertorskiy_uhod-1-235x131-1-18x10.jpg 18w\" sizes=\"auto, (max-width: 235px) 100vw, 235px\" \/><\/figure>\n<\/div><\/div><\/div><\/div>\n\n\n\n<div class=\"wp-block-stackable-column stk-block-column stk-column stk-block stk-9787dab\" data-v=\"4\" data-block-id=\"9787dab\"><style>.stk-9787dab-inner-blocks{align-items:center !important;}<\/style><div class=\"stk-column-wrapper stk-block-column__content stk-container stk-9787dab-container stk--no-background stk--no-padding\"><div class=\"stk--column-flex stk-block-content stk-inner-blocks stk-9787dab-inner-blocks\">\n<h5 class=\"wp-block-heading has-text-align-center has-contrast-color has-text-color\"><a href=\"http:\/\/localhost:8888\/?page_id=1065&amp;lang=et\"><\/a><strong><a href=\"https:\/\/la-sincere.ee\/et\/%d0%bf%d1%80%d0%be%d1%84%d0%b5%d1%81%d1%81%d0%b8%d0%be%d0%bd%d0%b0%d0%bb%d1%8c%d0%bd%d1%8b%d0%b9-%d1%83%d1%85%d0%be%d0%b4\/%d0%b0%d0%bd%d1%82%d0%b8%d0%ba%d1%83%d0%bf%d0%b5%d1%80%d0%be%d0%b7%d0%bd%d0%b0%d1%8f-%d0%bf%d1%80%d0%be%d0%b3%d1%80%d0%b0%d0%bc%d0%bc%d0%b0\/\" data-type=\"page\" data-id=\"284\">KUPEROOSIVASTANE PROGRAMM<\/a><\/strong><\/h5>\n\n\n<div class=\"wp-block-image\">\n<figure class=\"aligncenter size-full\"><img loading=\"lazy\" decoding=\"async\" width=\"188\" height=\"250\" src=\"https:\/\/la-sincere.ee\/wp-content\/uploads\/2025\/11\/antikuperoznaya_programma-2-188x250-1.jpg\" alt=\"\" class=\"wp-image-2496\" srcset=\"https:\/\/la-sincere.ee\/wp-content\/uploads\/2025\/11\/antikuperoznaya_programma-2-188x250-1.jpg 188w, https:\/\/la-sincere.ee\/wp-content\/uploads\/2025\/11\/antikuperoznaya_programma-2-188x250-1-9x12.jpg 9w\" sizes=\"auto, (max-width: 188px) 100vw, 188px\" \/><\/figure>\n<\/div><\/div><\/div><\/div>\n\n\n\n<div class=\"wp-block-stackable-column stk-block-column stk-column stk-block stk-36d0b8e\" data-v=\"4\" data-block-id=\"36d0b8e\"><style>.stk-36d0b8e-inner-blocks{align-items:center !important;}<\/style><div class=\"stk-column-wrapper stk-block-column__content stk-container stk-36d0b8e-container stk--no-background stk--no-padding\"><div class=\"stk--column-flex stk-block-content stk-inner-blocks stk-36d0b8e-inner-blocks\">\n<h5 class=\"wp-block-heading has-text-align-center has-contrast-color has-text-color\"><a href=\"http:\/\/localhost:8888\/?page_id=1080&amp;lang=et\"><\/a><strong><a href=\"https:\/\/la-sincere.ee\/et\/%d0%bf%d1%80%d0%be%d1%84%d0%b5%d1%81%d1%81%d0%b8%d0%be%d0%bd%d0%b0%d0%bb%d1%8c%d0%bd%d1%8b%d0%b9-%d1%83%d1%85%d0%be%d0%b4\/%d0%b1%d0%b8%d0%be%d1%80%d0%b5%d0%b2%d0%b8%d1%82%d0%b0%d0%bb%d0%b8%d0%b7%d0%b0%d1%86%d0%b8%d1%8f\/\" data-type=\"page\" data-id=\"305\">BIOREVITALISATSIOON<\/a><\/strong><\/h5>\n\n\n<div class=\"wp-block-image\">\n<figure class=\"aligncenter size-full\"><img loading=\"lazy\" decoding=\"async\" width=\"231\" height=\"154\" src=\"https:\/\/la-sincere.ee\/wp-content\/uploads\/2025\/11\/biorevitalizatsiya-1-231x154-1.jpg\" alt=\"\" class=\"wp-image-2495\" srcset=\"https:\/\/la-sincere.ee\/wp-content\/uploads\/2025\/11\/biorevitalizatsiya-1-231x154-1.jpg 231w, https:\/\/la-sincere.ee\/wp-content\/uploads\/2025\/11\/biorevitalizatsiya-1-231x154-1-18x12.jpg 18w\" sizes=\"auto, (max-width: 231px) 100vw, 231px\" \/><\/figure>\n<\/div><\/div><\/div><\/div>\n<\/div><\/div>\n\n\n\n<div class=\"wp-block-stackable-columns stk-block-columns stk-block stk-8debf4b\" data-block-id=\"8debf4b\"><div class=\"stk-row stk-inner-blocks stk-block-content stk-content-align stk-8debf4b-column\">\n<div class=\"wp-block-stackable-column stk-block-column stk-column stk-block stk-bdecf93\" data-v=\"4\" data-block-id=\"bdecf93\"><style>.stk-bdecf93-inner-blocks{align-items:center !important;}<\/style><div class=\"stk-column-wrapper stk-block-column__content stk-container stk-bdecf93-container stk--no-background stk--no-padding\"><div class=\"stk--column-flex stk-block-content stk-inner-blocks stk-bdecf93-inner-blocks\">\n<h5 class=\"wp-block-heading has-contrast-color has-text-color\"><a href=\"http:\/\/localhost:8888\/?page_id=1097&amp;lang=et\"><\/a><strong><strong><a href=\"https:\/\/la-sincere.ee\/et\/%d0%bf%d1%80%d0%be%d1%84%d0%b5%d1%81%d1%81%d0%b8%d0%be%d0%bd%d0%b0%d0%bb%d1%8c%d0%bd%d1%8b%d0%b9-%d1%83%d1%85%d0%be%d0%b4\/%d0%bf%d1%80%d0%be%d0%b3%d1%80%d0%b0%d0%bc%d0%bc%d0%b0-%d0%b0%d0%bd%d1%82%d0%b8-%d0%b0%d0%ba%d0%bd%d0%b5\/\" data-type=\"page\" data-id=\"320\">AKNEVASTANE PROGRAMM<\/a><\/strong><\/strong><\/h5>\n\n\n<div class=\"wp-block-image\">\n<figure class=\"aligncenter size-full\"><img loading=\"lazy\" decoding=\"async\" width=\"231\" height=\"135\" src=\"https:\/\/la-sincere.ee\/wp-content\/uploads\/2025\/11\/programma_anti-akne-2-231x135-1.jpg\" alt=\"\" class=\"wp-image-2494\" srcset=\"https:\/\/la-sincere.ee\/wp-content\/uploads\/2025\/11\/programma_anti-akne-2-231x135-1.jpg 231w, https:\/\/la-sincere.ee\/wp-content\/uploads\/2025\/11\/programma_anti-akne-2-231x135-1-18x12.jpg 18w\" sizes=\"auto, (max-width: 231px) 100vw, 231px\" \/><\/figure>\n<\/div><\/div><\/div><\/div>\n\n\n\n<div class=\"wp-block-stackable-column stk-block-column stk-column stk-block stk-c5b42a7\" data-v=\"4\" data-block-id=\"c5b42a7\"><style>.stk-c5b42a7-inner-blocks{align-items:center !important;}<\/style><div class=\"stk-column-wrapper stk-block-column__content stk-container stk-c5b42a7-container stk--no-background stk--no-padding\"><div class=\"has-text-align-center stk--column-flex stk-block-content stk-inner-blocks stk-c5b42a7-inner-blocks\">\n<h5 class=\"wp-block-heading has-contrast-color has-text-color\"><a href=\"http:\/\/localhost:8888\/?page_id=1121&amp;lang=et\"><\/a><strong><strong><a href=\"https:\/\/la-sincere.ee\/et\/%d0%bf%d1%80%d0%be%d1%84%d0%b5%d1%81%d1%81%d0%b8%d0%be%d0%bd%d0%b0%d0%bb%d1%8c%d0%bd%d1%8b%d0%b9-%d1%83%d1%85%d0%be%d0%b4\/%d0%b8%d0%bd%d1%82%d0%b5%d0%bd%d1%81%d0%b8%d0%b2%d0%bd%d0%b0%d1%8f-anti-age-%d1%82%d0%b5%d1%80%d0%b0%d0%bf%d0%b8%d1%8f\/\" data-type=\"page\" data-id=\"335\">INTENSIIVNE ANTI-AGE TERAAPIA<\/a><\/strong><\/strong><\/h5>\n\n\n<div class=\"wp-block-image\">\n<figure class=\"aligncenter size-full\"><img loading=\"lazy\" decoding=\"async\" width=\"207\" height=\"250\" src=\"https:\/\/la-sincere.ee\/wp-content\/uploads\/2025\/11\/vosstanovlenie-1-207x250-1.jpg\" alt=\"\" class=\"wp-image-2492\" srcset=\"https:\/\/la-sincere.ee\/wp-content\/uploads\/2025\/11\/vosstanovlenie-1-207x250-1.jpg 207w, https:\/\/la-sincere.ee\/wp-content\/uploads\/2025\/11\/vosstanovlenie-1-207x250-1-10x12.jpg 10w\" sizes=\"auto, (max-width: 207px) 100vw, 207px\" \/><\/figure>\n<\/div><\/div><\/div><\/div>\n\n\n\n<div class=\"wp-block-stackable-column stk-block-column stk-column stk-block stk-914715f\" data-v=\"4\" data-block-id=\"914715f\"><style>.stk-914715f-inner-blocks{align-items:center !important;}<\/style><div class=\"stk-column-wrapper stk-block-column__content stk-container stk-914715f-container stk--no-background stk--no-padding\"><div class=\"stk--column-flex stk-block-content stk-inner-blocks stk-914715f-inner-blocks\">\n<h5 class=\"wp-block-heading has-contrast-color has-text-color\"><a href=\"http:\/\/localhost:8888\/?page_id=1108&amp;lang=et\"><\/a><strong><strong><a href=\"https:\/\/la-sincere.ee\/et\/%d0%bf%d1%80%d0%be%d1%84%d0%b5%d1%81%d1%81%d0%b8%d0%be%d0%bd%d0%b0%d0%bb%d1%8c%d0%bd%d1%8b%d0%b9-%d1%83%d1%85%d0%be%d0%b4\/%d0%b2%d0%be%d1%81%d1%81%d1%82%d0%b0%d0%bd%d0%be%d0%b2%d0%bb%d0%b5%d0%bd%d0%b8%d0%b5\/\" data-type=\"page\" data-id=\"349\">TAASTAMINE<\/a><\/strong><\/strong><\/h5>\n\n\n<div class=\"wp-block-image\">\n<figure class=\"aligncenter size-full\"><img loading=\"lazy\" decoding=\"async\" width=\"150\" height=\"150\" src=\"https:\/\/la-sincere.ee\/wp-content\/uploads\/2025\/11\/anti-age-1-150x150-1.jpg\" alt=\"\" class=\"wp-image-2490\" srcset=\"https:\/\/la-sincere.ee\/wp-content\/uploads\/2025\/11\/anti-age-1-150x150-1.jpg 150w, https:\/\/la-sincere.ee\/wp-content\/uploads\/2025\/11\/anti-age-1-150x150-1-12x12.jpg 12w, https:\/\/la-sincere.ee\/wp-content\/uploads\/2025\/11\/anti-age-1-150x150-1-100x100.jpg 100w\" sizes=\"auto, (max-width: 150px) 100vw, 150px\" \/><\/figure>\n<\/div><\/div><\/div><\/div>\n<\/div><\/div>\n\n\n\n<div class=\"wp-block-group is-vertical is-content-justification-center is-layout-flex wp-container-core-group-is-layout-ce155fab wp-block-group-is-layout-flex\">\n<h5 class=\"wp-block-heading has-contrast-color has-text-color\"><a href=\"http:\/\/localhost:8888\/?page_id=1137&amp;lang=et\"><\/a><strong><strong><a href=\"https:\/\/la-sincere.ee\/et\/%d0%bf%d1%80%d0%be%d1%84%d0%b5%d1%81%d1%81%d0%b8%d0%be%d0%bd%d0%b0%d0%bb%d1%8c%d0%bd%d1%8b%d0%b9-%d1%83%d1%85%d0%be%d0%b4\/%d1%83%d1%85%d0%be%d0%b4-%d0%b7%d0%b0-%d0%ba%d0%be%d0%b6%d0%b5%d0%b9-%d1%81-%d0%bf%d0%b5%d1%80%d0%b2%d1%8b%d0%bc%d0%b8-%d0%bf%d1%80%d0%b8%d0%b7%d0%bd%d0%b0%d0%ba%d0%b0%d0%bc%d0%b8-%d1%81%d1%82%d0%b0\/\" data-type=\"page\" data-id=\"364\">ESIMESTE VANANEMISE TUNNUSTEGA NAHA HOOLDUS (KOLLAGEEN+)<\/a><\/strong><\/strong><\/h5>\n\n\n<div class=\"wp-block-image\">\n<figure class=\"aligncenter size-full\"><img loading=\"lazy\" decoding=\"async\" width=\"231\" height=\"156\" src=\"https:\/\/la-sincere.ee\/wp-content\/uploads\/2025\/11\/kollagen-1-231x156-1.jpg\" alt=\"\" class=\"wp-image-2489\" srcset=\"https:\/\/la-sincere.ee\/wp-content\/uploads\/2025\/11\/kollagen-1-231x156-1.jpg 231w, https:\/\/la-sincere.ee\/wp-content\/uploads\/2025\/11\/kollagen-1-231x156-1-18x12.jpg 18w\" sizes=\"auto, (max-width: 231px) 100vw, 231px\" \/><\/figure>\n<\/div><\/div>","protected":false},"excerpt":{"rendered":"<p>\u041f\u0420\u041e\u0424\u0415\u0421\u0421\u0418\u041e\u041d\u0410\u041b\u042c\u041d\u042b\u0415 \u041a\u041e\u0421\u041c\u0415\u0422\u0418\u0427\u0415\u0421\u041a\u0418\u0415 \u041f\u0420\u041e\u0426\u0415\u0414\u0423\u0420\u042b \u042d\u0442\u043e\u0442 \u0440\u0430\u0437\u0434\u0435\u043b \u0441\u0430\u0439\u0442\u0430 \u0441\u043e\u0434\u0435\u0440\u0436\u0438\u0442 \u043f\u043e\u0434\u0440\u043e\u0431\u043d\u044b\u0435 \u0441\u0432\u0435\u0434\u0435\u043d\u0438\u044f \u043e \u0441\u0430\u043c\u044b\u0445 \u043f\u043e\u043f\u0443\u043b\u044f\u0440\u043d\u044b\u0445 \u043f\u0440\u043e\u0446\u0435\u0434\u0443\u0440\u0430\u0445 \u043f\u0440\u043e\u0444\u0435\u0441\u0441\u0438\u043e\u043d\u0430\u043b\u044c\u043d\u043e\u0439 \u043b\u0438\u043d\u0438\u0438. \u0414\u043b\u044f \u043a\u0430\u0436\u0434\u043e\u0439 \u043f\u0440\u043e\u0446\u0435\u0434\u0443\u0440\u044b \u043f\u043e\u0434\u0440\u043e\u0431\u043d\u043e \u0440\u0430\u0441\u043f\u0438\u0441\u0430\u043d\u044b \u0432\u0441\u0435 \u044d\u0442\u0430\u043f\u044b \u0432\u044b\u043f\u043e\u043b\u043d\u0435\u043d\u0438\u044f, \u0441 \u0443\u043a\u0430\u0437\u0430\u043d\u0438\u0435\u043c \u0442\u0440\u0435\u0431\u0443\u0435\u043c\u044b\u0445 \u0434\u0435\u0439\u0441\u0442\u0432\u0438\u0439 \u0438 \u044d\u0444\u0444\u0435\u043a\u0442\u0430 \u043f\u0440\u0438\u043c\u0435\u043d\u044f\u0435\u043c\u043e\u0433\u043e \u0441\u0440\u0435\u0434\u0441\u0442\u0432\u0430.&nbsp;\u041d\u0435\u043a\u043e\u0442\u043e\u0440\u044b\u0435 \u044d\u0442\u0430\u043f\u044b \u044f\u0432\u043b\u044f\u044e\u0442\u0441\u044f \u043e\u0431\u0449\u0438\u043c\u0438: \u043d\u0430\u043f\u0440\u0438\u043c\u0435\u0440, \u0434\u0435\u043c\u0430\u043a\u0438\u044f\u0436 \u0438 \u0437\u0430\u0432\u0435\u0440\u0448\u0430\u044e\u0449\u0438\u0439 \u044d\u0442\u0430\u043f \u0441 \u043f\u0440\u0438\u043c\u0435\u043d\u0435\u043d\u0438\u0435\u043c \u043b\u0438\u043f\u0438\u0434- \u0438\u043b\u0438 \u0431\u0438\u043e-\u0433\u0435\u043b\u0435\u0439. \u0414\u0440\u0443\u0433\u0438\u0435 \u0436\u0435 \u0438\u043d\u0434\u0438\u0432\u0438\u0434\u0443\u0430\u043b\u044c\u043d\u044b \u0434\u043b\u044f \u043a\u0430\u0436\u0434\u043e\u0439 \u043f\u0440\u043e\u0446\u0435\u0434\u0443\u0440\u044b; \u043a \u043f\u0440\u0438\u043c\u0435\u0440\u0443, \u044d\u0442\u0430\u043f\u044b \u0433\u043b\u0443\u0431\u043e\u043a\u043e\u0433\u043e \u043e\u0447\u0438\u0449\u0435\u043d\u0438\u044f [&hellip;]<\/p>\n","protected":false},"author":1,"featured_media":0,"parent":0,"menu_order":0,"comment_status":"closed","ping_status":"closed","template":"","meta":{"_uag_custom_page_level_css":"","footnotes":""},"class_list":["post-183","page","type-page","status-publish","hentry"],"uagb_featured_image_src":{"full":false,"thumbnail":false,"medium":false,"medium_large":false,"large":false,"1536x1536":false,"2048x2048":false,"trp-custom-language-flag":false,"mailpoet_newsletter_max":false,"woocommerce_thumbnail":false,"woocommerce_single":false,"woocommerce_gallery_thumbnail":false},"uagb_author_info":{"display_name":"Anzela","author_link":"https:\/\/la-sincere.ee\/et\/author\/admin\/"},"uagb_comment_info":0,"uagb_excerpt":"\u041f\u0420\u041e\u0424\u0415\u0421\u0421\u0418\u041e\u041d\u0410\u041b\u042c\u041d\u042b\u0415 \u041a\u041e\u0421\u041c\u0415\u0422\u0418\u0427\u0415\u0421\u041a\u0418\u0415 \u041f\u0420\u041e\u0426\u0415\u0414\u0423\u0420\u042b \u042d\u0442\u043e\u0442 \u0440\u0430\u0437\u0434\u0435\u043b \u0441\u0430\u0439\u0442\u0430 \u0441\u043e\u0434\u0435\u0440\u0436\u0438\u0442 \u043f\u043e\u0434\u0440\u043e\u0431\u043d\u044b\u0435 \u0441\u0432\u0435\u0434\u0435\u043d\u0438\u044f \u043e \u0441\u0430\u043c\u044b\u0445 \u043f\u043e\u043f\u0443\u043b\u044f\u0440\u043d\u044b\u0445 \u043f\u0440\u043e\u0446\u0435\u0434\u0443\u0440\u0430\u0445 \u043f\u0440\u043e\u0444\u0435\u0441\u0441\u0438\u043e\u043d\u0430\u043b\u044c\u043d\u043e\u0439 \u043b\u0438\u043d\u0438\u0438. \u0414\u043b\u044f \u043a\u0430\u0436\u0434\u043e\u0439 \u043f\u0440\u043e\u0446\u0435\u0434\u0443\u0440\u044b \u043f\u043e\u0434\u0440\u043e\u0431\u043d\u043e \u0440\u0430\u0441\u043f\u0438\u0441\u0430\u043d\u044b \u0432\u0441\u0435 \u044d\u0442\u0430\u043f\u044b \u0432\u044b\u043f\u043e\u043b\u043d\u0435\u043d\u0438\u044f, \u0441 \u0443\u043a\u0430\u0437\u0430\u043d\u0438\u0435\u043c \u0442\u0440\u0435\u0431\u0443\u0435\u043c\u044b\u0445 \u0434\u0435\u0439\u0441\u0442\u0432\u0438\u0439 \u0438 \u044d\u0444\u0444\u0435\u043a\u0442\u0430 \u043f\u0440\u0438\u043c\u0435\u043d\u044f\u0435\u043c\u043e\u0433\u043e \u0441\u0440\u0435\u0434\u0441\u0442\u0432\u0430.&nbsp;\u041d\u0435\u043a\u043e\u0442\u043e\u0440\u044b\u0435 \u044d\u0442\u0430\u043f\u044b \u044f\u0432\u043b\u044f\u044e\u0442\u0441\u044f \u043e\u0431\u0449\u0438\u043c\u0438: \u043d\u0430\u043f\u0440\u0438\u043c\u0435\u0440, \u0434\u0435\u043c\u0430\u043a\u0438\u044f\u0436 \u0438 \u0437\u0430\u0432\u0435\u0440\u0448\u0430\u044e\u0449\u0438\u0439 \u044d\u0442\u0430\u043f \u0441 \u043f\u0440\u0438\u043c\u0435\u043d\u0435\u043d\u0438\u0435\u043c \u043b\u0438\u043f\u0438\u0434- \u0438\u043b\u0438 \u0431\u0438\u043e-\u0433\u0435\u043b\u0435\u0439. \u0414\u0440\u0443\u0433\u0438\u0435 \u0436\u0435 \u0438\u043d\u0434\u0438\u0432\u0438\u0434\u0443\u0430\u043b\u044c\u043d\u044b \u0434\u043b\u044f \u043a\u0430\u0436\u0434\u043e\u0439 \u043f\u0440\u043e\u0446\u0435\u0434\u0443\u0440\u044b; \u043a \u043f\u0440\u0438\u043c\u0435\u0440\u0443, \u044d\u0442\u0430\u043f\u044b \u0433\u043b\u0443\u0431\u043e\u043a\u043e\u0433\u043e \u043e\u0447\u0438\u0449\u0435\u043d\u0438\u044f&hellip;","_links":{"self":[{"href":"https:\/\/la-sincere.ee\/et\/wp-json\/wp\/v2\/pages\/183","targetHints":{"allow":["GET"]}}],"collection":[{"href":"https:\/\/la-sincere.ee\/et\/wp-json\/wp\/v2\/pages"}],"about":[{"href":"https:\/\/la-sincere.ee\/et\/wp-json\/wp\/v2\/types\/page"}],"author":[{"embeddable":true,"href":"https:\/\/la-sincere.ee\/et\/wp-json\/wp\/v2\/users\/1"}],"replies":[{"embeddable":true,"href":"https:\/\/la-sincere.ee\/et\/wp-json\/wp\/v2\/comments?post=183"}],"version-history":[{"count":22,"href":"https:\/\/la-sincere.ee\/et\/wp-json\/wp\/v2\/pages\/183\/revisions"}],"predecessor-version":[{"id":2498,"href":"https:\/\/la-sincere.ee\/et\/wp-json\/wp\/v2\/pages\/183\/revisions\/2498"}],"wp:attachment":[{"href":"https:\/\/la-sincere.ee\/et\/wp-json\/wp\/v2\/media?parent=183"}],"curies":[{"name":"wp","href":"https:\/\/api.w.org\/{rel}","templated":true}]}}