{"id":174,"date":"2023-08-24T17:05:03","date_gmt":"2023-08-24T17:05:03","guid":{"rendered":"https:\/\/la-sincere.ee\/?page_id=174"},"modified":"2023-09-02T09:57:21","modified_gmt":"2023-09-02T09:57:21","slug":"kosmetika-s-zolotom","status":"publish","type":"page","link":"https:\/\/la-sincere.ee\/et\/kosmetika-s-zolotom\/","title":{"rendered":"Kosmeetika kullaga"},"content":{"rendered":"<p><strong>Praeguseks on teatud kosmeetikatoodete innovatsioonid ja kasutamise tendentsid. Tootmisel kasutatakse komponente, mis annavad tootele kindlaid omadusi. M\u00e4rkimisv\u00e4\u00e4rne on see, et v\u00e4ga populaarne on kosmeetika kullaga. Selle koostises on kullaioonid, mis avaldavad soodsat m\u00f5ju kasutamise protsessi ajal.<\/strong><\/p>\n\n\n\n<p><strong>Neid tooteid hinnatakse t\u00e4nap\u00e4eval k\u00f5rgelt ning neid tarnivad paljud ettev\u00f5tted, mille hulgas figureerib jaapani firma \u00abLa Sincere\u00bb, mille tooted on v\u00e4ga kvaliteetsed ja usaldusv\u00e4\u00e4rsed.<\/strong><\/p>\n\n\n\n<div class=\"wp-block-uagb-separator uagb-block-051e64ad\"><div class=\"wp-block-uagb-separator__inner\" style=\"--my-background-image:\"><\/div><\/div>\n\n\n\n<h4 class=\"wp-block-heading\">KOSMEETIKA KULLAGA KATALOOG<\/h4>\n\n\n<div class=\"wp-block-image\">\n<figure class=\"alignright size-full\"><img loading=\"lazy\" decoding=\"async\" width=\"90\" height=\"160\" src=\"https:\/\/la-sincere.ee\/wp-content\/uploads\/2023\/08\/gold1-90x160-1.jpg\" alt=\"\" class=\"wp-image-175\"\/><\/figure>\n<\/div>\n\n\n<h5 class=\"wp-block-heading\">TIGHT VISAGE FIXING MIST \u2014 PINGULDAV V\u00c4RSKENDAV SPREI<\/h5>\n\n\n\n<p>\u0421\u043f\u043e\u0441\u043e\u0431\u0441\u0442\u0432\u0443\u0435\u0442 \u0430\u043a\u0442\u0438\u0432\u043d\u043e\u0439 \u0440\u0435\u0433\u0435\u043d\u0435\u0440\u0430\u0446\u0438\u0438.&nbsp;\u041f\u0443\u043b\u043b\u0443\u043b\u0430\u043d \u044d\u043a\u0441\u0442\u0440\u0430\u043a\u0442 (\u043f\u0440\u043e\u0434\u0443\u043a\u0442 \u0431\u0438\u043e-\u0442\u0435\u0445\u043d\u043e\u043b\u043e\u0433\u0438\u0439), \u044d\u043a\u0441\u0442\u0440\u0430\u043a\u0442 \u0440\u0436\u0438, \u043c\u0430\u0441\u043b\u0430: \u0433\u0440\u0435\u0439\u043f\u0444\u0440\u0443\u0442\u0430, \u043c\u0430\u043d\u0434\u0430\u0440\u0438\u043d\u0430, \u0444\u0435\u043d\u0445\u0435\u043b\u044f, \u0447\u0435\u0440\u043d\u043e\u0433\u043e \u043f\u0435\u0440\u0446\u0430, \u043c\u043e\u0436\u0436\u0435\u0432\u0435\u043b\u044c\u043d\u0438\u043a\u0430; \u0445\u0438\u0442\u043e\u0437\u0430\u043d, \u044d\u043a\u0441\u0442\u0440\u0430\u043a\u0442 \u043c\u0430\u043b\u0430\u0445\u0438\u0442\u0430, \u0433\u0438\u0430\u043b\u0443\u0440\u043e\u043d\u043e\u0432\u0430\u044f \u043a-\u0442\u0430, \u044d\u043a\u0441\u0442\u0440\u0430\u043a\u0442\u044b: \u0433\u0430\u043c\u0430\u043c\u0435\u043b\u0438\u0441\u0430, \u0430\u0440\u043d\u0438\u043a\u0438, \u043f\u043b\u044e\u0449\u0430, \u0433\u0440\u0435\u0439\u043f\u0444\u0440\u0443\u0442\u0430, \u043a\u043e\u043d\u0441\u043a\u043e\u0433\u043e \u043a\u0430\u0448\u0442\u0430\u043d\u0430; \u043f\u043b\u0430\u0442\u0438\u043d\u043e\u0432\u0430\u044f \u043f\u0443\u0434\u0440\u0430, \u0437\u043e\u043b\u043e\u0442\u043e, \u0441\u0435\u0440\u0435\u0431\u0440\u043e<\/p>\n\n\n\n<p><\/p>\n\n\n<div class=\"wp-block-image\">\n<figure class=\"alignleft size-full\"><img loading=\"lazy\" decoding=\"async\" width=\"155\" height=\"160\" src=\"https:\/\/la-sincere.ee\/wp-content\/uploads\/2023\/08\/gold2-155x160-1.jpg\" alt=\"\" class=\"wp-image-176\"\/><\/figure>\n<\/div>\n\n\n<h5 class=\"wp-block-heading\">TIGHT VISAGE FIXING MIST \u2014 PINGULDAV V\u00c4RSKENDAV SPREI<\/h5>\n\n\n\n<p>\u041f\u043e\u0432\u044b\u0448\u0430\u0435\u0442 \u0442\u0443\u0440\u0433\u043e\u0440 \u0438 \u044d\u043b\u0430\u0441\u0442\u0438\u0447\u043d\u043e\u0441\u0442\u044c \u043a\u043e\u0436\u0438, \u0443\u0441\u0438\u043b\u0438\u0432\u0430\u0435\u0442 \u0444\u043e\u0440\u043c\u0438\u0440\u043e\u0432\u0430\u043d\u0438\u0435 \u043a\u043e\u043b\u043b\u0430\u0433\u0435\u043d\u0430.&nbsp;\u041f\u0443\u043b\u043b\u0443\u043b\u0430\u043d \u044d\u043a\u0441\u0442\u0440\u0430\u043a\u0442 (\u043f\u0440\u043e\u0434\u0443\u043a\u0442 \u0431\u0438\u043e-\u0442\u0435\u0445\u043d\u043e\u043b\u043e\u0433\u0438\u0439), \u044d\u043a\u0441\u0442\u0440\u0430\u043a\u0442 \u0440\u0436\u0438, \u043c\u0430\u0441\u043b\u0430: \u0433\u0440\u0435\u0439\u043f\u0444\u0440\u0443\u0442\u0430, \u043c\u0430\u043d\u0434\u0430\u0440\u0438\u043d\u0430, \u0444\u0435\u043d\u0445\u0435\u043b\u044f, \u0447\u0435\u0440\u043d\u043e\u0433\u043e \u043f\u0435\u0440\u0446\u0430, \u043c\u043e\u0436\u0436\u0435\u0432\u0435\u043b\u044c\u043d\u0438\u043a\u0430; \u0445\u0438\u0442\u043e\u0437\u0430\u043d, \u044d\u043a\u0441\u0442\u0440\u0430\u043a\u0442 \u043c\u0430\u043b\u0430\u0445\u0438\u0442\u0430, \u0433\u0438\u0430\u043b\u0443\u0440\u043e\u043d\u043e\u0432\u0430\u044f \u043a-\u0442\u0430, \u044d\u043a\u0441\u0442\u0440\u0430\u043a\u0442\u044b: \u0433\u0430\u043c\u0430\u043c\u0435\u043b\u0438\u0441\u0430, \u0430\u0440\u043d\u0438\u043a\u0438, \u043f\u043b\u044e\u0449\u0430, \u0433\u0440\u0435\u0439\u043f\u0444\u0440\u0443\u0442\u0430, \u043a\u043e\u043d\u0441\u043a\u043e\u0433\u043e \u043a\u0430\u0448\u0442\u0430\u043d\u0430; \u043f\u043b\u0430\u0442\u0438\u043d\u043e\u0432\u0430\u044f \u043f\u0443\u0434\u0440\u0430, \u0437\u043e\u043b\u043e\u0442\u043e, \u0441\u0435\u0440\u0435\u0431\u0440\u043e<\/p>\n\n\n\n<p><\/p>\n\n\n<div class=\"wp-block-image\">\n<figure class=\"alignright size-full\"><img loading=\"lazy\" decoding=\"async\" width=\"160\" height=\"160\" src=\"https:\/\/la-sincere.ee\/wp-content\/uploads\/2023\/08\/gold3-160x160-1.jpg\" alt=\"\" class=\"wp-image-177\" srcset=\"https:\/\/la-sincere.ee\/wp-content\/uploads\/2023\/08\/gold3-160x160-1.jpg 160w, https:\/\/la-sincere.ee\/wp-content\/uploads\/2023\/08\/gold3-160x160-1-100x100.jpg 100w, https:\/\/la-sincere.ee\/wp-content\/uploads\/2023\/08\/gold3-160x160-1-150x150.jpg 150w\" sizes=\"auto, (max-width: 160px) 100vw, 160px\" \/><\/figure>\n<\/div>\n\n\n<h5 class=\"wp-block-heading\">COLDUA MASK \u2013 KULDNE MASK<\/h5>\n\n\n\n<p>Mask p\u00fcsiva pinguldava toimega ja jahutava efektiga. \nVesi, kuld, P-vitamiin, letsitiin, l\u00fcsiin, glutamiinhape, arginiin, gl\u00fctserool, oligopeptiidid, h\u00fcaluroonhape, SOD ekstrakt: satsuma-, loorberi-, aasia tsentella-, rosmariini ekstraktid, vilk.<\/p>","protected":false},"excerpt":{"rendered":"<p>\u041d\u0430 \u0441\u0435\u0433\u043e\u0434\u043d\u044f\u0448\u043d\u0438\u0439 \u0434\u0435\u043d\u044c \u0441\u0443\u0449\u0435\u0441\u0442\u0432\u0443\u044e\u0442 \u043e\u043f\u0440\u0435\u0434\u0435\u043b\u0435\u043d\u043d\u044b\u0435 \u0438\u043d\u043d\u043e\u0432\u0430\u0446\u0438\u0438 \u0438 \u0442\u0435\u043d\u0434\u0435\u043d\u0446\u0438\u0438 \u043f\u0440\u0438\u043c\u0435\u043d\u0435\u043d\u0438\u044f \u043e\u043f\u0440\u0435\u0434\u0435\u043b\u0435\u043d\u043d\u043e\u0439 \u043a\u043e\u0441\u043c\u0435\u0442\u0438\u0447\u0435\u0441\u043a\u043e\u0439 \u043f\u0440\u043e\u0434\u0443\u043a\u0446\u0438\u0438. \u0412 \u0438\u0437\u0433\u043e\u0442\u043e\u0432\u043b\u0435\u043d\u0438\u0438 \u0438\u0441\u043f\u043e\u043b\u044c\u0437\u0443\u044e\u0442\u0441\u044f \u043a\u043e\u043c\u043f\u043e\u043d\u0435\u043d\u0442\u044b, \u043f\u0440\u0438\u0434\u0430\u044e\u0449\u0438\u0435 \u0435\u0439 \u043a\u043e\u043d\u043a\u0440\u0435\u0442\u043d\u044b\u0435 \u0441\u0432\u043e\u0439\u0441\u0442\u0432\u0430. \u041f\u0440\u0438\u043c\u0435\u0447\u0430\u0442\u0435\u043b\u044c\u043d\u043e, \u0447\u0442\u043e \u0437\u043d\u0430\u0447\u0438\u0442\u0435\u043b\u044c\u043d\u043e\u0439 \u043f\u043e\u043f\u0443\u043b\u044f\u0440\u043d\u043e\u0441\u0442\u044c\u044e \u043f\u043e\u043b\u044c\u0437\u0443\u0435\u0442\u0441\u044f&nbsp;\u043a\u043e\u0441\u043c\u0435\u0442\u0438\u043a\u0430 \u0441 \u0437\u043e\u043b\u043e\u0442\u043e\u043c. \u041e\u043d\u0430 \u0438\u043c\u0435\u0435\u0442 \u0432 \u0441\u043e\u0441\u0442\u0430\u0432\u0435 \u0438\u043e\u043d\u044b \u044d\u0442\u043e\u0433\u043e \u043c\u0435\u0442\u0430\u043b\u043b\u0430, \u043a\u043e\u0442\u043e\u0440\u044b\u0435 \u043e\u043a\u0430\u0437\u044b\u0432\u0430\u044e\u0442 \u0431\u043b\u0430\u0433\u043e\u0442\u0432\u043e\u0440\u043d\u043e\u0435 \u0432\u043b\u0438\u044f\u043d\u0438\u0435 \u0432 \u043f\u0440\u043e\u0446\u0435\u0441\u0441\u0435 \u0438\u0441\u043f\u043e\u043b\u044c\u0437\u043e\u0432\u0430\u043d\u0438\u044f \u0441\u0440\u0435\u0434\u0441\u0442\u0432. \u0414\u0430\u043d\u043d\u0430\u044f \u043f\u0440\u043e\u0434\u0443\u043a\u0446\u0438\u044f \u0432\u044b\u0441\u043e\u043a\u043e \u043a\u043e\u0442\u0438\u0440\u0443\u0435\u0442\u0441\u044f \u0432 \u043d\u0430\u0448\u0435 \u0432\u0440\u0435\u043c\u044f \u0438 \u043f\u043e\u0441\u0442\u0430\u0432\u043b\u044f\u0435\u0442\u0441\u044f \u043c\u043d\u043e\u0433\u0438\u043c\u0438 \u043a\u043e\u043c\u043f\u0430\u043d\u0438\u044f\u043c\u0438, \u0441\u0440\u0435\u0434\u0438 \u043a\u043e\u0442\u043e\u0440\u044b\u0445 [&hellip;]<\/p>\n","protected":false},"author":1,"featured_media":0,"parent":0,"menu_order":0,"comment_status":"closed","ping_status":"closed","template":"","meta":{"_uag_custom_page_level_css":"","footnotes":""},"class_list":["post-174","page","type-page","status-publish","hentry"],"uagb_featured_image_src":{"full":false,"thumbnail":false,"medium":false,"medium_large":false,"large":false,"1536x1536":false,"2048x2048":false,"trp-custom-language-flag":false,"mailpoet_newsletter_max":false,"woocommerce_thumbnail":false,"woocommerce_single":false,"woocommerce_gallery_thumbnail":false},"uagb_author_info":{"display_name":"Anzela","author_link":"https:\/\/la-sincere.ee\/et\/author\/admin\/"},"uagb_comment_info":0,"uagb_excerpt":"\u041d\u0430 \u0441\u0435\u0433\u043e\u0434\u043d\u044f\u0448\u043d\u0438\u0439 \u0434\u0435\u043d\u044c \u0441\u0443\u0449\u0435\u0441\u0442\u0432\u0443\u044e\u0442 \u043e\u043f\u0440\u0435\u0434\u0435\u043b\u0435\u043d\u043d\u044b\u0435 \u0438\u043d\u043d\u043e\u0432\u0430\u0446\u0438\u0438 \u0438 \u0442\u0435\u043d\u0434\u0435\u043d\u0446\u0438\u0438 \u043f\u0440\u0438\u043c\u0435\u043d\u0435\u043d\u0438\u044f \u043e\u043f\u0440\u0435\u0434\u0435\u043b\u0435\u043d\u043d\u043e\u0439 \u043a\u043e\u0441\u043c\u0435\u0442\u0438\u0447\u0435\u0441\u043a\u043e\u0439 \u043f\u0440\u043e\u0434\u0443\u043a\u0446\u0438\u0438. \u0412 \u0438\u0437\u0433\u043e\u0442\u043e\u0432\u043b\u0435\u043d\u0438\u0438 \u0438\u0441\u043f\u043e\u043b\u044c\u0437\u0443\u044e\u0442\u0441\u044f \u043a\u043e\u043c\u043f\u043e\u043d\u0435\u043d\u0442\u044b, \u043f\u0440\u0438\u0434\u0430\u044e\u0449\u0438\u0435 \u0435\u0439 \u043a\u043e\u043d\u043a\u0440\u0435\u0442\u043d\u044b\u0435 \u0441\u0432\u043e\u0439\u0441\u0442\u0432\u0430. \u041f\u0440\u0438\u043c\u0435\u0447\u0430\u0442\u0435\u043b\u044c\u043d\u043e, \u0447\u0442\u043e \u0437\u043d\u0430\u0447\u0438\u0442\u0435\u043b\u044c\u043d\u043e\u0439 \u043f\u043e\u043f\u0443\u043b\u044f\u0440\u043d\u043e\u0441\u0442\u044c\u044e \u043f\u043e\u043b\u044c\u0437\u0443\u0435\u0442\u0441\u044f&nbsp;\u043a\u043e\u0441\u043c\u0435\u0442\u0438\u043a\u0430 \u0441 \u0437\u043e\u043b\u043e\u0442\u043e\u043c. \u041e\u043d\u0430 \u0438\u043c\u0435\u0435\u0442 \u0432 \u0441\u043e\u0441\u0442\u0430\u0432\u0435 \u0438\u043e\u043d\u044b \u044d\u0442\u043e\u0433\u043e \u043c\u0435\u0442\u0430\u043b\u043b\u0430, \u043a\u043e\u0442\u043e\u0440\u044b\u0435 \u043e\u043a\u0430\u0437\u044b\u0432\u0430\u044e\u0442 \u0431\u043b\u0430\u0433\u043e\u0442\u0432\u043e\u0440\u043d\u043e\u0435 \u0432\u043b\u0438\u044f\u043d\u0438\u0435 \u0432 \u043f\u0440\u043e\u0446\u0435\u0441\u0441\u0435 \u0438\u0441\u043f\u043e\u043b\u044c\u0437\u043e\u0432\u0430\u043d\u0438\u044f \u0441\u0440\u0435\u0434\u0441\u0442\u0432. \u0414\u0430\u043d\u043d\u0430\u044f \u043f\u0440\u043e\u0434\u0443\u043a\u0446\u0438\u044f \u0432\u044b\u0441\u043e\u043a\u043e \u043a\u043e\u0442\u0438\u0440\u0443\u0435\u0442\u0441\u044f \u0432 \u043d\u0430\u0448\u0435 \u0432\u0440\u0435\u043c\u044f \u0438 \u043f\u043e\u0441\u0442\u0430\u0432\u043b\u044f\u0435\u0442\u0441\u044f \u043c\u043d\u043e\u0433\u0438\u043c\u0438 \u043a\u043e\u043c\u043f\u0430\u043d\u0438\u044f\u043c\u0438, \u0441\u0440\u0435\u0434\u0438 \u043a\u043e\u0442\u043e\u0440\u044b\u0445&hellip;","_links":{"self":[{"href":"https:\/\/la-sincere.ee\/et\/wp-json\/wp\/v2\/pages\/174","targetHints":{"allow":["GET"]}}],"collection":[{"href":"https:\/\/la-sincere.ee\/et\/wp-json\/wp\/v2\/pages"}],"about":[{"href":"https:\/\/la-sincere.ee\/et\/wp-json\/wp\/v2\/types\/page"}],"author":[{"embeddable":true,"href":"https:\/\/la-sincere.ee\/et\/wp-json\/wp\/v2\/users\/1"}],"replies":[{"embeddable":true,"href":"https:\/\/la-sincere.ee\/et\/wp-json\/wp\/v2\/comments?post=174"}],"version-history":[{"count":5,"href":"https:\/\/la-sincere.ee\/et\/wp-json\/wp\/v2\/pages\/174\/revisions"}],"predecessor-version":[{"id":1030,"href":"https:\/\/la-sincere.ee\/et\/wp-json\/wp\/v2\/pages\/174\/revisions\/1030"}],"wp:attachment":[{"href":"https:\/\/la-sincere.ee\/et\/wp-json\/wp\/v2\/media?parent=174"}],"curies":[{"name":"wp","href":"https:\/\/api.w.org\/{rel}","templated":true}]}}