{"id":169,"date":"2023-08-24T16:23:28","date_gmt":"2023-08-24T16:23:28","guid":{"rendered":"https:\/\/la-sincere.ee\/?page_id=169"},"modified":"2023-09-02T09:57:43","modified_gmt":"2023-09-02T09:57:43","slug":"kosmecevtika","status":"publish","type":"page","link":"https:\/\/la-sincere.ee\/et\/kosmecevtika\/","title":{"rendered":"Kosmetsevtika"},"content":{"rendered":"<p><strong>Terminit \u00abkosmetsevtika\u00bb mainiti dermatoloogias esimest korda kolm k\u00fcmnendit tagasi. Kosmetsevtika v\u00f5i ravikosmeetika on r\u00fchm dekoratiiv-h\u00fcgieenilisi vahendeid ravitoimetega. Kosmetsevtilised vahendid on suunatud erinevate dermatoloogiliste probleemide lahendamisele. Kosmeetikal on lai toime spekter, seep\u00e4rast kasutakse seda nii naha prof\u00fclaktiliseks hoolduseks kui ka aitab toime tulle vanuseliste muutustega, samuti on asendamatu psoriaasi, neurodermiidi ja teiste haiguste ravil.<\/strong><\/p>\n\n\n\n<p><strong>Kosmetsevtika Jaapanist assotsieerub alati k\u00f5rge kvaliteedi m\u00f5istega. Jaapani kosmetsevtika erineb k\u00fcllaltki l\u00e4\u00e4ne omast: erilist t\u00e4helepanu p\u00f6\u00f6ratakse toote kujundusele, selle peenele l\u00f5hnale ja toote pealekandmisele protseduuri ajal.<\/strong><\/p>\n\n\n\n<p><strong>Jaapanis suhtutakse t\u00f5siselt hea tervise, suurep\u00e4rase enesetunde ja \u00f5itsva v\u00e4limuse \u00fclal hoidmisesse. Just seep\u00e4rast peetakse kosmeetikatoodete v\u00e4lja t\u00f6\u00f6tamisel kinni rangetest reeglitest, mis v\u00f5imaldab  toota preparaate, mis loovad silmapilkset efekti.<\/strong><\/p>\n\n\n\n<p><\/p>\n\n\n\n<h5 class=\"wp-block-heading\">KOSMETSEVTIKAL JAAPANIST ON KINDLAD EELISED JA TUGEVAD K\u00dcLJED:<\/h5>\n\n\n\n<p><\/p>\n\n\n\n<ul class=\"wp-block-list\">\n<li>range kontroll riigi poolt kvaliteedi standardite j\u00e4rgimise \u00fcle;<\/li>\n\n\n\n<li>kosmeetika valmistamisel kasutatakse vaid looduslikke komponenete, mineraale ja mikroelemente;<\/li>\n\n\n\n<li>kaasaegne tehnika ja kosmetsevtika kaasaegsed biotehnoloogiad;<\/li>\n\n\n\n<li>ebatavaliste koostisosade lisamine Jaapani kosmeetikasse: ingver, siid, p\u00e4rli proteiinid;<\/li>\n\n\n\n<li>konservantide, v\u00e4rvainete ja allergeenide t\u00e4ielik puudumine.<\/li>\n<\/ul>\n\n\n\n<p><strong>K\u00fcllatki tihti v\u00f5ib kuulda lauset: \u00abJaapanlased ei vanane\u00bb. T\u00f5usva p\u00e4ikese maa esindajad s\u00f5ltuvata vanusest n\u00e4evad alati noored ja v\u00e4rsked v\u00e4lja. T\u00e4nu Jaapani kosmetsevtikale saavad naised unikaalset v\u00f5imalust pikendada oma ilu ja s\u00e4ilitada kauaks veetlevat v\u00e4limust.<\/strong><\/p>\n\n\n\n<p><strong>Preparaatidel Jaapanist on koostises komponendid, mis tagavad naha kaitsefunktsiooni rakulisel tasemel, mis aitab reguleerida rakkude moodustumise protsessi, samuti soodustada naha regenereerimist. Jaapani kosmeetika professionaalidelt avaldab t\u00f5elist noorendavat ja taastavat toimet.<\/strong><\/p>","protected":false},"excerpt":{"rendered":"<p>\u0422\u0435\u0440\u043c\u0438\u043d \u00ab\u043a\u043e\u0441\u043c\u0435\u0446\u0435\u0432\u0442\u0438\u043a\u0430\u00bb \u0432 \u0434\u0435\u0440\u043c\u0430\u0442\u043e\u043b\u043e\u0433\u0438\u0438 \u0431\u044b\u043b \u0432\u043f\u0435\u0440\u0432\u044b\u0435 \u0443\u043f\u043e\u043c\u044f\u043d\u0443\u0442 \u0442\u0440\u0438 \u0434\u0435\u0441\u044f\u0442\u0438\u043b\u0435\u0442\u0438\u044f \u043d\u0430\u0437\u0430\u0434. \u041a\u043e\u0441\u043c\u0435\u0446\u0435\u0432\u0442\u0438\u043a\u0430 \u0438\u043b\u0438&nbsp;\u043b\u0435\u0447\u0435\u0431\u043d\u0430\u044f \u043a\u043e\u0441\u043c\u0435\u0442\u0438\u043a\u0430&nbsp;\u043f\u0440\u0435\u0434\u0441\u0442\u0430\u0432\u043b\u044f\u0435\u0442 \u0441\u043e\u0431\u043e\u0439 \u0433\u0440\u0443\u043f\u043f\u0443 \u0434\u0435\u043a\u043e\u0440\u0430\u0442\u0438\u0432\u043d\u043e-\u0433\u0438\u0433\u0438\u0435\u043d\u0438\u0447\u0435\u0441\u043a\u0438\u0445 \u0441\u0440\u0435\u0434\u0441\u0442\u0432 \u0441 \u043b\u0435\u0447\u0435\u0431\u043d\u044b\u043c\u0438 \u0441\u0432\u043e\u0439\u0441\u0442\u0432\u0430\u043c\u0438. \u041a\u043e\u0441\u043c\u0435\u0446\u0435\u0432\u0442\u0438\u0447\u0435\u0441\u043a\u0438\u0435 \u0441\u0440\u0435\u0434\u0441\u0442\u0432\u0430 \u043d\u0430\u043f\u0440\u0430\u0432\u043b\u0435\u043d\u044b \u043d\u0430 \u0440\u0435\u0448\u0435\u043d\u0438\u0435 \u0440\u0430\u0437\u043b\u0438\u0447\u043d\u044b\u0445 \u0434\u0435\u0440\u043c\u0430\u0442\u043e\u043b\u043e\u0433\u0438\u0447\u0435\u0441\u043a\u0438\u0445 \u043f\u0440\u043e\u0431\u043b\u0435\u043c. \u041a\u043e\u0441\u043c\u0435\u0442\u0438\u043a\u0430 \u043e\u0431\u043b\u0430\u0434\u0430\u0435\u0442 \u0448\u0438\u0440\u043e\u043a\u0438\u043c \u0441\u043f\u0435\u043a\u0442\u0440\u043e\u043c \u0434\u0435\u0439\u0441\u0442\u0432\u0438\u044f, \u043f\u043e\u044d\u0442\u043e\u043c\u0443 \u043f\u0440\u0438\u043c\u0435\u043d\u044f\u0435\u0442\u0441\u044f \u043d\u0435 \u0442\u043e\u043b\u044c\u043a\u043e \u0434\u043b\u044f \u043f\u0440\u043e\u0444\u0438\u043b\u0430\u043a\u0442\u0438\u0447\u0435\u0441\u043a\u043e\u0433\u043e \u0443\u0445\u043e\u0434\u0430 \u0437\u0430 \u043a\u043e\u0436\u0435\u0439, \u043d\u043e \u0438 \u043f\u043e\u043c\u043e\u0433\u0430\u0435\u0442 \u0441\u043f\u0440\u0430\u0432\u0438\u0442\u044c\u0441\u044f \u0441 \u0432\u043e\u0437\u0440\u0430\u0441\u0442\u043d\u044b\u043c\u0438 \u0438\u0437\u043c\u0435\u043d\u0435\u043d\u0438\u044f\u043c\u0438, \u0430 \u0442\u0430\u043a\u0436\u0435 \u0441\u0442\u0430\u043d\u0435\u0442 \u043d\u0435\u0437\u0430\u043c\u0435\u043d\u0438\u043c\u043e\u0439 \u043f\u0440\u0438 \u043b\u0435\u0447\u0435\u043d\u0438\u0438 [&hellip;]<\/p>\n","protected":false},"author":1,"featured_media":0,"parent":0,"menu_order":0,"comment_status":"closed","ping_status":"closed","template":"","meta":{"_uag_custom_page_level_css":"","footnotes":""},"class_list":["post-169","page","type-page","status-publish","hentry"],"uagb_featured_image_src":{"full":false,"thumbnail":false,"medium":false,"medium_large":false,"large":false,"1536x1536":false,"2048x2048":false,"trp-custom-language-flag":false,"mailpoet_newsletter_max":false,"woocommerce_thumbnail":false,"woocommerce_single":false,"woocommerce_gallery_thumbnail":false},"uagb_author_info":{"display_name":"Anzela","author_link":"https:\/\/la-sincere.ee\/et\/author\/admin\/"},"uagb_comment_info":0,"uagb_excerpt":"\u0422\u0435\u0440\u043c\u0438\u043d \u00ab\u043a\u043e\u0441\u043c\u0435\u0446\u0435\u0432\u0442\u0438\u043a\u0430\u00bb \u0432 \u0434\u0435\u0440\u043c\u0430\u0442\u043e\u043b\u043e\u0433\u0438\u0438 \u0431\u044b\u043b \u0432\u043f\u0435\u0440\u0432\u044b\u0435 \u0443\u043f\u043e\u043c\u044f\u043d\u0443\u0442 \u0442\u0440\u0438 \u0434\u0435\u0441\u044f\u0442\u0438\u043b\u0435\u0442\u0438\u044f \u043d\u0430\u0437\u0430\u0434. \u041a\u043e\u0441\u043c\u0435\u0446\u0435\u0432\u0442\u0438\u043a\u0430 \u0438\u043b\u0438&nbsp;\u043b\u0435\u0447\u0435\u0431\u043d\u0430\u044f \u043a\u043e\u0441\u043c\u0435\u0442\u0438\u043a\u0430&nbsp;\u043f\u0440\u0435\u0434\u0441\u0442\u0430\u0432\u043b\u044f\u0435\u0442 \u0441\u043e\u0431\u043e\u0439 \u0433\u0440\u0443\u043f\u043f\u0443 \u0434\u0435\u043a\u043e\u0440\u0430\u0442\u0438\u0432\u043d\u043e-\u0433\u0438\u0433\u0438\u0435\u043d\u0438\u0447\u0435\u0441\u043a\u0438\u0445 \u0441\u0440\u0435\u0434\u0441\u0442\u0432 \u0441 \u043b\u0435\u0447\u0435\u0431\u043d\u044b\u043c\u0438 \u0441\u0432\u043e\u0439\u0441\u0442\u0432\u0430\u043c\u0438. \u041a\u043e\u0441\u043c\u0435\u0446\u0435\u0432\u0442\u0438\u0447\u0435\u0441\u043a\u0438\u0435 \u0441\u0440\u0435\u0434\u0441\u0442\u0432\u0430 \u043d\u0430\u043f\u0440\u0430\u0432\u043b\u0435\u043d\u044b \u043d\u0430 \u0440\u0435\u0448\u0435\u043d\u0438\u0435 \u0440\u0430\u0437\u043b\u0438\u0447\u043d\u044b\u0445 \u0434\u0435\u0440\u043c\u0430\u0442\u043e\u043b\u043e\u0433\u0438\u0447\u0435\u0441\u043a\u0438\u0445 \u043f\u0440\u043e\u0431\u043b\u0435\u043c. \u041a\u043e\u0441\u043c\u0435\u0442\u0438\u043a\u0430 \u043e\u0431\u043b\u0430\u0434\u0430\u0435\u0442 \u0448\u0438\u0440\u043e\u043a\u0438\u043c \u0441\u043f\u0435\u043a\u0442\u0440\u043e\u043c \u0434\u0435\u0439\u0441\u0442\u0432\u0438\u044f, \u043f\u043e\u044d\u0442\u043e\u043c\u0443 \u043f\u0440\u0438\u043c\u0435\u043d\u044f\u0435\u0442\u0441\u044f \u043d\u0435 \u0442\u043e\u043b\u044c\u043a\u043e \u0434\u043b\u044f \u043f\u0440\u043e\u0444\u0438\u043b\u0430\u043a\u0442\u0438\u0447\u0435\u0441\u043a\u043e\u0433\u043e \u0443\u0445\u043e\u0434\u0430 \u0437\u0430 \u043a\u043e\u0436\u0435\u0439, \u043d\u043e \u0438 \u043f\u043e\u043c\u043e\u0433\u0430\u0435\u0442 \u0441\u043f\u0440\u0430\u0432\u0438\u0442\u044c\u0441\u044f \u0441 \u0432\u043e\u0437\u0440\u0430\u0441\u0442\u043d\u044b\u043c\u0438 \u0438\u0437\u043c\u0435\u043d\u0435\u043d\u0438\u044f\u043c\u0438, \u0430 \u0442\u0430\u043a\u0436\u0435 \u0441\u0442\u0430\u043d\u0435\u0442 \u043d\u0435\u0437\u0430\u043c\u0435\u043d\u0438\u043c\u043e\u0439 \u043f\u0440\u0438 \u043b\u0435\u0447\u0435\u043d\u0438\u0438&hellip;","_links":{"self":[{"href":"https:\/\/la-sincere.ee\/et\/wp-json\/wp\/v2\/pages\/169","targetHints":{"allow":["GET"]}}],"collection":[{"href":"https:\/\/la-sincere.ee\/et\/wp-json\/wp\/v2\/pages"}],"about":[{"href":"https:\/\/la-sincere.ee\/et\/wp-json\/wp\/v2\/types\/page"}],"author":[{"embeddable":true,"href":"https:\/\/la-sincere.ee\/et\/wp-json\/wp\/v2\/users\/1"}],"replies":[{"embeddable":true,"href":"https:\/\/la-sincere.ee\/et\/wp-json\/wp\/v2\/comments?post=169"}],"version-history":[{"count":2,"href":"https:\/\/la-sincere.ee\/et\/wp-json\/wp\/v2\/pages\/169\/revisions"}],"predecessor-version":[{"id":171,"href":"https:\/\/la-sincere.ee\/et\/wp-json\/wp\/v2\/pages\/169\/revisions\/171"}],"wp:attachment":[{"href":"https:\/\/la-sincere.ee\/et\/wp-json\/wp\/v2\/media?parent=169"}],"curies":[{"name":"wp","href":"https:\/\/api.w.org\/{rel}","templated":true}]}}