{"id":160,"date":"2023-08-24T16:10:19","date_gmt":"2023-08-24T16:10:19","guid":{"rendered":"https:\/\/la-sincere.ee\/?page_id=160"},"modified":"2023-12-18T16:36:18","modified_gmt":"2023-12-18T16:36:18","slug":"kosmetika-s-gialuronovoi-ki","status":"publish","type":"page","link":"https:\/\/la-sincere.ee\/et\/kosmetika-s-gialuronovoi-ki\/","title":{"rendered":"Kosmeetika h\u00fcaluroonhappega"},"content":{"rendered":"<p>Praeguseks on n\u00f5udlus suur kosmeetikatoodete j\u00e4rele, millel on erinevad innovaatilised komponendid. Muidugi, hinnatakse k\u00f5ige rohkem efektiivsust ja ohutust tervisele, seep\u00e4rast tuleb valikut teha hoolikalt ja l\u00e4bim\u00f5eldult. Juba suurt populaarsust saavutas \u00abLa Sincere\u00bb ettev\u00f5te poolt toodetud kosmeetika h\u00fcaluroonhappega. Iga seda kasutanud klient hindab kohe selle toote eeliseid, pannes t\u00e4hele selle erip\u00e4rasid.<\/p>\n\n\n\n<p>Ettev\u00f5tte l\u00e4heneb v\u00e4ga vastutusrikkalt v\u00e4ljat\u00f6\u00f6tamise protsessile, seep\u00e4rast v\u00f5ite olla t\u00e4iesti kindlad pakutavate toodete kvaliteedi n\u00e4itajates.<\/p>\n\n\n\n<h4 class=\"wp-block-heading\">H\u00dcALUROONHAPE KOSMETOLOOGIAS<\/h4>\n\n\n\n<p>Praeguseks on paljude kosmeetikatoodete populaarseks koositisosaks h\u00fcaluroonhape. Kuid kaugeltki mitte iga inimene m\u00f5istab selle erip\u00e4rasid ja omadusi, samuti kasutamise tagaj\u00e4rgi. H\u00fcaluroonhappega kosmeetika on t\u00e4nap\u00e4eval k\u00f5rgelt hinnatud, seep\u00e4rast tuleb alguses m\u00f5ista selle omadusi.<\/p>\n\n\n\n<p>See koostisosa on naha looduslik komponent, mis hoiab \u00fclal vee tasakaalu. Vanusega muutub selle tootmine v\u00e4hem aktiivseks, mille p\u00e4rast algab vananemise protsess. Just seep\u00e4rast on h\u00fcaluroonhape aktuaalne hoolduse ja taastamise toodetes. Kasutamise efekt p\u00f5hineb nahal tekkivas \u00f5hukese kihis, mis soodustab selle niisutust ja vastupidavuse t\u00f5stmist erinevatele m\u00f5judele.<\/p>\n\n\n\n<p class=\"translation-block\">Kosmeetika h\u00fcaluroonhappega \u2013 tooted huulte hoolduseks, tselluliidivastased kreemid, p\u00f5letikuvastased ja p\u00e4evituse j\u00e4rgsed losjoonid, balsamid haavade parandamiseks jm. Nad m\u00f5juvad nahale selliselt, et nahk muutub pehmemaks ja siledamaks. Kuid nende kasutamine liiga tihti on \u00e4\u00e4rmiselt ebasoovitatav, kuna nahk l\u00f5petab ise komponendi tootmise.<\/p>\n\n\n\n<p>Selliselt, on need toodet v\u00e4ga efektiivsed, kuid tuleb neid kasutada m\u00f5istlikult.<\/p>\n\n\n\n<h4 class=\"wp-block-heading\">H\u00dcALUROONHAPE LOODUSLIKU NIISUTAJANA<\/h4>\n\n\n<div class=\"wp-block-image\">\n<figure class=\"alignleft size-full\"><img loading=\"lazy\" decoding=\"async\" width=\"300\" height=\"171\" src=\"https:\/\/la-sincere.ee\/wp-content\/uploads\/2023\/08\/321-300x171-1.jpg\" alt=\"\" class=\"wp-image-163\"\/><\/figure>\n<\/div>\n\n\n<p>M\u00e4rkimisv\u00e4\u00e4rne on see, et nahahooldustooteid on t\u00e4naseks v\u00e4ga erinevaid, kuid k\u00f5ige rohkem hinnatakse tooteid looduslike komponentide baasil. Just seep\u00e4rast muutub h\u00fcaluroonhappega kosmeetika aina n\u00f5utumaks.&nbsp;<\/p>\n\n\n\n<p class=\"translation-block\">Sisaldades looduslikke komponete soodustavad sellised tooted naha niisutust. Nende kasutamine on efektiivne, tagab nahakatte kaitset, samuti soodustab haavade kiiremat paranemist.<\/p>\n\n\n\n<p>Muidugi on kasutamise p\u00f5hiliseks eesm\u00e4rgiks just niisutus, seep\u00e4rast muutus selline kosmeetika v\u00e4ga populaarseks.<\/p>","protected":false},"excerpt":{"rendered":"<p>\u0421\u043f\u0440\u043e\u0441\u043e\u043c \u043f\u043e\u043b\u044c\u0437\u0443\u044e\u0442\u0441\u044f \u0441\u0435\u0433\u043e\u0434\u043d\u044f \u043a\u043e\u0441\u043c\u0435\u0442\u0438\u0447\u0435\u0441\u043a\u0438\u0435 \u0441\u0440\u0435\u0434\u0441\u0442\u0432\u0430, \u0438\u043c\u0435\u044e\u0449\u0438\u0435 \u0440\u0430\u0437\u043b\u0438\u0447\u043d\u044b\u0435 \u0438\u043d\u043d\u043e\u0432\u0430\u0446\u0438\u043e\u043d\u043d\u044b\u0435 \u0441\u043e\u0441\u0442\u0430\u0432\u043b\u044f\u044e\u0449\u0438\u0435. \u0420\u0430\u0437\u0443\u043c\u0435\u0435\u0442\u0441\u044f, \u0431\u043e\u043b\u044c\u0448\u0435 \u0432\u0441\u0435\u0433\u043e \u0446\u0435\u043d\u0438\u0442\u0441\u044f \u0438\u0445 \u044d\u0444\u0444\u0435\u043a\u0442\u0438\u0432\u043d\u043e\u0441\u0442\u044c \u0438 \u0431\u0435\u0437\u043e\u043f\u0430\u0441\u043d\u043e\u0441\u0442\u044c \u0434\u043b\u044f \u0437\u0434\u043e\u0440\u043e\u0432\u044c\u044f, \u043f\u043e\u044d\u0442\u043e\u043c\u0443 \u0432\u044b\u0431\u043e\u0440 \u0441\u0442\u043e\u0438\u0442 \u0434\u0435\u043b\u0430\u0442\u044c \u0441\u043e \u0432\u0441\u0435\u0439 \u0432\u043d\u0438\u043c\u0430\u0442\u0435\u043b\u044c\u043d\u043e\u0441\u0442\u044c\u044e \u0438 \u0441\u043e\u0441\u0440\u0435\u0434\u043e\u0442\u043e\u0447\u0435\u043d\u043d\u043e\u0441\u0442\u044c\u044e. \u0423\u0436\u0435 \u043d\u0435\u043c\u0430\u043b\u0443\u044e \u043f\u043e\u043f\u0443\u043b\u044f\u0440\u043d\u043e\u0441\u0442\u044c \u043f\u043e\u043b\u0443\u0447\u0438\u043b\u0430&nbsp;\u043a\u043e\u0441\u043c\u0435\u0442\u0438\u043a\u0430 \u0441 \u0433\u0438\u0430\u043b\u0443\u0440\u0438\u043d\u043e\u0432\u043e\u0439 \u043a\u0438\u0441\u043b\u043e\u0442\u043e\u0439, \u043a\u043e\u0442\u043e\u0440\u0443\u044e \u043f\u0440\u043e\u0438\u0437\u0432\u043e\u0434\u0438\u0442 \u043a\u043e\u043c\u043f\u0430\u043d\u0438\u044f \u00abLa Sincere\u00bb. \u041a\u0430\u0436\u0434\u044b\u0439 \u043a\u043b\u0438\u0435\u043d\u0442, \u0432\u043e\u0441\u043f\u043e\u043b\u044c\u0437\u043e\u0432\u0430\u0432\u0448\u0438\u0439\u0441\u044f \u0435\u044e, \u0441\u0440\u0430\u0437\u0443 \u043e\u0446\u0435\u043d\u0438\u0432\u0430\u0435\u0442 \u043f\u0440\u0435\u0438\u043c\u0443\u0449\u0435\u0441\u0442\u0432\u0430 \u0441\u0440\u0435\u0434\u0441\u0442\u0432\u0430, \u0437\u0430\u043c\u0435\u0447\u0430\u044f \u0435\u0433\u043e \u043e\u0441\u043e\u0431\u0435\u043d\u043d\u043e\u0441\u0442\u0438. \u0424\u0438\u0440\u043c\u0430 \u043e\u0447\u0435\u043d\u044c \u043e\u0442\u0432\u0435\u0442\u0441\u0442\u0432\u0435\u043d\u043d\u043e \u043f\u043e\u0434\u0445\u043e\u0434\u0438\u0442 [&hellip;]<\/p>\n","protected":false},"author":1,"featured_media":0,"parent":0,"menu_order":0,"comment_status":"closed","ping_status":"closed","template":"","meta":{"_uag_custom_page_level_css":"","footnotes":""},"class_list":["post-160","page","type-page","status-publish","hentry"],"uagb_featured_image_src":{"full":false,"thumbnail":false,"medium":false,"medium_large":false,"large":false,"1536x1536":false,"2048x2048":false,"trp-custom-language-flag":false,"mailpoet_newsletter_max":false,"woocommerce_thumbnail":false,"woocommerce_single":false,"woocommerce_gallery_thumbnail":false},"uagb_author_info":{"display_name":"Anzela","author_link":"https:\/\/la-sincere.ee\/et\/author\/admin\/"},"uagb_comment_info":0,"uagb_excerpt":"\u0421\u043f\u0440\u043e\u0441\u043e\u043c \u043f\u043e\u043b\u044c\u0437\u0443\u044e\u0442\u0441\u044f \u0441\u0435\u0433\u043e\u0434\u043d\u044f \u043a\u043e\u0441\u043c\u0435\u0442\u0438\u0447\u0435\u0441\u043a\u0438\u0435 \u0441\u0440\u0435\u0434\u0441\u0442\u0432\u0430, \u0438\u043c\u0435\u044e\u0449\u0438\u0435 \u0440\u0430\u0437\u043b\u0438\u0447\u043d\u044b\u0435 \u0438\u043d\u043d\u043e\u0432\u0430\u0446\u0438\u043e\u043d\u043d\u044b\u0435 \u0441\u043e\u0441\u0442\u0430\u0432\u043b\u044f\u044e\u0449\u0438\u0435. \u0420\u0430\u0437\u0443\u043c\u0435\u0435\u0442\u0441\u044f, \u0431\u043e\u043b\u044c\u0448\u0435 \u0432\u0441\u0435\u0433\u043e \u0446\u0435\u043d\u0438\u0442\u0441\u044f \u0438\u0445 \u044d\u0444\u0444\u0435\u043a\u0442\u0438\u0432\u043d\u043e\u0441\u0442\u044c \u0438 \u0431\u0435\u0437\u043e\u043f\u0430\u0441\u043d\u043e\u0441\u0442\u044c \u0434\u043b\u044f \u0437\u0434\u043e\u0440\u043e\u0432\u044c\u044f, \u043f\u043e\u044d\u0442\u043e\u043c\u0443 \u0432\u044b\u0431\u043e\u0440 \u0441\u0442\u043e\u0438\u0442 \u0434\u0435\u043b\u0430\u0442\u044c \u0441\u043e \u0432\u0441\u0435\u0439 \u0432\u043d\u0438\u043c\u0430\u0442\u0435\u043b\u044c\u043d\u043e\u0441\u0442\u044c\u044e \u0438 \u0441\u043e\u0441\u0440\u0435\u0434\u043e\u0442\u043e\u0447\u0435\u043d\u043d\u043e\u0441\u0442\u044c\u044e. \u0423\u0436\u0435 \u043d\u0435\u043c\u0430\u043b\u0443\u044e \u043f\u043e\u043f\u0443\u043b\u044f\u0440\u043d\u043e\u0441\u0442\u044c \u043f\u043e\u043b\u0443\u0447\u0438\u043b\u0430&nbsp;\u043a\u043e\u0441\u043c\u0435\u0442\u0438\u043a\u0430 \u0441 \u0433\u0438\u0430\u043b\u0443\u0440\u0438\u043d\u043e\u0432\u043e\u0439 \u043a\u0438\u0441\u043b\u043e\u0442\u043e\u0439, \u043a\u043e\u0442\u043e\u0440\u0443\u044e \u043f\u0440\u043e\u0438\u0437\u0432\u043e\u0434\u0438\u0442 \u043a\u043e\u043c\u043f\u0430\u043d\u0438\u044f \u00abLa Sincere\u00bb. \u041a\u0430\u0436\u0434\u044b\u0439 \u043a\u043b\u0438\u0435\u043d\u0442, \u0432\u043e\u0441\u043f\u043e\u043b\u044c\u0437\u043e\u0432\u0430\u0432\u0448\u0438\u0439\u0441\u044f \u0435\u044e, \u0441\u0440\u0430\u0437\u0443 \u043e\u0446\u0435\u043d\u0438\u0432\u0430\u0435\u0442 \u043f\u0440\u0435\u0438\u043c\u0443\u0449\u0435\u0441\u0442\u0432\u0430 \u0441\u0440\u0435\u0434\u0441\u0442\u0432\u0430, \u0437\u0430\u043c\u0435\u0447\u0430\u044f \u0435\u0433\u043e \u043e\u0441\u043e\u0431\u0435\u043d\u043d\u043e\u0441\u0442\u0438. \u0424\u0438\u0440\u043c\u0430 \u043e\u0447\u0435\u043d\u044c \u043e\u0442\u0432\u0435\u0442\u0441\u0442\u0432\u0435\u043d\u043d\u043e \u043f\u043e\u0434\u0445\u043e\u0434\u0438\u0442&hellip;","_links":{"self":[{"href":"https:\/\/la-sincere.ee\/et\/wp-json\/wp\/v2\/pages\/160","targetHints":{"allow":["GET"]}}],"collection":[{"href":"https:\/\/la-sincere.ee\/et\/wp-json\/wp\/v2\/pages"}],"about":[{"href":"https:\/\/la-sincere.ee\/et\/wp-json\/wp\/v2\/types\/page"}],"author":[{"embeddable":true,"href":"https:\/\/la-sincere.ee\/et\/wp-json\/wp\/v2\/users\/1"}],"replies":[{"embeddable":true,"href":"https:\/\/la-sincere.ee\/et\/wp-json\/wp\/v2\/comments?post=160"}],"version-history":[{"count":7,"href":"https:\/\/la-sincere.ee\/et\/wp-json\/wp\/v2\/pages\/160\/revisions"}],"predecessor-version":[{"id":1445,"href":"https:\/\/la-sincere.ee\/et\/wp-json\/wp\/v2\/pages\/160\/revisions\/1445"}],"wp:attachment":[{"href":"https:\/\/la-sincere.ee\/et\/wp-json\/wp\/v2\/media?parent=160"}],"curies":[{"name":"wp","href":"https:\/\/api.w.org\/{rel}","templated":true}]}}