{"id":608,"date":"2023-08-25T15:46:35","date_gmt":"2023-08-25T15:46:35","guid":{"rendered":"https:\/\/la-sincere.ee\/?page_id=608"},"modified":"2023-09-02T09:48:12","modified_gmt":"2023-09-02T09:48:12","slug":"immuunsust-tugevdav-jook-manuka-mee-ja-kollageeniga","status":"publish","type":"page","link":"https:\/\/la-sincere.ee\/en\/immuunsust-tugevdav-jook-manuka-mee-ja-kollageeniga\/","title":{"rendered":"Immunity-boosting drink with manuka honey and collagen"},"content":{"rendered":"<h2 class=\"wp-block-heading has-text-align-center\">Immunity-boosting drink with manuka honey and collagen<\/h2>\n\n\n<div class=\"wp-block-image\">\n<figure class=\"alignleft size-full is-resized\"><img loading=\"lazy\" decoding=\"async\" src=\"https:\/\/la-sincere.ee\/wp-content\/uploads\/2023\/08\/P1120242-1-1-2.png\" alt=\"\" class=\"wp-image-610\" style=\"width:460px;height:346px\" width=\"460\" height=\"346\" srcset=\"https:\/\/la-sincere.ee\/wp-content\/uploads\/2023\/08\/P1120242-1-1-2.png 800w, https:\/\/la-sincere.ee\/wp-content\/uploads\/2023\/08\/P1120242-1-1-2-324x243.png 324w, https:\/\/la-sincere.ee\/wp-content\/uploads\/2023\/08\/P1120242-1-1-2-416x313.png 416w, https:\/\/la-sincere.ee\/wp-content\/uploads\/2023\/08\/P1120242-1-1-2-300x225.png 300w, https:\/\/la-sincere.ee\/wp-content\/uploads\/2023\/08\/P1120242-1-1-2-768x577.png 768w\" sizes=\"auto, (max-width: 460px) 100vw, 460px\" \/><\/figure>\n<\/div>\n\n\n<p>Tugevda oma immuunsust ning taga s\u00e4rav nahk!<\/p>\n\n\n\n<p>Collabee sisaldab 10 000 mg madalamolekulaarseid kalakollageeni peptiide ning 1000 mg haruldast Manuka mett. Kokteilile on lisatud 8 unikaalset koostisosa, mis aitavad nahka seespidiselt s\u00e4ravana hoida.<\/p>\n\n\n\n<p>Eestis on esimest korda saadaval Jaapanlaste poolt palavalt armastatud organismi immuunsust t\u00f5hustavad kokteilid, mis viirustehooajal terve ja tegusana p\u00fcsida aitavad.&nbsp;<\/p>\n\n\n\n<p><strong>Joogi teevad t\u00f5husaks unikaalsed p\u00f5hikomponendid<\/strong><strong>:<\/strong>&nbsp;<\/p>\n\n\n\n<ul class=\"wp-block-list\">\n<li>&nbsp;<em>Kala madalmolekulaarne kollageen 10&nbsp;000 mg<\/em>&nbsp;\u2013 on t\u00e4htsaks koostisosaks nooruse ja ilu hoidmiseks. COLLA-BEE sisaldab 10 000 mg pudeli kohta. Me kasutame ohutut k\u00f5rgekvaliteedilist kalakollageeni, mida on organismil lihtne omandada.&nbsp;&nbsp;&nbsp;<\/li>\n\n\n\n<li><em>Uus-Meremaa Manuka mesi 1000 mg&nbsp;<\/em>\u2013 toetab ilusa v\u00e4limuse loomist. Manuka mett saadakse Manuka \u00f5itest, mis kasvavad vaid Uus-Meremaal. Igasse pudelisse on lisatud tervelt 1000 mg. Manuka meel on suurep\u00e4rane antibakteriaalne aktiivsus ja Uus-Meremaal kasutatakse seda ravimina. See aitab kaasa naharakkude oks\u00fcdeerumise v\u00e4hendamisele.<\/li>\n\n\n\n<li><em>Mesilaspiim 100 mg&nbsp;<\/em>\u2013 sisaldab suurt hulka looduslikke kosmeetilisi koostisosi, millesse kuuluvad 20 erinevat aminohapet, sealhulgas ka asendamatuid aminohappeid, mis on vajalikud meie naha ilu ja tervise jaoks. Samuti looduslikke toitaineid, selliseid nagu vitamiinid ja mineraalid, balansseeritud vormis naha nooruse hoidmiseks.&nbsp;&nbsp;<\/li>\n\n\n\n<li><em>C<\/em>\u2013<em>vitamiin 160 mg<\/em>&nbsp;\u2013 toetab kollageeni s\u00fcnteesi. C-vitamiin on t\u00e4htsaks komponendiks kollageeni s\u00fcnteesimisel. Koostises on ka B-r\u00fchma vitamiinid \u2013 B1, B2, B6.&nbsp;&nbsp;<\/li>\n\n\n\n<li><em>H\u00fcaluroonhape 5 mg&nbsp;<\/em>\u2013 asendamatu noore v\u00e4rske naha hoidmiseks.&nbsp;&nbsp;<\/li>\n\n\n\n<li><em>Elastiin 5 mg \u2013&nbsp;<\/em>s\u00e4ilitab naha toonuse. Elastiin on komponendiks, mis lisab nahale elastsuse (prinksuse), on n-\u00f6 elastseks kiuks.&nbsp;&nbsp;<\/li>\n\n\n\n<li><em>Keramiidid 5 mg \u2013<\/em>&nbsp;niisutatus ja barj\u00e4\u00e4ri tugevus UP. Keramiid, mis t\u00e4idab keratinots\u00fc\u00fctide vahelisi vahesid aitab nahal j\u00e4\u00e4da niisutatuks. Kaitseb nahas paiknevat vett ja toetab naha seisundit, muutes selle \u00e4rritustele vastupidavaks.&nbsp;&nbsp;<\/li>\n\n\n\n<li><em>N-atset\u00fc\u00fclgl\u00fckosamiin 10 mg<\/em>&nbsp;\u2013 s\u00e4ilitab h\u00fcaluroonhapet.&nbsp;<\/li>\n\n\n\n<li><em>N-atset\u00fc\u00fclgl\u00fckosamiin 10 mg&nbsp;<\/em>toodab h\u00fcaluroonhapet nahas ja omab vee sisalduse olulise t\u00f5stmise funktsiooni. V\u00f5ib eeldada, et s\u00fcnergiline efekt h\u00fcaluroonhappega parandab vee kinnipidamist nahas.&nbsp;&nbsp;<br><br>Joogil on meeldiv ananassi maitse ning seda on lihtne ja m\u00f5nus tarbida. Vitamiinide- ja mineraaliderikast mee looduslikku magusust lisatakse m\u00f5\u00f5duka hapukusega ananassi maitsele. Soovitame nautida COLLA-BEE jooki igap\u00e4evaselt!<\/li>\n<\/ul>\n\n\n\n<figure class=\"wp-block-embed is-type-video is-provider-youtube wp-block-embed-youtube wp-embed-aspect-16-9 wp-has-aspect-ratio\"><div class=\"wp-block-embed__wrapper\">\n<iframe loading=\"lazy\" title=\"Manuka Honey &amp; Collagen (Colla Bee)\" width=\"980\" height=\"551\" src=\"https:\/\/www.youtube.com\/embed\/Rd2cDVcHwFY?feature=oembed\" frameborder=\"0\" allow=\"accelerometer; autoplay; clipboard-write; encrypted-media; gyroscope; picture-in-picture; web-share\" referrerpolicy=\"strict-origin-when-cross-origin\" allowfullscreen><\/iframe>\n<\/div><\/figure>\n\n\n\n<h4 class=\"wp-block-heading\">KOOSTISOSAD:<\/h4>\n\n\n\n<p>Kala kollageeni peptiid, puhastatud mesi, vedel suhkur galaktooligosahhariid, Manuka mesi, mesilaspiim, N-atset\u00fc\u00fclgl\u00fckosamiin (saadud krabidest, krevettidest), dekstriin, elastiin (saadud kalast), riisi ekstrakt, mis sisaldab keramiidi, sidrunhapet, l\u00f5hnaaine, C-vitamiin, Karamelli pigment, konservant (Na-bensoaat), h\u00fcaluroonhape, B1-vitamiin, B2-vitamiin, B6-vitamiin.&nbsp;<\/p>\n\n\n\n<h4 class=\"wp-block-heading\">IGA 50 ML PUDEL SISALDAB:<\/h4>\n\n\n\n<p>74 kcal<br>10,8 g valku<br>0 g rasva<br>8 g s\u00fcsivesikuid<br>8 g naatriumit<\/p>\n\n\n\n<p>Soovitav on tarbida 1 pudel p\u00e4evas kuurina.<\/p>","protected":false},"excerpt":{"rendered":"<p>Immuunsust tugevdav jook manuka mee ja kollageeniga Tugevda oma immuunsust ning taga s\u00e4rav nahk! Collabee sisaldab 10 000 mg madalamolekulaarseid kalakollageeni peptiide ning 1000 mg haruldast Manuka mett. Kokteilile on lisatud 8 unikaalset koostisosa, mis aitavad nahka seespidiselt s\u00e4ravana hoida. Eestis on esimest korda saadaval Jaapanlaste poolt palavalt armastatud organismi immuunsust t\u00f5hustavad kokteilid, mis viirustehooajal [&hellip;]<\/p>\n","protected":false},"author":1,"featured_media":0,"parent":0,"menu_order":0,"comment_status":"closed","ping_status":"closed","template":"","meta":{"_uag_custom_page_level_css":"","footnotes":""},"class_list":["post-608","page","type-page","status-publish","hentry"],"uagb_featured_image_src":{"full":false,"thumbnail":false,"medium":false,"medium_large":false,"large":false,"1536x1536":false,"2048x2048":false,"trp-custom-language-flag":false,"mailpoet_newsletter_max":false,"woocommerce_thumbnail":false,"woocommerce_single":false,"woocommerce_gallery_thumbnail":false},"uagb_author_info":{"display_name":"Anzela","author_link":"https:\/\/la-sincere.ee\/en\/author\/admin\/"},"uagb_comment_info":0,"uagb_excerpt":"Immuunsust tugevdav jook manuka mee ja kollageeniga Tugevda oma immuunsust ning taga s\u00e4rav nahk! Collabee sisaldab 10 000 mg madalamolekulaarseid kalakollageeni peptiide ning 1000 mg haruldast Manuka mett. Kokteilile on lisatud 8 unikaalset koostisosa, mis aitavad nahka seespidiselt s\u00e4ravana hoida. Eestis on esimest korda saadaval Jaapanlaste poolt palavalt armastatud organismi immuunsust t\u00f5hustavad kokteilid, mis viirustehooajal&hellip;","_links":{"self":[{"href":"https:\/\/la-sincere.ee\/en\/wp-json\/wp\/v2\/pages\/608","targetHints":{"allow":["GET"]}}],"collection":[{"href":"https:\/\/la-sincere.ee\/en\/wp-json\/wp\/v2\/pages"}],"about":[{"href":"https:\/\/la-sincere.ee\/en\/wp-json\/wp\/v2\/types\/page"}],"author":[{"embeddable":true,"href":"https:\/\/la-sincere.ee\/en\/wp-json\/wp\/v2\/users\/1"}],"replies":[{"embeddable":true,"href":"https:\/\/la-sincere.ee\/en\/wp-json\/wp\/v2\/comments?post=608"}],"version-history":[{"count":6,"href":"https:\/\/la-sincere.ee\/en\/wp-json\/wp\/v2\/pages\/608\/revisions"}],"predecessor-version":[{"id":1028,"href":"https:\/\/la-sincere.ee\/en\/wp-json\/wp\/v2\/pages\/608\/revisions\/1028"}],"wp:attachment":[{"href":"https:\/\/la-sincere.ee\/en\/wp-json\/wp\/v2\/media?parent=608"}],"curies":[{"name":"wp","href":"https:\/\/api.w.org\/{rel}","templated":true}]}}